{"id":21788,"date":"2020-06-03T15:23:06","date_gmt":"2020-06-03T13:23:06","guid":{"rendered":"https:\/\/www.unedbarcelona.es\/biblioteca\/servicio-de-prestamo-y-devolucion-con-cita-previa\/"},"modified":"2022-03-31T10:54:51","modified_gmt":"2022-03-31T08:54:51","slug":"servicio-de-prestamo-y-devolucion-con-cita-previa","status":"publish","type":"page","link":"https:\/\/www.unedbarcelona.es\/es\/servicio-de-prestamo-y-devolucion-con-cita-previa\/","title":{"rendered":"Servicio de Pr\u00e9stamo y Devoluci\u00f3n con Cita Previa"},"content":{"rendered":"<p>[et_pb_section fb_built=\u00bb1&#8243; module_id=\u00bbnostres_seus\u00bb _builder_version=\u00bb3.22.3&#8243; background_color=\u00bb#01533f\u00bb background_image=\u00bb\/wp-content\/uploads\/2018\/07\/1-Cabecera_qui-som.jpg\u00bb custom_padding=\u00bb1px||1px|\u00bb da_popup_slug=\u00bbnostres_seus\u00bb da_disable_devices=\u00bboff|off|off\u00bb da_is_popup=\u00bboff\u00bb da_exit_intent=\u00bboff\u00bb da_has_close=\u00bbon\u00bb da_alt_close=\u00bboff\u00bb da_dark_close=\u00bboff\u00bb da_not_modal=\u00bbon\u00bb da_is_singular=\u00bboff\u00bb da_with_loader=\u00bboff\u00bb da_has_shadow=\u00bbon\u00bb][et_pb_row _builder_version=\u00bb3.25&#8243; locked=\u00bboff\u00bb][et_pb_column type=\u00bb4_4&#8243; _builder_version=\u00bb3.25&#8243; custom_padding=\u00bb|||\u00bb custom_padding__hover=\u00bb|||\u00bb][et_pb_text disabled_on=\u00bbon|on|off\u00bb admin_label=\u00bbText tit biblioteca\u00bb _builder_version=\u00bb4.4.6&#8243; header_text_align=\u00bbleft\u00bb header_text_color=\u00bb#ffffff\u00bb header_font_size=\u00bb75px\u00bb header_line_height=\u00bb77px\u00bb header_2_text_color=\u00bb#ffffff\u00bb header_2_font_size=\u00bb40px\u00bb header_2_line_height=\u00bb42px\u00bb background_layout=\u00bbdark\u00bb saved_tabs=\u00bball\u00bb]<\/p>\n<div class=\"tit_quadrat\">\n<div class=\"text_quadrat\">Biblioteca<\/div>\n<\/div>\n<div class=\"tit1_quadrat\">\n<h1>Servicio de Pr\u00e9stamo, Devoluci\u00f3n y Renovaci\u00f3n<\/h1>\n<\/div>\n<div class=\"final\"><\/div>\n<p>[\/et_pb_text][et_pb_text disabled_on=\u00bb|off|on\u00bb admin_label=\u00bbText tit biblioteca mob\u00bb _builder_version=\u00bb4.4.6&#8243; header_text_align=\u00bbleft\u00bb header_text_color=\u00bb#ffffff\u00bb header_font_size=\u00bb75px\u00bb header_line_height=\u00bb77px\u00bb header_2_text_color=\u00bb#ffffff\u00bb header_2_font_size=\u00bb40px\u00bb header_2_line_height=\u00bb42px\u00bb background_layout=\u00bbdark\u00bb saved_tabs=\u00bball\u00bb]<\/p>\n<div class=\"tit_quadrat_mob\">\n<div class=\"text_quadrat_mob\">Biblioteca<\/div>\n<\/div>\n<div class=\"tit1_quadrat_mob\">\n<h1 class=\"titpag\">Servicio de Pr\u00e9stamo, Devoluci\u00f3n y Renovaci\u00f3n<\/h1>\n<\/div>\n<div class=\"final\"><\/div>\n<p>[\/et_pb_text][\/et_pb_column][\/et_pb_row][\/et_pb_section][et_pb_section fb_built=\u00bb1&#8243; module_id=\u00bbnostres_seus\u00bb _builder_version=\u00bb3.22.3&#8243; custom_padding=\u00bb51.1875px|0px|4px|0px\u00bb da_popup_slug=\u00bbnostres_seus\u00bb da_disable_devices=\u00bboff|off|off\u00bb da_is_popup=\u00bboff\u00bb da_exit_intent=\u00bboff\u00bb da_has_close=\u00bbon\u00bb da_alt_close=\u00bboff\u00bb da_dark_close=\u00bboff\u00bb da_not_modal=\u00bbon\u00bb da_is_singular=\u00bboff\u00bb da_with_loader=\u00bboff\u00bb da_has_shadow=\u00bbon\u00bb][et_pb_row _builder_version=\u00bb3.25&#8243; background_size=\u00bbinitial\u00bb background_position=\u00bbtop_left\u00bb background_repeat=\u00bbrepeat\u00bb custom_margin=\u00bb-30px|||\u00bb custom_padding=\u00bb2px|0px|27px|0px\u00bb][et_pb_column type=\u00bb4_4&#8243; _builder_version=\u00bb3.25&#8243; custom_padding=\u00bb|||\u00bb custom_padding__hover=\u00bb|||\u00bb][et_pb_text admin_label=\u00bbText Migas pan\u00bb _builder_version=\u00bb3.27.4&#8243; text_font=\u00bbAbel|300|||||||\u00bb text_line_height=\u00bb16px\u00bb header_font=\u00bbRoboto|300|||||||\u00bb header_line_height=\u00bb32px\u00bb]<\/p>\n<span><span><a href=\"https:\/\/www.unedbarcelona.es\/es\/\">Inici<\/a><\/span><\/span>\n<p>[\/et_pb_text][\/et_pb_column][\/et_pb_row][et_pb_row column_structure=\u00bb1_2,1_2&#8243; _builder_version=\u00bb3.25&#8243;][et_pb_column type=\u00bb1_2&#8243; _builder_version=\u00bb3.25&#8243; custom_padding=\u00bb|||\u00bb custom_padding__hover=\u00bb|||\u00bb][et_pb_text _builder_version=\u00bb4.9.4&#8243; locked=\u00bboff\u00bb]<\/p>\n<h2>Pr\u00e9stamo de documentos<\/h2>\n<p style=\"padding-left: 40px;\"><span style=\"font-size: 12pt;\"><strong>Reserva los libros<\/strong> por correo electr\u00f3nico o a trav\u00e9s del Buscador de la UNED: <\/span><a style=\"font-size: 12pt;\" href=\"https:\/\/buscador.biblioteca.uned.es\/\">https:\/\/buscador.biblioteca.uned.es\/<\/a><span style=\"font-size: 12pt;\">.\u00a0<\/span><\/p>\n<p style=\"padding-left: 40px;\"><span style=\"font-size: 16px;\">Puedes venir a <\/span>recoger los libros reservados una vez se haya <strong>recibido por correo electr\u00f3nico<\/strong> un aviso sobre la disponibilidad de estos libros<strong style=\"font-size: 16px;\">. <\/strong><span style=\"font-size: 16px;\">A partir de ese momento se dispondr\u00e1 de un\u00a0<\/span><strong style=\"font-size: 16px;\">plazo de 3 d\u00eda<\/strong><span style=\"font-size: 16px;\"><strong>s h\u00e1biles<\/strong> para a recoger los libros durante el <a href=\"https:\/\/www.unedbarcelona.es\/biblioteca\/?lang=es\"><strong>horario de apertura de la biblioteca<\/strong><\/a>. <\/span><\/p>\n<p style=\"padding-left: 40px;\"><span style=\"font-size: 16px;\"><strong>IMPORTANTE<\/strong>: el aviso sobre la disponibilidad de las reservas se enviar\u00e1 al <strong>correo electr\u00f3nico de la UNED<\/strong>.<\/span><\/p>\n<p style=\"padding-left: 40px;\"><span style=\"font-size: 12pt;\">Te mostramos un <strong>v\u00eddeo de c\u00f3mo hacer reservas<\/strong> mediante este buscador:<\/span><\/p>\n<p><iframe loading=\"lazy\" src=\"\/\/www.youtube.com\/embed\/MVbVK2ZswZA\" width=\"560\" height=\"314\" allowfullscreen=\"allowfullscreen\"><\/iframe><\/p>\n<p>[\/et_pb_text][\/et_pb_column][et_pb_column type=\u00bb1_2&#8243; _builder_version=\u00bb3.25&#8243; custom_padding=\u00bb|||\u00bb custom_padding__hover=\u00bb|||\u00bb][et_pb_text _builder_version=\u00bb4.9.4&#8243; hover_enabled=\u00bb0&#8243; locked=\u00bboff\u00bb sticky_enabled=\u00bb0&#8243;]<\/p>\n<h2>Devoluci\u00f3n de documentos<\/h2>\n<p><strong>Barcelona<\/strong>: puedes dejar los documentos en el buz\u00f3n de devoluci\u00f3n que encontrar\u00e1s en la entrada al centro durante el <a href=\"https:\/\/www.unedbarcelona.es\/biblioteca\/?lang=es\">horario de apertura de la biblioteca<\/a>.<\/p>\n<p><strong>Sta. Coloma de Gramenet<\/strong>: puedes dejar los documentos en Secretar\u00eda en horario de atenci\u00f3n al p\u00fablico.<\/p>\n<h2>Renovaci\u00f3n de documentos<\/h2>\n<p>Para renovar los documentos puedes hacerlo mediante el tel\u00e9fono, el correo electr\u00f3nico o en tu\u00a0<a href=\"https:\/\/buscador.biblioteca.uned.es\/primo-explore\/account?vid=34UNED_VU1\" target=\"_blank\" rel=\"noopener noreferrer\">espacio personal del buscador de la UNED<\/a>.<\/p>\n<h2><\/h2>\n<p><span>Por cualquier duda o consulta, puedes contactar con nosotros v\u00eda correo electr\u00f3nico\u00a0<\/span><\/p>\n<ul>\n<li>Barcelona: <a href=\"mailto:biblioteca@barcelona.uned.es\">biblioteca@barcelona.uned.es<\/a><\/li>\n<li>Santa Coloma de Gramenet: <a href=\"mailto:biblioteca@santa-coloma.uned.es\"><span>biblioteca@santa-coloma.uned.es<\/span><\/a><\/li>\n<li>Sant Boi de Llobregat: <a href=\"mailto:biblioteca@santboi.uned.es\"><span>biblioteca@santboi.uned.es<\/span><\/a><span>\u00a0<\/span><\/li>\n<\/ul>\n<p>[\/et_pb_text][\/et_pb_column][\/et_pb_row][\/et_pb_section]<\/p>\n","protected":false},"excerpt":{"rendered":"<p>Biblioteca Servicio de Pr\u00e9stamo, Devoluci\u00f3n y Renovaci\u00f3n Biblioteca Servicio de Pr\u00e9stamo, Devoluci\u00f3n y Renovaci\u00f3n <span><span><a href=\"https:\/\/www.unedbarcelona.es\/es\/\">Inici<\/a><\/span><\/span> Pr\u00e9stamo de documentos Reserva los libros por correo electr\u00f3nico o a trav\u00e9s del Buscador de la UNED: https:\/\/buscador.biblioteca.uned.es\/.\u00a0 Puedes venir a recoger los libros reservados una vez se haya recibido por correo electr\u00f3nico un aviso sobre la disponibilidad de estos [&hellip;]<\/p>\n","protected":false},"author":7,"featured_media":0,"parent":0,"menu_order":0,"comment_status":"closed","ping_status":"closed","template":"","meta":{"_et_pb_use_builder":"on","_et_pb_old_content":"","_et_gb_content_width":"","footnotes":""},"class_list":["post-21788","page","type-page","status-publish","hentry"],"yoast_head":"<!-- This site is optimized with the Yoast SEO plugin v27.3 - https:\/\/yoast.com\/product\/yoast-seo-wordpress\/ -->\n<title>Servicio de Pr\u00e9stamo y Devoluci\u00f3n con Cita Previa - UNED Barcelona<\/title>\n<meta name=\"robots\" content=\"index, follow, max-snippet:-1, max-image-preview:large, max-video-preview:-1\" \/>\n<link rel=\"canonical\" href=\"https:\/\/www.unedbarcelona.es\/es\/servicio-de-prestamo-y-devolucion-con-cita-previa\/\" \/>\n<meta property=\"og:locale\" content=\"es_ES\" \/>\n<meta property=\"og:type\" content=\"article\" \/>\n<meta property=\"og:title\" content=\"Servicio de Pr\u00e9stamo y Devoluci\u00f3n con Cita Previa - UNED Barcelona\" \/>\n<meta property=\"og:description\" content=\"Biblioteca Servicio de Pr\u00e9stamo, Devoluci\u00f3n y Renovaci\u00f3n Biblioteca Servicio de Pr\u00e9stamo, Devoluci\u00f3n y Renovaci\u00f3n Pr\u00e9stamo de documentos Reserva los libros por correo electr\u00f3nico o a trav\u00e9s del Buscador de la UNED: https:\/\/buscador.biblioteca.uned.es\/.\u00a0 Puedes venir a recoger los libros reservados una vez se haya recibido por correo electr\u00f3nico un aviso sobre la disponibilidad de estos [&hellip;]\" \/>\n<meta property=\"og:url\" content=\"https:\/\/www.unedbarcelona.es\/es\/servicio-de-prestamo-y-devolucion-con-cita-previa\/\" \/>\n<meta property=\"og:site_name\" content=\"UNED Barcelona\" \/>\n<meta property=\"article:modified_time\" content=\"2022-03-31T08:54:51+00:00\" \/>\n<meta name=\"twitter:card\" content=\"summary_large_image\" \/>\n<meta name=\"twitter:label1\" content=\"Tiempo de lectura\" \/>\n\t<meta name=\"twitter:data1\" content=\"3 minutos\" \/>\n<script type=\"application\/ld+json\" class=\"yoast-schema-graph\">{\"@context\":\"https:\\\/\\\/schema.org\",\"@graph\":[{\"@type\":\"WebPage\",\"@id\":\"https:\\\/\\\/www.unedbarcelona.es\\\/es\\\/servicio-de-prestamo-y-devolucion-con-cita-previa\\\/\",\"url\":\"https:\\\/\\\/www.unedbarcelona.es\\\/es\\\/servicio-de-prestamo-y-devolucion-con-cita-previa\\\/\",\"name\":\"Servicio de Pr\u00e9stamo y Devoluci\u00f3n con Cita Previa - UNED Barcelona\",\"isPartOf\":{\"@id\":\"https:\\\/\\\/www.unedbarcelona.es\\\/es\\\/#website\"},\"datePublished\":\"2020-06-03T13:23:06+00:00\",\"dateModified\":\"2022-03-31T08:54:51+00:00\",\"breadcrumb\":{\"@id\":\"https:\\\/\\\/www.unedbarcelona.es\\\/es\\\/servicio-de-prestamo-y-devolucion-con-cita-previa\\\/#breadcrumb\"},\"inLanguage\":\"es\",\"potentialAction\":[{\"@type\":\"ReadAction\",\"target\":[\"https:\\\/\\\/www.unedbarcelona.es\\\/es\\\/servicio-de-prestamo-y-devolucion-con-cita-previa\\\/\"]}]},{\"@type\":\"BreadcrumbList\",\"@id\":\"https:\\\/\\\/www.unedbarcelona.es\\\/es\\\/servicio-de-prestamo-y-devolucion-con-cita-previa\\\/#breadcrumb\",\"itemListElement\":[{\"@type\":\"ListItem\",\"position\":1,\"name\":\"Inici\",\"item\":\"https:\\\/\\\/www.unedbarcelona.es\\\/es\\\/\"},{\"@type\":\"ListItem\",\"position\":2,\"name\":\"Servicio de Pr\u00e9stamo y Devoluci\u00f3n con Cita Previa\"}]},{\"@type\":\"WebSite\",\"@id\":\"https:\\\/\\\/www.unedbarcelona.es\\\/es\\\/#website\",\"url\":\"https:\\\/\\\/www.unedbarcelona.es\\\/es\\\/\",\"name\":\"UNED Barcelona\",\"description\":\"Acc\u00e9s flexible al coneixement relacionat amb l&#039;educaci\u00f3 superior, semipresencial i a dist\u00e0ncia\",\"potentialAction\":[{\"@type\":\"SearchAction\",\"target\":{\"@type\":\"EntryPoint\",\"urlTemplate\":\"https:\\\/\\\/www.unedbarcelona.es\\\/es\\\/?s={search_term_string}\"},\"query-input\":{\"@type\":\"PropertyValueSpecification\",\"valueRequired\":true,\"valueName\":\"search_term_string\"}}],\"inLanguage\":\"es\"}]}<\/script>\n<!-- \/ Yoast SEO plugin. -->","yoast_head_json":{"title":"Servicio de Pr\u00e9stamo y Devoluci\u00f3n con Cita Previa - UNED Barcelona","robots":{"index":"index","follow":"follow","max-snippet":"max-snippet:-1","max-image-preview":"max-image-preview:large","max-video-preview":"max-video-preview:-1"},"canonical":"https:\/\/www.unedbarcelona.es\/es\/servicio-de-prestamo-y-devolucion-con-cita-previa\/","og_locale":"es_ES","og_type":"article","og_title":"Servicio de Pr\u00e9stamo y Devoluci\u00f3n con Cita Previa - UNED Barcelona","og_description":"Biblioteca Servicio de Pr\u00e9stamo, Devoluci\u00f3n y Renovaci\u00f3n Biblioteca Servicio de Pr\u00e9stamo, Devoluci\u00f3n y Renovaci\u00f3n Pr\u00e9stamo de documentos Reserva los libros por correo electr\u00f3nico o a trav\u00e9s del Buscador de la UNED: https:\/\/buscador.biblioteca.uned.es\/.\u00a0 Puedes venir a recoger los libros reservados una vez se haya recibido por correo electr\u00f3nico un aviso sobre la disponibilidad de estos [&hellip;]","og_url":"https:\/\/www.unedbarcelona.es\/es\/servicio-de-prestamo-y-devolucion-con-cita-previa\/","og_site_name":"UNED Barcelona","article_modified_time":"2022-03-31T08:54:51+00:00","twitter_card":"summary_large_image","twitter_misc":{"Tiempo de lectura":"3 minutos"},"schema":{"@context":"https:\/\/schema.org","@graph":[{"@type":"WebPage","@id":"https:\/\/www.unedbarcelona.es\/es\/servicio-de-prestamo-y-devolucion-con-cita-previa\/","url":"https:\/\/www.unedbarcelona.es\/es\/servicio-de-prestamo-y-devolucion-con-cita-previa\/","name":"Servicio de Pr\u00e9stamo y Devoluci\u00f3n con Cita Previa - UNED Barcelona","isPartOf":{"@id":"https:\/\/www.unedbarcelona.es\/es\/#website"},"datePublished":"2020-06-03T13:23:06+00:00","dateModified":"2022-03-31T08:54:51+00:00","breadcrumb":{"@id":"https:\/\/www.unedbarcelona.es\/es\/servicio-de-prestamo-y-devolucion-con-cita-previa\/#breadcrumb"},"inLanguage":"es","potentialAction":[{"@type":"ReadAction","target":["https:\/\/www.unedbarcelona.es\/es\/servicio-de-prestamo-y-devolucion-con-cita-previa\/"]}]},{"@type":"BreadcrumbList","@id":"https:\/\/www.unedbarcelona.es\/es\/servicio-de-prestamo-y-devolucion-con-cita-previa\/#breadcrumb","itemListElement":[{"@type":"ListItem","position":1,"name":"Inici","item":"https:\/\/www.unedbarcelona.es\/es\/"},{"@type":"ListItem","position":2,"name":"Servicio de Pr\u00e9stamo y Devoluci\u00f3n con Cita Previa"}]},{"@type":"WebSite","@id":"https:\/\/www.unedbarcelona.es\/es\/#website","url":"https:\/\/www.unedbarcelona.es\/es\/","name":"UNED Barcelona","description":"Acc\u00e9s flexible al coneixement relacionat amb l&#039;educaci\u00f3 superior, semipresencial i a dist\u00e0ncia","potentialAction":[{"@type":"SearchAction","target":{"@type":"EntryPoint","urlTemplate":"https:\/\/www.unedbarcelona.es\/es\/?s={search_term_string}"},"query-input":{"@type":"PropertyValueSpecification","valueRequired":true,"valueName":"search_term_string"}}],"inLanguage":"es"}]}},"_links":{"self":[{"href":"https:\/\/www.unedbarcelona.es\/es\/wp-json\/wp\/v2\/pages\/21788","targetHints":{"allow":["GET"]}}],"collection":[{"href":"https:\/\/www.unedbarcelona.es\/es\/wp-json\/wp\/v2\/pages"}],"about":[{"href":"https:\/\/www.unedbarcelona.es\/es\/wp-json\/wp\/v2\/types\/page"}],"author":[{"embeddable":true,"href":"https:\/\/www.unedbarcelona.es\/es\/wp-json\/wp\/v2\/users\/7"}],"replies":[{"embeddable":true,"href":"https:\/\/www.unedbarcelona.es\/es\/wp-json\/wp\/v2\/comments?post=21788"}],"version-history":[{"count":0,"href":"https:\/\/www.unedbarcelona.es\/es\/wp-json\/wp\/v2\/pages\/21788\/revisions"}],"wp:attachment":[{"href":"https:\/\/www.unedbarcelona.es\/es\/wp-json\/wp\/v2\/media?parent=21788"}],"curies":[{"name":"wp","href":"https:\/\/api.w.org\/{rel}","templated":true}]}}