{"id":31498,"date":"2021-07-19T12:09:58","date_gmt":"2021-07-19T10:09:58","guid":{"rendered":"https:\/\/www.unedbarcelona.es\/plazas-der-profesor-a-tutor-a-substituto\/"},"modified":"2025-07-11T10:12:37","modified_gmt":"2025-07-11T08:12:37","slug":"plazas-de-profesorado-tutor-sustituto","status":"publish","type":"page","link":"https:\/\/www.unedbarcelona.es\/es\/quienes-somos\/transparencia\/perfil-del-contratante\/plazas-profesorado-tutor\/plazas-de-profesorado-tutor-sustituto\/","title":{"rendered":"Plazas de profesorado tutor sustituto"},"content":{"rendered":"<p>[et_pb_section fb_built=\u00bb1&#8243; module_id=\u00bbnostra-historia\u00bb _builder_version=\u00bb4.16&#8243; background_color=\u00bb#01533f\u00bb background_image=\u00bb\/wp-content\/uploads\/2018\/07\/1-Cabecera_qui-som.jpg\u00bb custom_padding=\u00bb1px||1px|\u00bb global_colors_info=\u00bb{}\u00bb][et_pb_row _builder_version=\u00bb4.16&#8243; global_colors_info=\u00bb{}\u00bb][et_pb_column type=\u00bb4_4&#8243; _builder_version=\u00bb4.16&#8243; custom_padding=\u00bb|||\u00bb global_colors_info=\u00bb{}\u00bb custom_padding__hover=\u00bb|||\u00bb][et_pb_text admin_label=\u00bbText Convocat\u00f2ria de concursos de places de professors tutors\u00bb _builder_version=\u00bb4.24.0&#8243; header_text_align=\u00bbleft\u00bb header_text_color=\u00bb#ffffff\u00bb header_font_size=\u00bb75px\u00bb header_line_height=\u00bb77px\u00bb header_2_text_color=\u00bb#ffffff\u00bb header_2_font_size=\u00bb40px\u00bb header_2_line_height=\u00bb42px\u00bb background_layout=\u00bbdark\u00bb global_colors_info=\u00bb{}\u00bb]<\/p>\n<div class=\"tit_quadrat\">\n<div class=\"text_quadrat\">Perfil del contratante<\/div>\n<\/div>\n<div class=\"tit1_quadrat\">\n<h1>Plazas de profesorado tutor sustituto<\/h1>\n<\/div>\n<p>[\/et_pb_text][\/et_pb_column][\/et_pb_row][\/et_pb_section][et_pb_section fb_built=\u00bb1&#8243; _builder_version=\u00bb4.16&#8243; global_colors_info=\u00bb{}\u00bb][et_pb_row _builder_version=\u00bb4.16&#8243; background_size=\u00bbinitial\u00bb background_position=\u00bbtop_left\u00bb background_repeat=\u00bbrepeat\u00bb custom_margin=\u00bb-30px|||\u00bb custom_padding=\u00bb5px|0px|0|0px|false|false\u00bb saved_tabs=\u00bball\u00bb locked=\u00bboff\u00bb global_colors_info=\u00bb{}\u00bb][et_pb_column type=\u00bb4_4&#8243; _builder_version=\u00bb4.16&#8243; custom_padding=\u00bb|||\u00bb global_colors_info=\u00bb{}\u00bb custom_padding__hover=\u00bb|||\u00bb][et_pb_text admin_label=\u00bbText Migas pan\u00bb _builder_version=\u00bb4.16&#8243; text_font=\u00bbAbel|300|||||||\u00bb text_line_height=\u00bb16px\u00bb header_font=\u00bbRoboto|300|||||||\u00bb header_line_height=\u00bb32px\u00bb locked=\u00bboff\u00bb global_colors_info=\u00bb{}\u00bb]<\/p>\n<span><span><a href=\"https:\/\/www.unedbarcelona.es\/es\/\">Inici<\/a><\/span><\/span>\n<p>[\/et_pb_text][\/et_pb_column][\/et_pb_row][et_pb_row _builder_version=\u00bb4.16&#8243; background_size=\u00bbinitial\u00bb background_position=\u00bbtop_left\u00bb background_repeat=\u00bbrepeat\u00bb global_colors_info=\u00bb{}\u00bb][et_pb_column type=\u00bb4_4&#8243; _builder_version=\u00bb4.16&#8243; custom_padding=\u00bb|||\u00bb global_colors_info=\u00bb{}\u00bb custom_padding__hover=\u00bb|||\u00bb][et_pb_text _builder_version=\u00bb4.24.2&#8243; global_colors_info=\u00bb{}\u00bb]<\/p>\n<p>De conformidad con lo establecido en el cap\u00edtulo VI del Reglamento de selecci\u00f3n del profesorado tutor de la UNED, de concesi\u00f3n y revocaci\u00f3n de la venia docendi y vinculaci\u00f3n con los centros asociados, publicado en el BICI 21, de 4 de marzo de 2024, y con el art\u00edculo 43 del Reglamento de Organizaci\u00f3n y Funcionamiento del Centro Asociado a la UNED de la Provincia de Barcelona,<\/p>\n<p>La directora del Centro ha resuelto anunciar la convocatoria p\u00fablica de plazas de profesorado tutor sustituto que se relacionan en el anexo I, seg\u00fan las bases de la convocatoria:\u200b<\/p>\n<h2>Publicaci\u00f3n de la convocatoria: julio de 2025<\/h2>\n<table style=\"border-style: solid; border-color: #000000; width: 93.9529%; height: 106px;\">\n<tbody>\n<tr style=\"background-color: #e6e1e1; height: 23px; border-color: #000000; border-style: solid;\">\n<td style=\"width: 21.3198%; text-align: left; border-color: #000000; border-style: solid; height: 23px;\"><span style=\"font-size: 14pt;\"><strong>Fecha<\/strong><\/span><\/td>\n<td style=\"width: 53.0964%; text-align: left; border-color: #000000; border-style: solid; height: 23px;\"><span style=\"font-size: 14pt;\"><strong>\u00a0Descripci\u00f3n<\/strong><\/span><\/td>\n<td style=\"width: 24.5685%; text-align: left; border-color: #000000; border-style: solid; height: 23px;\"><span style=\"font-size: 14pt;\"><strong>Desc\u00e1rgate el documento<\/strong><\/span><\/td>\n<\/tr>\n<tr style=\"border-color: #000000; border-style: solid; height: 10px;\">\n<td style=\"width: 21.3198%; text-align: left; border-color: #000000; border-style: solid; height: 10px;\">\n<p>Periodo de presentaci\u00f3n de solicitudes:<\/p>\n<p><strong>del 18 de julio al 3 de agosto<\/strong><\/p>\n<\/td>\n<td style=\"width: 53.0964%; text-align: left; border-color: #000000; border-style: solid; height: 10px;\">Convocatoria de plazas de profesorado tutor sustituto<\/td>\n<td style=\"width: 24.5685%; text-align: left; border-color: #000000; border-style: solid; height: 10px;\"><a href=\"\/docs\/placestutors\/Convocatoria_places_tutor_substitut.pdf\"><img loading=\"lazy\" decoding=\"async\" class=\"aligncenter wp-image-4269\" src=\"https:\/\/www.unedbarcelona.es\/wp-content\/uploads\/2018\/06\/logo_pdf.jpg\" alt=\"\" width=\"35\" height=\"45\" \/><\/a><\/td>\n<\/tr>\n<tr style=\"background-color: #e6e1e1; height: 23px; border-color: #000000; border-style: solid;\">\n<td style=\"width: 21.3198%; text-align: left; border-color: #000000; border-style: solid; height: 23px;\" colspan=\"3\"><span style=\"font-size: 14pt;\"><strong>Informaciones<\/strong><\/span><\/td>\n<\/tr>\n<tr style=\"height: 25px;\">\n<td style=\"width: 21.3198%; text-align: left; border-color: #000000; border-style: solid; height: 25px;\" colspan=\"2\">Anexo I: Relaci\u00f3n de plazas<\/td>\n<td style=\"width: 24.5685%; text-align: left; border-color: #000000; border-style: solid; height: 25px;\"><span style=\"font-size: 14pt;\"><strong><a href=\"\/docs\/placestutors\/Annex_I_places_tutor_substitut.pdf\"><img loading=\"lazy\" decoding=\"async\" class=\"aligncenter wp-image-4269\" src=\"https:\/\/www.unedbarcelona.es\/wp-content\/uploads\/2018\/06\/logo_pdf.jpg\" alt=\"\" width=\"35\" height=\"45\" \/><\/a><\/strong><\/span><\/td>\n<\/tr>\n<tr style=\"height: 25px;\">\n<td style=\"text-align: left; border-color: #000000; border-style: solid; height: 25px;\" colspan=\"2\">Anexo II: Solicitud<\/td>\n<td style=\"width: 24.5685%; text-align: left; border-color: #000000; border-style: solid; height: 25px;\"><span style=\"font-size: 14pt;\"><strong><a href=\"\/docs\/placestutors\/Annex_II_places_tutor_substitut.odt\"><img loading=\"lazy\" decoding=\"async\" class=\"aligncenter wp-image-20140\" src=\"https:\/\/www.unedbarcelona.es\/wp-content\/uploads\/2020\/02\/Icona-DOC_Mesa-de-trabajo-1-248x300.jpg\" alt=\"\" width=\"39\" height=\"47\" \/><\/a><\/strong><\/span><\/td>\n<\/tr>\n<tr>\n<td style=\"text-align: left; border-color: #000000; border-style: solid;\" colspan=\"2\">Reglamento de selecci\u00f3n del Profesorado Tutor<\/td>\n<td style=\"width: 24.5685%; text-align: left; border-color: #000000; border-style: solid;\"><a href=\"https:\/\/www2.uned.es\/bici\/curso2023-2024\/24030421\/21AnexoIcompleto.pdf\"><span style=\"font-size: 14pt;\"><strong><img loading=\"lazy\" decoding=\"async\" class=\"aligncenter wp-image-4269\" src=\"https:\/\/www.unedbarcelona.es\/wp-content\/uploads\/2018\/06\/logo_pdf.jpg\" alt=\"\" width=\"35\" height=\"45\" \/><\/strong><\/span><\/a><\/td>\n<\/tr>\n<tr>\n<td style=\"width: 21.3198%; text-align: left; border-color: #000000; border-style: solid;\" colspan=\"2\">Reglamento de Organizaci\u00f3n y Funcionamiento del Centro Asociado<\/td>\n<td style=\"width: 24.5685%; text-align: left; border-color: #000000; border-style: solid;\"><a href=\"https:\/\/www.unedbarcelona.es\/wp-content\/uploads\/2018\/06\/121_A_reglamento.pdf\"><span style=\"font-size: 14pt;\"><strong><img loading=\"lazy\" decoding=\"async\" class=\"aligncenter wp-image-4269\" src=\"https:\/\/www.unedbarcelona.es\/wp-content\/uploads\/2018\/06\/logo_pdf.jpg\" alt=\"\" width=\"35\" height=\"45\" \/><\/strong><\/span><\/a><\/td>\n<\/tr>\n<\/tbody>\n<\/table>\n<p>&nbsp;<\/p>\n<p>[\/et_pb_text][\/et_pb_column][\/et_pb_row][\/et_pb_section]<\/p>\n","protected":false},"excerpt":{"rendered":"<p>Perfil del contratante Plazas de profesorado tutor sustituto <span><span><a href=\"https:\/\/www.unedbarcelona.es\/es\/\">Inici<\/a><\/span><\/span> De conformidad con lo establecido en el cap\u00edtulo VI del Reglamento de selecci\u00f3n del profesorado tutor de la UNED, de concesi\u00f3n y revocaci\u00f3n de la venia docendi y vinculaci\u00f3n con los centros asociados, publicado en el BICI 21, de 4 de marzo de 2024, y con [&hellip;]<\/p>\n","protected":false},"author":7,"featured_media":0,"parent":31502,"menu_order":0,"comment_status":"closed","ping_status":"closed","template":"","meta":{"_et_pb_use_builder":"on","_et_pb_old_content":"","_et_gb_content_width":"","footnotes":""},"class_list":["post-31498","page","type-page","status-publish","hentry"],"yoast_head":"<!-- This site is optimized with the Yoast SEO plugin v27.3 - https:\/\/yoast.com\/product\/yoast-seo-wordpress\/ -->\n<title>Plazas de profesorado tutor sustituto - UNED Barcelona<\/title>\n<meta name=\"robots\" content=\"index, follow, max-snippet:-1, max-image-preview:large, max-video-preview:-1\" \/>\n<link rel=\"canonical\" href=\"https:\/\/www.unedbarcelona.es\/es\/quienes-somos\/transparencia\/perfil-del-contratante\/plazas-profesorado-tutor\/plazas-de-profesorado-tutor-sustituto\/\" \/>\n<meta property=\"og:locale\" content=\"es_ES\" \/>\n<meta property=\"og:type\" content=\"article\" \/>\n<meta property=\"og:title\" content=\"Plazas de profesorado tutor sustituto - UNED Barcelona\" \/>\n<meta property=\"og:description\" content=\"Perfil del contratante Plazas de profesorado tutor sustituto De conformidad con lo establecido en el cap\u00edtulo VI del Reglamento de selecci\u00f3n del profesorado tutor de la UNED, de concesi\u00f3n y revocaci\u00f3n de la venia docendi y vinculaci\u00f3n con los centros asociados, publicado en el BICI 21, de 4 de marzo de 2024, y con [&hellip;]\" \/>\n<meta property=\"og:url\" content=\"https:\/\/www.unedbarcelona.es\/es\/quienes-somos\/transparencia\/perfil-del-contratante\/plazas-profesorado-tutor\/plazas-de-profesorado-tutor-sustituto\/\" \/>\n<meta property=\"og:site_name\" content=\"UNED Barcelona\" \/>\n<meta property=\"article:modified_time\" content=\"2025-07-11T08:12:37+00:00\" \/>\n<meta property=\"og:image\" content=\"https:\/\/www.unedbarcelona.es\/wp-content\/uploads\/2018\/06\/logo_pdf.jpg\" \/>\n\t<meta property=\"og:image:width\" content=\"57\" \/>\n\t<meta property=\"og:image:height\" content=\"74\" \/>\n\t<meta property=\"og:image:type\" content=\"image\/jpeg\" \/>\n<meta name=\"twitter:card\" content=\"summary_large_image\" \/>\n<meta name=\"twitter:label1\" content=\"Tiempo de lectura\" \/>\n\t<meta name=\"twitter:data1\" content=\"2 minutos\" \/>\n<script type=\"application\/ld+json\" class=\"yoast-schema-graph\">{\"@context\":\"https:\\\/\\\/schema.org\",\"@graph\":[{\"@type\":\"WebPage\",\"@id\":\"https:\\\/\\\/www.unedbarcelona.es\\\/es\\\/quienes-somos\\\/transparencia\\\/perfil-del-contratante\\\/plazas-profesorado-tutor\\\/plazas-de-profesorado-tutor-sustituto\\\/\",\"url\":\"https:\\\/\\\/www.unedbarcelona.es\\\/es\\\/quienes-somos\\\/transparencia\\\/perfil-del-contratante\\\/plazas-profesorado-tutor\\\/plazas-de-profesorado-tutor-sustituto\\\/\",\"name\":\"Plazas de profesorado tutor sustituto - UNED Barcelona\",\"isPartOf\":{\"@id\":\"https:\\\/\\\/www.unedbarcelona.es\\\/es\\\/#website\"},\"primaryImageOfPage\":{\"@id\":\"https:\\\/\\\/www.unedbarcelona.es\\\/es\\\/quienes-somos\\\/transparencia\\\/perfil-del-contratante\\\/plazas-profesorado-tutor\\\/plazas-de-profesorado-tutor-sustituto\\\/#primaryimage\"},\"image\":{\"@id\":\"https:\\\/\\\/www.unedbarcelona.es\\\/es\\\/quienes-somos\\\/transparencia\\\/perfil-del-contratante\\\/plazas-profesorado-tutor\\\/plazas-de-profesorado-tutor-sustituto\\\/#primaryimage\"},\"thumbnailUrl\":\"https:\\\/\\\/www.unedbarcelona.es\\\/wp-content\\\/uploads\\\/2018\\\/06\\\/logo_pdf.jpg\",\"datePublished\":\"2021-07-19T10:09:58+00:00\",\"dateModified\":\"2025-07-11T08:12:37+00:00\",\"breadcrumb\":{\"@id\":\"https:\\\/\\\/www.unedbarcelona.es\\\/es\\\/quienes-somos\\\/transparencia\\\/perfil-del-contratante\\\/plazas-profesorado-tutor\\\/plazas-de-profesorado-tutor-sustituto\\\/#breadcrumb\"},\"inLanguage\":\"es\",\"potentialAction\":[{\"@type\":\"ReadAction\",\"target\":[\"https:\\\/\\\/www.unedbarcelona.es\\\/es\\\/quienes-somos\\\/transparencia\\\/perfil-del-contratante\\\/plazas-profesorado-tutor\\\/plazas-de-profesorado-tutor-sustituto\\\/\"]}]},{\"@type\":\"ImageObject\",\"inLanguage\":\"es\",\"@id\":\"https:\\\/\\\/www.unedbarcelona.es\\\/es\\\/quienes-somos\\\/transparencia\\\/perfil-del-contratante\\\/plazas-profesorado-tutor\\\/plazas-de-profesorado-tutor-sustituto\\\/#primaryimage\",\"url\":\"https:\\\/\\\/www.unedbarcelona.es\\\/wp-content\\\/uploads\\\/2018\\\/06\\\/logo_pdf.jpg\",\"contentUrl\":\"https:\\\/\\\/www.unedbarcelona.es\\\/wp-content\\\/uploads\\\/2018\\\/06\\\/logo_pdf.jpg\"},{\"@type\":\"BreadcrumbList\",\"@id\":\"https:\\\/\\\/www.unedbarcelona.es\\\/es\\\/quienes-somos\\\/transparencia\\\/perfil-del-contratante\\\/plazas-profesorado-tutor\\\/plazas-de-profesorado-tutor-sustituto\\\/#breadcrumb\",\"itemListElement\":[{\"@type\":\"ListItem\",\"position\":1,\"name\":\"Inici\",\"item\":\"https:\\\/\\\/www.unedbarcelona.es\\\/es\\\/\"},{\"@type\":\"ListItem\",\"position\":2,\"name\":\"\u00bfQui\u00e9nes somos?\",\"item\":\"https:\\\/\\\/www.unedbarcelona.es\\\/es\\\/quienes-somos\\\/\"},{\"@type\":\"ListItem\",\"position\":3,\"name\":\"Transparencia\",\"item\":\"https:\\\/\\\/www.unedbarcelona.es\\\/es\\\/quienes-somos\\\/transparencia\\\/\"},{\"@type\":\"ListItem\",\"position\":4,\"name\":\"Perfil del Contratante y Oferta P\u00fablica RRHH\",\"item\":\"https:\\\/\\\/www.unedbarcelona.es\\\/es\\\/quienes-somos\\\/transparencia\\\/perfil-del-contratante\\\/\"},{\"@type\":\"ListItem\",\"position\":5,\"name\":\"Plazas profesorado tutor\",\"item\":\"https:\\\/\\\/www.unedbarcelona.es\\\/es\\\/quienes-somos\\\/transparencia\\\/perfil-del-contratante\\\/plazas-profesorado-tutor\\\/\"},{\"@type\":\"ListItem\",\"position\":6,\"name\":\"Plazas de profesorado tutor sustituto\"}]},{\"@type\":\"WebSite\",\"@id\":\"https:\\\/\\\/www.unedbarcelona.es\\\/es\\\/#website\",\"url\":\"https:\\\/\\\/www.unedbarcelona.es\\\/es\\\/\",\"name\":\"UNED Barcelona\",\"description\":\"Acc\u00e9s flexible al coneixement relacionat amb l&#039;educaci\u00f3 superior, semipresencial i a dist\u00e0ncia\",\"potentialAction\":[{\"@type\":\"SearchAction\",\"target\":{\"@type\":\"EntryPoint\",\"urlTemplate\":\"https:\\\/\\\/www.unedbarcelona.es\\\/es\\\/?s={search_term_string}\"},\"query-input\":{\"@type\":\"PropertyValueSpecification\",\"valueRequired\":true,\"valueName\":\"search_term_string\"}}],\"inLanguage\":\"es\"}]}<\/script>\n<!-- \/ Yoast SEO plugin. -->","yoast_head_json":{"title":"Plazas de profesorado tutor sustituto - UNED Barcelona","robots":{"index":"index","follow":"follow","max-snippet":"max-snippet:-1","max-image-preview":"max-image-preview:large","max-video-preview":"max-video-preview:-1"},"canonical":"https:\/\/www.unedbarcelona.es\/es\/quienes-somos\/transparencia\/perfil-del-contratante\/plazas-profesorado-tutor\/plazas-de-profesorado-tutor-sustituto\/","og_locale":"es_ES","og_type":"article","og_title":"Plazas de profesorado tutor sustituto - UNED Barcelona","og_description":"Perfil del contratante Plazas de profesorado tutor sustituto De conformidad con lo establecido en el cap\u00edtulo VI del Reglamento de selecci\u00f3n del profesorado tutor de la UNED, de concesi\u00f3n y revocaci\u00f3n de la venia docendi y vinculaci\u00f3n con los centros asociados, publicado en el BICI 21, de 4 de marzo de 2024, y con [&hellip;]","og_url":"https:\/\/www.unedbarcelona.es\/es\/quienes-somos\/transparencia\/perfil-del-contratante\/plazas-profesorado-tutor\/plazas-de-profesorado-tutor-sustituto\/","og_site_name":"UNED Barcelona","article_modified_time":"2025-07-11T08:12:37+00:00","og_image":[{"width":57,"height":74,"url":"https:\/\/www.unedbarcelona.es\/wp-content\/uploads\/2018\/06\/logo_pdf.jpg","type":"image\/jpeg"}],"twitter_card":"summary_large_image","twitter_misc":{"Tiempo de lectura":"2 minutos"},"schema":{"@context":"https:\/\/schema.org","@graph":[{"@type":"WebPage","@id":"https:\/\/www.unedbarcelona.es\/es\/quienes-somos\/transparencia\/perfil-del-contratante\/plazas-profesorado-tutor\/plazas-de-profesorado-tutor-sustituto\/","url":"https:\/\/www.unedbarcelona.es\/es\/quienes-somos\/transparencia\/perfil-del-contratante\/plazas-profesorado-tutor\/plazas-de-profesorado-tutor-sustituto\/","name":"Plazas de profesorado tutor sustituto - UNED Barcelona","isPartOf":{"@id":"https:\/\/www.unedbarcelona.es\/es\/#website"},"primaryImageOfPage":{"@id":"https:\/\/www.unedbarcelona.es\/es\/quienes-somos\/transparencia\/perfil-del-contratante\/plazas-profesorado-tutor\/plazas-de-profesorado-tutor-sustituto\/#primaryimage"},"image":{"@id":"https:\/\/www.unedbarcelona.es\/es\/quienes-somos\/transparencia\/perfil-del-contratante\/plazas-profesorado-tutor\/plazas-de-profesorado-tutor-sustituto\/#primaryimage"},"thumbnailUrl":"https:\/\/www.unedbarcelona.es\/wp-content\/uploads\/2018\/06\/logo_pdf.jpg","datePublished":"2021-07-19T10:09:58+00:00","dateModified":"2025-07-11T08:12:37+00:00","breadcrumb":{"@id":"https:\/\/www.unedbarcelona.es\/es\/quienes-somos\/transparencia\/perfil-del-contratante\/plazas-profesorado-tutor\/plazas-de-profesorado-tutor-sustituto\/#breadcrumb"},"inLanguage":"es","potentialAction":[{"@type":"ReadAction","target":["https:\/\/www.unedbarcelona.es\/es\/quienes-somos\/transparencia\/perfil-del-contratante\/plazas-profesorado-tutor\/plazas-de-profesorado-tutor-sustituto\/"]}]},{"@type":"ImageObject","inLanguage":"es","@id":"https:\/\/www.unedbarcelona.es\/es\/quienes-somos\/transparencia\/perfil-del-contratante\/plazas-profesorado-tutor\/plazas-de-profesorado-tutor-sustituto\/#primaryimage","url":"https:\/\/www.unedbarcelona.es\/wp-content\/uploads\/2018\/06\/logo_pdf.jpg","contentUrl":"https:\/\/www.unedbarcelona.es\/wp-content\/uploads\/2018\/06\/logo_pdf.jpg"},{"@type":"BreadcrumbList","@id":"https:\/\/www.unedbarcelona.es\/es\/quienes-somos\/transparencia\/perfil-del-contratante\/plazas-profesorado-tutor\/plazas-de-profesorado-tutor-sustituto\/#breadcrumb","itemListElement":[{"@type":"ListItem","position":1,"name":"Inici","item":"https:\/\/www.unedbarcelona.es\/es\/"},{"@type":"ListItem","position":2,"name":"\u00bfQui\u00e9nes somos?","item":"https:\/\/www.unedbarcelona.es\/es\/quienes-somos\/"},{"@type":"ListItem","position":3,"name":"Transparencia","item":"https:\/\/www.unedbarcelona.es\/es\/quienes-somos\/transparencia\/"},{"@type":"ListItem","position":4,"name":"Perfil del Contratante y Oferta P\u00fablica RRHH","item":"https:\/\/www.unedbarcelona.es\/es\/quienes-somos\/transparencia\/perfil-del-contratante\/"},{"@type":"ListItem","position":5,"name":"Plazas profesorado tutor","item":"https:\/\/www.unedbarcelona.es\/es\/quienes-somos\/transparencia\/perfil-del-contratante\/plazas-profesorado-tutor\/"},{"@type":"ListItem","position":6,"name":"Plazas de profesorado tutor sustituto"}]},{"@type":"WebSite","@id":"https:\/\/www.unedbarcelona.es\/es\/#website","url":"https:\/\/www.unedbarcelona.es\/es\/","name":"UNED Barcelona","description":"Acc\u00e9s flexible al coneixement relacionat amb l&#039;educaci\u00f3 superior, semipresencial i a dist\u00e0ncia","potentialAction":[{"@type":"SearchAction","target":{"@type":"EntryPoint","urlTemplate":"https:\/\/www.unedbarcelona.es\/es\/?s={search_term_string}"},"query-input":{"@type":"PropertyValueSpecification","valueRequired":true,"valueName":"search_term_string"}}],"inLanguage":"es"}]}},"_links":{"self":[{"href":"https:\/\/www.unedbarcelona.es\/es\/wp-json\/wp\/v2\/pages\/31498","targetHints":{"allow":["GET"]}}],"collection":[{"href":"https:\/\/www.unedbarcelona.es\/es\/wp-json\/wp\/v2\/pages"}],"about":[{"href":"https:\/\/www.unedbarcelona.es\/es\/wp-json\/wp\/v2\/types\/page"}],"author":[{"embeddable":true,"href":"https:\/\/www.unedbarcelona.es\/es\/wp-json\/wp\/v2\/users\/7"}],"replies":[{"embeddable":true,"href":"https:\/\/www.unedbarcelona.es\/es\/wp-json\/wp\/v2\/comments?post=31498"}],"version-history":[{"count":1,"href":"https:\/\/www.unedbarcelona.es\/es\/wp-json\/wp\/v2\/pages\/31498\/revisions"}],"predecessor-version":[{"id":67735,"href":"https:\/\/www.unedbarcelona.es\/es\/wp-json\/wp\/v2\/pages\/31498\/revisions\/67735"}],"up":[{"embeddable":true,"href":"https:\/\/www.unedbarcelona.es\/es\/wp-json\/wp\/v2\/pages\/31502"}],"wp:attachment":[{"href":"https:\/\/www.unedbarcelona.es\/es\/wp-json\/wp\/v2\/media?parent=31498"}],"curies":[{"name":"wp","href":"https:\/\/api.w.org\/{rel}","templated":true}]}}