{"id":38571,"date":"2022-10-19T14:09:26","date_gmt":"2022-10-19T12:09:26","guid":{"rendered":"https:\/\/www.unedbarcelona.es\/actividades\/cursos-intensivos-de-espanol-con-preparacion-a-los-examenes-dele\/nivel-b1\/"},"modified":"2023-02-14T18:57:31","modified_gmt":"2023-02-14T17:57:31","slug":"nivel-b1","status":"publish","type":"page","link":"https:\/\/www.unedbarcelona.es\/es\/actividades\/cursos-intensivos-de-espanol-con-preparacion-a-los-examenes-dele\/nivel-b1\/","title":{"rendered":"Nivel B1"},"content":{"rendered":"<p>[et_pb_section fb_built=\u00bb1&#8243; module_id=\u00bbnostra-historia\u00bb _builder_version=\u00bb3.22&#8243; background_color=\u00bb#01533f\u00bb background_image=\u00bb\/wp-content\/uploads\/2018\/07\/3-Cabecera_serveis.jpg\u00bb custom_padding=\u00bb1px||1px|\u00bb da_disable_devices=\u00bboff|off|off\u00bb da_is_popup=\u00bboff\u00bb da_exit_intent=\u00bboff\u00bb da_has_close=\u00bbon\u00bb da_alt_close=\u00bboff\u00bb da_dark_close=\u00bboff\u00bb da_not_modal=\u00bbon\u00bb da_is_singular=\u00bboff\u00bb da_with_loader=\u00bboff\u00bb da_has_shadow=\u00bbon\u00bb][et_pb_row _builder_version=\u00bb3.25&#8243;][et_pb_column type=\u00bb4_4&#8243; _builder_version=\u00bb3.25&#8243; custom_padding=\u00bb|||\u00bb custom_padding__hover=\u00bb|||\u00bb][et_pb_text disabled_on=\u00bbon|on|\u00bb admin_label=\u00bbnivell b1&#8243; _builder_version=\u00bb4.9.4&#8243; header_text_align=\u00bbleft\u00bb header_text_color=\u00bb#ffffff\u00bb header_font_size=\u00bb75px\u00bb header_line_height=\u00bb77px\u00bb header_2_text_color=\u00bb#ffffff\u00bb header_2_font_size=\u00bb40px\u00bb header_2_line_height=\u00bb42px\u00bb background_layout=\u00bbdark\u00bb]<\/p>\n<div class=\"tit_quadrat\">\n<div class=\"text_quadrat\">Actividades<\/div>\n<\/div>\n<div class=\"tit1_quadrat\">\n<h1>Espa\u00f1ol Nivel B1<\/h1>\n<\/div>\n<div class=\"final\">\u00a0<\/div>\n<p>[\/et_pb_text][\/et_pb_column][\/et_pb_row][\/et_pb_section][et_pb_section fb_built=\u00bb1&#8243; _builder_version=\u00bb3.22&#8243; da_disable_devices=\u00bboff|off|off\u00bb da_is_popup=\u00bboff\u00bb da_exit_intent=\u00bboff\u00bb da_has_close=\u00bbon\u00bb da_alt_close=\u00bboff\u00bb da_dark_close=\u00bboff\u00bb da_not_modal=\u00bbon\u00bb da_is_singular=\u00bboff\u00bb da_with_loader=\u00bboff\u00bb da_has_shadow=\u00bbon\u00bb][et_pb_row _builder_version=\u00bb3.25&#8243; background_size=\u00bbinitial\u00bb background_position=\u00bbtop_left\u00bb background_repeat=\u00bbrepeat\u00bb custom_margin=\u00bb-30px|||\u00bb custom_padding=\u00bb5px|0px|0|0px|false|false\u00bb saved_tabs=\u00bball\u00bb locked=\u00bboff\u00bb][et_pb_column type=\u00bb4_4&#8243; _builder_version=\u00bb3.25&#8243; custom_padding=\u00bb|||\u00bb custom_padding__hover=\u00bb|||\u00bb][et_pb_text admin_label=\u00bbText Migas pan\u00bb _builder_version=\u00bb3.27.4&#8243; text_font=\u00bbAbel|300|||||||\u00bb text_line_height=\u00bb16px\u00bb header_font=\u00bbRoboto|300|||||||\u00bb header_line_height=\u00bb32px\u00bb locked=\u00bboff\u00bb]<\/p>\n<span><span><a href=\"https:\/\/www.unedbarcelona.es\/es\/\">Inici<\/a><\/span><\/span>\n<p>[\/et_pb_text][\/et_pb_column][\/et_pb_row][et_pb_row _builder_version=\u00bb3.25&#8243; background_size=\u00bbinitial\u00bb background_position=\u00bbtop_left\u00bb background_repeat=\u00bbrepeat\u00bb][et_pb_column type=\u00bb4_4&#8243; _builder_version=\u00bb3.25&#8243; custom_padding=\u00bb|||\u00bb custom_padding__hover=\u00bb|||\u00bb][et_pb_text admin_label=\u00bbnivell b1&#8243; _builder_version=\u00bb4.9.4&#8243; hover_enabled=\u00bb0&#8243; sticky_enabled=\u00bb0&#8243;]<\/p>\n<h4><span style=\"font-size: 18pt;\"><strong>Nivel B1<\/strong><\/span><\/h4>\n<p>&nbsp;<\/p>\n<p><strong>Docente:<\/strong> M\u00edriam G\u00e1zquez <a href=\"mailto:mirgazquez@barcelona.uned.es\">mirgazquez@barcelona.uned.es<\/a><\/p>\n<p><strong>Clases a la semana:<\/strong> 8h<\/p>\n<p><strong>Horas lectivas:<\/strong> 90<\/p>\n<p>&nbsp;<\/p>\n<h4>Presentaci\u00f3n<\/h4>\n<p>El curso de espa\u00f1ol con preparaci\u00f3n del examen DELE B1 combina 66 horas de clase presencial de nivel B1 en las que los estudiantes aprenden el uso de la lengua en los diferentes contextos socioculturales con 24 horas de preparaci\u00f3n del examen oficial.<\/p>\n<h4>Objetivos :<\/h4>\n<ul>\n<li><strong>Dominar la lengua en los diferentes contextos socioculturales <\/strong>y capacitar a los estudiantes para comunicarse en la vida cotidiana de forma eficaz.<\/li>\n<li><strong>Capacitar a los estudiantes para aprobar el examen DELE <\/strong><\/li>\n<\/ul>\n<p>El examen DELE es un t\u00edtulo oficial que el gobierno espa\u00f1ol concede a trav\u00e9s del Instituto Cervantes.<\/p>\n<h4>Metodolog\u00eda<\/h4>\n<ul>\n<li>Las actividades siguen un enfoque comunicativo, recomendado por el MCER (Marco Com\u00fan Europeo de Referencia para las lenguas).<\/li>\n<li>El aprendizaje se basa en tareas que simulan situaciones del mundo real y ayudan a los estudiantes a conocer la cultura de Espa\u00f1a e Hispanoam\u00e9rica.<\/li>\n<li>La ense\u00f1anza\/aprendizaje se apoya en el uso de la tecnolog\u00eda para conseguir que el aprendizaje de los estudiantes sea activo y motivador.<\/li>\n<\/ul>\n<h4>Evaluaci\u00f3n<strong>\u00a0<\/strong><\/h4>\n<p>Durante el curso, se seguir\u00e1 una evaluaci\u00f3n continua y se realizar\u00e1 un seguimiento individualizado del proceso de aprendizaje de los estudiantes.<\/p>\n<p>Al finalizar el curso, los estudiantes pueden inscribirse a la convocatoria del examen DELE que organiza el Instituto Cervantes. <strong>Las tasas para la inscripci\u00f3n del examen DELE no est\u00e1n incluidas en el precio del curso y deben abonarse aparte. <\/strong><\/p>\n<p>Las fechas de los ex\u00e1menes, precios y los plazos de inscripci\u00f3n se pueden consultar en la p\u00e1gina del <a href=\"https:\/\/examenes.cervantes.es\/es\/dele\/cuando\">Instituto Cervantes<\/a>.<\/p>\n<p>Antes de finalizar el curso, los estudiantes tienen la posibilidad de hacer un simulacro gratuito del examen DELE para comprobar la duraci\u00f3n en tiempo real de cada prueba antes de realizar el examen oficial.<\/p>\n<h4>Asistencia<\/h4>\n<p>La asistencia es obligatoria y los estudiantes deben asistir al 75% de las clases para recibir un certificado de asistencia al final del curso.<\/p>\n<h4>Objetivos comunicativos de B1<strong>\u00a0<\/strong><strong>\u00a0<\/strong><\/h4>\n<p><strong>Al finalizar el curso, el estudiante ser\u00e1 capaz de<\/strong><\/p>\n<p>&#8211; Comprender la idea principal y los puntos m\u00e1s relevantes de textos orales y escritos claros en registro est\u00e1ndar sobre temas cotidianos, conocidos o relacionados con sus gustos e intereses.<\/p>\n<p>&#8211; Explicar la informaci\u00f3n de un texto: identificar las ideas principales y las secundarias, as\u00ed como su organizaci\u00f3n en textos orales y escritos en registro est\u00e1ndar sobre cuestiones cotidianas y habituales.<\/p>\n<p>&#8211; Producir, tanto de forma presencial como a trav\u00e9s de medios t\u00e9cnicos, textos orales breves o de media extensi\u00f3n sobre cuestiones cotidianas, habituales, de inter\u00e9s personal o acordes con su especialidad.<\/p>\n<p>&#8211; Manifestar una opini\u00f3n a partir de la informaci\u00f3n contenida en textos orales y escritos sencillos o durante la interacci\u00f3n con un interlocutor e intercambiar puntos de vista.<\/p>\n<p>&#8211; Describir experiencias personales, narrar acontecimientos, expresar deseos y aspiraciones.<\/p>\n<p>&#8211; Producir textos escritos breves o de extensi\u00f3n media, organizados de forma coherente, adecuados al contexto y objetivo comunicativo sobre cuestiones cotidianas, habituales, de inter\u00e9s personal o acordes con su especialidad.<\/p>\n<p>&#8211; Desenvolverse en situaciones cotidianas y comportarse adecuadamente en diferentes contextos sociales.<\/p>\n<p>&#8211; Familiarizarse con los principales referentes culturales de Espa\u00f1a e Hispanoam\u00e9rica<strong>\u00a0<\/strong><\/p>\n<h4>Programa<\/h4>\n<ol>\n<li><strong> Funciones ling\u00fc\u00edsticas<\/strong><\/li>\n<\/ol>\n<p>&#8211; Relatar experiencias en pasado y an\u00e9cdotas<\/p>\n<p>&#8211; Narrar una historia<\/p>\n<p>&#8211; Especificar la duraci\u00f3n de una actividad<\/p>\n<p>&#8211; Hablar de cambios en la vida de una persona<\/p>\n<p>&#8211; Describir las diferentes etapas de un evento<\/p>\n<p>&#8211; Expresar prohibici\u00f3n y obligatoriedad<\/p>\n<p>&#8211; Transmitir mensajes<\/p>\n<p>&#8211; Expresar deseos, reclamaciones y necesidad<\/p>\n<p>&#8211; Opinar y valorar situaciones y hechos<\/p>\n<p>&#8211; Mostrar acuerdo y desacuerdo<\/p>\n<p>&#8211; Contraargumentar y matizar<\/p>\n<p>&#8211; Negar un hecho<\/p>\n<p>&#8211; Proponer soluciones a problemas<\/p>\n<p>&#8211; Ofrecer y pedir ayuda, reaccionar a una petici\u00f3n<\/p>\n<p>&#8211; Comentar y valorar una noticia<\/p>\n<p>&#8211; Expresar sentimientos<\/p>\n<p>&#8211; Describir el funcionamiento de objetos<\/p>\n<p>&#8211; Hacer hip\u00f3tesis sobre el futuro<\/p>\n<p>&#8211; Expresar probabilidad en el presente, pasado y en el futuro<\/p>\n<p>&#8211; Expresar condiciones reales<strong>\u00a0<\/strong><\/p>\n<ol start=\"2\">\n<li><strong> Contenido gramatical<\/strong><\/li>\n<\/ol>\n<p><strong>2.1 Verbos y tiempos verbales<\/strong><\/p>\n<p>&#8211; Pret\u00e9rito perfecto<\/p>\n<p>&#8211; Pret\u00e9rito indefinido<\/p>\n<p>&#8211; Contraste entre pret\u00e9rito perfecto e indefinido<\/p>\n<p>&#8211; Pret\u00e9rito pluscuamperfecto<\/p>\n<p>&#8211; Contraste de los tiempos del pasado<\/p>\n<p>&#8211; Per\u00edfrasis verbales empezar a + infinitivo<\/p>\n<p>acabar de + infinitivo<\/p>\n<p>volver a + infinitivo<\/p>\n<p>dejar de + infinitivo<\/p>\n<p>llevar sin + infinitivo<\/p>\n<p>llevar + gerundio<\/p>\n<p>seguir + gerundio<\/p>\n<p>&#8211; Estructuras de impersonalidad<\/p>\n<p>&#8211; Estilo indirecto, correspondencia temporal y verbos relacionados con la comunicaci\u00f3n<\/p>\n<p>&#8211; Usos de ser y estar<\/p>\n<p>&#8211; Imperativo afirmativo y negativo<\/p>\n<p>&#8211; Usos de pronombres de objeto directo e indirecto con imperativo<\/p>\n<p>&#8211; Presente de subjuntivo en oraciones de relativo<\/p>\n<p>&#8211; Presente de subjuntivo para consejos y recomendaciones<\/p>\n<p>&#8211; Presente de subjuntivo para expresar deseos, quejas o necesidad<\/p>\n<p>&#8211; Presente de subjuntivo para expresar una opini\u00f3n o valoraci\u00f3n<\/p>\n<p>&#8211; Presente de subjuntivo con oraciones temporales, finales y adversativas<\/p>\n<p>&#8211; Futuro simple y compuesto para hacer hip\u00f3tesis<\/p>\n<p>&#8211; Oraciones condicionales reales<\/p>\n<p>&#8211; Proponer una soluci\u00f3n a un problema (se) deber\u00eda\/n y habr\u00eda que<\/p>\n<p>&#8211; La oraci\u00f3n pasiva<\/p>\n<p><strong>2.2. Sustantivos<\/strong><\/p>\n<p>&#8211; Sustantivos acotadores<\/p>\n<p>&#8211; Revisi\u00f3n del g\u00e9nero y el n\u00famero<\/p>\n<p><strong>2.3. Adjetivos<\/strong><\/p>\n<p>&#8211; Superlativos<\/p>\n<p><strong>2.4. Determinantes<\/strong><\/p>\n<p>&#8211; Cuantificadores<\/p>\n<p>&#8211; Demostrativos para hacer referencia al pasado<\/p>\n<p><strong>2.5. Pronombres<\/strong><\/p>\n<p>&#8211; Pronombres de objeto directo<\/p>\n<p>&#8211; Pronombres de objeto indirecto<\/p>\n<p><strong>2.6. Adverbios y locuciones adverbiales<\/strong><\/p>\n<p>&#8211; Frecuencia: normal, habitual, raro, extra\u00f1o, frecuente&#8230;<\/p>\n<p>&#8211;\u00a0 Intensificadores<\/p>\n<p>&#8211; Ya\/todav\u00eda<\/p>\n<p>&#8211; Probabilidad: a lo mejor, quiz\u00e1(s), tal vez, igual, probablemente, posiblemente, seguramente<\/p>\n<p><strong>2.7. Conectores<\/strong><\/p>\n<p>&#8211; Componentes de la narraci\u00f3n<\/p>\n<p>&#8211; Ordenadores del discurso<\/p>\n<p>&#8211; Causales<\/p>\n<p>&#8211; Consecutivos<\/p>\n<p>&#8211; Confirmaci\u00f3n y negaci\u00f3n<\/p>\n<p>&#8211; Marcadores temporales<\/p>\n<p>&#8211; Marcadores espaciales<\/p>\n<p>&#8211; Marcadores de reformulaci\u00f3n<\/p>\n<ol start=\"3\">\n<li><strong> Temas y l\u00e9xico<\/strong><\/li>\n<\/ol>\n<p>&#8211; Biograf\u00edas<\/p>\n<p>&#8211; Profesiones y el mundo laboral<\/p>\n<p>&#8211; Las relaciones sociales y estilos de vida<\/p>\n<p>&#8211; Nuevas tecnolog\u00edas y medios de comunicaci\u00f3n<\/p>\n<p>&#8211; Dise\u00f1o e innovaci\u00f3n<\/p>\n<p>&#8211; Ecolog\u00eda y medioambiente<\/p>\n<p>&#8211; Ocio y tiempo libre<\/p>\n<p>&#8211; Causas sociales<\/p>\n<p>&#8211; An\u00e9cdotas sobre las vacaciones<\/p>\n<p>&#8211; Misterios<\/p>\n<p>&#8211; Las noticias<\/p>\n<ol start=\"4\">\n<li><strong> Cultura y aspectos socioculturales: <\/strong><\/li>\n<\/ol>\n<p>&#8211; F\u00f3rmulas sociales adecuadas al contexto formal, informal e \u00edntimo<\/p>\n<p>&#8211; El lenguaje no verbal<\/p>\n<p>&#8211; Usos y costumbres sociales habituales en Espa\u00f1a e Hispanoam\u00e9rica.<\/p>\n<p>&#8211; Fiestas y tradiciones de Espa\u00f1a e Hispanoam\u00e9rica<\/p>\n<p>&#8211; Figuras relevantes de Espa\u00f1a e Hispanoam\u00e9rica<\/p>\n<p>&#8211; El sistema educativo espa\u00f1ol<\/p>\n<p>&#8211; Lugares de inter\u00e9s tur\u00edstico<\/p>\n<ol start=\"5\">\n<li><strong> Fon\u00e9tica y fonolog\u00eda<\/strong><\/li>\n<\/ol>\n<p>&#8211; La entonaci\u00f3n<\/p>\n<p>&#8211; S\u00edlabas complejas<\/p>\n<ol start=\"6\">\n<li><strong> Ortograf\u00eda<\/strong><\/li>\n<\/ol>\n<p>&#8211; Los signos de puntuacio\u0301n<\/p>\n<p>&#8211; Los signos de interrogacio\u0301n y de exclamacio\u0301n.<\/p>\n<p>[\/et_pb_text][\/et_pb_column][\/et_pb_row][\/et_pb_section]<\/p>\n","protected":false},"excerpt":{"rendered":"<p>Actividades Espa\u00f1ol Nivel B1 \u00a0 <span><span><a href=\"https:\/\/www.unedbarcelona.es\/es\/\">Inici<\/a><\/span><\/span> Nivel B1 &nbsp; Docente: M\u00edriam G\u00e1zquez mirgazquez@barcelona.uned.es Clases a la semana: 8h Horas lectivas: 90 &nbsp; Presentaci\u00f3n El curso de espa\u00f1ol con preparaci\u00f3n del examen DELE B1 combina 66 horas de clase presencial de nivel B1 en las que los estudiantes aprenden el uso de la lengua en los [&hellip;]<\/p>\n","protected":false},"author":7,"featured_media":0,"parent":38562,"menu_order":0,"comment_status":"closed","ping_status":"closed","template":"","meta":{"_et_pb_use_builder":"on","_et_pb_old_content":"","_et_gb_content_width":"","footnotes":""},"class_list":["post-38571","page","type-page","status-publish","hentry"],"yoast_head":"<!-- This site is optimized with the Yoast SEO plugin v27.3 - https:\/\/yoast.com\/product\/yoast-seo-wordpress\/ -->\n<title>Nivel B1 - UNED Barcelona<\/title>\n<meta name=\"robots\" content=\"index, follow, max-snippet:-1, max-image-preview:large, max-video-preview:-1\" \/>\n<link rel=\"canonical\" href=\"https:\/\/www.unedbarcelona.es\/es\/actividades\/cursos-intensivos-de-espanol-con-preparacion-a-los-examenes-dele\/nivel-b1\/\" \/>\n<meta property=\"og:locale\" content=\"es_ES\" \/>\n<meta property=\"og:type\" content=\"article\" \/>\n<meta property=\"og:title\" content=\"Nivel B1 - UNED Barcelona\" \/>\n<meta property=\"og:description\" content=\"Actividades Espa\u00f1ol Nivel B1 \u00a0 Nivel B1 &nbsp; Docente: M\u00edriam G\u00e1zquez mirgazquez@barcelona.uned.es Clases a la semana: 8h Horas lectivas: 90 &nbsp; Presentaci\u00f3n El curso de espa\u00f1ol con preparaci\u00f3n del examen DELE B1 combina 66 horas de clase presencial de nivel B1 en las que los estudiantes aprenden el uso de la lengua en los [&hellip;]\" \/>\n<meta property=\"og:url\" content=\"https:\/\/www.unedbarcelona.es\/es\/actividades\/cursos-intensivos-de-espanol-con-preparacion-a-los-examenes-dele\/nivel-b1\/\" \/>\n<meta property=\"og:site_name\" content=\"UNED Barcelona\" \/>\n<meta property=\"article:modified_time\" content=\"2023-02-14T17:57:31+00:00\" \/>\n<meta name=\"twitter:card\" content=\"summary_large_image\" \/>\n<meta name=\"twitter:label1\" content=\"Tiempo de lectura\" \/>\n\t<meta name=\"twitter:data1\" content=\"6 minutos\" \/>\n<script type=\"application\/ld+json\" class=\"yoast-schema-graph\">{\"@context\":\"https:\\\/\\\/schema.org\",\"@graph\":[{\"@type\":\"WebPage\",\"@id\":\"https:\\\/\\\/www.unedbarcelona.es\\\/es\\\/actividades\\\/cursos-intensivos-de-espanol-con-preparacion-a-los-examenes-dele\\\/nivel-b1\\\/\",\"url\":\"https:\\\/\\\/www.unedbarcelona.es\\\/es\\\/actividades\\\/cursos-intensivos-de-espanol-con-preparacion-a-los-examenes-dele\\\/nivel-b1\\\/\",\"name\":\"Nivel B1 - UNED Barcelona\",\"isPartOf\":{\"@id\":\"https:\\\/\\\/www.unedbarcelona.es\\\/es\\\/#website\"},\"datePublished\":\"2022-10-19T12:09:26+00:00\",\"dateModified\":\"2023-02-14T17:57:31+00:00\",\"breadcrumb\":{\"@id\":\"https:\\\/\\\/www.unedbarcelona.es\\\/es\\\/actividades\\\/cursos-intensivos-de-espanol-con-preparacion-a-los-examenes-dele\\\/nivel-b1\\\/#breadcrumb\"},\"inLanguage\":\"es\",\"potentialAction\":[{\"@type\":\"ReadAction\",\"target\":[\"https:\\\/\\\/www.unedbarcelona.es\\\/es\\\/actividades\\\/cursos-intensivos-de-espanol-con-preparacion-a-los-examenes-dele\\\/nivel-b1\\\/\"]}]},{\"@type\":\"BreadcrumbList\",\"@id\":\"https:\\\/\\\/www.unedbarcelona.es\\\/es\\\/actividades\\\/cursos-intensivos-de-espanol-con-preparacion-a-los-examenes-dele\\\/nivel-b1\\\/#breadcrumb\",\"itemListElement\":[{\"@type\":\"ListItem\",\"position\":1,\"name\":\"Inici\",\"item\":\"https:\\\/\\\/www.unedbarcelona.es\\\/es\\\/\"},{\"@type\":\"ListItem\",\"position\":2,\"name\":\"Cursos y actividades\",\"item\":\"https:\\\/\\\/www.unedbarcelona.es\\\/es\\\/actividades\\\/\"},{\"@type\":\"ListItem\",\"position\":3,\"name\":\"Cursos intensivos de espa\u00f1ol con preparaci\u00f3n a los ex\u00e1menes DELE\",\"item\":\"https:\\\/\\\/www.unedbarcelona.es\\\/es\\\/actividades\\\/cursos-intensivos-de-espanol-con-preparacion-a-los-examenes-dele\\\/\"},{\"@type\":\"ListItem\",\"position\":4,\"name\":\"Nivel B1\"}]},{\"@type\":\"WebSite\",\"@id\":\"https:\\\/\\\/www.unedbarcelona.es\\\/es\\\/#website\",\"url\":\"https:\\\/\\\/www.unedbarcelona.es\\\/es\\\/\",\"name\":\"UNED Barcelona\",\"description\":\"Acc\u00e9s flexible al coneixement relacionat amb l&#039;educaci\u00f3 superior, semipresencial i a dist\u00e0ncia\",\"potentialAction\":[{\"@type\":\"SearchAction\",\"target\":{\"@type\":\"EntryPoint\",\"urlTemplate\":\"https:\\\/\\\/www.unedbarcelona.es\\\/es\\\/?s={search_term_string}\"},\"query-input\":{\"@type\":\"PropertyValueSpecification\",\"valueRequired\":true,\"valueName\":\"search_term_string\"}}],\"inLanguage\":\"es\"}]}<\/script>\n<!-- \/ Yoast SEO plugin. -->","yoast_head_json":{"title":"Nivel B1 - UNED Barcelona","robots":{"index":"index","follow":"follow","max-snippet":"max-snippet:-1","max-image-preview":"max-image-preview:large","max-video-preview":"max-video-preview:-1"},"canonical":"https:\/\/www.unedbarcelona.es\/es\/actividades\/cursos-intensivos-de-espanol-con-preparacion-a-los-examenes-dele\/nivel-b1\/","og_locale":"es_ES","og_type":"article","og_title":"Nivel B1 - UNED Barcelona","og_description":"Actividades Espa\u00f1ol Nivel B1 \u00a0 Nivel B1 &nbsp; Docente: M\u00edriam G\u00e1zquez mirgazquez@barcelona.uned.es Clases a la semana: 8h Horas lectivas: 90 &nbsp; Presentaci\u00f3n El curso de espa\u00f1ol con preparaci\u00f3n del examen DELE B1 combina 66 horas de clase presencial de nivel B1 en las que los estudiantes aprenden el uso de la lengua en los [&hellip;]","og_url":"https:\/\/www.unedbarcelona.es\/es\/actividades\/cursos-intensivos-de-espanol-con-preparacion-a-los-examenes-dele\/nivel-b1\/","og_site_name":"UNED Barcelona","article_modified_time":"2023-02-14T17:57:31+00:00","twitter_card":"summary_large_image","twitter_misc":{"Tiempo de lectura":"6 minutos"},"schema":{"@context":"https:\/\/schema.org","@graph":[{"@type":"WebPage","@id":"https:\/\/www.unedbarcelona.es\/es\/actividades\/cursos-intensivos-de-espanol-con-preparacion-a-los-examenes-dele\/nivel-b1\/","url":"https:\/\/www.unedbarcelona.es\/es\/actividades\/cursos-intensivos-de-espanol-con-preparacion-a-los-examenes-dele\/nivel-b1\/","name":"Nivel B1 - UNED Barcelona","isPartOf":{"@id":"https:\/\/www.unedbarcelona.es\/es\/#website"},"datePublished":"2022-10-19T12:09:26+00:00","dateModified":"2023-02-14T17:57:31+00:00","breadcrumb":{"@id":"https:\/\/www.unedbarcelona.es\/es\/actividades\/cursos-intensivos-de-espanol-con-preparacion-a-los-examenes-dele\/nivel-b1\/#breadcrumb"},"inLanguage":"es","potentialAction":[{"@type":"ReadAction","target":["https:\/\/www.unedbarcelona.es\/es\/actividades\/cursos-intensivos-de-espanol-con-preparacion-a-los-examenes-dele\/nivel-b1\/"]}]},{"@type":"BreadcrumbList","@id":"https:\/\/www.unedbarcelona.es\/es\/actividades\/cursos-intensivos-de-espanol-con-preparacion-a-los-examenes-dele\/nivel-b1\/#breadcrumb","itemListElement":[{"@type":"ListItem","position":1,"name":"Inici","item":"https:\/\/www.unedbarcelona.es\/es\/"},{"@type":"ListItem","position":2,"name":"Cursos y actividades","item":"https:\/\/www.unedbarcelona.es\/es\/actividades\/"},{"@type":"ListItem","position":3,"name":"Cursos intensivos de espa\u00f1ol con preparaci\u00f3n a los ex\u00e1menes DELE","item":"https:\/\/www.unedbarcelona.es\/es\/actividades\/cursos-intensivos-de-espanol-con-preparacion-a-los-examenes-dele\/"},{"@type":"ListItem","position":4,"name":"Nivel B1"}]},{"@type":"WebSite","@id":"https:\/\/www.unedbarcelona.es\/es\/#website","url":"https:\/\/www.unedbarcelona.es\/es\/","name":"UNED Barcelona","description":"Acc\u00e9s flexible al coneixement relacionat amb l&#039;educaci\u00f3 superior, semipresencial i a dist\u00e0ncia","potentialAction":[{"@type":"SearchAction","target":{"@type":"EntryPoint","urlTemplate":"https:\/\/www.unedbarcelona.es\/es\/?s={search_term_string}"},"query-input":{"@type":"PropertyValueSpecification","valueRequired":true,"valueName":"search_term_string"}}],"inLanguage":"es"}]}},"_links":{"self":[{"href":"https:\/\/www.unedbarcelona.es\/es\/wp-json\/wp\/v2\/pages\/38571","targetHints":{"allow":["GET"]}}],"collection":[{"href":"https:\/\/www.unedbarcelona.es\/es\/wp-json\/wp\/v2\/pages"}],"about":[{"href":"https:\/\/www.unedbarcelona.es\/es\/wp-json\/wp\/v2\/types\/page"}],"author":[{"embeddable":true,"href":"https:\/\/www.unedbarcelona.es\/es\/wp-json\/wp\/v2\/users\/7"}],"replies":[{"embeddable":true,"href":"https:\/\/www.unedbarcelona.es\/es\/wp-json\/wp\/v2\/comments?post=38571"}],"version-history":[{"count":0,"href":"https:\/\/www.unedbarcelona.es\/es\/wp-json\/wp\/v2\/pages\/38571\/revisions"}],"up":[{"embeddable":true,"href":"https:\/\/www.unedbarcelona.es\/es\/wp-json\/wp\/v2\/pages\/38562"}],"wp:attachment":[{"href":"https:\/\/www.unedbarcelona.es\/es\/wp-json\/wp\/v2\/media?parent=38571"}],"curies":[{"name":"wp","href":"https:\/\/api.w.org\/{rel}","templated":true}]}}