{"id":43306,"date":"2023-05-08T18:36:01","date_gmt":"2023-05-08T16:36:01","guid":{"rendered":"https:\/\/www.unedbarcelona.es\/uned-senior\/uned-senior-canet-de-mar\/"},"modified":"2025-10-15T12:28:57","modified_gmt":"2025-10-15T10:28:57","slug":"uned-senior-canet-de-mar","status":"publish","type":"page","link":"https:\/\/www.unedbarcelona.es\/es\/actividades\/uned-senior\/uned-senior-canet-de-mar\/","title":{"rendered":"UNED Senior Canet de Mar"},"content":{"rendered":"<p>[et_pb_section fb_built=\u00bb1&#8243; module_id=\u00bbnostra-historia\u00bb _builder_version=\u00bb4.16&#8243; background_color=\u00bb#01533f\u00bb background_image=\u00bb\/wp-content\/uploads\/2018\/07\/1-Cabecera_qui-som.jpg\u00bb custom_padding=\u00bb1px||1px|\u00bb global_colors_info=\u00bb{}\u00bb][et_pb_row _builder_version=\u00bb4.16&#8243; global_colors_info=\u00bb{}\u00bb][et_pb_column type=\u00bb4_4&#8243; _builder_version=\u00bb4.16&#8243; custom_padding=\u00bb|||\u00bb global_colors_info=\u00bb{}\u00bb custom_padding__hover=\u00bb|||\u00bb][et_pb_text disabled_on=\u00bbon|on|\u00bb admin_label=\u00bbText t\u00edtol quadrat\u00bb _builder_version=\u00bb4.27.0&#8243; header_text_align=\u00bbleft\u00bb header_text_color=\u00bb#ffffff\u00bb header_font_size=\u00bb75px\u00bb header_line_height=\u00bb77px\u00bb header_2_text_color=\u00bb#ffffff\u00bb header_2_font_size=\u00bb40px\u00bb header_2_line_height=\u00bb42px\u00bb background_layout=\u00bbdark\u00bb global_colors_info=\u00bb{}\u00bb]<\/p>\n<div class=\"tit_quadrat\">\n<div class=\"text_quadrat\">Cursos y actividades<\/div>\n<\/div>\n<div class=\"tit1_quadrat\">\n<h1>UNED Senior Canet de Mar<\/h1>\n<\/div>\n<div class=\"final\">\u00a0<\/div>\n<p>[\/et_pb_text][\/et_pb_column][\/et_pb_row][\/et_pb_section][et_pb_section fb_built=\u00bb1&#8243; _builder_version=\u00bb4.16&#8243; global_colors_info=\u00bb{}\u00bb][et_pb_row _builder_version=\u00bb4.16&#8243; background_size=\u00bbinitial\u00bb background_position=\u00bbtop_left\u00bb background_repeat=\u00bbrepeat\u00bb custom_margin=\u00bb-30px|||\u00bb custom_padding=\u00bb5px|0px|0|0px|false|false\u00bb saved_tabs=\u00bball\u00bb locked=\u00bboff\u00bb global_colors_info=\u00bb{}\u00bb][et_pb_column type=\u00bb4_4&#8243; _builder_version=\u00bb4.16&#8243; custom_padding=\u00bb|||\u00bb global_colors_info=\u00bb{}\u00bb custom_padding__hover=\u00bb|||\u00bb][et_pb_text admin_label=\u00bbText Migas pan\u00bb _builder_version=\u00bb4.27.2&#8243; text_font=\u00bbAbel|300|||||||\u00bb text_line_height=\u00bb16px\u00bb header_font=\u00bbRoboto|300|||||||\u00bb header_line_height=\u00bb32px\u00bb locked=\u00bboff\u00bb global_colors_info=\u00bb{}\u00bb]<\/p>\n<span><span><a href=\"https:\/\/www.unedbarcelona.es\/es\/\">Inici<\/a><\/span><\/span>\n<p>[\/et_pb_text][\/et_pb_column][\/et_pb_row][et_pb_row _builder_version=\u00bb4.16&#8243; background_size=\u00bbinitial\u00bb background_position=\u00bbtop_left\u00bb background_repeat=\u00bbrepeat\u00bb global_colors_info=\u00bb{}\u00bb][et_pb_column type=\u00bb4_4&#8243; _builder_version=\u00bb4.16&#8243; custom_padding=\u00bb|||\u00bb global_colors_info=\u00bb{}\u00bb custom_padding__hover=\u00bb|||\u00bb][et_pb_text admin_label=\u00bbEstructura y coordinaci\u00f3n:\u00bb _builder_version=\u00bb4.27.4&#8243; header_3_font=\u00bbRoboto|300|||||||\u00bb header_3_text_align=\u00bbleft\u00bb header_3_text_color=\u00bb#00533f\u00bb header_3_font_size=\u00bb45px\u00bb header_3_line_height=\u00bb49px\u00bb global_colors_info=\u00bb{}\u00bb]<\/p>\n<h2><span style=\"font-size: 24pt;\">Curso acad\u00e9mico 2025 \u2013 2026<\/span><\/h2>\n<h4><span style=\"font-size: 14pt;\">Estructura y coordinaci\u00f3n:<\/span><\/h4>\n<p>El curso acad\u00e9mico est\u00e1 dividido en dos cuatrimestres; el primero de septiembre a enero y el segundo de febrero a junio.<br \/>El inicio de las clases del primer cuatrimestre es el <strong>22 de septiembre de 2025<\/strong> y del segundo cuatrimestre es el <strong>2 de febrero de 2026<\/strong>.<\/p>\n<p>El coordinador de la UNED Senior en el centro de Canet de Mar es <strong>Carles S\u00e0iz<\/strong> (<a href=\"mailto:csaiz@canet.uned.es\">csaiz@canet.uned.es<\/a>).<\/p>\n<h4><span style=\"font-size: 14pt;\">Consulta la informaci\u00f3n de la oferta de asignaturas Senior de este curso acad\u00e9mico:<\/span><\/h4>\n<p>[\/et_pb_text][et_pb_text admin_label=\u00bboferta senior\u00bb _builder_version=\u00bb4.27.4&#8243; _dynamic_attributes=\u00bblink_option_url\u00bb background_color=\u00bb#00533f\u00bb background_enable_image=\u00bboff\u00bb background_blend=\u00bbmultiply\u00bb custom_margin=\u00bb0px||15px||false|false\u00bb custom_padding=\u00bb15px|15px|15px|15px\u00bb link_option_url=\u00bb@ET-DC@eyJkeW5hbWljIjp0cnVlLCJjb250ZW50IjoicG9zdF9saW5rX3VybF9wYWdlIiwic2V0dGluZ3MiOnsicG9zdF9pZCI6IjE1MjEzIn19@\u00bb link_option_url_new_window=\u00bbon\u00bb locked=\u00bboff\u00bb global_colors_info=\u00bb{}\u00bb]<\/p>\n<p style=\"text-align: center;\"><span style=\"font-size: 14pt; color: #000000;\"><strong><span style=\"color: #ffffff;\">Asignaturas S\u00e9nior curso 2025-2026<\/span><\/strong><\/span><\/p>\n<p>[\/et_pb_text][\/et_pb_column][\/et_pb_row][et_pb_row _builder_version=\u00bb4.16&#8243; _module_preset=\u00bbdefault\u00bb global_colors_info=\u00bb{}\u00bb][et_pb_column type=\u00bb4_4&#8243; _builder_version=\u00bb4.16&#8243; _module_preset=\u00bbdefault\u00bb global_colors_info=\u00bb{}\u00bb][et_pb_text admin_label=\u00bbHorario, matr\u00edcula y precio\u00bb _builder_version=\u00bb4.27.4&#8243; header_3_font=\u00bbRoboto|300|||||||\u00bb header_3_text_align=\u00bbleft\u00bb header_3_text_color=\u00bb#00533f\u00bb header_3_font_size=\u00bb45px\u00bb header_3_line_height=\u00bb49px\u00bb hover_enabled=\u00bb0&#8243; global_colors_info=\u00bb{}\u00bb sticky_enabled=\u00bb0&#8243;]<\/p>\n<h4><span style=\"font-size: 14pt;\">Horario y calendario:<\/span><\/h4>\n<table style=\"border-collapse: collapse; width: 46.1331%; height: 70px;\">\n<tbody>\n<tr>\n<td style=\"width: 28.8838%;\">\u00a0Desc\u00e1rgate los horarios de nuestro programa<\/td>\n<td style=\"width: 3.406%;\"><a href=\"\/docs\/senior\/Horari_calendari_canet.pdf\"><img loading=\"lazy\" decoding=\"async\" class=\"alignleft wp-image-1624\" src=\"https:\/\/www.unedbarcelona.es\/wp-content\/uploads\/2018\/06\/logo_pdf.jpg\" alt=\"\" width=\"41\" height=\"53\" \/><\/a><\/td>\n<\/tr>\n<\/tbody>\n<\/table>\n<p>&nbsp;<\/p>\n<p>[\/et_pb_text][et_pb_text admin_label=\u00bbEspai virtual S\u00e8nior\u00bb _builder_version=\u00bb4.27.2&#8243; background_color=\u00bb#00533f\u00bb background_enable_image=\u00bboff\u00bb background_blend=\u00bbmultiply\u00bb custom_margin=\u00bb0px||15px||false|false\u00bb custom_padding=\u00bb15px|15px|15px|15px\u00bb link_option_url=\u00bbhttps:\/\/extension.uned.es\/logout\u00bb link_option_url_new_window=\u00bbon\u00bb locked=\u00bboff\u00bb global_colors_info=\u00bb{}\u00bb]<\/p>\n<p style=\"text-align: center;\"><span style=\"font-size: 14pt; color: #000000;\"><strong><span style=\"color: #ffffff;\">Espacio virtual Senior (Mi espacio)<\/span><br \/><\/strong><\/span><\/p>\n<p>[\/et_pb_text][et_pb_text admin_label=\u00bbHorario, matr\u00edcula y precio\u00bb _builder_version=\u00bb4.27.4&#8243; header_3_font=\u00bbRoboto|300|||||||\u00bb header_3_text_align=\u00bbleft\u00bb header_3_text_color=\u00bb#00533f\u00bb header_3_font_size=\u00bb45px\u00bb header_3_line_height=\u00bb49px\u00bb hover_enabled=\u00bb0&#8243; global_colors_info=\u00bb{}\u00bb sticky_enabled=\u00bb0&#8243;]<\/p>\n<h4><span style=\"font-size: 14pt;\">Matr\u00edcula:<\/span><\/h4>\n<p>El per\u00edodo de matr\u00edcula se abrir\u00e1 en breve y se mantendr\u00e1 hasta el d\u00eda del inicio de cada una de las asignaturas, siempre que no se haya llegado al n\u00famero m\u00e1ximo de alumnos.<\/p>\n<h4><span style=\"font-size: 14pt;\">\u00bfC\u00f3mo realizar la matr\u00edcula?:<\/span><\/h4>\n<p>Descarga y rellena la <a href=\"\/docs\/senior\/fitxa_senior_canet_25_26.pdf\"><strong>ficha de inscripci\u00f3n<\/strong><\/a> y adjunta una fotocopia del D.N.I.<br \/>Esta ficha la tienes que llevar a la Oficina de Atenci\u00f3n al Ciudadano del Ayuntamiento de Canet de Mar y hacer el pago.<\/p>\n<h4><span style=\"font-size: 14pt;\">\u00bfC\u00f3mo hacer el pago?:<\/span><\/h4>\n<p>Puedes hacer el pago con tarjeta de cr\u00e9dito en la Oficina de Atenci\u00f3n al Ciudadano del Ayuntamiento de Canet de Mar.<br \/>Hace falta que el resguardo de pago se adjunte a la documentaci\u00f3n que se entregue en el registro del Ayuntamiento de Canet de Mar.<br \/>Una vez hecha la matr\u00edcula, si por cualquier motivo se quiere anular la inscripci\u00f3n, se tendr\u00e1 que comunicar mediante instancia al Ayuntamiento de Canet de Mar antes del inicio del curso, para tener derecho a la devoluci\u00f3n del 50% del importe.<\/p>\n<h4><span style=\"font-size: 14pt;\">Precios:<\/span><\/h4>\n<p>El precio de la asignatura es de 40\u20ac<\/p>\n<h4><span style=\"font-size: 14pt;\">Documentaci\u00f3n:<\/span><\/h4>\n<p>La documentaci\u00f3n para la matr\u00edcula es la siguiente:<\/p>\n<p>Fotocopia del D.N.I.<br \/><a href=\"\/docs\/senior\/fitxa_senior_canet_25_26.pdf\"><strong>Ficha de inscripci\u00f3n<\/strong><\/a><br \/>Resguardo de pago<\/p>\n<p>[\/et_pb_text][\/et_pb_column][\/et_pb_row][et_pb_row _builder_version=\u00bb4.16&#8243; background_size=\u00bbinitial\u00bb background_position=\u00bbtop_left\u00bb background_repeat=\u00bbrepeat\u00bb global_colors_info=\u00bb{}\u00bb][et_pb_column type=\u00bb4_4&#8243; _builder_version=\u00bb4.16&#8243; custom_padding=\u00bb|||\u00bb global_colors_info=\u00bb{}\u00bb custom_padding__hover=\u00bb|||\u00bb][et_pb_divider _builder_version=\u00bb4.16&#8243; _module_preset=\u00bbdefault\u00bb global_colors_info=\u00bb{}\u00bb][\/et_pb_divider][et_pb_text _builder_version=\u00bb4.27.4&#8243; _module_preset=\u00bbdefault\u00bb global_colors_info=\u00bb{}\u00bb]<\/p>\n<h4><span style=\"font-size: 14pt;\">Para m\u00e1s informaci\u00f3n:<\/span><\/h4>\n<p>UNED Canet de Mar<br \/>Edificio Vil\u00b7la Flora<br \/>Riera Gavarra, s\/n<br \/>08360 Canet de Mar<br \/>Tel. 93 7954625<br \/><a href=\"mailto:info@canet.uned.es\">info@canet.uned.es<\/a><\/p>\n<p>[\/et_pb_text][\/et_pb_column][\/et_pb_row][\/et_pb_section]<\/p>\n","protected":false},"excerpt":{"rendered":"<p>Cursos y actividades UNED Senior Canet de Mar \u00a0<span><span><a href=\"https:\/\/www.unedbarcelona.es\/es\/\">Inici<\/a><\/span><\/span>Curso acad\u00e9mico 2025 \u2013 2026 Estructura y coordinaci\u00f3n: El curso acad\u00e9mico est\u00e1 dividido en dos cuatrimestres; el primero de septiembre a enero y el segundo de febrero a junio.El inicio de las clases del primer cuatrimestre es el 22 de septiembre de 2025 y del segundo cuatrimestre [&hellip;]<\/p>\n","protected":false},"author":7,"featured_media":0,"parent":43302,"menu_order":0,"comment_status":"closed","ping_status":"closed","template":"","meta":{"_et_pb_use_builder":"on","_et_pb_old_content":"","_et_gb_content_width":"","footnotes":""},"class_list":["post-43306","page","type-page","status-publish","hentry"],"yoast_head":"<!-- This site is optimized with the Yoast SEO plugin v27.3 - https:\/\/yoast.com\/product\/yoast-seo-wordpress\/ -->\n<title>UNED Senior Canet de Mar - UNED Barcelona<\/title>\n<meta name=\"robots\" content=\"index, follow, max-snippet:-1, max-image-preview:large, max-video-preview:-1\" \/>\n<link rel=\"canonical\" href=\"https:\/\/www.unedbarcelona.es\/es\/actividades\/uned-senior\/uned-senior-canet-de-mar\/\" \/>\n<meta property=\"og:locale\" content=\"es_ES\" \/>\n<meta property=\"og:type\" content=\"article\" \/>\n<meta property=\"og:title\" content=\"UNED Senior Canet de Mar - UNED Barcelona\" \/>\n<meta property=\"og:description\" content=\"Cursos y actividades UNED Senior Canet de Mar \u00a0Curso acad\u00e9mico 2025 \u2013 2026 Estructura y coordinaci\u00f3n: El curso acad\u00e9mico est\u00e1 dividido en dos cuatrimestres; el primero de septiembre a enero y el segundo de febrero a junio.El inicio de las clases del primer cuatrimestre es el 22 de septiembre de 2025 y del segundo cuatrimestre [&hellip;]\" \/>\n<meta property=\"og:url\" content=\"https:\/\/www.unedbarcelona.es\/es\/actividades\/uned-senior\/uned-senior-canet-de-mar\/\" \/>\n<meta property=\"og:site_name\" content=\"UNED Barcelona\" \/>\n<meta property=\"article:modified_time\" content=\"2025-10-15T10:28:57+00:00\" \/>\n<meta property=\"og:image\" content=\"https:\/\/www.unedbarcelona.es\/wp-content\/uploads\/2018\/06\/logo_pdf.jpg\" \/>\n\t<meta property=\"og:image:width\" content=\"57\" \/>\n\t<meta property=\"og:image:height\" content=\"74\" \/>\n\t<meta property=\"og:image:type\" content=\"image\/jpeg\" \/>\n<meta name=\"twitter:card\" content=\"summary_large_image\" \/>\n<meta name=\"twitter:label1\" content=\"Tiempo de lectura\" \/>\n\t<meta name=\"twitter:data1\" content=\"2 minutos\" \/>\n<script type=\"application\/ld+json\" class=\"yoast-schema-graph\">{\"@context\":\"https:\\\/\\\/schema.org\",\"@graph\":[{\"@type\":\"WebPage\",\"@id\":\"https:\\\/\\\/www.unedbarcelona.es\\\/es\\\/actividades\\\/uned-senior\\\/uned-senior-canet-de-mar\\\/\",\"url\":\"https:\\\/\\\/www.unedbarcelona.es\\\/es\\\/actividades\\\/uned-senior\\\/uned-senior-canet-de-mar\\\/\",\"name\":\"UNED Senior Canet de Mar - UNED Barcelona\",\"isPartOf\":{\"@id\":\"https:\\\/\\\/www.unedbarcelona.es\\\/es\\\/#website\"},\"primaryImageOfPage\":{\"@id\":\"https:\\\/\\\/www.unedbarcelona.es\\\/es\\\/actividades\\\/uned-senior\\\/uned-senior-canet-de-mar\\\/#primaryimage\"},\"image\":{\"@id\":\"https:\\\/\\\/www.unedbarcelona.es\\\/es\\\/actividades\\\/uned-senior\\\/uned-senior-canet-de-mar\\\/#primaryimage\"},\"thumbnailUrl\":\"https:\\\/\\\/www.unedbarcelona.es\\\/wp-content\\\/uploads\\\/2018\\\/06\\\/logo_pdf.jpg\",\"datePublished\":\"2023-05-08T16:36:01+00:00\",\"dateModified\":\"2025-10-15T10:28:57+00:00\",\"breadcrumb\":{\"@id\":\"https:\\\/\\\/www.unedbarcelona.es\\\/es\\\/actividades\\\/uned-senior\\\/uned-senior-canet-de-mar\\\/#breadcrumb\"},\"inLanguage\":\"es\",\"potentialAction\":[{\"@type\":\"ReadAction\",\"target\":[\"https:\\\/\\\/www.unedbarcelona.es\\\/es\\\/actividades\\\/uned-senior\\\/uned-senior-canet-de-mar\\\/\"]}]},{\"@type\":\"ImageObject\",\"inLanguage\":\"es\",\"@id\":\"https:\\\/\\\/www.unedbarcelona.es\\\/es\\\/actividades\\\/uned-senior\\\/uned-senior-canet-de-mar\\\/#primaryimage\",\"url\":\"https:\\\/\\\/www.unedbarcelona.es\\\/wp-content\\\/uploads\\\/2018\\\/06\\\/logo_pdf.jpg\",\"contentUrl\":\"https:\\\/\\\/www.unedbarcelona.es\\\/wp-content\\\/uploads\\\/2018\\\/06\\\/logo_pdf.jpg\"},{\"@type\":\"BreadcrumbList\",\"@id\":\"https:\\\/\\\/www.unedbarcelona.es\\\/es\\\/actividades\\\/uned-senior\\\/uned-senior-canet-de-mar\\\/#breadcrumb\",\"itemListElement\":[{\"@type\":\"ListItem\",\"position\":1,\"name\":\"Inici\",\"item\":\"https:\\\/\\\/www.unedbarcelona.es\\\/es\\\/\"},{\"@type\":\"ListItem\",\"position\":2,\"name\":\"Cursos y actividades\",\"item\":\"https:\\\/\\\/www.unedbarcelona.es\\\/es\\\/actividades\\\/\"},{\"@type\":\"ListItem\",\"position\":3,\"name\":\"UNED SENIOR\",\"item\":\"https:\\\/\\\/www.unedbarcelona.es\\\/es\\\/actividades\\\/uned-senior\\\/\"},{\"@type\":\"ListItem\",\"position\":4,\"name\":\"UNED Senior Canet de Mar\"}]},{\"@type\":\"WebSite\",\"@id\":\"https:\\\/\\\/www.unedbarcelona.es\\\/es\\\/#website\",\"url\":\"https:\\\/\\\/www.unedbarcelona.es\\\/es\\\/\",\"name\":\"UNED Barcelona\",\"description\":\"Acc\u00e9s flexible al coneixement relacionat amb l&#039;educaci\u00f3 superior, semipresencial i a dist\u00e0ncia\",\"potentialAction\":[{\"@type\":\"SearchAction\",\"target\":{\"@type\":\"EntryPoint\",\"urlTemplate\":\"https:\\\/\\\/www.unedbarcelona.es\\\/es\\\/?s={search_term_string}\"},\"query-input\":{\"@type\":\"PropertyValueSpecification\",\"valueRequired\":true,\"valueName\":\"search_term_string\"}}],\"inLanguage\":\"es\"}]}<\/script>\n<!-- \/ Yoast SEO plugin. -->","yoast_head_json":{"title":"UNED Senior Canet de Mar - UNED Barcelona","robots":{"index":"index","follow":"follow","max-snippet":"max-snippet:-1","max-image-preview":"max-image-preview:large","max-video-preview":"max-video-preview:-1"},"canonical":"https:\/\/www.unedbarcelona.es\/es\/actividades\/uned-senior\/uned-senior-canet-de-mar\/","og_locale":"es_ES","og_type":"article","og_title":"UNED Senior Canet de Mar - UNED Barcelona","og_description":"Cursos y actividades UNED Senior Canet de Mar \u00a0Curso acad\u00e9mico 2025 \u2013 2026 Estructura y coordinaci\u00f3n: El curso acad\u00e9mico est\u00e1 dividido en dos cuatrimestres; el primero de septiembre a enero y el segundo de febrero a junio.El inicio de las clases del primer cuatrimestre es el 22 de septiembre de 2025 y del segundo cuatrimestre [&hellip;]","og_url":"https:\/\/www.unedbarcelona.es\/es\/actividades\/uned-senior\/uned-senior-canet-de-mar\/","og_site_name":"UNED Barcelona","article_modified_time":"2025-10-15T10:28:57+00:00","og_image":[{"width":57,"height":74,"url":"https:\/\/www.unedbarcelona.es\/wp-content\/uploads\/2018\/06\/logo_pdf.jpg","type":"image\/jpeg"}],"twitter_card":"summary_large_image","twitter_misc":{"Tiempo de lectura":"2 minutos"},"schema":{"@context":"https:\/\/schema.org","@graph":[{"@type":"WebPage","@id":"https:\/\/www.unedbarcelona.es\/es\/actividades\/uned-senior\/uned-senior-canet-de-mar\/","url":"https:\/\/www.unedbarcelona.es\/es\/actividades\/uned-senior\/uned-senior-canet-de-mar\/","name":"UNED Senior Canet de Mar - UNED Barcelona","isPartOf":{"@id":"https:\/\/www.unedbarcelona.es\/es\/#website"},"primaryImageOfPage":{"@id":"https:\/\/www.unedbarcelona.es\/es\/actividades\/uned-senior\/uned-senior-canet-de-mar\/#primaryimage"},"image":{"@id":"https:\/\/www.unedbarcelona.es\/es\/actividades\/uned-senior\/uned-senior-canet-de-mar\/#primaryimage"},"thumbnailUrl":"https:\/\/www.unedbarcelona.es\/wp-content\/uploads\/2018\/06\/logo_pdf.jpg","datePublished":"2023-05-08T16:36:01+00:00","dateModified":"2025-10-15T10:28:57+00:00","breadcrumb":{"@id":"https:\/\/www.unedbarcelona.es\/es\/actividades\/uned-senior\/uned-senior-canet-de-mar\/#breadcrumb"},"inLanguage":"es","potentialAction":[{"@type":"ReadAction","target":["https:\/\/www.unedbarcelona.es\/es\/actividades\/uned-senior\/uned-senior-canet-de-mar\/"]}]},{"@type":"ImageObject","inLanguage":"es","@id":"https:\/\/www.unedbarcelona.es\/es\/actividades\/uned-senior\/uned-senior-canet-de-mar\/#primaryimage","url":"https:\/\/www.unedbarcelona.es\/wp-content\/uploads\/2018\/06\/logo_pdf.jpg","contentUrl":"https:\/\/www.unedbarcelona.es\/wp-content\/uploads\/2018\/06\/logo_pdf.jpg"},{"@type":"BreadcrumbList","@id":"https:\/\/www.unedbarcelona.es\/es\/actividades\/uned-senior\/uned-senior-canet-de-mar\/#breadcrumb","itemListElement":[{"@type":"ListItem","position":1,"name":"Inici","item":"https:\/\/www.unedbarcelona.es\/es\/"},{"@type":"ListItem","position":2,"name":"Cursos y actividades","item":"https:\/\/www.unedbarcelona.es\/es\/actividades\/"},{"@type":"ListItem","position":3,"name":"UNED SENIOR","item":"https:\/\/www.unedbarcelona.es\/es\/actividades\/uned-senior\/"},{"@type":"ListItem","position":4,"name":"UNED Senior Canet de Mar"}]},{"@type":"WebSite","@id":"https:\/\/www.unedbarcelona.es\/es\/#website","url":"https:\/\/www.unedbarcelona.es\/es\/","name":"UNED Barcelona","description":"Acc\u00e9s flexible al coneixement relacionat amb l&#039;educaci\u00f3 superior, semipresencial i a dist\u00e0ncia","potentialAction":[{"@type":"SearchAction","target":{"@type":"EntryPoint","urlTemplate":"https:\/\/www.unedbarcelona.es\/es\/?s={search_term_string}"},"query-input":{"@type":"PropertyValueSpecification","valueRequired":true,"valueName":"search_term_string"}}],"inLanguage":"es"}]}},"_links":{"self":[{"href":"https:\/\/www.unedbarcelona.es\/es\/wp-json\/wp\/v2\/pages\/43306","targetHints":{"allow":["GET"]}}],"collection":[{"href":"https:\/\/www.unedbarcelona.es\/es\/wp-json\/wp\/v2\/pages"}],"about":[{"href":"https:\/\/www.unedbarcelona.es\/es\/wp-json\/wp\/v2\/types\/page"}],"author":[{"embeddable":true,"href":"https:\/\/www.unedbarcelona.es\/es\/wp-json\/wp\/v2\/users\/7"}],"replies":[{"embeddable":true,"href":"https:\/\/www.unedbarcelona.es\/es\/wp-json\/wp\/v2\/comments?post=43306"}],"version-history":[{"count":5,"href":"https:\/\/www.unedbarcelona.es\/es\/wp-json\/wp\/v2\/pages\/43306\/revisions"}],"predecessor-version":[{"id":69085,"href":"https:\/\/www.unedbarcelona.es\/es\/wp-json\/wp\/v2\/pages\/43306\/revisions\/69085"}],"up":[{"embeddable":true,"href":"https:\/\/www.unedbarcelona.es\/es\/wp-json\/wp\/v2\/pages\/43302"}],"wp:attachment":[{"href":"https:\/\/www.unedbarcelona.es\/es\/wp-json\/wp\/v2\/media?parent=43306"}],"curies":[{"name":"wp","href":"https:\/\/api.w.org\/{rel}","templated":true}]}}