{"id":4574,"date":"2018-05-21T17:46:44","date_gmt":"2018-05-21T15:46:44","guid":{"rendered":"https:\/\/www.unedbarcelona.es\/estructura-organitzativa\/"},"modified":"2025-06-06T11:28:38","modified_gmt":"2025-06-06T09:28:38","slug":"estructura-organitzativa","status":"publish","type":"page","link":"https:\/\/www.unedbarcelona.es\/es\/quienes-somos\/consorcio-universitario\/estructura-organitzativa\/","title":{"rendered":"Estructura Organizativa"},"content":{"rendered":"<p>[et_pb_section fb_built=\u00bb1&#8243; module_id=\u00bbestructura-organitzativa\u00bb _builder_version=\u00bb4.16&#8243; background_color=\u00bb#01533f\u00bb background_image=\u00bb\/wp-content\/uploads\/2018\/07\/1-Cabecera_qui-som.jpg\u00bb custom_padding=\u00bb1px||1px|\u00bb global_colors_info=\u00bb{}\u00bb][et_pb_row _builder_version=\u00bb4.16&#8243; global_colors_info=\u00bb{}\u00bb][et_pb_column type=\u00bb4_4&#8243; _builder_version=\u00bb4.16&#8243; custom_padding=\u00bb|||\u00bb global_colors_info=\u00bb{}\u00bb custom_padding__hover=\u00bb|||\u00bb][et_pb_text disabled_on=\u00bbon|on|\u00bb admin_label=\u00bbText Text t\u00edtol quadrat\u00bb _builder_version=\u00bb4.16&#8243; header_text_align=\u00bbleft\u00bb header_text_color=\u00bb#ffffff\u00bb header_font_size=\u00bb75px\u00bb header_line_height=\u00bb77px\u00bb header_2_text_color=\u00bb#ffffff\u00bb header_2_font_size=\u00bb40px\u00bb header_2_line_height=\u00bb42px\u00bb background_layout=\u00bbdark\u00bb global_colors_info=\u00bb{}\u00bb]<\/p>\n<div class=\"tit_quadrat\">\n<div class=\"text_quadrat\">\u00bfQui\u00e9nes somos?<\/div>\n<\/div>\n<div class=\"tit1_quadrat\">\n<h1>Estructura Organizativa<\/h1>\n<\/div>\n<div class=\"final\">\u00a0<\/div>\n<p>[\/et_pb_text][et_pb_text disabled_on=\u00bb||on\u00bb admin_label=\u00bbText Text t\u00edtol quadrat mob\u00bb _builder_version=\u00bb4.16&#8243; header_text_align=\u00bbleft\u00bb header_text_color=\u00bb#ffffff\u00bb header_font_size=\u00bb75px\u00bb header_line_height=\u00bb77px\u00bb header_2_text_color=\u00bb#ffffff\u00bb header_2_font_size=\u00bb40px\u00bb header_2_line_height=\u00bb42px\u00bb background_layout=\u00bbdark\u00bb global_colors_info=\u00bb{}\u00bb]<\/p>\n<div class=\"tit_quadrat_mob\">\n<div class=\"text_quadrat_mob\">\u00bfQui\u00e9nes somos?<\/div>\n<\/div>\n<div class=\"tit1_quadrat_mob\">\n<h1 class=\"titpag\">Estructura Organizativa<\/h1>\n<\/div>\n<div class=\"final\">\u00a0<\/div>\n<p>[\/et_pb_text][\/et_pb_column][\/et_pb_row][\/et_pb_section][et_pb_section fb_built=\u00bb1&#8243; module_id=\u00bbestructura-organitzativa\u00bb _builder_version=\u00bb4.16&#8243; border_width_bottom=\u00bb1px\u00bb border_color_bottom=\u00bb#00533f\u00bb global_colors_info=\u00bb{}\u00bb][et_pb_row _builder_version=\u00bb4.16&#8243; background_size=\u00bbinitial\u00bb background_position=\u00bbtop_left\u00bb background_repeat=\u00bbrepeat\u00bb custom_margin=\u00bb-30px|||\u00bb custom_padding=\u00bb2px|0px|27px|0px\u00bb global_colors_info=\u00bb{}\u00bb][et_pb_column type=\u00bb4_4&#8243; _builder_version=\u00bb4.16&#8243; custom_padding=\u00bb|||\u00bb global_colors_info=\u00bb{}\u00bb custom_padding__hover=\u00bb|||\u00bb][et_pb_text admin_label=\u00bbText Migas pan\u00bb _builder_version=\u00bb4.16&#8243; text_font=\u00bbAbel|300|||||||\u00bb text_line_height=\u00bb16px\u00bb header_font=\u00bbRoboto|300|||||||\u00bb header_line_height=\u00bb32px\u00bb global_colors_info=\u00bb{}\u00bb]<\/p>\n<span><span><a href=\"https:\/\/www.unedbarcelona.es\/es\/\">Inici<\/a><\/span><\/span>\n<p>[\/et_pb_text][\/et_pb_column][\/et_pb_row][et_pb_row column_structure=\u00bb1_2,1_4,1_4&#8243; module_id=\u00bbestructura-organitzativa\u00bb _builder_version=\u00bb4.16&#8243; global_colors_info=\u00bb{}\u00bb][et_pb_column type=\u00bb1_2&#8243; _builder_version=\u00bb4.16&#8243; custom_padding=\u00bb|||\u00bb global_colors_info=\u00bb{}\u00bb custom_padding__hover=\u00bb|||\u00bb][et_pb_text admin_label=\u00bbText estructura organitzativa\u00bb _builder_version=\u00bb4.24.2&#8243; global_colors_info=\u00bb{}\u00bb]<\/p>\n<p class=\"p3\" style=\"text-align: justify;\"><strong>El Consorcio Universitario del Centro Asociado de la UNED Provincia de Barcelona:<\/strong> El Consorcio tiene como objetivo la promoci\u00f3n y el desarrollo de la ense\u00f1anza semipresencial y en linea en la provincia de Barcelona y, de forma espec\u00edfica, tiene como finalidad el sostenimiento y la direcci\u00f3n superior del Centro Asociado, como unidad de estructura acad\u00e9mica de la UNED, a fin de servir de apoyo a la ense\u00f1anza superior y de colaborar al desarrollo cultural del entorno, as\u00ed como a la realizaci\u00f3n de otras actividades directamente relacionadas con el objeto antes expresado y que acuerde la Junta Rectora del Consorcio.<\/p>\n<p>[\/et_pb_text][et_pb_text admin_label=\u00bbText estructura organitzativa\u00bb _builder_version=\u00bb4.27.0&#8243; global_colors_info=\u00bb{}\u00bb]<\/p>\n<p class=\"p4\" style=\"text-align: justify;\"><strong>l Consorcio Universitario del Centro Asociado\u00a0 a la UNED provincia de Barcelona est\u00e1 constituido por:<\/strong><\/p>\n<ul style=\"text-align: justify;\">\n<li class=\"p4\">La UNED<\/li>\n<li class=\"p4\">El Ayuntamiento de Santa Coloma de Gramenet<\/li>\n<li class=\"p4\">El Ayuntamiento de Sant Boi de Llobregat<\/li>\n<li class=\"p4\">El Ayuntamiento de Canet de Mar<\/li>\n<\/ul>\n<p style=\"text-align: justify;\">La presidencia del Consorcio, tal como se recoge en sus Estatus es rotatoria y cambia cada dos a\u00f1os, altern\u00e1ndose entre el Rector de la UNED y las alcaldesas de Sant Boi de Llobregat y Santa Coloma de Gramenet.<\/p>\n<p style=\"text-align: justify;\">En estos momentos preside el consorcio el Sr. Ricardo Mairal Us\u00f3n, Rector de la UNED.<\/p>\n<p>[\/et_pb_text][et_pb_text _builder_version=\u00bb4.27.4&#8243; _module_preset=\u00bbdefault\u00bb hover_enabled=\u00bb0&#8243; global_colors_info=\u00bb{}\u00bb sticky_enabled=\u00bb0&#8243;]<\/p>\n<p><span style=\"color: #999999;\"><em>Actualizado: 06\/06\/2025<\/em><\/span><\/p>\n<p>[\/et_pb_text][\/et_pb_column][et_pb_column type=\u00bb1_4&#8243; _builder_version=\u00bb4.16&#8243; custom_padding=\u00bb|||\u00bb global_colors_info=\u00bb{}\u00bb custom_padding__hover=\u00bb|||\u00bb][et_pb_text admin_label=\u00bbText Equip directiu del Centre Associat de la UNED Prov\u00edncia de Barcelona\u00bb _builder_version=\u00bb4.16&#8243; header_4_font=\u00bb|600|||||||\u00bb header_4_text_align=\u00bbleft\u00bb header_4_text_color=\u00bb#00533f\u00bb header_4_font_size=\u00bb15px\u00bb header_4_line_height=\u00bb18px\u00bb custom_margin=\u00bb|||-14px||\u00bb custom_padding=\u00bb|||0px||\u00bb global_colors_info=\u00bb{}\u00bb]<\/p>\n<h4>Equipo directivo del Centro Asociado a la UNED Provincia de Barcelona<\/h4>\n<p>Sra. Merc\u00e8 Novell\u00f3n i Gim\u00e9nez<br \/>Directora<\/p>\n<p>Sra. Montserrat Gaja i Rodr\u00edguez<br \/>Secretaria Acad\u00e8mica<\/p>\n<p>Sr. Isidre Sierra i Fust\u00e9<br \/>Gerente<\/p>\n<p>Sra. Rosa Bonet i Trull<br \/>Coordinadora Acad\u00e9mica<\/p>\n<p>Sra. Marta Carreras i Parera<br \/>Coordinadora de la Sede de Barcelona<br \/>Coordinadora de extensi\u00f3n universitaria<\/p>\n<p>&nbsp;<\/p>\n<p>[\/et_pb_text][\/et_pb_column][et_pb_column type=\u00bb1_4&#8243; _builder_version=\u00bb4.16&#8243; custom_padding=\u00bb|||\u00bb global_colors_info=\u00bb{}\u00bb custom_padding__hover=\u00bb|||\u00bb][et_pb_text admin_label=\u00bbText Coordinadors de les diferents seus del Consorci\u00bb _builder_version=\u00bb4.23.1&#8243; header_4_font=\u00bb|600|||||||\u00bb header_4_text_align=\u00bbleft\u00bb header_4_text_color=\u00bb#00533f\u00bb header_4_font_size=\u00bb15px\u00bb header_4_line_height=\u00bb18px\u00bb custom_margin=\u00bb|||-39px||\u00bb global_colors_info=\u00bb{}\u00bb]<\/p>\n<h4>Coordinadores de las diferentes sedes del Consorci<\/h4>\n<p>\u00a0Sra. Mar\u00eda del Pilar Mart\u00edn Ram\u00edrez<br \/><strong>Coordinadora de la sede de Santa Coloma de Gramenet<\/strong><\/p>\n<p>Sra. Vanessa Mart\u00edn Nicol\u00e1s<br \/><strong>Coordinadora de la sede de Sant Boi de Llobregat<\/strong><\/p>\n<p>Sr. Carles Sainz Xiqu\u00e9s<br \/><strong>Coordinador del aula de Canet de Mar<\/strong><\/p>\n<p class=\"cargo\" style=\"padding-left: 40px;\">[\/et_pb_text][\/et_pb_column][\/et_pb_row][\/et_pb_section]<\/p>\n","protected":false},"excerpt":{"rendered":"<p>\u00bfQui\u00e9nes somos? Estructura Organizativa \u00a0 \u00bfQui\u00e9nes somos? Estructura Organizativa \u00a0<span><span><a href=\"https:\/\/www.unedbarcelona.es\/es\/\">Inici<\/a><\/span><\/span> El Consorcio Universitario del Centro Asociado de la UNED Provincia de Barcelona: El Consorcio tiene como objetivo la promoci\u00f3n y el desarrollo de la ense\u00f1anza semipresencial y en linea en la provincia de Barcelona y, de forma espec\u00edfica, tiene como finalidad el sostenimiento y la [&hellip;]<\/p>\n","protected":false},"author":2,"featured_media":0,"parent":4800,"menu_order":0,"comment_status":"closed","ping_status":"closed","template":"","meta":{"_et_pb_use_builder":"on","_et_pb_old_content":"","_et_gb_content_width":"","footnotes":""},"class_list":["post-4574","page","type-page","status-publish","hentry"],"yoast_head":"<!-- This site is optimized with the Yoast SEO plugin v27.3 - https:\/\/yoast.com\/product\/yoast-seo-wordpress\/ -->\n<title>Estructura Organizativa - UNED Barcelona<\/title>\n<meta name=\"robots\" content=\"index, follow, max-snippet:-1, max-image-preview:large, max-video-preview:-1\" \/>\n<link rel=\"canonical\" href=\"https:\/\/www.unedbarcelona.es\/es\/quienes-somos\/consorcio-universitario\/estructura-organitzativa\/\" \/>\n<meta property=\"og:locale\" content=\"es_ES\" \/>\n<meta property=\"og:type\" content=\"article\" \/>\n<meta property=\"og:title\" content=\"Estructura Organizativa - UNED Barcelona\" \/>\n<meta property=\"og:description\" content=\"\u00bfQui\u00e9nes somos? Estructura Organizativa \u00a0 \u00bfQui\u00e9nes somos? Estructura Organizativa \u00a0 El Consorcio Universitario del Centro Asociado de la UNED Provincia de Barcelona: El Consorcio tiene como objetivo la promoci\u00f3n y el desarrollo de la ense\u00f1anza semipresencial y en linea en la provincia de Barcelona y, de forma espec\u00edfica, tiene como finalidad el sostenimiento y la [&hellip;]\" \/>\n<meta property=\"og:url\" content=\"https:\/\/www.unedbarcelona.es\/es\/quienes-somos\/consorcio-universitario\/estructura-organitzativa\/\" \/>\n<meta property=\"og:site_name\" content=\"UNED Barcelona\" \/>\n<meta property=\"article:modified_time\" content=\"2025-06-06T09:28:38+00:00\" \/>\n<meta name=\"twitter:card\" content=\"summary_large_image\" \/>\n<meta name=\"twitter:label1\" content=\"Tiempo de lectura\" \/>\n\t<meta name=\"twitter:data1\" content=\"2 minutos\" \/>\n<script type=\"application\/ld+json\" class=\"yoast-schema-graph\">{\"@context\":\"https:\\\/\\\/schema.org\",\"@graph\":[{\"@type\":\"WebPage\",\"@id\":\"https:\\\/\\\/www.unedbarcelona.es\\\/es\\\/quienes-somos\\\/consorcio-universitario\\\/estructura-organitzativa\\\/\",\"url\":\"https:\\\/\\\/www.unedbarcelona.es\\\/es\\\/quienes-somos\\\/consorcio-universitario\\\/estructura-organitzativa\\\/\",\"name\":\"Estructura Organizativa - UNED Barcelona\",\"isPartOf\":{\"@id\":\"https:\\\/\\\/www.unedbarcelona.es\\\/es\\\/#website\"},\"datePublished\":\"2018-05-21T15:46:44+00:00\",\"dateModified\":\"2025-06-06T09:28:38+00:00\",\"breadcrumb\":{\"@id\":\"https:\\\/\\\/www.unedbarcelona.es\\\/es\\\/quienes-somos\\\/consorcio-universitario\\\/estructura-organitzativa\\\/#breadcrumb\"},\"inLanguage\":\"es\",\"potentialAction\":[{\"@type\":\"ReadAction\",\"target\":[\"https:\\\/\\\/www.unedbarcelona.es\\\/es\\\/quienes-somos\\\/consorcio-universitario\\\/estructura-organitzativa\\\/\"]}]},{\"@type\":\"BreadcrumbList\",\"@id\":\"https:\\\/\\\/www.unedbarcelona.es\\\/es\\\/quienes-somos\\\/consorcio-universitario\\\/estructura-organitzativa\\\/#breadcrumb\",\"itemListElement\":[{\"@type\":\"ListItem\",\"position\":1,\"name\":\"Inici\",\"item\":\"https:\\\/\\\/www.unedbarcelona.es\\\/es\\\/\"},{\"@type\":\"ListItem\",\"position\":2,\"name\":\"\u00bfQui\u00e9nes somos?\",\"item\":\"https:\\\/\\\/www.unedbarcelona.es\\\/es\\\/quienes-somos\\\/\"},{\"@type\":\"ListItem\",\"position\":3,\"name\":\"Consorcio Universitario\",\"item\":\"https:\\\/\\\/www.unedbarcelona.es\\\/es\\\/quienes-somos\\\/consorcio-universitario\\\/\"},{\"@type\":\"ListItem\",\"position\":4,\"name\":\"Estructura Organizativa\"}]},{\"@type\":\"WebSite\",\"@id\":\"https:\\\/\\\/www.unedbarcelona.es\\\/es\\\/#website\",\"url\":\"https:\\\/\\\/www.unedbarcelona.es\\\/es\\\/\",\"name\":\"UNED Barcelona\",\"description\":\"Acc\u00e9s flexible al coneixement relacionat amb l&#039;educaci\u00f3 superior, semipresencial i a dist\u00e0ncia\",\"potentialAction\":[{\"@type\":\"SearchAction\",\"target\":{\"@type\":\"EntryPoint\",\"urlTemplate\":\"https:\\\/\\\/www.unedbarcelona.es\\\/es\\\/?s={search_term_string}\"},\"query-input\":{\"@type\":\"PropertyValueSpecification\",\"valueRequired\":true,\"valueName\":\"search_term_string\"}}],\"inLanguage\":\"es\"}]}<\/script>\n<!-- \/ Yoast SEO plugin. -->","yoast_head_json":{"title":"Estructura Organizativa - UNED Barcelona","robots":{"index":"index","follow":"follow","max-snippet":"max-snippet:-1","max-image-preview":"max-image-preview:large","max-video-preview":"max-video-preview:-1"},"canonical":"https:\/\/www.unedbarcelona.es\/es\/quienes-somos\/consorcio-universitario\/estructura-organitzativa\/","og_locale":"es_ES","og_type":"article","og_title":"Estructura Organizativa - UNED Barcelona","og_description":"\u00bfQui\u00e9nes somos? Estructura Organizativa \u00a0 \u00bfQui\u00e9nes somos? Estructura Organizativa \u00a0 El Consorcio Universitario del Centro Asociado de la UNED Provincia de Barcelona: El Consorcio tiene como objetivo la promoci\u00f3n y el desarrollo de la ense\u00f1anza semipresencial y en linea en la provincia de Barcelona y, de forma espec\u00edfica, tiene como finalidad el sostenimiento y la [&hellip;]","og_url":"https:\/\/www.unedbarcelona.es\/es\/quienes-somos\/consorcio-universitario\/estructura-organitzativa\/","og_site_name":"UNED Barcelona","article_modified_time":"2025-06-06T09:28:38+00:00","twitter_card":"summary_large_image","twitter_misc":{"Tiempo de lectura":"2 minutos"},"schema":{"@context":"https:\/\/schema.org","@graph":[{"@type":"WebPage","@id":"https:\/\/www.unedbarcelona.es\/es\/quienes-somos\/consorcio-universitario\/estructura-organitzativa\/","url":"https:\/\/www.unedbarcelona.es\/es\/quienes-somos\/consorcio-universitario\/estructura-organitzativa\/","name":"Estructura Organizativa - UNED Barcelona","isPartOf":{"@id":"https:\/\/www.unedbarcelona.es\/es\/#website"},"datePublished":"2018-05-21T15:46:44+00:00","dateModified":"2025-06-06T09:28:38+00:00","breadcrumb":{"@id":"https:\/\/www.unedbarcelona.es\/es\/quienes-somos\/consorcio-universitario\/estructura-organitzativa\/#breadcrumb"},"inLanguage":"es","potentialAction":[{"@type":"ReadAction","target":["https:\/\/www.unedbarcelona.es\/es\/quienes-somos\/consorcio-universitario\/estructura-organitzativa\/"]}]},{"@type":"BreadcrumbList","@id":"https:\/\/www.unedbarcelona.es\/es\/quienes-somos\/consorcio-universitario\/estructura-organitzativa\/#breadcrumb","itemListElement":[{"@type":"ListItem","position":1,"name":"Inici","item":"https:\/\/www.unedbarcelona.es\/es\/"},{"@type":"ListItem","position":2,"name":"\u00bfQui\u00e9nes somos?","item":"https:\/\/www.unedbarcelona.es\/es\/quienes-somos\/"},{"@type":"ListItem","position":3,"name":"Consorcio Universitario","item":"https:\/\/www.unedbarcelona.es\/es\/quienes-somos\/consorcio-universitario\/"},{"@type":"ListItem","position":4,"name":"Estructura Organizativa"}]},{"@type":"WebSite","@id":"https:\/\/www.unedbarcelona.es\/es\/#website","url":"https:\/\/www.unedbarcelona.es\/es\/","name":"UNED Barcelona","description":"Acc\u00e9s flexible al coneixement relacionat amb l&#039;educaci\u00f3 superior, semipresencial i a dist\u00e0ncia","potentialAction":[{"@type":"SearchAction","target":{"@type":"EntryPoint","urlTemplate":"https:\/\/www.unedbarcelona.es\/es\/?s={search_term_string}"},"query-input":{"@type":"PropertyValueSpecification","valueRequired":true,"valueName":"search_term_string"}}],"inLanguage":"es"}]}},"_links":{"self":[{"href":"https:\/\/www.unedbarcelona.es\/es\/wp-json\/wp\/v2\/pages\/4574","targetHints":{"allow":["GET"]}}],"collection":[{"href":"https:\/\/www.unedbarcelona.es\/es\/wp-json\/wp\/v2\/pages"}],"about":[{"href":"https:\/\/www.unedbarcelona.es\/es\/wp-json\/wp\/v2\/types\/page"}],"author":[{"embeddable":true,"href":"https:\/\/www.unedbarcelona.es\/es\/wp-json\/wp\/v2\/users\/2"}],"replies":[{"embeddable":true,"href":"https:\/\/www.unedbarcelona.es\/es\/wp-json\/wp\/v2\/comments?post=4574"}],"version-history":[{"count":2,"href":"https:\/\/www.unedbarcelona.es\/es\/wp-json\/wp\/v2\/pages\/4574\/revisions"}],"predecessor-version":[{"id":65851,"href":"https:\/\/www.unedbarcelona.es\/es\/wp-json\/wp\/v2\/pages\/4574\/revisions\/65851"}],"up":[{"embeddable":true,"href":"https:\/\/www.unedbarcelona.es\/es\/wp-json\/wp\/v2\/pages\/4800"}],"wp:attachment":[{"href":"https:\/\/www.unedbarcelona.es\/es\/wp-json\/wp\/v2\/media?parent=4574"}],"curies":[{"name":"wp","href":"https:\/\/api.w.org\/{rel}","templated":true}]}}