{"id":4774,"date":"2018-03-13T21:23:52","date_gmt":"2018-03-13T20:23:52","guid":{"rendered":"https:\/\/www.unedbarcelona.es\/estudis-oficials\/"},"modified":"2025-12-09T12:52:05","modified_gmt":"2025-12-09T11:52:05","slug":"estudios-oficiales","status":"publish","type":"page","link":"https:\/\/www.unedbarcelona.es\/es\/estudios\/estudios-oficiales\/","title":{"rendered":"Estudios Oficiales"},"content":{"rendered":"<p>[et_pb_section fb_built=\u00bb1&#8243; module_id=\u00bbnostra-historia\u00bb _builder_version=\u00bb4.16&#8243; background_color=\u00bb#01533f\u00bb background_image=\u00bb\/wp-content\/uploads\/2018\/07\/1-Cabecera_qui-som.jpg\u00bb custom_padding=\u00bb1px||1px|\u00bb global_colors_info=\u00bb{}\u00bb][et_pb_row _builder_version=\u00bb4.16&#8243; global_colors_info=\u00bb{}\u00bb][et_pb_column type=\u00bb4_4&#8243; _builder_version=\u00bb4.16&#8243; custom_padding=\u00bb|||\u00bb global_colors_info=\u00bb{}\u00bb custom_padding__hover=\u00bb|||\u00bb][et_pb_text admin_label=\u00bbText tit \u00bb _builder_version=\u00bb4.16&#8243; header_text_align=\u00bbleft\u00bb header_text_color=\u00bb#ffffff\u00bb header_font_size=\u00bb75px\u00bb header_line_height=\u00bb77px\u00bb header_2_text_color=\u00bb#ffffff\u00bb header_2_font_size=\u00bb40px\u00bb header_2_line_height=\u00bb42px\u00bb background_layout=\u00bbdark\u00bb global_colors_info=\u00bb{}\u00bb]<\/p>\n<div class=\"tit_quadrat\">\n<div class=\"text_quadrat\">Estudios<\/div>\n<\/div>\n<div class=\"tit1_quadrat\">\n<h1>Estudios oficiales<\/h1>\n<\/div>\n<div class=\"final\">\u00a0<\/div>\n<p>[\/et_pb_text][\/et_pb_column][\/et_pb_row][\/et_pb_section][et_pb_section fb_built=\u00bb1&#8243; _builder_version=\u00bb4.16&#8243; custom_padding=\u00bb0|0px|53.0833px|0px|false|false\u00bb locked=\u00bboff\u00bb global_colors_info=\u00bb{}\u00bb][et_pb_row _builder_version=\u00bb4.16&#8243; background_size=\u00bbinitial\u00bb background_position=\u00bbtop_left\u00bb background_repeat=\u00bbrepeat\u00bb custom_padding=\u00bb26.5333px|0px|0|0px|false|false\u00bb global_colors_info=\u00bb{}\u00bb][et_pb_column type=\u00bb4_4&#8243; _builder_version=\u00bb4.16&#8243; custom_padding=\u00bb|||\u00bb global_colors_info=\u00bb{}\u00bb custom_padding__hover=\u00bb|||\u00bb][et_pb_text _builder_version=\u00bb4.16&#8243; text_font=\u00bb|300|||||||\u00bb text_font_size=\u00bb31px\u00bb text_line_height=\u00bb34px\u00bb header_font=\u00bb|300|||||||\u00bb header_font_size=\u00bb26px\u00bb global_colors_info=\u00bb{}\u00bb]<\/p>\n<p class=\"p4\" style=\"text-align: center;\">La UNED te permite estudiar de una forma flexible.<\/p>\n<p>[\/et_pb_text][et_pb_divider _builder_version=\u00bb4.16&#8243; global_colors_info=\u00bb{}\u00bb]<br \/>\n[\/et_pb_divider][\/et_pb_column][\/et_pb_row][et_pb_row _builder_version=\u00bb4.16&#8243; background_size=\u00bbinitial\u00bb background_position=\u00bbtop_left\u00bb background_repeat=\u00bbrepeat\u00bb custom_padding=\u00bb0|0px|0|0px|false|false\u00bb global_colors_info=\u00bb{}\u00bb][et_pb_column type=\u00bb4_4&#8243; _builder_version=\u00bb4.16&#8243; custom_padding=\u00bb|||\u00bb global_colors_info=\u00bb{}\u00bb custom_padding__hover=\u00bb|||\u00bb][et_pb_text _builder_version=\u00bb4.27.4&#8243; custom_margin=\u00bb30px|||\u00bb hover_enabled=\u00bb0&#8243; global_colors_info=\u00bb{}\u00bb sticky_enabled=\u00bb0&#8243;]<\/p>\n<p>Puedes adaptar el estudio a tu horario laboral, familiar y personal.<\/p>\n<p>En nuestros centros te ofrecemos un importante apoyo presencial. Te proporcionamos informaci\u00f3n de todo lo que concierne a tu actividad universitaria y te ofrecemos tutor\u00edas presenciales.<\/p>\n<p>Es muy importante la comunicaci\u00f3n entre el centro y el estudiante, las herramientas que utilizamos para esta comunicaci\u00f3n son:<\/p>\n<p>la p\u00e1gina <a class=\"external-link\" href=\"https:\/\/unedbarcelona.es\/\">web del Centro<\/a> y el <strong>correo electr\u00f3nico<\/strong><\/p>\n<p>El correo electr\u00f3nico que utilizamos para enviar la informaci\u00f3n es el que la UNED te proporciona al matricularte. Para acceder es necesario que entres al <a href=\"https:\/\/sso.uned.es\/sso\/index.aspx?URL=https:\/\/login.uned.es\/ssouned\/login.jsp\" target=\"_blank\" rel=\"noopener noreferrer\">Campus UNED<\/a> con el identificador y la clave de la matr\u00edcula. Por este motivo es muy importante que te <strong>actives el correo electr\u00f3nico<\/strong>. Si quieres saber como hacerlo, y adem\u00e1s, quieres <strong>redirigirte los correos a tu e-mail habitual<\/strong> consulta estas <a href=\"\/docs\/tutorials\/Correo_UNED_A4_CAST.pdf\"><b>instrucciones<\/b><\/a><b> o<span class=\"external-link\"> <a class=\"external-link\" href=\"https:\/\/www.youtube.com\/watch?v=Zf5uETxqu38\" target=\"_blank\" rel=\"noopener noreferrer\">tutoriales<\/a><\/span><\/b><\/p>\n<h4>Dentro de nuestra actividad te destacamos los siguientes estudios:<\/h4>\n<p>[\/et_pb_text][\/et_pb_column][\/et_pb_row][et_pb_row column_structure=\u00bb1_3,1_3,1_3&#8243; _builder_version=\u00bb4.16&#8243; custom_margin=\u00bb0px||||false|false\u00bb custom_padding=\u00bb0px||||false|false\u00bb locked=\u00bboff\u00bb global_colors_info=\u00bb{}\u00bb][et_pb_column type=\u00bb1_3&#8243; _builder_version=\u00bb4.16&#8243; global_colors_info=\u00bb{}\u00bb][et_pb_text admin_label=\u00bbgrados\u00bb _builder_version=\u00bb4.27.4&#8243; _dynamic_attributes=\u00bblink_option_url\u00bb background_color=\u00bb#00533f\u00bb background_image=\u00bbhttps:\/\/www.unedbarcelona.es\/wp-content\/uploads\/2019\/07\/Boto_Contacte-bn-1.jpg\u00bb background_blend=\u00bbmultiply\u00bb custom_margin=\u00bb0px||15px||false|false\u00bb custom_padding=\u00bb15px|15px|15px|15px\u00bb link_option_url=\u00bb@ET-DC@eyJkeW5hbWljIjp0cnVlLCJjb250ZW50IjoicG9zdF9saW5rX3VybF9wYWdlIiwic2V0dGluZ3MiOnsicG9zdF9pZCI6IjcwNyJ9fQ==@\u00bb link_option_url_new_window=\u00bbon\u00bb locked=\u00bboff\u00bb global_colors_info=\u00bb{}\u00bb]<\/p>\n<p style=\"text-align: center;\"><span style=\"font-size: 14pt;\"><strong><span style=\"color: #ffffff;\">Grados<\/span><\/strong><\/span><\/p>\n<p>[\/et_pb_text][et_pb_text admin_label=\u00bbMicrot\u00edtulos\u00bb _builder_version=\u00bb4.27.4&#8243; background_color=\u00bb#00533f\u00bb background_image=\u00bbhttps:\/\/www.unedbarcelona.es\/wp-content\/uploads\/2019\/07\/Boto_Tutories-25-i-45-anys-bn.jpg\u00bb background_blend=\u00bbmultiply\u00bb custom_margin=\u00bb0px||15px||false|false\u00bb custom_padding=\u00bb15px|15px|15px|15px\u00bb link_option_url=\u00bbhttps:\/\/www.uned.es\/universidad\/inicio\/estudios\/microtitulos.html\u00bb link_option_url_new_window=\u00bbon\u00bb locked=\u00bboff\u00bb global_colors_info=\u00bb{}\u00bb]<\/p>\n<p style=\"text-align: center;\"><span style=\"font-size: 14pt;\"><strong><span style=\"color: #ffffff;\">Microt\u00edtulos<\/span><\/strong><\/span><\/p>\n<p>[\/et_pb_text][\/et_pb_column][et_pb_column type=\u00bb1_3&#8243; _builder_version=\u00bb4.16&#8243; global_colors_info=\u00bb{}\u00bb][et_pb_text admin_label=\u00bbDobles grados\u00bb _builder_version=\u00bb4.27.4&#8243; background_color=\u00bb#00533f\u00bb background_image=\u00bbhttps:\/\/www.unedbarcelona.es\/wp-content\/uploads\/2019\/07\/Boto_matricula.jpg\u00bb background_blend=\u00bbmultiply\u00bb custom_margin=\u00bb0px||15px||false|false\u00bb custom_padding=\u00bb15px|15px|15px|15px\u00bb link_option_url=\u00bbhttps:\/\/www.uned.es\/universidad\/inicio\/estudios\/dobles-grados.html\u00bb link_option_url_new_window=\u00bbon\u00bb locked=\u00bboff\u00bb global_colors_info=\u00bb{}\u00bb]<\/p>\n<p style=\"text-align: center;\"><span style=\"font-size: 14pt;\"><strong><span style=\"color: #ffffff;\">Dobles grados<\/span><\/strong><\/span><\/p>\n<p>[\/et_pb_text][et_pb_text admin_label=\u00bbM\u00e1steres\u00bb _builder_version=\u00bb4.27.4&#8243; _dynamic_attributes=\u00bblink_option_url\u00bb background_color=\u00bb#00533f\u00bb background_image=\u00bbhttps:\/\/www.unedbarcelona.es\/wp-content\/uploads\/2019\/07\/Boto_Preguntes-frequ\u0308ents-bn.jpg\u00bb background_blend=\u00bbmultiply\u00bb custom_padding=\u00bb15px|15px|15px|15px\u00bb link_option_url=\u00bb@ET-DC@eyJkeW5hbWljIjp0cnVlLCJjb250ZW50IjoicG9zdF9saW5rX3VybF9wYWdlIiwic2V0dGluZ3MiOnsicG9zdF9pZCI6IjQ2NSJ9fQ==@\u00bb link_option_url_new_window=\u00bbon\u00bb locked=\u00bboff\u00bb global_colors_info=\u00bb{}\u00bb]<\/p>\n<p style=\"text-align: center;\"><span style=\"font-size: 14pt;\"><strong><span style=\"color: #ffffff;\">M\u00e1steres<\/span><\/strong><\/span><\/p>\n<p>[\/et_pb_text][\/et_pb_column][et_pb_column type=\u00bb1_3&#8243; _builder_version=\u00bb4.16&#8243; global_colors_info=\u00bb{}\u00bb][et_pb_text admin_label=\u00bbGrados combinados\u00bb _builder_version=\u00bb4.27.4&#8243; _dynamic_attributes=\u00bblink_option_url\u00bb background_color=\u00bb#00533f\u00bb background_image=\u00bbhttps:\/\/www.unedbarcelona.es\/wp-content\/uploads\/2019\/07\/Boto_Jornades-acollida-bn.jpg\u00bb background_blend=\u00bbmultiply\u00bb custom_margin=\u00bb0px||15px||false|false\u00bb custom_padding=\u00bb15px|15px|15px|15px\u00bb link_option_url=\u00bb@ET-DC@eyJkeW5hbWljIjp0cnVlLCJjb250ZW50IjoicG9zdF9saW5rX3VybF9wYWdlIiwic2V0dGluZ3MiOnsicG9zdF9pZCI6Ijc1NiJ9fQ==@\u00bb link_option_url_new_window=\u00bbon\u00bb locked=\u00bboff\u00bb global_colors_info=\u00bb{}\u00bb]<\/p>\n<p style=\"text-align: center;\"><span style=\"font-size: 14pt;\"><strong><span style=\"color: #ffffff;\">Grados combinados<\/span><\/strong><\/span><\/p>\n<p>[\/et_pb_text][et_pb_text admin_label=\u00bbDoctorados\u00bb _builder_version=\u00bb4.27.4&#8243; _dynamic_attributes=\u00bblink_option_url\u00bb background_color=\u00bb#00533f\u00bb background_image=\u00bbhttps:\/\/www.unedbarcelona.es\/wp-content\/uploads\/2019\/07\/Boto_Tutorial-bn.jpg\u00bb background_blend=\u00bbmultiply\u00bb custom_padding=\u00bb15px|15px|15px|15px\u00bb link_option_url=\u00bb@ET-DC@eyJkeW5hbWljIjp0cnVlLCJjb250ZW50IjoicG9zdF9saW5rX3VybF9wYWdlIiwic2V0dGluZ3MiOnsicG9zdF9pZCI6IjExNjgifX0=@\u00bb locked=\u00bboff\u00bb global_colors_info=\u00bb{}\u00bb]<\/p>\n<p style=\"text-align: center;\"><span style=\"font-size: 14pt;\"><strong><span style=\"color: #ffffff;\">Doctorados<\/span><\/strong><\/span><\/p>\n<p>[\/et_pb_text][\/et_pb_column][\/et_pb_row][\/et_pb_section]<\/p>\n","protected":false},"excerpt":{"rendered":"<p>Estudios Estudios oficiales \u00a0 La UNED te permite estudiar de una forma flexible. Puedes adaptar el estudio a tu horario laboral, familiar y personal. En nuestros centros te ofrecemos un importante apoyo presencial. Te proporcionamos informaci\u00f3n de todo lo que concierne a tu actividad universitaria y te ofrecemos tutor\u00edas presenciales. Es muy importante la comunicaci\u00f3n [&hellip;]<\/p>\n","protected":false},"author":2,"featured_media":0,"parent":5711,"menu_order":0,"comment_status":"closed","ping_status":"closed","template":"","meta":{"_et_pb_use_builder":"on","_et_pb_old_content":"<p>Aquest s\u00f3n els estudis oficials que pots estudiar a la UNED:<\/p><p><a href=\"http:\/\/wp.unedbarcelona.es\/estudiants\/estudis-oficials\/graus-eees\/\">Graus EEES<\/a><\/p><p><a href=\"http:\/\/wp.unedbarcelona.es\/estudiants\/estudis-oficials\/graus-combinats\/\">Graus combinats<\/a><\/p><p><a href=\"http:\/\/wp.unedbarcelona.es\/estudiants\/estudis-oficials\/masters-eees\/\">M\u00e1sters EEES<\/a><\/p><p><a href=\"http:\/\/wp.unedbarcelona.es\/estudiants\/estudis-oficials\/doctorats\/\">Doctorats<\/a><\/p><p>\u00a0<\/p>","_et_gb_content_width":"","footnotes":""},"class_list":["post-4774","page","type-page","status-publish","hentry"],"yoast_head":"<!-- This site is optimized with the Yoast SEO plugin v27.3 - https:\/\/yoast.com\/product\/yoast-seo-wordpress\/ -->\n<title>Estudios Oficiales - UNED Barcelona<\/title>\n<meta name=\"robots\" content=\"index, follow, max-snippet:-1, max-image-preview:large, max-video-preview:-1\" \/>\n<link rel=\"canonical\" href=\"https:\/\/www.unedbarcelona.es\/es\/estudios\/estudios-oficiales\/\" \/>\n<meta property=\"og:locale\" content=\"es_ES\" \/>\n<meta property=\"og:type\" content=\"article\" \/>\n<meta property=\"og:title\" content=\"Estudios Oficiales - UNED Barcelona\" \/>\n<meta property=\"og:description\" content=\"Estudios Estudios oficiales \u00a0 La UNED te permite estudiar de una forma flexible. Puedes adaptar el estudio a tu horario laboral, familiar y personal. En nuestros centros te ofrecemos un importante apoyo presencial. Te proporcionamos informaci\u00f3n de todo lo que concierne a tu actividad universitaria y te ofrecemos tutor\u00edas presenciales. Es muy importante la comunicaci\u00f3n [&hellip;]\" \/>\n<meta property=\"og:url\" content=\"https:\/\/www.unedbarcelona.es\/es\/estudios\/estudios-oficiales\/\" \/>\n<meta property=\"og:site_name\" content=\"UNED Barcelona\" \/>\n<meta property=\"article:modified_time\" content=\"2025-12-09T11:52:05+00:00\" \/>\n<meta name=\"twitter:card\" content=\"summary_large_image\" \/>\n<meta name=\"twitter:label1\" content=\"Tiempo de lectura\" \/>\n\t<meta name=\"twitter:data1\" content=\"1 minuto\" \/>\n<script type=\"application\/ld+json\" class=\"yoast-schema-graph\">{\"@context\":\"https:\\\/\\\/schema.org\",\"@graph\":[{\"@type\":\"WebPage\",\"@id\":\"https:\\\/\\\/www.unedbarcelona.es\\\/es\\\/estudios\\\/estudios-oficiales\\\/\",\"url\":\"https:\\\/\\\/www.unedbarcelona.es\\\/es\\\/estudios\\\/estudios-oficiales\\\/\",\"name\":\"Estudios Oficiales - UNED Barcelona\",\"isPartOf\":{\"@id\":\"https:\\\/\\\/www.unedbarcelona.es\\\/es\\\/#website\"},\"datePublished\":\"2018-03-13T20:23:52+00:00\",\"dateModified\":\"2025-12-09T11:52:05+00:00\",\"breadcrumb\":{\"@id\":\"https:\\\/\\\/www.unedbarcelona.es\\\/es\\\/estudios\\\/estudios-oficiales\\\/#breadcrumb\"},\"inLanguage\":\"es\",\"potentialAction\":[{\"@type\":\"ReadAction\",\"target\":[\"https:\\\/\\\/www.unedbarcelona.es\\\/es\\\/estudios\\\/estudios-oficiales\\\/\"]}]},{\"@type\":\"BreadcrumbList\",\"@id\":\"https:\\\/\\\/www.unedbarcelona.es\\\/es\\\/estudios\\\/estudios-oficiales\\\/#breadcrumb\",\"itemListElement\":[{\"@type\":\"ListItem\",\"position\":1,\"name\":\"Inici\",\"item\":\"https:\\\/\\\/www.unedbarcelona.es\\\/es\\\/\"},{\"@type\":\"ListItem\",\"position\":2,\"name\":\"Estudios\",\"item\":\"https:\\\/\\\/www.unedbarcelona.es\\\/es\\\/estudios\\\/\"},{\"@type\":\"ListItem\",\"position\":3,\"name\":\"Estudios Oficiales\"}]},{\"@type\":\"WebSite\",\"@id\":\"https:\\\/\\\/www.unedbarcelona.es\\\/es\\\/#website\",\"url\":\"https:\\\/\\\/www.unedbarcelona.es\\\/es\\\/\",\"name\":\"UNED Barcelona\",\"description\":\"Acc\u00e9s flexible al coneixement relacionat amb l&#039;educaci\u00f3 superior, semipresencial i a dist\u00e0ncia\",\"potentialAction\":[{\"@type\":\"SearchAction\",\"target\":{\"@type\":\"EntryPoint\",\"urlTemplate\":\"https:\\\/\\\/www.unedbarcelona.es\\\/es\\\/?s={search_term_string}\"},\"query-input\":{\"@type\":\"PropertyValueSpecification\",\"valueRequired\":true,\"valueName\":\"search_term_string\"}}],\"inLanguage\":\"es\"}]}<\/script>\n<!-- \/ Yoast SEO plugin. -->","yoast_head_json":{"title":"Estudios Oficiales - UNED Barcelona","robots":{"index":"index","follow":"follow","max-snippet":"max-snippet:-1","max-image-preview":"max-image-preview:large","max-video-preview":"max-video-preview:-1"},"canonical":"https:\/\/www.unedbarcelona.es\/es\/estudios\/estudios-oficiales\/","og_locale":"es_ES","og_type":"article","og_title":"Estudios Oficiales - UNED Barcelona","og_description":"Estudios Estudios oficiales \u00a0 La UNED te permite estudiar de una forma flexible. Puedes adaptar el estudio a tu horario laboral, familiar y personal. En nuestros centros te ofrecemos un importante apoyo presencial. Te proporcionamos informaci\u00f3n de todo lo que concierne a tu actividad universitaria y te ofrecemos tutor\u00edas presenciales. Es muy importante la comunicaci\u00f3n [&hellip;]","og_url":"https:\/\/www.unedbarcelona.es\/es\/estudios\/estudios-oficiales\/","og_site_name":"UNED Barcelona","article_modified_time":"2025-12-09T11:52:05+00:00","twitter_card":"summary_large_image","twitter_misc":{"Tiempo de lectura":"1 minuto"},"schema":{"@context":"https:\/\/schema.org","@graph":[{"@type":"WebPage","@id":"https:\/\/www.unedbarcelona.es\/es\/estudios\/estudios-oficiales\/","url":"https:\/\/www.unedbarcelona.es\/es\/estudios\/estudios-oficiales\/","name":"Estudios Oficiales - UNED Barcelona","isPartOf":{"@id":"https:\/\/www.unedbarcelona.es\/es\/#website"},"datePublished":"2018-03-13T20:23:52+00:00","dateModified":"2025-12-09T11:52:05+00:00","breadcrumb":{"@id":"https:\/\/www.unedbarcelona.es\/es\/estudios\/estudios-oficiales\/#breadcrumb"},"inLanguage":"es","potentialAction":[{"@type":"ReadAction","target":["https:\/\/www.unedbarcelona.es\/es\/estudios\/estudios-oficiales\/"]}]},{"@type":"BreadcrumbList","@id":"https:\/\/www.unedbarcelona.es\/es\/estudios\/estudios-oficiales\/#breadcrumb","itemListElement":[{"@type":"ListItem","position":1,"name":"Inici","item":"https:\/\/www.unedbarcelona.es\/es\/"},{"@type":"ListItem","position":2,"name":"Estudios","item":"https:\/\/www.unedbarcelona.es\/es\/estudios\/"},{"@type":"ListItem","position":3,"name":"Estudios Oficiales"}]},{"@type":"WebSite","@id":"https:\/\/www.unedbarcelona.es\/es\/#website","url":"https:\/\/www.unedbarcelona.es\/es\/","name":"UNED Barcelona","description":"Acc\u00e9s flexible al coneixement relacionat amb l&#039;educaci\u00f3 superior, semipresencial i a dist\u00e0ncia","potentialAction":[{"@type":"SearchAction","target":{"@type":"EntryPoint","urlTemplate":"https:\/\/www.unedbarcelona.es\/es\/?s={search_term_string}"},"query-input":{"@type":"PropertyValueSpecification","valueRequired":true,"valueName":"search_term_string"}}],"inLanguage":"es"}]}},"_links":{"self":[{"href":"https:\/\/www.unedbarcelona.es\/es\/wp-json\/wp\/v2\/pages\/4774","targetHints":{"allow":["GET"]}}],"collection":[{"href":"https:\/\/www.unedbarcelona.es\/es\/wp-json\/wp\/v2\/pages"}],"about":[{"href":"https:\/\/www.unedbarcelona.es\/es\/wp-json\/wp\/v2\/types\/page"}],"author":[{"embeddable":true,"href":"https:\/\/www.unedbarcelona.es\/es\/wp-json\/wp\/v2\/users\/2"}],"replies":[{"embeddable":true,"href":"https:\/\/www.unedbarcelona.es\/es\/wp-json\/wp\/v2\/comments?post=4774"}],"version-history":[{"count":3,"href":"https:\/\/www.unedbarcelona.es\/es\/wp-json\/wp\/v2\/pages\/4774\/revisions"}],"predecessor-version":[{"id":70708,"href":"https:\/\/www.unedbarcelona.es\/es\/wp-json\/wp\/v2\/pages\/4774\/revisions\/70708"}],"up":[{"embeddable":true,"href":"https:\/\/www.unedbarcelona.es\/es\/wp-json\/wp\/v2\/pages\/5711"}],"wp:attachment":[{"href":"https:\/\/www.unedbarcelona.es\/es\/wp-json\/wp\/v2\/media?parent=4774"}],"curies":[{"name":"wp","href":"https:\/\/api.w.org\/{rel}","templated":true}]}}