{"id":4881,"date":"2018-06-11T20:03:04","date_gmt":"2018-06-11T18:03:04","guid":{"rendered":"https:\/\/www.unedbarcelona.es\/acceso-a-la-universidad\/prova-acces-majors-45-anys\/"},"modified":"2025-02-24T11:50:55","modified_gmt":"2025-02-24T10:50:55","slug":"prueba-acceso-mayores-45-anos","status":"publish","type":"page","link":"https:\/\/www.unedbarcelona.es\/es\/estudios\/acceso-a-la-universidad\/prueba-acceso-mayores-45-anos\/","title":{"rendered":"Prueba de acceso para mayores de 45 a\u00f1os"},"content":{"rendered":"<p>[et_pb_section fb_built=\u00bb1&#8243; module_id=\u00bbnostra-historia\u00bb _builder_version=\u00bb4.16&#8243; background_color=\u00bb#01533f\u00bb background_image=\u00bb\/wp-content\/uploads\/2018\/07\/2-Cabecera_estudis.jpeg\u00bb custom_padding=\u00bb1px||1px|\u00bb da_disable_devices=\u00bboff|off|off\u00bb global_colors_info=\u00bb{}\u00bb da_is_popup=\u00bboff\u00bb da_exit_intent=\u00bboff\u00bb da_has_close=\u00bbon\u00bb da_alt_close=\u00bboff\u00bb da_dark_close=\u00bboff\u00bb da_not_modal=\u00bbon\u00bb da_is_singular=\u00bboff\u00bb da_with_loader=\u00bboff\u00bb da_has_shadow=\u00bbon\u00bb][et_pb_row _builder_version=\u00bb4.16&#8243; global_colors_info=\u00bb{}\u00bb][et_pb_column type=\u00bb4_4&#8243; _builder_version=\u00bb4.16&#8243; custom_padding=\u00bb|||\u00bb global_colors_info=\u00bb{}\u00bb custom_padding__hover=\u00bb|||\u00bb][et_pb_text disabled_on=\u00bbon|on|\u00bb admin_label=\u00bbText tit Pueba de acceso para mayores de 25 a\u00f1os\u00bb _builder_version=\u00bb4.16&#8243; header_text_align=\u00bbleft\u00bb header_text_color=\u00bb#ffffff\u00bb header_font_size=\u00bb75px\u00bb header_line_height=\u00bb77px\u00bb header_2_text_color=\u00bb#ffffff\u00bb header_2_font_size=\u00bb40px\u00bb header_2_line_height=\u00bb42px\u00bb background_layout=\u00bbdark\u00bb saved_tabs=\u00bball\u00bb global_colors_info=\u00bb{}\u00bb]<\/p>\n<div class=\"tit_quadrat\">\n<div class=\"text_quadrat\">Estudios<\/div>\n<\/div>\n<div class=\"tit1_quadrat\">\n<h1>Prueba de acceso a la universidad para mayores de 45 a\u00f1os<\/h1>\n<\/div>\n<div class=\"final\">\u00a0<\/div>\n<p>[\/et_pb_text][et_pb_text disabled_on=\u00bb||on\u00bb admin_label=\u00bbText tit Prueba de acceso para mayores de 45 a\u00f1os mob\u00bb _builder_version=\u00bb4.16&#8243; header_text_align=\u00bbleft\u00bb header_text_color=\u00bb#ffffff\u00bb header_font_size=\u00bb75px\u00bb header_line_height=\u00bb77px\u00bb header_2_text_color=\u00bb#ffffff\u00bb header_2_font_size=\u00bb40px\u00bb header_2_line_height=\u00bb42px\u00bb background_layout=\u00bbdark\u00bb saved_tabs=\u00bball\u00bb global_colors_info=\u00bb{}\u00bb]<\/p>\n<div class=\"tit_quadrat_mob\">\n<div class=\"text_quadrat_mob\">Estudis<\/div>\n<\/div>\n<div class=\"tit1_quadrat_mob\">\n<h1>Prueba de acceso a la universidad para mayores de 45 a\u00f1os<\/h1>\n<\/div>\n<div class=\"final\">\u00a0<\/div>\n<p>[\/et_pb_text][\/et_pb_column][\/et_pb_row][\/et_pb_section][et_pb_section fb_built=\u00bb1&#8243; _builder_version=\u00bb4.16&#8243; da_disable_devices=\u00bboff|off|off\u00bb global_colors_info=\u00bb{}\u00bb da_is_popup=\u00bboff\u00bb da_exit_intent=\u00bboff\u00bb da_has_close=\u00bbon\u00bb da_alt_close=\u00bboff\u00bb da_dark_close=\u00bboff\u00bb da_not_modal=\u00bbon\u00bb da_is_singular=\u00bboff\u00bb da_with_loader=\u00bboff\u00bb da_has_shadow=\u00bbon\u00bb][et_pb_row _builder_version=\u00bb4.24.0&#8243; background_size=\u00bbinitial\u00bb background_position=\u00bbtop_left\u00bb background_repeat=\u00bbrepeat\u00bb custom_margin=\u00bb-30px|||\u00bb custom_padding=\u00bb5px|0px|0|0px|false|false\u00bb saved_tabs=\u00bball\u00bb locked=\u00bboff\u00bb global_colors_info=\u00bb{}\u00bb][et_pb_column type=\u00bb4_4&#8243; _builder_version=\u00bb4.16&#8243; custom_padding=\u00bb|||\u00bb global_colors_info=\u00bb{}\u00bb custom_padding__hover=\u00bb|||\u00bb][et_pb_text admin_label=\u00bbText Migas pan\u00bb _builder_version=\u00bb4.16&#8243; text_font=\u00bbAbel|300|||||||\u00bb text_line_height=\u00bb16px\u00bb header_font=\u00bbRoboto|300|||||||\u00bb header_line_height=\u00bb32px\u00bb locked=\u00bboff\u00bb global_colors_info=\u00bb{}\u00bb]<\/p>\n<span><span><a href=\"https:\/\/www.unedbarcelona.es\/es\/\">Inici<\/a><\/span><\/span>\n<p>[\/et_pb_text][\/et_pb_column][\/et_pb_row][et_pb_row _builder_version=\u00bb4.16&#8243; background_size=\u00bbinitial\u00bb background_position=\u00bbtop_left\u00bb background_repeat=\u00bbrepeat\u00bb global_colors_info=\u00bb{}\u00bb][et_pb_column type=\u00bb4_4&#8243; _builder_version=\u00bb4.16&#8243; custom_padding=\u00bb|||\u00bb global_colors_info=\u00bb{}\u00bb custom_padding__hover=\u00bb|||\u00bb][et_pb_text _builder_version=\u00bb4.27.4&#8243; _module_preset=\u00bbdefault\u00bb hover_enabled=\u00bb0&#8243; sticky_enabled=\u00bb0&#8243;]<\/p>\n<p><span style=\"font-size: 12pt;\">Si quieres acceder en la universidad y no tienes la titulaci\u00f3n puedes hacer la prueba para mayores de 45 a\u00f1os. El \u00fanico requisito es tener los 45 a\u00f1os o hacerlos antes del 31 de diciembre del a\u00f1o en que realizas la prueba.<\/span><\/p>\n<p><span style=\"font-size: 12pt;\">Hay dos alternativas para superar la prueba:<\/span><\/p>\n<p style=\"padding-left: 40px;\"><span style=\"font-size: 12pt;\">1. Matricularte en el <strong>curso de acceso<\/strong> para mayores de 45 a\u00f1os con preparaci\u00f3n<\/span><br \/><span style=\"font-size: 12pt;\">2. Inscribirte en la <strong>prueba libre<\/strong> directamente sin curso de preparaci\u00f3n<\/span><\/p>\n<p><span style=\"font-size: 12pt;\">La diferencia entre el curso y la prueba libre es la preparaci\u00f3n y las oportunidades para superar el acceso.<\/span><br \/><span style=\"font-size: 12pt;\">En cuanto al curso tienes la opci\u00f3n de presentarte a ex\u00e1menes en enero\/febrero para poder hacer media con la nota del examen de mayo. Tambi\u00e9n tienes la posibilidad de recuperar asignaturas en septiembre.<\/span><br \/><span style=\"font-size: 12pt;\">En la prueba libre solo tienes la posibilidad de superar la prueba en mayo.<\/span><\/p>\n<p><span style=\"font-size: 12pt;\">Una vez superada la prueba de acceso para mayores de 45 a\u00f1os, si quieres examianarte de la prueba de acceso para mayores de 25 a\u00f1os, te guardan la nota de las asignaturas de Castellano y\u00a0 Comentario de texto durante un a\u00f1o.<\/span><\/p>\n<p>[\/et_pb_text][\/et_pb_column][\/et_pb_row][et_pb_row _builder_version=\u00bb4.16&#8243; background_size=\u00bbinitial\u00bb background_position=\u00bbtop_left\u00bb background_repeat=\u00bbrepeat\u00bb global_colors_info=\u00bb{}\u00bb][et_pb_column type=\u00bb4_4&#8243; _builder_version=\u00bb4.16&#8243; custom_padding=\u00bb|||\u00bb global_colors_info=\u00bb{}\u00bb custom_padding__hover=\u00bb|||\u00bb][et_pb_text admin_label=\u00bbEstructura de la prova 2&#8243; _builder_version=\u00bb4.27.4&#8243; background_color=\u00bb#00533f\u00bb custom_padding=\u00bb15px|15px|15px|15px\u00bb link_option_url_new_window=\u00bbon\u00bb locked=\u00bboff\u00bb global_colors_info=\u00bb{}\u00bb]<\/p>\n<p style=\"text-align: center;\"><span style=\"font-size: 14pt; color: #ffffff;\"><strong>Estructura de la prueba<\/strong><\/span><\/p>\n<p>[\/et_pb_text][et_pb_text _builder_version=\u00bb4.27.4&#8243; _module_preset=\u00bbdefault\u00bb locked=\u00bboff\u00bb global_colors_info=\u00bb{}\u00bb]<\/p>\n<p><span style=\"font-size: 12pt;\">La prueba de acceso a la universidad para mayores de 45 a\u00f1os se estructura en una prueba escrita y una entrevista personal.<\/span><\/p>\n<h1 style=\"padding-left: 40px;\"><span style=\"font-size: 12pt;\">Prueba escrita<\/span><\/h1>\n<p style=\"padding-left: 40px;\"><span style=\"font-size: 12pt;\">1. Comentario de texto<\/span><br \/><span style=\"font-size: 12pt;\">2. Lengua castellana<\/span><\/p>\n<p><span style=\"font-size: 12pt;\">Cada uno de los ejercicios se puntuar\u00e1n de 0 a 10. Para hacer media entre los dos ex\u00e1menes se tiene que llegar a un m\u00ednimo de 4 puntos en cada uno de los ejercicios.<\/span><\/p>\n<h1 style=\"padding-left: 40px;\"><span style=\"font-size: 12pt;\">Entrevista<\/span><\/h1>\n<p style=\"padding-left: 40px;\"><span style=\"font-size: 12pt;\">La entrevista es un cuestionario escrito que hacen los estudiantes el mismo d\u00eda de la prueba escrita. (La informaci\u00f3n del d\u00eda y hora sale en el calendario de ex\u00e1menes). El resultado de la entrevista tendr\u00e1 que ser de apto.<\/span><\/p>\n<p>[\/et_pb_text][\/et_pb_column][\/et_pb_row][et_pb_row column_structure=\u00bb1_2,1_2&#8243; _builder_version=\u00bb4.27.4&#8243; _module_preset=\u00bbdefault\u00bb locked=\u00bboff\u00bb global_colors_info=\u00bb{}\u00bb][et_pb_column type=\u00bb1_2&#8243; _builder_version=\u00bb4.27.4&#8243; _module_preset=\u00bbdefault\u00bb global_colors_info=\u00bb{}\u00bb][et_pb_text admin_label=\u00bbCurs d&#8217;acc\u00e9s\u00bb _builder_version=\u00bb4.27.4&#8243; background_color=\u00bb#00533f\u00bb custom_padding=\u00bb15px|15px|15px|15px\u00bb link_option_url=\u00bbhttps:\/\/www.uned.es\/universidad\/inicio\/estudios\/acceso\/acceso45\/curso-45\/asignaturas-curso-45.html\u00bb link_option_url_new_window=\u00bbon\u00bb locked=\u00bboff\u00bb global_colors_info=\u00bb{}\u00bb]<\/p>\n<p style=\"text-align: center;\"><span style=\"font-size: 14pt; color: #ffffff;\"><strong>Consulta las Asignaturas del Curso de Acceso<\/strong><\/span><\/p>\n<p>[\/et_pb_text][\/et_pb_column][et_pb_column type=\u00bb1_2&#8243; _builder_version=\u00bb4.27.4&#8243; _module_preset=\u00bbdefault\u00bb global_colors_info=\u00bb{}\u00bb][et_pb_text admin_label=\u00bbProva Lliure\u00bb _builder_version=\u00bb4.27.4&#8243; background_color=\u00bb#00533f\u00bb custom_padding=\u00bb15px|15px|15px|15px\u00bb link_option_url=\u00bbhttps:\/\/www.uned.es\/universidad\/inicio\/estudios\/acceso\/acceso45\/prueba-45\/asignaturas-prueba-45.html\u00bb link_option_url_new_window=\u00bbon\u00bb locked=\u00bboff\u00bb global_colors_info=\u00bb{}\u00bb]<\/p>\n<p style=\"text-align: center;\"><span style=\"font-size: 14pt; color: #ffffff;\"><strong>Cosulta las Asignaturas de la Prueba Libre<\/strong><\/span><\/p>\n<p>[\/et_pb_text][\/et_pb_column][\/et_pb_row][et_pb_row _builder_version=\u00bb4.16&#8243; _module_preset=\u00bbdefault\u00bb global_colors_info=\u00bb{}\u00bb][et_pb_column type=\u00bb4_4&#8243; _builder_version=\u00bb4.16&#8243; _module_preset=\u00bbdefault\u00bb global_colors_info=\u00bb{}\u00bb][et_pb_text admin_label=\u00bbHoratris tutories cad\u00bb _builder_version=\u00bb4.16&#8243; background_color=\u00bb#00533f\u00bb custom_padding=\u00bb15px|15px|15px|15px\u00bb link_option_url=\u00bbhttps:\/\/www.unedbarcelona.es\/servicios\/servicio-de-tutorias\/tutorias-curso-de-acceso-para-mayores-de-45-anos\/?lang=es\u00bb link_option_url_new_window=\u00bbon\u00bb locked=\u00bboff\u00bb global_colors_info=\u00bb{}\u00bb]<\/p>\n<p style=\"text-align: center;\"><span style=\"font-size: 14pt; color: #ffffff;\"><strong>Consulta los horarios de tutor\u00edas de nuestras sedes<\/strong><\/span><\/p>\n<p>[\/et_pb_text][\/et_pb_column][\/et_pb_row][\/et_pb_section]<\/p>\n","protected":false},"excerpt":{"rendered":"<p>Estudios Prueba de acceso a la universidad para mayores de 45 a\u00f1os \u00a0 Estudis Prueba de acceso a la universidad para mayores de 45 a\u00f1os \u00a0 <span><span><a href=\"https:\/\/www.unedbarcelona.es\/es\/\">Inici<\/a><\/span><\/span> Si quieres acceder en la universidad y no tienes la titulaci\u00f3n puedes hacer la prueba para mayores de 45 a\u00f1os. El \u00fanico requisito es tener los 45 a\u00f1os [&hellip;]<\/p>\n","protected":false},"author":2,"featured_media":0,"parent":4817,"menu_order":0,"comment_status":"closed","ping_status":"closed","template":"","meta":{"_et_pb_use_builder":"on","_et_pb_old_content":"","_et_gb_content_width":"","footnotes":""},"class_list":["post-4881","page","type-page","status-publish","hentry"],"yoast_head":"<!-- This site is optimized with the Yoast SEO plugin v27.4 - https:\/\/yoast.com\/product\/yoast-seo-wordpress\/ -->\n<title>Prueba de acceso para mayores de 45 a\u00f1os - UNED Barcelona<\/title>\n<meta name=\"robots\" content=\"index, follow, max-snippet:-1, max-image-preview:large, max-video-preview:-1\" \/>\n<link rel=\"canonical\" href=\"https:\/\/www.unedbarcelona.es\/es\/estudios\/acceso-a-la-universidad\/prueba-acceso-mayores-45-anos\/\" \/>\n<meta property=\"og:locale\" content=\"es_ES\" \/>\n<meta property=\"og:type\" content=\"article\" \/>\n<meta property=\"og:title\" content=\"Prueba de acceso para mayores de 45 a\u00f1os - UNED Barcelona\" \/>\n<meta property=\"og:description\" content=\"Estudios Prueba de acceso a la universidad para mayores de 45 a\u00f1os \u00a0 Estudis Prueba de acceso a la universidad para mayores de 45 a\u00f1os \u00a0 Si quieres acceder en la universidad y no tienes la titulaci\u00f3n puedes hacer la prueba para mayores de 45 a\u00f1os. El \u00fanico requisito es tener los 45 a\u00f1os [&hellip;]\" \/>\n<meta property=\"og:url\" content=\"https:\/\/www.unedbarcelona.es\/es\/estudios\/acceso-a-la-universidad\/prueba-acceso-mayores-45-anos\/\" \/>\n<meta property=\"og:site_name\" content=\"UNED Barcelona\" \/>\n<meta property=\"article:modified_time\" content=\"2025-02-24T10:50:55+00:00\" \/>\n<meta name=\"twitter:card\" content=\"summary_large_image\" \/>\n<meta name=\"twitter:label1\" content=\"Tiempo de lectura\" \/>\n\t<meta name=\"twitter:data1\" content=\"2 minutos\" \/>\n<script type=\"application\/ld+json\" class=\"yoast-schema-graph\">{\"@context\":\"https:\\\/\\\/schema.org\",\"@graph\":[{\"@type\":\"WebPage\",\"@id\":\"https:\\\/\\\/www.unedbarcelona.es\\\/es\\\/estudios\\\/acceso-a-la-universidad\\\/prueba-acceso-mayores-45-anos\\\/\",\"url\":\"https:\\\/\\\/www.unedbarcelona.es\\\/es\\\/estudios\\\/acceso-a-la-universidad\\\/prueba-acceso-mayores-45-anos\\\/\",\"name\":\"Prueba de acceso para mayores de 45 a\u00f1os - UNED Barcelona\",\"isPartOf\":{\"@id\":\"https:\\\/\\\/www.unedbarcelona.es\\\/es\\\/#website\"},\"datePublished\":\"2018-06-11T18:03:04+00:00\",\"dateModified\":\"2025-02-24T10:50:55+00:00\",\"breadcrumb\":{\"@id\":\"https:\\\/\\\/www.unedbarcelona.es\\\/es\\\/estudios\\\/acceso-a-la-universidad\\\/prueba-acceso-mayores-45-anos\\\/#breadcrumb\"},\"inLanguage\":\"es\",\"potentialAction\":[{\"@type\":\"ReadAction\",\"target\":[\"https:\\\/\\\/www.unedbarcelona.es\\\/es\\\/estudios\\\/acceso-a-la-universidad\\\/prueba-acceso-mayores-45-anos\\\/\"]}]},{\"@type\":\"BreadcrumbList\",\"@id\":\"https:\\\/\\\/www.unedbarcelona.es\\\/es\\\/estudios\\\/acceso-a-la-universidad\\\/prueba-acceso-mayores-45-anos\\\/#breadcrumb\",\"itemListElement\":[{\"@type\":\"ListItem\",\"position\":1,\"name\":\"Inici\",\"item\":\"https:\\\/\\\/www.unedbarcelona.es\\\/es\\\/\"},{\"@type\":\"ListItem\",\"position\":2,\"name\":\"Estudios\",\"item\":\"https:\\\/\\\/www.unedbarcelona.es\\\/es\\\/estudios\\\/\"},{\"@type\":\"ListItem\",\"position\":3,\"name\":\"Acceso a la Universidad\",\"item\":\"https:\\\/\\\/www.unedbarcelona.es\\\/es\\\/estudios\\\/acceso-a-la-universidad\\\/\"},{\"@type\":\"ListItem\",\"position\":4,\"name\":\"Prueba de acceso para mayores de 45 a\u00f1os\"}]},{\"@type\":\"WebSite\",\"@id\":\"https:\\\/\\\/www.unedbarcelona.es\\\/es\\\/#website\",\"url\":\"https:\\\/\\\/www.unedbarcelona.es\\\/es\\\/\",\"name\":\"UNED Barcelona\",\"description\":\"Acc\u00e9s flexible al coneixement relacionat amb l&#039;educaci\u00f3 superior, semipresencial i a dist\u00e0ncia\",\"potentialAction\":[{\"@type\":\"SearchAction\",\"target\":{\"@type\":\"EntryPoint\",\"urlTemplate\":\"https:\\\/\\\/www.unedbarcelona.es\\\/es\\\/?s={search_term_string}\"},\"query-input\":{\"@type\":\"PropertyValueSpecification\",\"valueRequired\":true,\"valueName\":\"search_term_string\"}}],\"inLanguage\":\"es\"}]}<\/script>\n<!-- \/ Yoast SEO plugin. -->","yoast_head_json":{"title":"Prueba de acceso para mayores de 45 a\u00f1os - UNED Barcelona","robots":{"index":"index","follow":"follow","max-snippet":"max-snippet:-1","max-image-preview":"max-image-preview:large","max-video-preview":"max-video-preview:-1"},"canonical":"https:\/\/www.unedbarcelona.es\/es\/estudios\/acceso-a-la-universidad\/prueba-acceso-mayores-45-anos\/","og_locale":"es_ES","og_type":"article","og_title":"Prueba de acceso para mayores de 45 a\u00f1os - UNED Barcelona","og_description":"Estudios Prueba de acceso a la universidad para mayores de 45 a\u00f1os \u00a0 Estudis Prueba de acceso a la universidad para mayores de 45 a\u00f1os \u00a0 Si quieres acceder en la universidad y no tienes la titulaci\u00f3n puedes hacer la prueba para mayores de 45 a\u00f1os. El \u00fanico requisito es tener los 45 a\u00f1os [&hellip;]","og_url":"https:\/\/www.unedbarcelona.es\/es\/estudios\/acceso-a-la-universidad\/prueba-acceso-mayores-45-anos\/","og_site_name":"UNED Barcelona","article_modified_time":"2025-02-24T10:50:55+00:00","twitter_card":"summary_large_image","twitter_misc":{"Tiempo de lectura":"2 minutos"},"schema":{"@context":"https:\/\/schema.org","@graph":[{"@type":"WebPage","@id":"https:\/\/www.unedbarcelona.es\/es\/estudios\/acceso-a-la-universidad\/prueba-acceso-mayores-45-anos\/","url":"https:\/\/www.unedbarcelona.es\/es\/estudios\/acceso-a-la-universidad\/prueba-acceso-mayores-45-anos\/","name":"Prueba de acceso para mayores de 45 a\u00f1os - UNED Barcelona","isPartOf":{"@id":"https:\/\/www.unedbarcelona.es\/es\/#website"},"datePublished":"2018-06-11T18:03:04+00:00","dateModified":"2025-02-24T10:50:55+00:00","breadcrumb":{"@id":"https:\/\/www.unedbarcelona.es\/es\/estudios\/acceso-a-la-universidad\/prueba-acceso-mayores-45-anos\/#breadcrumb"},"inLanguage":"es","potentialAction":[{"@type":"ReadAction","target":["https:\/\/www.unedbarcelona.es\/es\/estudios\/acceso-a-la-universidad\/prueba-acceso-mayores-45-anos\/"]}]},{"@type":"BreadcrumbList","@id":"https:\/\/www.unedbarcelona.es\/es\/estudios\/acceso-a-la-universidad\/prueba-acceso-mayores-45-anos\/#breadcrumb","itemListElement":[{"@type":"ListItem","position":1,"name":"Inici","item":"https:\/\/www.unedbarcelona.es\/es\/"},{"@type":"ListItem","position":2,"name":"Estudios","item":"https:\/\/www.unedbarcelona.es\/es\/estudios\/"},{"@type":"ListItem","position":3,"name":"Acceso a la Universidad","item":"https:\/\/www.unedbarcelona.es\/es\/estudios\/acceso-a-la-universidad\/"},{"@type":"ListItem","position":4,"name":"Prueba de acceso para mayores de 45 a\u00f1os"}]},{"@type":"WebSite","@id":"https:\/\/www.unedbarcelona.es\/es\/#website","url":"https:\/\/www.unedbarcelona.es\/es\/","name":"UNED Barcelona","description":"Acc\u00e9s flexible al coneixement relacionat amb l&#039;educaci\u00f3 superior, semipresencial i a dist\u00e0ncia","potentialAction":[{"@type":"SearchAction","target":{"@type":"EntryPoint","urlTemplate":"https:\/\/www.unedbarcelona.es\/es\/?s={search_term_string}"},"query-input":{"@type":"PropertyValueSpecification","valueRequired":true,"valueName":"search_term_string"}}],"inLanguage":"es"}]}},"_links":{"self":[{"href":"https:\/\/www.unedbarcelona.es\/es\/wp-json\/wp\/v2\/pages\/4881","targetHints":{"allow":["GET"]}}],"collection":[{"href":"https:\/\/www.unedbarcelona.es\/es\/wp-json\/wp\/v2\/pages"}],"about":[{"href":"https:\/\/www.unedbarcelona.es\/es\/wp-json\/wp\/v2\/types\/page"}],"author":[{"embeddable":true,"href":"https:\/\/www.unedbarcelona.es\/es\/wp-json\/wp\/v2\/users\/2"}],"replies":[{"embeddable":true,"href":"https:\/\/www.unedbarcelona.es\/es\/wp-json\/wp\/v2\/comments?post=4881"}],"version-history":[{"count":0,"href":"https:\/\/www.unedbarcelona.es\/es\/wp-json\/wp\/v2\/pages\/4881\/revisions"}],"up":[{"embeddable":true,"href":"https:\/\/www.unedbarcelona.es\/es\/wp-json\/wp\/v2\/pages\/4817"}],"wp:attachment":[{"href":"https:\/\/www.unedbarcelona.es\/es\/wp-json\/wp\/v2\/media?parent=4881"}],"curies":[{"name":"wp","href":"https:\/\/api.w.org\/{rel}","templated":true}]}}