{"id":49486,"date":"2023-12-19T11:31:18","date_gmt":"2023-12-19T10:31:18","guid":{"rendered":"https:\/\/www.unedbarcelona.es\/actividades\/uned-senior\/uned-senior-cabrils\/"},"modified":"2026-01-28T11:40:55","modified_gmt":"2026-01-28T10:40:55","slug":"uned-senior-cabrils","status":"publish","type":"page","link":"https:\/\/www.unedbarcelona.es\/es\/actividades\/uned-senior\/uned-senior-cabrils\/","title":{"rendered":"UNED Senior Cabrils"},"content":{"rendered":"<p>[et_pb_section fb_built=\u00bb1&#8243; module_id=\u00bbnostra-historia\u00bb _builder_version=\u00bb4.16&#8243; background_color=\u00bb#01533f\u00bb background_image=\u00bb\/wp-content\/uploads\/2018\/07\/1-Cabecera_qui-som.jpg\u00bb custom_padding=\u00bb1px||1px|\u00bb global_colors_info=\u00bb{}\u00bb][et_pb_row _builder_version=\u00bb4.16&#8243; global_colors_info=\u00bb{}\u00bb][et_pb_column type=\u00bb4_4&#8243; _builder_version=\u00bb4.16&#8243; custom_padding=\u00bb|||\u00bb global_colors_info=\u00bb{}\u00bb custom_padding__hover=\u00bb|||\u00bb][et_pb_text disabled_on=\u00bbon|on|\u00bb admin_label=\u00bbText t\u00edtol quadrat\u00bb _builder_version=\u00bb4.27.2&#8243; header_text_align=\u00bbleft\u00bb header_text_color=\u00bb#ffffff\u00bb header_font_size=\u00bb75px\u00bb header_line_height=\u00bb77px\u00bb header_2_text_color=\u00bb#ffffff\u00bb header_2_font_size=\u00bb40px\u00bb header_2_line_height=\u00bb42px\u00bb background_layout=\u00bbdark\u00bb global_colors_info=\u00bb{}\u00bb]<\/p>\n<div class=\"tit_quadrat\">\n<div class=\"text_quadrat\">Cursos y actividades<\/div>\n<\/div>\n<div class=\"tit1_quadrat\">\n<h1>UNED Senior Cabrils<\/h1>\n<\/div>\n<div class=\"final\">\u00a0<\/div>\n<p>[\/et_pb_text][\/et_pb_column][\/et_pb_row][\/et_pb_section][et_pb_section fb_built=\u00bb1&#8243; _builder_version=\u00bb4.16&#8243; global_colors_info=\u00bb{}\u00bb][et_pb_row _builder_version=\u00bb4.16&#8243; background_size=\u00bbinitial\u00bb background_position=\u00bbtop_left\u00bb background_repeat=\u00bbrepeat\u00bb custom_margin=\u00bb-30px|||\u00bb custom_padding=\u00bb5px|0px|0|0px|false|false\u00bb saved_tabs=\u00bball\u00bb locked=\u00bboff\u00bb global_colors_info=\u00bb{}\u00bb][et_pb_column type=\u00bb4_4&#8243; _builder_version=\u00bb4.16&#8243; custom_padding=\u00bb|||\u00bb global_colors_info=\u00bb{}\u00bb custom_padding__hover=\u00bb|||\u00bb][et_pb_text admin_label=\u00bbText Migas pan\u00bb _builder_version=\u00bb4.16&#8243; text_font=\u00bbAbel|300|||||||\u00bb text_line_height=\u00bb16px\u00bb header_font=\u00bbRoboto|300|||||||\u00bb header_line_height=\u00bb32px\u00bb locked=\u00bboff\u00bb global_colors_info=\u00bb{}\u00bb]<\/p>\n<span><span><a href=\"https:\/\/www.unedbarcelona.es\/es\/\">Inici<\/a><\/span><\/span>\n<p>[\/et_pb_text][\/et_pb_column][\/et_pb_row][et_pb_row _builder_version=\u00bb4.16&#8243; background_size=\u00bbinitial\u00bb background_position=\u00bbtop_left\u00bb background_repeat=\u00bbrepeat\u00bb global_colors_info=\u00bb{}\u00bb][et_pb_column type=\u00bb4_4&#8243; _builder_version=\u00bb4.16&#8243; custom_padding=\u00bb|||\u00bb global_colors_info=\u00bb{}\u00bb custom_padding__hover=\u00bb|||\u00bb][et_pb_text admin_label=\u00bbEstructura y coordinaci\u00f3n (y presentaci\u00f3n)\u00bb _builder_version=\u00bb4.27.4&#8243; header_3_font=\u00bbRoboto|300|||||||\u00bb header_3_text_align=\u00bbleft\u00bb header_3_text_color=\u00bb#00533f\u00bb header_3_font_size=\u00bb45px\u00bb header_3_line_height=\u00bb49px\u00bb global_colors_info=\u00bb{}\u00bb]<\/p>\n<h2><span style=\"font-size: 24pt;\">Curso acad\u00e9mico 2025 \u2013 2026<\/span><\/h2>\n<h4><span style=\"font-size: 14pt;\">Estructura y coordinaci\u00f3n:<\/span><\/h4>\n<p>El curso acad\u00e9mico est\u00e1 dividido en dos cuatrimestres; el primero de septiembre a enero y el segundo de febrero a junio.<br \/>El inicio de las clases del primer cuatrimestre empieza el <strong>8 de octubre de 2025<\/strong> y el segundo cuatrimestre el <strong>10 de febrero de 2026<\/strong>.<br \/>El coordinador de la UNED Senior en el centro de Cabrils es el <strong>Sr. Joan Ram\u00f3n Herrador Rodr\u00edguez<\/strong> (<a href=\"mailto:jrherrador@barcelona.uned.es\">jrherrador@barcelona.uned.es<\/a>).<\/p>\n<p>[\/et_pb_text][et_pb_text disabled_on=\u00bbon|on|on\u00bb admin_label=\u00bbPresentaci\u00f3n\u00bb _builder_version=\u00bb4.27.4&#8243; header_3_font=\u00bbRoboto|300|||||||\u00bb header_3_text_align=\u00bbleft\u00bb header_3_text_color=\u00bb#00533f\u00bb header_3_font_size=\u00bb45px\u00bb header_3_line_height=\u00bb49px\u00bb global_colors_info=\u00bb{}\u00bb disabled=\u00bbon\u00bb]<\/p>\n<div class=\"textarea-desti col-xs-12 col-sm-6\">\n<h4>Presentaci\u00f3n S\u00e9nior 2\u00ba cuatrimestre 2025 \u2013 2026:<\/h4>\n<p>A cargo de <strong>Joan Ramon Herrador Rodr\u00edguez<\/strong>, Coordinador del Programa S\u00e9nior Cabrils<br \/>Con la presencia de los tutores de la S\u00e9nior.<\/p>\n<p>Martes <strong>27 de enero<\/strong> a las <strong>18:00h<\/strong><\/p>\n<p><strong>Can Ventura del Vi<\/strong><br \/>Museo de Cabrils<br \/>Carrer Santa Creu, 5<\/p>\n<p><a href=\"https:\/\/extension.uned.es\/actividad\/49991&amp;codigo=PDPS2Q-26&amp;idioma=es\"><img loading=\"lazy\" decoding=\"async\" class=\"alignnone wp-image-58234\" src=\"https:\/\/www.unedbarcelona.es\/wp-content\/uploads\/2024\/11\/img_inscripciones.jpg\" alt=\"\" width=\"130\" height=\"36\" \/><\/a><\/p>\n<p>&nbsp;<\/p>\n<\/div>\n<p>[\/et_pb_text][et_pb_text admin_label=\u00bbEstructura y coordinaci\u00f3n (y presentaci\u00f3n)\u00bb _builder_version=\u00bb4.27.4&#8243; header_3_font=\u00bbRoboto|300|||||||\u00bb header_3_text_align=\u00bbleft\u00bb header_3_text_color=\u00bb#00533f\u00bb header_3_font_size=\u00bb45px\u00bb header_3_line_height=\u00bb49px\u00bb global_colors_info=\u00bb{}\u00bb]<\/p>\n<div class=\"textarea-desti col-xs-12 col-sm-6\">\n<h4 class=\"form-control second-textarea\"><span style=\"font-size: 14pt;\">Consulta la informaci\u00f3n de las asignaturas S\u00e9nior de este curso acad\u00e9mico:<\/span><\/h4>\n<\/div>\n<p>[\/et_pb_text][\/et_pb_column][\/et_pb_row][et_pb_row _builder_version=\u00bb4.16&#8243; _module_preset=\u00bbdefault\u00bb global_colors_info=\u00bb{}\u00bb][et_pb_column type=\u00bb4_4&#8243; _builder_version=\u00bb4.16&#8243; _module_preset=\u00bbdefault\u00bb global_colors_info=\u00bb{}\u00bb][et_pb_text admin_label=\u00bboferta senior (asignaturas)\u00bb _builder_version=\u00bb4.27.4&#8243; _dynamic_attributes=\u00bblink_option_url\u00bb background_color=\u00bb#00533f\u00bb background_enable_image=\u00bboff\u00bb background_blend=\u00bbmultiply\u00bb custom_margin=\u00bb0px||15px||false|false\u00bb custom_padding=\u00bb15px|15px|15px|15px\u00bb link_option_url=\u00bb@ET-DC@eyJkeW5hbWljIjp0cnVlLCJjb250ZW50IjoicG9zdF9saW5rX3VybF9wYWdlIiwic2V0dGluZ3MiOnsicG9zdF9pZCI6IjQ5NTkxIn19@\u00bb link_option_url_new_window=\u00bbon\u00bb locked=\u00bboff\u00bb global_colors_info=\u00bb{}\u00bb]<\/p>\n<p style=\"text-align: center;\"><span style=\"font-size: 14pt; color: #000000;\"><strong><span style=\"color: #ffffff;\">Asignaturas S\u00e9nior curso 2025-2026<\/span><\/strong><\/span><\/p>\n<p>[\/et_pb_text][\/et_pb_column][\/et_pb_row][et_pb_row _builder_version=\u00bb4.16&#8243; _module_preset=\u00bbdefault\u00bb custom_padding=\u00bb0px|||||\u00bb locked=\u00bboff\u00bb global_colors_info=\u00bb{}\u00bb][et_pb_column type=\u00bb4_4&#8243; _builder_version=\u00bb4.16&#8243; _module_preset=\u00bbdefault\u00bb global_colors_info=\u00bb{}\u00bb][et_pb_text admin_label=\u00bbHorario\u00bb _builder_version=\u00bb4.27.4&#8243; header_3_font=\u00bbRoboto|300|||||||\u00bb header_3_text_align=\u00bbleft\u00bb header_3_text_color=\u00bb#00533f\u00bb header_3_font_size=\u00bb45px\u00bb header_3_line_height=\u00bb49px\u00bb global_colors_info=\u00bb{}\u00bb]<\/p>\n<h4><span style=\"font-size: 14pt;\">Horario y calendario:<\/span><\/h4>\n<table style=\"border-collapse: collapse; width: 45.1813%; height: 100px;\">\n<tbody>\n<tr>\n<td style=\"width: 68.6529%;\">Desc\u00e1rgate los horarios de nuestro programa<\/td>\n<td style=\"width: 31.3471%;\">\n<h4><a href=\"\/docs\/senior\/Horari_calendari_CAB_2Q.pdf\"><img loading=\"lazy\" decoding=\"async\" class=\"aligncenter wp-image-1624\" src=\"https:\/\/www.unedbarcelona.es\/wp-content\/uploads\/2018\/06\/logo_pdf.jpg\" alt=\"\" width=\"29\" height=\"38\" \/><\/a><\/h4>\n<\/td>\n<\/tr>\n<\/tbody>\n<\/table>\n<p>&nbsp;<\/p>\n<p>[\/et_pb_text][et_pb_text admin_label=\u00bbEspai virtual S\u00e8nior\u00bb _builder_version=\u00bb4.27.2&#8243; background_color=\u00bb#00533f\u00bb background_enable_image=\u00bboff\u00bb background_blend=\u00bbmultiply\u00bb custom_margin=\u00bb0px||15px||false|false\u00bb custom_padding=\u00bb15px|15px|15px|15px\u00bb link_option_url=\u00bbhttps:\/\/extension.uned.es\/logout\u00bb link_option_url_new_window=\u00bbon\u00bb locked=\u00bboff\u00bb global_colors_info=\u00bb{}\u00bb]<\/p>\n<p style=\"text-align: center;\"><span style=\"font-size: 14pt; color: #000000;\"><strong><span style=\"color: #ffffff;\">Espacio virtual Senior (Mi espacio)<\/span><br \/><\/strong><\/span><\/p>\n<p>[\/et_pb_text][et_pb_text admin_label=\u00bbHorario, precio y matr\u00edcula\u00bb _builder_version=\u00bb4.27.4&#8243; header_3_font=\u00bbRoboto|300|||||||\u00bb header_3_text_align=\u00bbleft\u00bb header_3_text_color=\u00bb#00533f\u00bb header_3_font_size=\u00bb45px\u00bb header_3_line_height=\u00bb49px\u00bb global_colors_info=\u00bb{}\u00bb]<\/p>\n<h4><span style=\"font-size: 14pt;\">Precio:<\/span><\/h4>\n<p>El precio por asignatura es de <strong>75\u20ac<\/strong><\/p>\n<h4><span style=\"font-size: 14pt;\">Matr\u00edcula:<\/span><\/h4>\n<p>A partir del viernes <strong>9 de enero.<\/strong><\/p>\n<p>El plazo de matr\u00edcula estar\u00e1 abierto mientras haya plazas.<\/p>\n<p><a href=\"https:\/\/extension.uned.es\/actividad\/45143&amp;codigo=SEBRI2-26&amp;idioma=es\"><img loading=\"lazy\" decoding=\"async\" class=\"alignnone wp-image-33306\" src=\"https:\/\/www.unedbarcelona.es\/wp-content\/uploads\/2021\/11\/img_inscripciones.jpg\" alt=\"\" width=\"130\" height=\"36\" \/><\/a><\/p>\n<p>[\/et_pb_text][\/et_pb_column][\/et_pb_row][et_pb_row _builder_version=\u00bb4.16&#8243; background_size=\u00bbinitial\u00bb background_position=\u00bbtop_left\u00bb background_repeat=\u00bbrepeat\u00bb global_colors_info=\u00bb{}\u00bb][et_pb_column type=\u00bb4_4&#8243; _builder_version=\u00bb4.16&#8243; custom_padding=\u00bb|||\u00bb global_colors_info=\u00bb{}\u00bb custom_padding__hover=\u00bb|||\u00bb][et_pb_divider _builder_version=\u00bb4.16&#8243; _module_preset=\u00bbdefault\u00bb global_colors_info=\u00bb{}\u00bb][\/et_pb_divider][et_pb_text _builder_version=\u00bb4.27.4&#8243; _module_preset=\u00bbdefault\u00bb global_colors_info=\u00bb{}\u00bb]<\/p>\n<h4><span style=\"font-size: 14pt;\">Soporte y atenci\u00f3n Senior:<\/span><\/h4>\n<p><strong>UNED Cabrils<\/strong><br \/>Espacio Can Pepito Maco<br \/>Mestre J.Jambert, 4<br \/>08348 Cabrils<br \/>Tel. ma\u00f1ana: 93 753 96 60<br \/>Tel. tarde: 93 753 01 57<\/p>\n<p>[\/et_pb_text][\/et_pb_column][\/et_pb_row][\/et_pb_section]<\/p>\n","protected":false},"excerpt":{"rendered":"<p>Cursos y actividades UNED Senior Cabrils \u00a0 <span><span><a href=\"https:\/\/www.unedbarcelona.es\/es\/\">Inici<\/a><\/span><\/span> Curso acad\u00e9mico 2025 \u2013 2026 Estructura y coordinaci\u00f3n: El curso acad\u00e9mico est\u00e1 dividido en dos cuatrimestres; el primero de septiembre a enero y el segundo de febrero a junio.El inicio de las clases del primer cuatrimestre empieza el 8 de octubre de 2025 y el segundo cuatrimestre [&hellip;]<\/p>\n","protected":false},"author":7,"featured_media":0,"parent":43302,"menu_order":0,"comment_status":"closed","ping_status":"closed","template":"","meta":{"_et_pb_use_builder":"on","_et_pb_old_content":"","_et_gb_content_width":"","footnotes":""},"class_list":["post-49486","page","type-page","status-publish","hentry"],"yoast_head":"<!-- This site is optimized with the Yoast SEO plugin v27.3 - https:\/\/yoast.com\/product\/yoast-seo-wordpress\/ -->\n<title>UNED Senior Cabrils - UNED Barcelona<\/title>\n<meta name=\"robots\" content=\"index, follow, max-snippet:-1, max-image-preview:large, max-video-preview:-1\" \/>\n<link rel=\"canonical\" href=\"https:\/\/www.unedbarcelona.es\/es\/actividades\/uned-senior\/uned-senior-cabrils\/\" \/>\n<meta property=\"og:locale\" content=\"es_ES\" \/>\n<meta property=\"og:type\" content=\"article\" \/>\n<meta property=\"og:title\" content=\"UNED Senior Cabrils - UNED Barcelona\" \/>\n<meta property=\"og:description\" content=\"Cursos y actividades UNED Senior Cabrils \u00a0 Curso acad\u00e9mico 2025 \u2013 2026 Estructura y coordinaci\u00f3n: El curso acad\u00e9mico est\u00e1 dividido en dos cuatrimestres; el primero de septiembre a enero y el segundo de febrero a junio.El inicio de las clases del primer cuatrimestre empieza el 8 de octubre de 2025 y el segundo cuatrimestre [&hellip;]\" \/>\n<meta property=\"og:url\" content=\"https:\/\/www.unedbarcelona.es\/es\/actividades\/uned-senior\/uned-senior-cabrils\/\" \/>\n<meta property=\"og:site_name\" content=\"UNED Barcelona\" \/>\n<meta property=\"article:modified_time\" content=\"2026-01-28T10:40:55+00:00\" \/>\n<meta property=\"og:image\" content=\"https:\/\/www.unedbarcelona.es\/wp-content\/uploads\/2024\/11\/img_inscripciones.jpg\" \/>\n<meta name=\"twitter:card\" content=\"summary_large_image\" \/>\n<meta name=\"twitter:label1\" content=\"Tiempo de lectura\" \/>\n\t<meta name=\"twitter:data1\" content=\"2 minutos\" \/>\n<script type=\"application\/ld+json\" class=\"yoast-schema-graph\">{\"@context\":\"https:\\\/\\\/schema.org\",\"@graph\":[{\"@type\":\"WebPage\",\"@id\":\"https:\\\/\\\/www.unedbarcelona.es\\\/es\\\/actividades\\\/uned-senior\\\/uned-senior-cabrils\\\/\",\"url\":\"https:\\\/\\\/www.unedbarcelona.es\\\/es\\\/actividades\\\/uned-senior\\\/uned-senior-cabrils\\\/\",\"name\":\"UNED Senior Cabrils - UNED Barcelona\",\"isPartOf\":{\"@id\":\"https:\\\/\\\/www.unedbarcelona.es\\\/es\\\/#website\"},\"primaryImageOfPage\":{\"@id\":\"https:\\\/\\\/www.unedbarcelona.es\\\/es\\\/actividades\\\/uned-senior\\\/uned-senior-cabrils\\\/#primaryimage\"},\"image\":{\"@id\":\"https:\\\/\\\/www.unedbarcelona.es\\\/es\\\/actividades\\\/uned-senior\\\/uned-senior-cabrils\\\/#primaryimage\"},\"thumbnailUrl\":\"https:\\\/\\\/www.unedbarcelona.es\\\/wp-content\\\/uploads\\\/2024\\\/11\\\/img_inscripciones.jpg\",\"datePublished\":\"2023-12-19T10:31:18+00:00\",\"dateModified\":\"2026-01-28T10:40:55+00:00\",\"breadcrumb\":{\"@id\":\"https:\\\/\\\/www.unedbarcelona.es\\\/es\\\/actividades\\\/uned-senior\\\/uned-senior-cabrils\\\/#breadcrumb\"},\"inLanguage\":\"es\",\"potentialAction\":[{\"@type\":\"ReadAction\",\"target\":[\"https:\\\/\\\/www.unedbarcelona.es\\\/es\\\/actividades\\\/uned-senior\\\/uned-senior-cabrils\\\/\"]}]},{\"@type\":\"ImageObject\",\"inLanguage\":\"es\",\"@id\":\"https:\\\/\\\/www.unedbarcelona.es\\\/es\\\/actividades\\\/uned-senior\\\/uned-senior-cabrils\\\/#primaryimage\",\"url\":\"https:\\\/\\\/www.unedbarcelona.es\\\/wp-content\\\/uploads\\\/2024\\\/11\\\/img_inscripciones.jpg\",\"contentUrl\":\"https:\\\/\\\/www.unedbarcelona.es\\\/wp-content\\\/uploads\\\/2024\\\/11\\\/img_inscripciones.jpg\"},{\"@type\":\"BreadcrumbList\",\"@id\":\"https:\\\/\\\/www.unedbarcelona.es\\\/es\\\/actividades\\\/uned-senior\\\/uned-senior-cabrils\\\/#breadcrumb\",\"itemListElement\":[{\"@type\":\"ListItem\",\"position\":1,\"name\":\"Inici\",\"item\":\"https:\\\/\\\/www.unedbarcelona.es\\\/es\\\/\"},{\"@type\":\"ListItem\",\"position\":2,\"name\":\"Cursos y actividades\",\"item\":\"https:\\\/\\\/www.unedbarcelona.es\\\/es\\\/actividades\\\/\"},{\"@type\":\"ListItem\",\"position\":3,\"name\":\"UNED SENIOR\",\"item\":\"https:\\\/\\\/www.unedbarcelona.es\\\/es\\\/actividades\\\/uned-senior\\\/\"},{\"@type\":\"ListItem\",\"position\":4,\"name\":\"UNED Senior Cabrils\"}]},{\"@type\":\"WebSite\",\"@id\":\"https:\\\/\\\/www.unedbarcelona.es\\\/es\\\/#website\",\"url\":\"https:\\\/\\\/www.unedbarcelona.es\\\/es\\\/\",\"name\":\"UNED Barcelona\",\"description\":\"Acc\u00e9s flexible al coneixement relacionat amb l&#039;educaci\u00f3 superior, semipresencial i a dist\u00e0ncia\",\"potentialAction\":[{\"@type\":\"SearchAction\",\"target\":{\"@type\":\"EntryPoint\",\"urlTemplate\":\"https:\\\/\\\/www.unedbarcelona.es\\\/es\\\/?s={search_term_string}\"},\"query-input\":{\"@type\":\"PropertyValueSpecification\",\"valueRequired\":true,\"valueName\":\"search_term_string\"}}],\"inLanguage\":\"es\"}]}<\/script>\n<!-- \/ Yoast SEO plugin. -->","yoast_head_json":{"title":"UNED Senior Cabrils - UNED Barcelona","robots":{"index":"index","follow":"follow","max-snippet":"max-snippet:-1","max-image-preview":"max-image-preview:large","max-video-preview":"max-video-preview:-1"},"canonical":"https:\/\/www.unedbarcelona.es\/es\/actividades\/uned-senior\/uned-senior-cabrils\/","og_locale":"es_ES","og_type":"article","og_title":"UNED Senior Cabrils - UNED Barcelona","og_description":"Cursos y actividades UNED Senior Cabrils \u00a0 Curso acad\u00e9mico 2025 \u2013 2026 Estructura y coordinaci\u00f3n: El curso acad\u00e9mico est\u00e1 dividido en dos cuatrimestres; el primero de septiembre a enero y el segundo de febrero a junio.El inicio de las clases del primer cuatrimestre empieza el 8 de octubre de 2025 y el segundo cuatrimestre [&hellip;]","og_url":"https:\/\/www.unedbarcelona.es\/es\/actividades\/uned-senior\/uned-senior-cabrils\/","og_site_name":"UNED Barcelona","article_modified_time":"2026-01-28T10:40:55+00:00","og_image":[{"url":"https:\/\/www.unedbarcelona.es\/wp-content\/uploads\/2024\/11\/img_inscripciones.jpg","type":"","width":"","height":""}],"twitter_card":"summary_large_image","twitter_misc":{"Tiempo de lectura":"2 minutos"},"schema":{"@context":"https:\/\/schema.org","@graph":[{"@type":"WebPage","@id":"https:\/\/www.unedbarcelona.es\/es\/actividades\/uned-senior\/uned-senior-cabrils\/","url":"https:\/\/www.unedbarcelona.es\/es\/actividades\/uned-senior\/uned-senior-cabrils\/","name":"UNED Senior Cabrils - UNED Barcelona","isPartOf":{"@id":"https:\/\/www.unedbarcelona.es\/es\/#website"},"primaryImageOfPage":{"@id":"https:\/\/www.unedbarcelona.es\/es\/actividades\/uned-senior\/uned-senior-cabrils\/#primaryimage"},"image":{"@id":"https:\/\/www.unedbarcelona.es\/es\/actividades\/uned-senior\/uned-senior-cabrils\/#primaryimage"},"thumbnailUrl":"https:\/\/www.unedbarcelona.es\/wp-content\/uploads\/2024\/11\/img_inscripciones.jpg","datePublished":"2023-12-19T10:31:18+00:00","dateModified":"2026-01-28T10:40:55+00:00","breadcrumb":{"@id":"https:\/\/www.unedbarcelona.es\/es\/actividades\/uned-senior\/uned-senior-cabrils\/#breadcrumb"},"inLanguage":"es","potentialAction":[{"@type":"ReadAction","target":["https:\/\/www.unedbarcelona.es\/es\/actividades\/uned-senior\/uned-senior-cabrils\/"]}]},{"@type":"ImageObject","inLanguage":"es","@id":"https:\/\/www.unedbarcelona.es\/es\/actividades\/uned-senior\/uned-senior-cabrils\/#primaryimage","url":"https:\/\/www.unedbarcelona.es\/wp-content\/uploads\/2024\/11\/img_inscripciones.jpg","contentUrl":"https:\/\/www.unedbarcelona.es\/wp-content\/uploads\/2024\/11\/img_inscripciones.jpg"},{"@type":"BreadcrumbList","@id":"https:\/\/www.unedbarcelona.es\/es\/actividades\/uned-senior\/uned-senior-cabrils\/#breadcrumb","itemListElement":[{"@type":"ListItem","position":1,"name":"Inici","item":"https:\/\/www.unedbarcelona.es\/es\/"},{"@type":"ListItem","position":2,"name":"Cursos y actividades","item":"https:\/\/www.unedbarcelona.es\/es\/actividades\/"},{"@type":"ListItem","position":3,"name":"UNED SENIOR","item":"https:\/\/www.unedbarcelona.es\/es\/actividades\/uned-senior\/"},{"@type":"ListItem","position":4,"name":"UNED Senior Cabrils"}]},{"@type":"WebSite","@id":"https:\/\/www.unedbarcelona.es\/es\/#website","url":"https:\/\/www.unedbarcelona.es\/es\/","name":"UNED Barcelona","description":"Acc\u00e9s flexible al coneixement relacionat amb l&#039;educaci\u00f3 superior, semipresencial i a dist\u00e0ncia","potentialAction":[{"@type":"SearchAction","target":{"@type":"EntryPoint","urlTemplate":"https:\/\/www.unedbarcelona.es\/es\/?s={search_term_string}"},"query-input":{"@type":"PropertyValueSpecification","valueRequired":true,"valueName":"search_term_string"}}],"inLanguage":"es"}]}},"_links":{"self":[{"href":"https:\/\/www.unedbarcelona.es\/es\/wp-json\/wp\/v2\/pages\/49486","targetHints":{"allow":["GET"]}}],"collection":[{"href":"https:\/\/www.unedbarcelona.es\/es\/wp-json\/wp\/v2\/pages"}],"about":[{"href":"https:\/\/www.unedbarcelona.es\/es\/wp-json\/wp\/v2\/types\/page"}],"author":[{"embeddable":true,"href":"https:\/\/www.unedbarcelona.es\/es\/wp-json\/wp\/v2\/users\/7"}],"replies":[{"embeddable":true,"href":"https:\/\/www.unedbarcelona.es\/es\/wp-json\/wp\/v2\/comments?post=49486"}],"version-history":[{"count":10,"href":"https:\/\/www.unedbarcelona.es\/es\/wp-json\/wp\/v2\/pages\/49486\/revisions"}],"predecessor-version":[{"id":72807,"href":"https:\/\/www.unedbarcelona.es\/es\/wp-json\/wp\/v2\/pages\/49486\/revisions\/72807"}],"up":[{"embeddable":true,"href":"https:\/\/www.unedbarcelona.es\/es\/wp-json\/wp\/v2\/pages\/43302"}],"wp:attachment":[{"href":"https:\/\/www.unedbarcelona.es\/es\/wp-json\/wp\/v2\/media?parent=49486"}],"curies":[{"name":"wp","href":"https:\/\/api.w.org\/{rel}","templated":true}]}}