{"id":49591,"date":"2023-12-19T13:57:54","date_gmt":"2023-12-19T12:57:54","guid":{"rendered":"https:\/\/www.unedbarcelona.es\/actividades\/uned-senior\/uned-senior-cabrils\/oferta-uned-senior-cabrils\/"},"modified":"2026-01-09T15:45:48","modified_gmt":"2026-01-09T14:45:48","slug":"asignaturas-uned-senior-cabrils","status":"publish","type":"page","link":"https:\/\/www.unedbarcelona.es\/es\/actividades\/uned-senior\/uned-senior-cabrils\/asignaturas-uned-senior-cabrils\/","title":{"rendered":"Asignaturas UNED Senior Cabrils"},"content":{"rendered":"<p>[et_pb_section fb_built=\u00bb1&#8243; module_id=\u00bbnostra-historia\u00bb _builder_version=\u00bb4.16&#8243; background_color=\u00bb#01533f\u00bb background_image=\u00bb\/wp-content\/uploads\/2018\/07\/1-Cabecera_qui-som.jpg\u00bb custom_padding=\u00bb1px||1px|\u00bb global_colors_info=\u00bb{}\u00bb][et_pb_row _builder_version=\u00bb4.16&#8243; global_colors_info=\u00bb{}\u00bb][et_pb_column type=\u00bb4_4&#8243; _builder_version=\u00bb4.16&#8243; custom_padding=\u00bb|||\u00bb global_colors_info=\u00bb{}\u00bb custom_padding__hover=\u00bb|||\u00bb][et_pb_text admin_label=\u00bbText tit \u00bb _builder_version=\u00bb4.24.2&#8243; header_text_align=\u00bbleft\u00bb header_text_color=\u00bb#ffffff\u00bb header_font_size=\u00bb75px\u00bb header_line_height=\u00bb77px\u00bb header_2_text_color=\u00bb#ffffff\u00bb header_2_font_size=\u00bb40px\u00bb header_2_line_height=\u00bb42px\u00bb background_layout=\u00bbdark\u00bb global_colors_info=\u00bb{}\u00bb]<\/p>\n<div class=\"tit_quadrat\">\n<div class=\"text_quadrat\">Cursos y actividades<\/div>\n<\/div>\n<div class=\"tit1_quadrat\">\n<h1>Asignaturas UNED Senior Cabrils<\/h1>\n<\/div>\n<div class=\"final\">\u00a0<\/div>\n<p>[\/et_pb_text][\/et_pb_column][\/et_pb_row][\/et_pb_section][et_pb_section fb_built=\u00bb1&#8243; _builder_version=\u00bb4.16&#8243; custom_padding=\u00bb54px|0px|2px|0px|false|false\u00bb global_colors_info=\u00bb{}\u00bb][et_pb_row _builder_version=\u00bb4.16&#8243; background_size=\u00bbinitial\u00bb background_position=\u00bbtop_left\u00bb background_repeat=\u00bbrepeat\u00bb custom_margin=\u00bb-30px|||\u00bb custom_padding=\u00bb5px|0px|0|0px|false|false\u00bb saved_tabs=\u00bball\u00bb locked=\u00bboff\u00bb global_colors_info=\u00bb{}\u00bb][et_pb_column type=\u00bb4_4&#8243; _builder_version=\u00bb4.16&#8243; custom_padding=\u00bb|||\u00bb global_colors_info=\u00bb{}\u00bb custom_padding__hover=\u00bb|||\u00bb][et_pb_text admin_label=\u00bbText Migas pan\u00bb _builder_version=\u00bb4.27.2&#8243; text_font=\u00bbAbel|300|||||||\u00bb text_line_height=\u00bb16px\u00bb header_font=\u00bbRoboto|300|||||||\u00bb header_line_height=\u00bb32px\u00bb locked=\u00bboff\u00bb global_colors_info=\u00bb{}\u00bb]<\/p>\n<span><span><a href=\"https:\/\/www.unedbarcelona.es\/es\/\">Inici<\/a><\/span><\/span>\n<p>[\/et_pb_text][\/et_pb_column][\/et_pb_row][\/et_pb_section][et_pb_section fb_built=\u00bb1&#8243; _builder_version=\u00bb4.16&#8243; custom_padding=\u00bb0|0px|0|0px|false|false\u00bb global_colors_info=\u00bb{}\u00bb][et_pb_row _builder_version=\u00bb4.16&#8243; background_size=\u00bbinitial\u00bb background_position=\u00bbtop_left\u00bb background_repeat=\u00bbrepeat\u00bb custom_padding=\u00bb0|0px|0|0px|false|false\u00bb global_colors_info=\u00bb{}\u00bb][et_pb_column type=\u00bb4_4&#8243; _builder_version=\u00bb4.16&#8243; custom_padding=\u00bb|||\u00bb global_colors_info=\u00bb{}\u00bb custom_padding__hover=\u00bb|||\u00bb][et_pb_text admin_label=\u00bb2\u00ba Cuatrimestre\u00bb _builder_version=\u00bb4.27.4&#8243; global_colors_info=\u00bb{}\u00bb]<\/p>\n<h2>\u00a0Asignaturas del segundo cuatrimestre:<\/h2>\n<p>[\/et_pb_text][\/et_pb_column][\/et_pb_row][et_pb_row column_structure=\u00bb1_3,1_3,1_3&#8243; _builder_version=\u00bb4.23.1&#8243; _module_preset=\u00bbdefault\u00bb global_colors_info=\u00bb{}\u00bb][et_pb_column type=\u00bb1_3&#8243; _builder_version=\u00bb4.23.1&#8243; _module_preset=\u00bbdefault\u00bb global_colors_info=\u00bb{}\u00bb][et_pb_text disabled_on=\u00bboff|off|off\u00bb admin_label=\u00bbMARTES\u00bb _builder_version=\u00bb4.27.4&#8243; global_colors_info=\u00bb{}\u00bb]<\/p>\n<h3 style=\"text-align: center;\">MARTES<\/h3>\n<p>[\/et_pb_text][et_pb_blog fullwidth=\u00bboff\u00bb posts_number=\u00bb1&#8243; include_categories=\u00bb218&#8243; show_more=\u00bbon\u00bb show_author=\u00bboff\u00bb show_date=\u00bboff\u00bb show_categories=\u00bboff\u00bb disabled_on=\u00bboff|off|off\u00bb module_class=\u00bbblog_igualado\u00bb _builder_version=\u00bb4.27.2&#8243; header_font=\u00bb||||||||\u00bb body_font=\u00bb||||||||\u00bb meta_font=\u00bb||||||||\u00bb pagination_font=\u00bb||||||||\u00bb z_index=\u00bb0&#8243; hover_enabled=\u00bb0&#8243; global_colors_info=\u00bb{}\u00bb sticky_enabled=\u00bb0&#8243;][\/et_pb_blog][et_pb_text disabled_on=\u00bbon|on|on\u00bb admin_label=\u00bbLUNES\u00bb _builder_version=\u00bb4.27.4&#8243; disabled=\u00bbon\u00bb global_colors_info=\u00bb{}\u00bb]<\/p>\n<h3 style=\"text-align: center;\">LUNES<\/h3>\n<p>[\/et_pb_text][et_pb_blog fullwidth=\u00bboff\u00bb posts_number=\u00bb1&#8243; include_categories=\u00bb232&#8243; show_more=\u00bbon\u00bb show_author=\u00bboff\u00bb show_date=\u00bboff\u00bb show_categories=\u00bboff\u00bb disabled_on=\u00bbon|on|on\u00bb admin_label=\u00bbBlog\u00bb module_class=\u00bbblog_igualado\u00bb _builder_version=\u00bb4.27.4&#8243; header_font=\u00bb||||||||\u00bb body_font=\u00bb||||||||\u00bb meta_font=\u00bb||||||||\u00bb pagination_font=\u00bb||||||||\u00bb z_index=\u00bb0&#8243; disabled=\u00bbon\u00bb global_colors_info=\u00bb{}\u00bb][\/et_pb_blog][\/et_pb_column][et_pb_column type=\u00bb1_3&#8243; _builder_version=\u00bb4.23.1&#8243; _module_preset=\u00bbdefault\u00bb global_colors_info=\u00bb{}\u00bb][et_pb_text disabled_on=\u00bboff|off|off\u00bb admin_label=\u00bbJUEVES\u00bb _builder_version=\u00bb4.27.2&#8243; global_colors_info=\u00bb{}\u00bb]<\/p>\n<h3 style=\"text-align: center;\">JUEVES<\/h3>\n<p>[\/et_pb_text][et_pb_blog fullwidth=\u00bboff\u00bb posts_number=\u00bb1&#8243; include_categories=\u00bb217&#8243; show_more=\u00bbon\u00bb show_author=\u00bboff\u00bb show_date=\u00bboff\u00bb show_categories=\u00bboff\u00bb disabled_on=\u00bboff|off|off\u00bb admin_label=\u00bbBlog\u00bb module_class=\u00bbblog_igualado\u00bb _builder_version=\u00bb4.27.4&#8243; header_font=\u00bb||||||||\u00bb body_font=\u00bb||||||||\u00bb meta_font=\u00bb||||||||\u00bb pagination_font=\u00bb||||||||\u00bb z_index=\u00bb0&#8243; hover_enabled=\u00bb0&#8243; global_colors_info=\u00bb{}\u00bb sticky_enabled=\u00bb0&#8243;][\/et_pb_blog][et_pb_text disabled_on=\u00bbon|on|on\u00bb admin_label=\u00bbMI\u00c9RCOLES\u00bb _builder_version=\u00bb4.27.4&#8243; disabled=\u00bbon\u00bb global_colors_info=\u00bb{}\u00bb]<\/p>\n<h3 style=\"text-align: center;\">MI\u00c9RCOLES<\/h3>\n<p>[\/et_pb_text][et_pb_blog fullwidth=\u00bboff\u00bb posts_number=\u00bb1&#8243; include_categories=\u00bb234&#8243; show_more=\u00bbon\u00bb show_author=\u00bboff\u00bb show_date=\u00bboff\u00bb show_categories=\u00bboff\u00bb disabled_on=\u00bbon|on|on\u00bb admin_label=\u00bbBlog\u00bb module_class=\u00bbblog_igualado\u00bb _builder_version=\u00bb4.27.4&#8243; header_font=\u00bb||||||||\u00bb body_font=\u00bb||||||||\u00bb meta_font=\u00bb||||||||\u00bb pagination_font=\u00bb||||||||\u00bb z_index=\u00bb0&#8243; disabled=\u00bbon\u00bb global_colors_info=\u00bb{}\u00bb][\/et_pb_blog][\/et_pb_column][et_pb_column type=\u00bb1_3&#8243; _builder_version=\u00bb4.23.1&#8243; _module_preset=\u00bbdefault\u00bb global_colors_info=\u00bb{}\u00bb][\/et_pb_column][\/et_pb_row][et_pb_row _builder_version=\u00bb4.16&#8243; background_size=\u00bbinitial\u00bb background_position=\u00bbtop_left\u00bb background_repeat=\u00bbrepeat\u00bb custom_padding=\u00bb0|0px|0|0px|false|false\u00bb global_colors_info=\u00bb{}\u00bb][et_pb_column type=\u00bb4_4&#8243; _builder_version=\u00bb4.16&#8243; custom_padding=\u00bb|||\u00bb global_colors_info=\u00bb{}\u00bb custom_padding__hover=\u00bb|||\u00bb][et_pb_text admin_label=\u00bb1r cuat\u00bb _builder_version=\u00bb4.27.4&#8243; global_colors_info=\u00bb{}\u00bb]<\/p>\n<h2>\u00a0Asignaturas del primer cuatrimestre:<\/h2>\n<p>&nbsp;<\/p>\n<p>&nbsp;<\/p>\n<p>[\/et_pb_text][\/et_pb_column][\/et_pb_row][et_pb_row column_structure=\u00bb1_3,1_3,1_3&#8243; _builder_version=\u00bb4.23.1&#8243; _module_preset=\u00bbdefault\u00bb global_colors_info=\u00bb{}\u00bb][et_pb_column type=\u00bb1_3&#8243; _builder_version=\u00bb4.23.1&#8243; _module_preset=\u00bbdefault\u00bb global_colors_info=\u00bb{}\u00bb][et_pb_text disabled_on=\u00bboff|off|off\u00bb admin_label=\u00bbmi\u00e9rcoles\u00bb _builder_version=\u00bb4.27.4&#8243; global_colors_info=\u00bb{}\u00bb]<\/p>\n<h3 style=\"text-align: center;\">MI\u00c9RCOLES<\/h3>\n<p>[\/et_pb_text][et_pb_blog fullwidth=\u00bboff\u00bb posts_number=\u00bb1&#8243; include_categories=\u00bb228&#8243; show_more=\u00bbon\u00bb show_author=\u00bboff\u00bb show_date=\u00bboff\u00bb show_categories=\u00bboff\u00bb disabled_on=\u00bboff|off|off\u00bb admin_label=\u00bbBlog\u00bb module_class=\u00bbblog_igualado\u00bb _builder_version=\u00bb4.27.4&#8243; header_font=\u00bb||||||||\u00bb body_font=\u00bb||||||||\u00bb meta_font=\u00bb||||||||\u00bb pagination_font=\u00bb||||||||\u00bb z_index=\u00bb0&#8243; global_colors_info=\u00bb{}\u00bb][\/et_pb_blog][et_pb_text disabled_on=\u00bbon|on|on\u00bb admin_label=\u00bblunes\u00bb _builder_version=\u00bb4.27.4&#8243; disabled=\u00bbon\u00bb global_colors_info=\u00bb{}\u00bb]<\/p>\n<h3 style=\"text-align: center;\">LUNES<\/h3>\n<p>[\/et_pb_text][et_pb_blog fullwidth=\u00bboff\u00bb posts_number=\u00bb1&#8243; include_categories=\u00bb230&#8243; show_more=\u00bbon\u00bb show_author=\u00bboff\u00bb show_date=\u00bboff\u00bb show_categories=\u00bboff\u00bb disabled_on=\u00bbon|on|on\u00bb admin_label=\u00bbBlog\u00bb module_class=\u00bbblog_igualado\u00bb _builder_version=\u00bb4.27.4&#8243; header_font=\u00bb||||||||\u00bb body_font=\u00bb||||||||\u00bb meta_font=\u00bb||||||||\u00bb pagination_font=\u00bb||||||||\u00bb z_index=\u00bb0&#8243; disabled=\u00bbon\u00bb global_colors_info=\u00bb{}\u00bb][\/et_pb_blog][\/et_pb_column][et_pb_column type=\u00bb1_3&#8243; _builder_version=\u00bb4.23.1&#8243; _module_preset=\u00bbdefault\u00bb global_colors_info=\u00bb{}\u00bb][et_pb_text disabled_on=\u00bboff|off|off\u00bb admin_label=\u00bbjueves\u00bb _builder_version=\u00bb4.23.1&#8243; global_colors_info=\u00bb{}\u00bb]<\/p>\n<h3 style=\"text-align: center;\">JUEVES<\/h3>\n<p>[\/et_pb_text][et_pb_blog fullwidth=\u00bboff\u00bb posts_number=\u00bb1&#8243; include_categories=\u00bb197&#8243; show_more=\u00bbon\u00bb show_author=\u00bboff\u00bb show_date=\u00bboff\u00bb show_categories=\u00bboff\u00bb disabled_on=\u00bboff|off|off\u00bb admin_label=\u00bbBlog\u00bb module_class=\u00bbblog_igualado\u00bb _builder_version=\u00bb4.27.4&#8243; header_font=\u00bb||||||||\u00bb body_font=\u00bb||||||||\u00bb meta_font=\u00bb||||||||\u00bb pagination_font=\u00bb||||||||\u00bb z_index=\u00bb0&#8243; global_colors_info=\u00bb{}\u00bb][\/et_pb_blog][et_pb_text disabled_on=\u00bbon|on|on\u00bb admin_label=\u00bbmartes\u00bb _builder_version=\u00bb4.27.4&#8243; disabled=\u00bbon\u00bb global_colors_info=\u00bb{}\u00bb]<\/p>\n<h3 style=\"text-align: center;\">MARTES<\/h3>\n<p>[\/et_pb_text][et_pb_blog fullwidth=\u00bboff\u00bb posts_number=\u00bb1&#8243; include_categories=\u00bb195&#8243; show_more=\u00bbon\u00bb show_author=\u00bboff\u00bb show_date=\u00bboff\u00bb show_categories=\u00bboff\u00bb disabled_on=\u00bbon|on|on\u00bb module_class=\u00bbblog_igualado\u00bb _builder_version=\u00bb4.27.4&#8243; header_font=\u00bb||||||||\u00bb body_font=\u00bb||||||||\u00bb meta_font=\u00bb||||||||\u00bb pagination_font=\u00bb||||||||\u00bb z_index=\u00bb0&#8243; disabled=\u00bbon\u00bb global_colors_info=\u00bb{}\u00bb][\/et_pb_blog][\/et_pb_column][et_pb_column type=\u00bb1_3&#8243; _builder_version=\u00bb4.23.1&#8243; _module_preset=\u00bbdefault\u00bb global_colors_info=\u00bb{}\u00bb][\/et_pb_column][\/et_pb_row][\/et_pb_section][et_pb_section fb_built=\u00bb1&#8243; _builder_version=\u00bb4.16&#8243; custom_padding=\u00bb0|0px|0|0px|false|false\u00bb global_colors_info=\u00bb{}\u00bb][\/et_pb_section]<\/p>\n","protected":false},"excerpt":{"rendered":"<p>Cursos y actividades Asignaturas UNED Senior Cabrils \u00a0<span><span><a href=\"https:\/\/www.unedbarcelona.es\/es\/\">Inici<\/a><\/span><\/span>\u00a0Asignaturas del segundo cuatrimestre:MARTESLUNESJUEVESMI\u00c9RCOLES\u00a0Asignaturas del primer cuatrimestre: &nbsp; &nbsp;MI\u00c9RCOLESLUNESJUEVESMARTES<\/p>\n","protected":false},"author":7,"featured_media":0,"parent":49486,"menu_order":0,"comment_status":"closed","ping_status":"closed","template":"","meta":{"_et_pb_use_builder":"on","_et_pb_old_content":"","_et_gb_content_width":"","footnotes":""},"class_list":["post-49591","page","type-page","status-publish","hentry"],"yoast_head":"<!-- This site is optimized with the Yoast SEO plugin v27.4 - https:\/\/yoast.com\/product\/yoast-seo-wordpress\/ -->\n<title>Asignaturas UNED Senior Cabrils - UNED Barcelona<\/title>\n<meta name=\"robots\" content=\"index, follow, max-snippet:-1, max-image-preview:large, max-video-preview:-1\" \/>\n<link rel=\"canonical\" href=\"https:\/\/www.unedbarcelona.es\/es\/actividades\/uned-senior\/uned-senior-cabrils\/asignaturas-uned-senior-cabrils\/\" \/>\n<meta property=\"og:locale\" content=\"es_ES\" \/>\n<meta property=\"og:type\" content=\"article\" \/>\n<meta property=\"og:title\" content=\"Asignaturas UNED Senior Cabrils - UNED Barcelona\" \/>\n<meta property=\"og:description\" content=\"Cursos y actividades Asignaturas UNED Senior Cabrils \u00a0\u00a0Asignaturas del segundo cuatrimestre:MARTESLUNESJUEVESMI\u00c9RCOLES\u00a0Asignaturas del primer cuatrimestre: &nbsp; &nbsp;MI\u00c9RCOLESLUNESJUEVESMARTES\" \/>\n<meta property=\"og:url\" content=\"https:\/\/www.unedbarcelona.es\/es\/actividades\/uned-senior\/uned-senior-cabrils\/asignaturas-uned-senior-cabrils\/\" \/>\n<meta property=\"og:site_name\" content=\"UNED Barcelona\" \/>\n<meta property=\"article:modified_time\" content=\"2026-01-09T14:45:48+00:00\" \/>\n<meta name=\"twitter:card\" content=\"summary_large_image\" \/>\n<meta name=\"twitter:label1\" content=\"Tiempo de lectura\" \/>\n\t<meta name=\"twitter:data1\" content=\"3 minutos\" \/>\n<script type=\"application\/ld+json\" class=\"yoast-schema-graph\">{\"@context\":\"https:\\\/\\\/schema.org\",\"@graph\":[{\"@type\":\"WebPage\",\"@id\":\"https:\\\/\\\/www.unedbarcelona.es\\\/es\\\/actividades\\\/uned-senior\\\/uned-senior-cabrils\\\/asignaturas-uned-senior-cabrils\\\/\",\"url\":\"https:\\\/\\\/www.unedbarcelona.es\\\/es\\\/actividades\\\/uned-senior\\\/uned-senior-cabrils\\\/asignaturas-uned-senior-cabrils\\\/\",\"name\":\"Asignaturas UNED Senior Cabrils - UNED Barcelona\",\"isPartOf\":{\"@id\":\"https:\\\/\\\/www.unedbarcelona.es\\\/es\\\/#website\"},\"datePublished\":\"2023-12-19T12:57:54+00:00\",\"dateModified\":\"2026-01-09T14:45:48+00:00\",\"breadcrumb\":{\"@id\":\"https:\\\/\\\/www.unedbarcelona.es\\\/es\\\/actividades\\\/uned-senior\\\/uned-senior-cabrils\\\/asignaturas-uned-senior-cabrils\\\/#breadcrumb\"},\"inLanguage\":\"es\",\"potentialAction\":[{\"@type\":\"ReadAction\",\"target\":[\"https:\\\/\\\/www.unedbarcelona.es\\\/es\\\/actividades\\\/uned-senior\\\/uned-senior-cabrils\\\/asignaturas-uned-senior-cabrils\\\/\"]}]},{\"@type\":\"BreadcrumbList\",\"@id\":\"https:\\\/\\\/www.unedbarcelona.es\\\/es\\\/actividades\\\/uned-senior\\\/uned-senior-cabrils\\\/asignaturas-uned-senior-cabrils\\\/#breadcrumb\",\"itemListElement\":[{\"@type\":\"ListItem\",\"position\":1,\"name\":\"Inici\",\"item\":\"https:\\\/\\\/www.unedbarcelona.es\\\/es\\\/\"},{\"@type\":\"ListItem\",\"position\":2,\"name\":\"Cursos y actividades\",\"item\":\"https:\\\/\\\/www.unedbarcelona.es\\\/es\\\/actividades\\\/\"},{\"@type\":\"ListItem\",\"position\":3,\"name\":\"UNED SENIOR\",\"item\":\"https:\\\/\\\/www.unedbarcelona.es\\\/es\\\/actividades\\\/uned-senior\\\/\"},{\"@type\":\"ListItem\",\"position\":4,\"name\":\"UNED Senior Cabrils\",\"item\":\"https:\\\/\\\/www.unedbarcelona.es\\\/es\\\/actividades\\\/uned-senior\\\/uned-senior-cabrils\\\/\"},{\"@type\":\"ListItem\",\"position\":5,\"name\":\"Asignaturas UNED Senior Cabrils\"}]},{\"@type\":\"WebSite\",\"@id\":\"https:\\\/\\\/www.unedbarcelona.es\\\/es\\\/#website\",\"url\":\"https:\\\/\\\/www.unedbarcelona.es\\\/es\\\/\",\"name\":\"UNED Barcelona\",\"description\":\"Acc\u00e9s flexible al coneixement relacionat amb l&#039;educaci\u00f3 superior, semipresencial i a dist\u00e0ncia\",\"potentialAction\":[{\"@type\":\"SearchAction\",\"target\":{\"@type\":\"EntryPoint\",\"urlTemplate\":\"https:\\\/\\\/www.unedbarcelona.es\\\/es\\\/?s={search_term_string}\"},\"query-input\":{\"@type\":\"PropertyValueSpecification\",\"valueRequired\":true,\"valueName\":\"search_term_string\"}}],\"inLanguage\":\"es\"}]}<\/script>\n<!-- \/ Yoast SEO plugin. -->","yoast_head_json":{"title":"Asignaturas UNED Senior Cabrils - UNED Barcelona","robots":{"index":"index","follow":"follow","max-snippet":"max-snippet:-1","max-image-preview":"max-image-preview:large","max-video-preview":"max-video-preview:-1"},"canonical":"https:\/\/www.unedbarcelona.es\/es\/actividades\/uned-senior\/uned-senior-cabrils\/asignaturas-uned-senior-cabrils\/","og_locale":"es_ES","og_type":"article","og_title":"Asignaturas UNED Senior Cabrils - UNED Barcelona","og_description":"Cursos y actividades Asignaturas UNED Senior Cabrils \u00a0\u00a0Asignaturas del segundo cuatrimestre:MARTESLUNESJUEVESMI\u00c9RCOLES\u00a0Asignaturas del primer cuatrimestre: &nbsp; &nbsp;MI\u00c9RCOLESLUNESJUEVESMARTES","og_url":"https:\/\/www.unedbarcelona.es\/es\/actividades\/uned-senior\/uned-senior-cabrils\/asignaturas-uned-senior-cabrils\/","og_site_name":"UNED Barcelona","article_modified_time":"2026-01-09T14:45:48+00:00","twitter_card":"summary_large_image","twitter_misc":{"Tiempo de lectura":"3 minutos"},"schema":{"@context":"https:\/\/schema.org","@graph":[{"@type":"WebPage","@id":"https:\/\/www.unedbarcelona.es\/es\/actividades\/uned-senior\/uned-senior-cabrils\/asignaturas-uned-senior-cabrils\/","url":"https:\/\/www.unedbarcelona.es\/es\/actividades\/uned-senior\/uned-senior-cabrils\/asignaturas-uned-senior-cabrils\/","name":"Asignaturas UNED Senior Cabrils - UNED Barcelona","isPartOf":{"@id":"https:\/\/www.unedbarcelona.es\/es\/#website"},"datePublished":"2023-12-19T12:57:54+00:00","dateModified":"2026-01-09T14:45:48+00:00","breadcrumb":{"@id":"https:\/\/www.unedbarcelona.es\/es\/actividades\/uned-senior\/uned-senior-cabrils\/asignaturas-uned-senior-cabrils\/#breadcrumb"},"inLanguage":"es","potentialAction":[{"@type":"ReadAction","target":["https:\/\/www.unedbarcelona.es\/es\/actividades\/uned-senior\/uned-senior-cabrils\/asignaturas-uned-senior-cabrils\/"]}]},{"@type":"BreadcrumbList","@id":"https:\/\/www.unedbarcelona.es\/es\/actividades\/uned-senior\/uned-senior-cabrils\/asignaturas-uned-senior-cabrils\/#breadcrumb","itemListElement":[{"@type":"ListItem","position":1,"name":"Inici","item":"https:\/\/www.unedbarcelona.es\/es\/"},{"@type":"ListItem","position":2,"name":"Cursos y actividades","item":"https:\/\/www.unedbarcelona.es\/es\/actividades\/"},{"@type":"ListItem","position":3,"name":"UNED SENIOR","item":"https:\/\/www.unedbarcelona.es\/es\/actividades\/uned-senior\/"},{"@type":"ListItem","position":4,"name":"UNED Senior Cabrils","item":"https:\/\/www.unedbarcelona.es\/es\/actividades\/uned-senior\/uned-senior-cabrils\/"},{"@type":"ListItem","position":5,"name":"Asignaturas UNED Senior Cabrils"}]},{"@type":"WebSite","@id":"https:\/\/www.unedbarcelona.es\/es\/#website","url":"https:\/\/www.unedbarcelona.es\/es\/","name":"UNED Barcelona","description":"Acc\u00e9s flexible al coneixement relacionat amb l&#039;educaci\u00f3 superior, semipresencial i a dist\u00e0ncia","potentialAction":[{"@type":"SearchAction","target":{"@type":"EntryPoint","urlTemplate":"https:\/\/www.unedbarcelona.es\/es\/?s={search_term_string}"},"query-input":{"@type":"PropertyValueSpecification","valueRequired":true,"valueName":"search_term_string"}}],"inLanguage":"es"}]}},"_links":{"self":[{"href":"https:\/\/www.unedbarcelona.es\/es\/wp-json\/wp\/v2\/pages\/49591","targetHints":{"allow":["GET"]}}],"collection":[{"href":"https:\/\/www.unedbarcelona.es\/es\/wp-json\/wp\/v2\/pages"}],"about":[{"href":"https:\/\/www.unedbarcelona.es\/es\/wp-json\/wp\/v2\/types\/page"}],"author":[{"embeddable":true,"href":"https:\/\/www.unedbarcelona.es\/es\/wp-json\/wp\/v2\/users\/7"}],"replies":[{"embeddable":true,"href":"https:\/\/www.unedbarcelona.es\/es\/wp-json\/wp\/v2\/comments?post=49591"}],"version-history":[{"count":9,"href":"https:\/\/www.unedbarcelona.es\/es\/wp-json\/wp\/v2\/pages\/49591\/revisions"}],"predecessor-version":[{"id":72245,"href":"https:\/\/www.unedbarcelona.es\/es\/wp-json\/wp\/v2\/pages\/49591\/revisions\/72245"}],"up":[{"embeddable":true,"href":"https:\/\/www.unedbarcelona.es\/es\/wp-json\/wp\/v2\/pages\/49486"}],"wp:attachment":[{"href":"https:\/\/www.unedbarcelona.es\/es\/wp-json\/wp\/v2\/media?parent=49591"}],"curies":[{"name":"wp","href":"https:\/\/api.w.org\/{rel}","templated":true}]}}