{"id":5086,"date":"2018-06-12T17:35:48","date_gmt":"2018-06-12T15:35:48","guid":{"rendered":"https:\/\/www.unedbarcelona.es\/apuntate-a-la-uned\/pagament\/"},"modified":"2025-03-24T17:30:43","modified_gmt":"2025-03-24T16:30:43","slug":"pago","status":"publish","type":"page","link":"https:\/\/www.unedbarcelona.es\/es\/estudios\/apuntate-a-la-uned\/pago\/","title":{"rendered":"Pago"},"content":{"rendered":"<p>[et_pb_section fb_built=\u00bb1&#8243; module_id=\u00bbnostra-historia\u00bb _builder_version=\u00bb4.16&#8243; background_color=\u00bb#01533f\u00bb background_image=\u00bb\/wp-content\/uploads\/2018\/07\/2-Cabecera_estudis.jpeg\u00bb custom_padding=\u00bb1px||1px|\u00bb da_popup_slug=\u00bbnostra-historia\u00bb da_disable_devices=\u00bboff|off|off\u00bb global_colors_info=\u00bb{}\u00bb da_is_popup=\u00bboff\u00bb da_exit_intent=\u00bboff\u00bb da_has_close=\u00bbon\u00bb da_alt_close=\u00bboff\u00bb da_dark_close=\u00bboff\u00bb da_not_modal=\u00bbon\u00bb da_is_singular=\u00bboff\u00bb da_with_loader=\u00bboff\u00bb da_has_shadow=\u00bbon\u00bb][et_pb_row _builder_version=\u00bb4.16&#8243; global_colors_info=\u00bb{}\u00bb][et_pb_column type=\u00bb4_4&#8243; _builder_version=\u00bb4.16&#8243; custom_padding=\u00bb|||\u00bb global_colors_info=\u00bb{}\u00bb custom_padding__hover=\u00bb|||\u00bb][et_pb_text disabled_on=\u00bbon|on|\u00bb admin_label=\u00bbText tit Pagament\u00bb _builder_version=\u00bb4.16&#8243; header_text_align=\u00bbleft\u00bb header_text_color=\u00bb#ffffff\u00bb header_font_size=\u00bb75px\u00bb header_line_height=\u00bb77px\u00bb header_2_text_color=\u00bb#ffffff\u00bb header_2_font_size=\u00bb40px\u00bb header_2_line_height=\u00bb42px\u00bb background_layout=\u00bbdark\u00bb global_colors_info=\u00bb{}\u00bb]<\/p>\n<div class=\"tit_quadrat\">\n<div class=\"text_quadrat\">Estudios<\/div>\n<\/div>\n<p>&nbsp;<\/p>\n<div class=\"tit1_quadrat\">\n<h1>Pago<\/h1>\n<\/div>\n<p>&nbsp;<\/p>\n<div class=\"final\"><\/div>\n<p>[\/et_pb_text][et_pb_text disabled_on=\u00bb||on\u00bb admin_label=\u00bbText tit Pagament mob\u00bb _builder_version=\u00bb4.16&#8243; header_text_align=\u00bbleft\u00bb header_text_color=\u00bb#ffffff\u00bb header_font_size=\u00bb75px\u00bb header_line_height=\u00bb77px\u00bb header_2_text_color=\u00bb#ffffff\u00bb header_2_font_size=\u00bb40px\u00bb header_2_line_height=\u00bb42px\u00bb background_layout=\u00bbdark\u00bb global_colors_info=\u00bb{}\u00bb]<\/p>\n<div class=\"tit_quadrat_mob\">\n<div class=\"text_quadrat_mob\">Estudios<\/div>\n<\/div>\n<div class=\"tit1_quadrat_mob\">\n<h1 class=\"titpag\">Pago<\/h1>\n<\/div>\n<div class=\"final\"><\/div>\n<p>[\/et_pb_text][\/et_pb_column][\/et_pb_row][\/et_pb_section][et_pb_section fb_built=\u00bb1&#8243; _builder_version=\u00bb4.16&#8243; hover_enabled=\u00bb0&#8243; da_disable_devices=\u00bboff|off|off\u00bb global_colors_info=\u00bb{}\u00bb sticky_enabled=\u00bb0&#8243; da_is_popup=\u00bboff\u00bb da_exit_intent=\u00bboff\u00bb da_has_close=\u00bbon\u00bb da_alt_close=\u00bboff\u00bb da_dark_close=\u00bboff\u00bb da_not_modal=\u00bbon\u00bb da_is_singular=\u00bboff\u00bb da_with_loader=\u00bboff\u00bb da_has_shadow=\u00bbon\u00bb][et_pb_row _builder_version=\u00bb4.16&#8243; background_size=\u00bbinitial\u00bb background_position=\u00bbtop_left\u00bb background_repeat=\u00bbrepeat\u00bb custom_margin=\u00bb-30px|||\u00bb custom_padding=\u00bb2px|0px|27px|0px\u00bb global_colors_info=\u00bb{}\u00bb][et_pb_column type=\u00bb4_4&#8243; _builder_version=\u00bb4.16&#8243; custom_padding=\u00bb|||\u00bb global_colors_info=\u00bb{}\u00bb custom_padding__hover=\u00bb|||\u00bb][et_pb_text _builder_version=\u00bb4.16&#8243; global_colors_info=\u00bb{}\u00bb]<\/p>\n<p class=\"entry-title\"><div class=\"breadcrumb\" itemprop=\"breadcrumb\"><span><span><a href=\"https:\/\/www.unedbarcelona.es\/es\/\">Inici<\/a><\/span><\/span><\/div> <\/p>\n<p>[\/et_pb_text][\/et_pb_column][\/et_pb_row][et_pb_row _builder_version=\u00bb4.16&#8243; background_size=\u00bbinitial\u00bb background_position=\u00bbtop_left\u00bb background_repeat=\u00bbrepeat\u00bb global_colors_info=\u00bb{}\u00bb][et_pb_column type=\u00bb4_4&#8243; _builder_version=\u00bb4.16&#8243; custom_padding=\u00bb|||\u00bb global_colors_info=\u00bb{}\u00bb custom_padding__hover=\u00bb|||\u00bb][et_pb_text admin_label=\u00bbText Pagament\u00bb _builder_version=\u00bb4.16&#8243; global_colors_info=\u00bb{}\u00bb]<\/p>\n<h2 class=\"p1\">Modalidad de pago:<\/h2>\n<p class=\"entry-title\">\n<p>[\/et_pb_text][\/et_pb_column][\/et_pb_row][et_pb_row _builder_version=\u00bb4.16&#8243; background_size=\u00bbinitial\u00bb background_position=\u00bbtop_left\u00bb background_repeat=\u00bbrepeat\u00bb global_colors_info=\u00bb{}\u00bb][et_pb_column type=\u00bb4_4&#8243; _builder_version=\u00bb4.16&#8243; custom_padding=\u00bb|||\u00bb global_colors_info=\u00bb{}\u00bb custom_padding__hover=\u00bb|||\u00bb][et_pb_text admin_label=\u00bbText Pago \u00fanico\u00bb _builder_version=\u00bb4.16&#8243; text_font_size=\u00bb14px\u00bb header_5_font_size=\u00bb14px\u00bb global_colors_info=\u00bb{}\u00bb]<\/p>\n<table style=\"border-collapse: collapse; width: 100%;\" border=\"1\">\n<tbody>\n<tr>\n<td style=\"width: 27.6733%; vertical-align: top;\"><img loading=\"lazy\" decoding=\"async\" class=\"alignleft size-full wp-image-1816\" src=\"\/wp-content\/uploads\/2018\/06\/icono_billet.jpg\" alt=\"\" width=\"137\" height=\"78\" \/><\/td>\n<td style=\"width: 72.3267%;\">\n<h4 class=\"p1\">Pago \u00fanico<\/h4>\n<p class=\"p1\" style=\"text-align: justify;\">Se puede hacer en un \u00fanico pago. El estudiante que se matricule como m\u00ednimo de <b>54 cr\u00e9ditos <\/b>se le descontar\u00e1 de su liquidaci\u00f3n el equivalente a un <b>5%<\/b> de la cantidad que le corresponda abonar, en concepto de precios p\u00fablicos por servicios acad\u00e9micos, una vez hechos los descuentos que le puedan corresponder.<\/p>\n<\/td>\n<\/tr>\n<\/tbody>\n<\/table>\n<p class=\"entry-title\">\n<p>[\/et_pb_text][et_pb_text admin_label=\u00bbText Pago fraccionado\u00bb _builder_version=\u00bb4.16&#8243; text_font_size=\u00bb14px\u00bb header_5_font_size=\u00bb14px\u00bb global_colors_info=\u00bb{}\u00bb]<\/p>\n<table style=\"border-collapse: collapse; width: 100%;\" border=\"1\">\n<tbody>\n<tr>\n<td style=\"width: 27.6733%; vertical-align: top;\"><img loading=\"lazy\" decoding=\"async\" class=\"alignleft size-full wp-image-1820\" src=\"\/wp-content\/uploads\/2018\/06\/icono_monedas.jpg\" alt=\"\" width=\"106\" height=\"119\" \/><\/td>\n<td style=\"width: 72.3267%;\">\n<h4 class=\"p1\">Pago fraccionado<\/h4>\n<p style=\"text-align: justify;\">Esta opci\u00f3n \u00fanicamente se establece para pagos domiciliados siempre que el importe de la matr\u00edcula supere los 180\u20ac. El primer recibo se cargar\u00e1 cuando se reciba la autorizaci\u00f3n para el pago (SEPA),\u00a0 y ser\u00e1 el 40% del importe correspondiente a precios p\u00fablicos, m\u00e1s las tasas y seguro escolar. El 28 de octubre el 20% del importe correspondiente a los precios p\u00fablicos, el 28 de noviembre el otro 20% y el 28 de diciembre el resto. Esta opci\u00f3n no estar\u00e1 disponible en el per\u00edodo de matr\u00edcula de febrero. En el caso de que haya vencido el plazo e uno de los recibos sin haberse abonado o haya sido devuelto, si hubiese todav\u00eda recibos pendientes por satisfacer, la cantidad debida se recalcular\u00e1 en los siguientes recibos a partes iguales. De no haber recibos pendientes por satisfacer, el recibo pendiente deber\u00e1 abonarse por tarjeta o directamente en la sucursal bancaria.<\/p>\n<\/td>\n<\/tr>\n<\/tbody>\n<\/table>\n<p class=\"entry-title\">\n<p>[\/et_pb_text][\/et_pb_column][\/et_pb_row][et_pb_row _builder_version=\u00bb4.16&#8243; background_size=\u00bbinitial\u00bb background_position=\u00bbtop_left\u00bb background_repeat=\u00bbrepeat\u00bb global_colors_info=\u00bb{}\u00bb][et_pb_column type=\u00bb4_4&#8243; _builder_version=\u00bb4.16&#8243; custom_padding=\u00bb|||\u00bb global_colors_info=\u00bb{}\u00bb custom_padding__hover=\u00bb|||\u00bb][et_pb_text admin_label=\u00bbText Formas de pago\u00bb _builder_version=\u00bb4.16&#8243; global_colors_info=\u00bb{}\u00bb]<\/p>\n<h2 class=\"p1\">Formas de pago:<\/h2>\n<p class=\"entry-title\">\u00a0<\/p>\n<p>[\/et_pb_text][\/et_pb_column][\/et_pb_row][et_pb_row column_structure=\u00bb1_3,1_3,1_3&#8243; _builder_version=\u00bb4.16&#8243; background_size=\u00bbinitial\u00bb background_position=\u00bbtop_left\u00bb background_repeat=\u00bbrepeat\u00bb global_colors_info=\u00bb{}\u00bb][et_pb_column type=\u00bb1_3&#8243; _builder_version=\u00bb4.16&#8243; custom_padding=\u00bb|||\u00bb global_colors_info=\u00bb{}\u00bb custom_padding__hover=\u00bb|||\u00bb][et_pb_text admin_label=\u00bbText Pagament\u00bb _builder_version=\u00bb4.27.4&#8243; text_font_size=\u00bb14px\u00bb header_5_font_size=\u00bb14px\u00bb hover_enabled=\u00bb0&#8243; global_colors_info=\u00bb{}\u00bb sticky_enabled=\u00bb0&#8243;]<\/p>\n<table style=\"border-collapse: collapse; width: 100%;\" border=\"1\">\n<tbody>\n<tr>\n<td style=\"width: 27.6733%; vertical-align: top;\"><img loading=\"lazy\" decoding=\"async\" class=\"alignleft size-full wp-image-1819\" src=\"\/wp-content\/uploads\/2018\/06\/icono_mano3.jpg\" alt=\"\" width=\"106\" height=\"119\" \/><\/td>\n<td style=\"width: 72.3267%;\">\n<h4 class=\"p1\" style=\"text-align: justify;\">Pago en met\u00e1lico en cajero o sucursal bancaria:<\/h4>\n<p class=\"p1\" style=\"text-align: justify;\">El pago se puede hacer en cualquier oficina de las entidades bancarias colaboradoras. El estudiante dispone de 15 d\u00edas naturales desde la validaci\u00f3n del borrador de la matr\u00edcula para hacer efectivo el pago. Si no lo realiza en este plazo, se le requerir\u00e1 d\u00e1ndole un nuevo plazo y si finalizado \u00e9ste no se realiza el pago se proceder\u00e1 a la anulaci\u00f3n definitiva de matr\u00edcula.<\/p>\n<\/td>\n<\/tr>\n<\/tbody>\n<\/table>\n<p class=\"entry-title\">[\/et_pb_text][\/et_pb_column][et_pb_column type=\u00bb1_3&#8243; _builder_version=\u00bb4.16&#8243; custom_padding=\u00bb|||\u00bb global_colors_info=\u00bb{}\u00bb custom_padding__hover=\u00bb|||\u00bb][et_pb_text admin_label=\u00bbText Pagament\u00bb _builder_version=\u00bb4.16&#8243; text_font_size=\u00bb14px\u00bb header_5_font_size=\u00bb14px\u00bb global_colors_info=\u00bb{}\u00bb]<\/p>\n<table style=\"border-collapse: collapse; width: 100%;\" border=\"1\">\n<tbody>\n<tr>\n<td style=\"width: 27.6733%; vertical-align: top;\"><img loading=\"lazy\" decoding=\"async\" class=\"alignleft size-full wp-image-1818\" src=\"\/wp-content\/uploads\/2018\/06\/icono_mano2.jpg\" alt=\"\" width=\"106\" height=\"119\" \/><\/td>\n<td style=\"width: 72.3267%;\">\n<h4 class=\"p1\">Con tarjeta de cr\u00e9dito<\/h4>\n<p class=\"p1\" style=\"text-align: justify;\">El estudiante puede realizar la operaci\u00f3n en el mismo momento del registro de la solicitud. Si por cualquier raz\u00f3n se interrumpe este proceso, dispone de 15 d\u00edas naturales a partir de la validaci\u00f3n del borrador para hacer efectivo el pago. Si no se realiza en este plazo, se proceder\u00e1 a la anulaci\u00f3n definitiva de la matr\u00edcula.<\/p>\n<\/td>\n<\/tr>\n<\/tbody>\n<\/table>\n<p>[\/et_pb_text][\/et_pb_column][et_pb_column type=\u00bb1_3&#8243; _builder_version=\u00bb4.16&#8243; custom_padding=\u00bb|||\u00bb global_colors_info=\u00bb{}\u00bb custom_padding__hover=\u00bb|||\u00bb][et_pb_text admin_label=\u00bbText Pagament\u00bb _builder_version=\u00bb4.16&#8243; text_font_size=\u00bb14px\u00bb header_5_font_size=\u00bb14px\u00bb global_colors_info=\u00bb{}\u00bb]<\/p>\n<table style=\"border-collapse: collapse; width: 100%;\" border=\"1\">\n<tbody>\n<tr>\n<td style=\"width: 27.6733%; vertical-align: top;\"><img loading=\"lazy\" decoding=\"async\" class=\"alignleft size-full wp-image-1817\" src=\"\/wp-content\/uploads\/2018\/06\/icono_mano1.jpg\" alt=\"\" width=\"106\" height=\"119\" \/><\/td>\n<td style=\"width: 72.3267%;\">\n<h4 class=\"p1\">Domiciliaci\u00f3n <span style=\"font-size: 12pt;\">(tanto si el pago es fraccionado o no)<\/span><\/h4>\n<p class=\"p1\" style=\"text-align: justify;\">El estudiante tiene que presentar la orden SEPA<span style=\"background-color: #f6f291;\"><\/span> en el plazo de 15 d\u00edas naturales contados a partir de la validaci\u00f3n del borrador. El SEPA se puede presentar escaneado en el mismo momento de realizar la matr\u00edcula o a trav\u00e9s de la opci\u00f3n de Gesti\u00f3n de Matr\u00edcula de la Secretar\u00eda Virtual de su Campus. Si no lo realiza en este periodo se proceder\u00e1 a la anulaci\u00f3n definitiva de la matr\u00edcula.<\/p>\n<\/td>\n<\/tr>\n<\/tbody>\n<\/table>\n<p class=\"entry-title\">[\/et_pb_text][\/et_pb_column][\/et_pb_row][et_pb_row column_structure=\u00bb1_3,1_3,1_3&#8243; _builder_version=\u00bb4.16&#8243; background_size=\u00bbinitial\u00bb background_position=\u00bbtop_left\u00bb background_repeat=\u00bbrepeat\u00bb global_colors_info=\u00bb{}\u00bb][et_pb_column type=\u00bb1_3&#8243; _builder_version=\u00bb4.16&#8243; custom_padding=\u00bb|||\u00bb global_colors_info=\u00bb{}\u00bb custom_padding__hover=\u00bb|||\u00bb][\/et_pb_column][et_pb_column type=\u00bb1_3&#8243; _builder_version=\u00bb4.16&#8243; custom_padding=\u00bb|||\u00bb global_colors_info=\u00bb{}\u00bb custom_padding__hover=\u00bb|||\u00bb][et_pb_text admin_label=\u00bbText Pagament\u00bb _builder_version=\u00bb4.27.4&#8243; text_font_size=\u00bb14px\u00bb header_5_font_size=\u00bb14px\u00bb hover_enabled=\u00bb0&#8243; global_colors_info=\u00bb{}\u00bb link_option_url=\u00bbhttps:\/\/www.uned.es\/universidad\/facultades\/dam\/jcr:dc383831-80c1-4513-b326-8dc9246d3fe4\/Orden_CNU-1113-2024-Precios_P%C3%BAblicos.pdf\u00bb sticky_enabled=\u00bb0&#8243;]<\/p>\n<table style=\"border-collapse: collapse; width: 100%;\" border=\"1\">\n<tbody>\n<tr>\n<td style=\"width: 24.0305%;\">\n<h5 class=\"p1\"><img loading=\"lazy\" decoding=\"async\" class=\"alignleft wp-image-1823 size-full\" src=\"https:\/\/www.unedbarcelona.es\/wp-content\/uploads\/2018\/06\/icono_lupa.jpg\" alt=\"\" width=\"106\" height=\"119\" \/><\/h5>\n<\/td>\n<td style=\"width: 75.9695%;\">\n<h5 class=\"p1\"><a href=\"https:\/\/www.uned.es\/universidad\/inicio\/dam\/jcr:6f740d1f-2044-4b4a-949b-cc29e7aee39d\/precios-gradosUE2024-25.pdf\" target=\"_blank\" rel=\"noopener\">Consulta los precios<\/a><\/h5>\n<\/td>\n<\/tr>\n<\/tbody>\n<\/table>\n<p>&nbsp;<\/p>\n<p class=\"entry-title\">[\/et_pb_text][\/et_pb_column][et_pb_column type=\u00bb1_3&#8243; _builder_version=\u00bb4.16&#8243; custom_padding=\u00bb|||\u00bb global_colors_info=\u00bb{}\u00bb custom_padding__hover=\u00bb|||\u00bb][\/et_pb_column][\/et_pb_row][\/et_pb_section]<\/p>\n","protected":false},"excerpt":{"rendered":"<p>Estudios &nbsp; Pago &nbsp; Estudios Pago <\/p>\n<div class=\"breadcrumb\" itemprop=\"breadcrumb\"><span><span><a href=\"https:\/\/www.unedbarcelona.es\/es\/\">Inici<\/a><\/span><\/span><\/div>\n<p> Modalidad de pago: Pago \u00fanico Se puede hacer en un \u00fanico pago. El estudiante que se matricule como m\u00ednimo de 54 cr\u00e9ditos se le descontar\u00e1 de su liquidaci\u00f3n el equivalente a un 5% de la cantidad que le corresponda abonar, en concepto de precios p\u00fablicos por servicios acad\u00e9micos, [&hellip;]<\/p>\n","protected":false},"author":2,"featured_media":0,"parent":4892,"menu_order":0,"comment_status":"closed","ping_status":"closed","template":"","meta":{"_et_pb_use_builder":"on","_et_pb_old_content":"","_et_gb_content_width":"","footnotes":""},"class_list":["post-5086","page","type-page","status-publish","hentry"],"yoast_head":"<!-- This site is optimized with the Yoast SEO plugin v27.4 - https:\/\/yoast.com\/product\/yoast-seo-wordpress\/ -->\n<title>Pago - UNED Barcelona<\/title>\n<meta name=\"robots\" content=\"index, follow, max-snippet:-1, max-image-preview:large, max-video-preview:-1\" \/>\n<link rel=\"canonical\" href=\"https:\/\/www.unedbarcelona.es\/es\/estudios\/apuntate-a-la-uned\/pago\/\" \/>\n<meta property=\"og:locale\" content=\"es_ES\" \/>\n<meta property=\"og:type\" content=\"article\" \/>\n<meta property=\"og:title\" content=\"Pago - UNED Barcelona\" \/>\n<meta property=\"og:description\" content=\"Estudios &nbsp; Pago &nbsp; Estudios Pago Modalidad de pago: Pago \u00fanico Se puede hacer en un \u00fanico pago. El estudiante que se matricule como m\u00ednimo de 54 cr\u00e9ditos se le descontar\u00e1 de su liquidaci\u00f3n el equivalente a un 5% de la cantidad que le corresponda abonar, en concepto de precios p\u00fablicos por servicios acad\u00e9micos, [&hellip;]\" \/>\n<meta property=\"og:url\" content=\"https:\/\/www.unedbarcelona.es\/es\/estudios\/apuntate-a-la-uned\/pago\/\" \/>\n<meta property=\"og:site_name\" content=\"UNED Barcelona\" \/>\n<meta property=\"article:modified_time\" content=\"2025-03-24T16:30:43+00:00\" \/>\n<meta property=\"og:image\" content=\"https:\/\/www.unedbarcelona.es\/wp-content\/uploads\/2018\/06\/icono_lupa.jpg\" \/>\n<meta name=\"twitter:card\" content=\"summary_large_image\" \/>\n<meta name=\"twitter:label1\" content=\"Tiempo de lectura\" \/>\n\t<meta name=\"twitter:data1\" content=\"6 minutos\" \/>\n<script type=\"application\/ld+json\" class=\"yoast-schema-graph\">{\"@context\":\"https:\\\/\\\/schema.org\",\"@graph\":[{\"@type\":\"WebPage\",\"@id\":\"https:\\\/\\\/www.unedbarcelona.es\\\/es\\\/estudios\\\/apuntate-a-la-uned\\\/pago\\\/\",\"url\":\"https:\\\/\\\/www.unedbarcelona.es\\\/es\\\/estudios\\\/apuntate-a-la-uned\\\/pago\\\/\",\"name\":\"Pago - UNED Barcelona\",\"isPartOf\":{\"@id\":\"https:\\\/\\\/www.unedbarcelona.es\\\/es\\\/#website\"},\"primaryImageOfPage\":{\"@id\":\"https:\\\/\\\/www.unedbarcelona.es\\\/es\\\/estudios\\\/apuntate-a-la-uned\\\/pago\\\/#primaryimage\"},\"image\":{\"@id\":\"https:\\\/\\\/www.unedbarcelona.es\\\/es\\\/estudios\\\/apuntate-a-la-uned\\\/pago\\\/#primaryimage\"},\"thumbnailUrl\":\"https:\\\/\\\/www.unedbarcelona.es\\\/wp-content\\\/uploads\\\/2018\\\/06\\\/icono_lupa.jpg\",\"datePublished\":\"2018-06-12T15:35:48+00:00\",\"dateModified\":\"2025-03-24T16:30:43+00:00\",\"breadcrumb\":{\"@id\":\"https:\\\/\\\/www.unedbarcelona.es\\\/es\\\/estudios\\\/apuntate-a-la-uned\\\/pago\\\/#breadcrumb\"},\"inLanguage\":\"es\",\"potentialAction\":[{\"@type\":\"ReadAction\",\"target\":[\"https:\\\/\\\/www.unedbarcelona.es\\\/es\\\/estudios\\\/apuntate-a-la-uned\\\/pago\\\/\"]}]},{\"@type\":\"ImageObject\",\"inLanguage\":\"es\",\"@id\":\"https:\\\/\\\/www.unedbarcelona.es\\\/es\\\/estudios\\\/apuntate-a-la-uned\\\/pago\\\/#primaryimage\",\"url\":\"https:\\\/\\\/www.unedbarcelona.es\\\/wp-content\\\/uploads\\\/2018\\\/06\\\/icono_lupa.jpg\",\"contentUrl\":\"https:\\\/\\\/www.unedbarcelona.es\\\/wp-content\\\/uploads\\\/2018\\\/06\\\/icono_lupa.jpg\"},{\"@type\":\"BreadcrumbList\",\"@id\":\"https:\\\/\\\/www.unedbarcelona.es\\\/es\\\/estudios\\\/apuntate-a-la-uned\\\/pago\\\/#breadcrumb\",\"itemListElement\":[{\"@type\":\"ListItem\",\"position\":1,\"name\":\"Inici\",\"item\":\"https:\\\/\\\/www.unedbarcelona.es\\\/es\\\/\"},{\"@type\":\"ListItem\",\"position\":2,\"name\":\"Estudios\",\"item\":\"https:\\\/\\\/www.unedbarcelona.es\\\/es\\\/estudios\\\/\"},{\"@type\":\"ListItem\",\"position\":3,\"name\":\"Ap\u00fantate a la UNED\",\"item\":\"https:\\\/\\\/www.unedbarcelona.es\\\/es\\\/estudios\\\/apuntate-a-la-uned\\\/\"},{\"@type\":\"ListItem\",\"position\":4,\"name\":\"Pago\"}]},{\"@type\":\"WebSite\",\"@id\":\"https:\\\/\\\/www.unedbarcelona.es\\\/es\\\/#website\",\"url\":\"https:\\\/\\\/www.unedbarcelona.es\\\/es\\\/\",\"name\":\"UNED Barcelona\",\"description\":\"Acc\u00e9s flexible al coneixement relacionat amb l&#039;educaci\u00f3 superior, semipresencial i a dist\u00e0ncia\",\"potentialAction\":[{\"@type\":\"SearchAction\",\"target\":{\"@type\":\"EntryPoint\",\"urlTemplate\":\"https:\\\/\\\/www.unedbarcelona.es\\\/es\\\/?s={search_term_string}\"},\"query-input\":{\"@type\":\"PropertyValueSpecification\",\"valueRequired\":true,\"valueName\":\"search_term_string\"}}],\"inLanguage\":\"es\"}]}<\/script>\n<!-- \/ Yoast SEO plugin. -->","yoast_head_json":{"title":"Pago - UNED Barcelona","robots":{"index":"index","follow":"follow","max-snippet":"max-snippet:-1","max-image-preview":"max-image-preview:large","max-video-preview":"max-video-preview:-1"},"canonical":"https:\/\/www.unedbarcelona.es\/es\/estudios\/apuntate-a-la-uned\/pago\/","og_locale":"es_ES","og_type":"article","og_title":"Pago - UNED Barcelona","og_description":"Estudios &nbsp; Pago &nbsp; Estudios Pago Modalidad de pago: Pago \u00fanico Se puede hacer en un \u00fanico pago. El estudiante que se matricule como m\u00ednimo de 54 cr\u00e9ditos se le descontar\u00e1 de su liquidaci\u00f3n el equivalente a un 5% de la cantidad que le corresponda abonar, en concepto de precios p\u00fablicos por servicios acad\u00e9micos, [&hellip;]","og_url":"https:\/\/www.unedbarcelona.es\/es\/estudios\/apuntate-a-la-uned\/pago\/","og_site_name":"UNED Barcelona","article_modified_time":"2025-03-24T16:30:43+00:00","og_image":[{"url":"https:\/\/www.unedbarcelona.es\/wp-content\/uploads\/2018\/06\/icono_lupa.jpg","type":"","width":"","height":""}],"twitter_card":"summary_large_image","twitter_misc":{"Tiempo de lectura":"6 minutos"},"schema":{"@context":"https:\/\/schema.org","@graph":[{"@type":"WebPage","@id":"https:\/\/www.unedbarcelona.es\/es\/estudios\/apuntate-a-la-uned\/pago\/","url":"https:\/\/www.unedbarcelona.es\/es\/estudios\/apuntate-a-la-uned\/pago\/","name":"Pago - UNED Barcelona","isPartOf":{"@id":"https:\/\/www.unedbarcelona.es\/es\/#website"},"primaryImageOfPage":{"@id":"https:\/\/www.unedbarcelona.es\/es\/estudios\/apuntate-a-la-uned\/pago\/#primaryimage"},"image":{"@id":"https:\/\/www.unedbarcelona.es\/es\/estudios\/apuntate-a-la-uned\/pago\/#primaryimage"},"thumbnailUrl":"https:\/\/www.unedbarcelona.es\/wp-content\/uploads\/2018\/06\/icono_lupa.jpg","datePublished":"2018-06-12T15:35:48+00:00","dateModified":"2025-03-24T16:30:43+00:00","breadcrumb":{"@id":"https:\/\/www.unedbarcelona.es\/es\/estudios\/apuntate-a-la-uned\/pago\/#breadcrumb"},"inLanguage":"es","potentialAction":[{"@type":"ReadAction","target":["https:\/\/www.unedbarcelona.es\/es\/estudios\/apuntate-a-la-uned\/pago\/"]}]},{"@type":"ImageObject","inLanguage":"es","@id":"https:\/\/www.unedbarcelona.es\/es\/estudios\/apuntate-a-la-uned\/pago\/#primaryimage","url":"https:\/\/www.unedbarcelona.es\/wp-content\/uploads\/2018\/06\/icono_lupa.jpg","contentUrl":"https:\/\/www.unedbarcelona.es\/wp-content\/uploads\/2018\/06\/icono_lupa.jpg"},{"@type":"BreadcrumbList","@id":"https:\/\/www.unedbarcelona.es\/es\/estudios\/apuntate-a-la-uned\/pago\/#breadcrumb","itemListElement":[{"@type":"ListItem","position":1,"name":"Inici","item":"https:\/\/www.unedbarcelona.es\/es\/"},{"@type":"ListItem","position":2,"name":"Estudios","item":"https:\/\/www.unedbarcelona.es\/es\/estudios\/"},{"@type":"ListItem","position":3,"name":"Ap\u00fantate a la UNED","item":"https:\/\/www.unedbarcelona.es\/es\/estudios\/apuntate-a-la-uned\/"},{"@type":"ListItem","position":4,"name":"Pago"}]},{"@type":"WebSite","@id":"https:\/\/www.unedbarcelona.es\/es\/#website","url":"https:\/\/www.unedbarcelona.es\/es\/","name":"UNED Barcelona","description":"Acc\u00e9s flexible al coneixement relacionat amb l&#039;educaci\u00f3 superior, semipresencial i a dist\u00e0ncia","potentialAction":[{"@type":"SearchAction","target":{"@type":"EntryPoint","urlTemplate":"https:\/\/www.unedbarcelona.es\/es\/?s={search_term_string}"},"query-input":{"@type":"PropertyValueSpecification","valueRequired":true,"valueName":"search_term_string"}}],"inLanguage":"es"}]}},"_links":{"self":[{"href":"https:\/\/www.unedbarcelona.es\/es\/wp-json\/wp\/v2\/pages\/5086","targetHints":{"allow":["GET"]}}],"collection":[{"href":"https:\/\/www.unedbarcelona.es\/es\/wp-json\/wp\/v2\/pages"}],"about":[{"href":"https:\/\/www.unedbarcelona.es\/es\/wp-json\/wp\/v2\/types\/page"}],"author":[{"embeddable":true,"href":"https:\/\/www.unedbarcelona.es\/es\/wp-json\/wp\/v2\/users\/2"}],"replies":[{"embeddable":true,"href":"https:\/\/www.unedbarcelona.es\/es\/wp-json\/wp\/v2\/comments?post=5086"}],"version-history":[{"count":0,"href":"https:\/\/www.unedbarcelona.es\/es\/wp-json\/wp\/v2\/pages\/5086\/revisions"}],"up":[{"embeddable":true,"href":"https:\/\/www.unedbarcelona.es\/es\/wp-json\/wp\/v2\/pages\/4892"}],"wp:attachment":[{"href":"https:\/\/www.unedbarcelona.es\/es\/wp-json\/wp\/v2\/media?parent=5086"}],"curies":[{"name":"wp","href":"https:\/\/api.w.org\/{rel}","templated":true}]}}