{"id":5314,"date":"2018-11-12T13:16:10","date_gmt":"2018-11-12T12:16:10","guid":{"rendered":"https:\/\/www.unedbarcelona.es\/el-centre-en-xifres\/titulats\/"},"modified":"2023-04-28T18:00:06","modified_gmt":"2023-04-28T16:00:06","slug":"titulats","status":"publish","type":"page","link":"https:\/\/www.unedbarcelona.es\/es\/quienes-somos\/transparencia\/el-centre-en-xifres\/titulats\/","title":{"rendered":"Titulados"},"content":{"rendered":"<p>[et_pb_section fb_built=\u00bb1&#8243; _builder_version=\u00bb3.22&#8243; da_disable_devices=\u00bboff|off|off\u00bb da_is_popup=\u00bboff\u00bb da_exit_intent=\u00bboff\u00bb da_has_close=\u00bbon\u00bb da_alt_close=\u00bboff\u00bb da_dark_close=\u00bboff\u00bb da_not_modal=\u00bbon\u00bb da_is_singular=\u00bboff\u00bb da_with_loader=\u00bboff\u00bb da_has_shadow=\u00bbon\u00bb][et_pb_row _builder_version=\u00bb3.25&#8243; background_size=\u00bbinitial\u00bb background_position=\u00bbtop_left\u00bb background_repeat=\u00bbrepeat\u00bb][\/et_pb_row][\/et_pb_section][et_pb_section fb_built=\u00bb1&#8243; module_id=\u00bbnostra-historia\u00bb _builder_version=\u00bb3.22&#8243; background_color=\u00bb#01533f\u00bb background_image=\u00bb\/wp-content\/uploads\/2018\/07\/1-Cabecera_qui-som.jpg\u00bb custom_padding=\u00bb1px||1px|\u00bb da_disable_devices=\u00bboff|off|off\u00bb da_is_popup=\u00bboff\u00bb da_exit_intent=\u00bboff\u00bb da_has_close=\u00bbon\u00bb da_alt_close=\u00bboff\u00bb da_dark_close=\u00bboff\u00bb da_not_modal=\u00bbon\u00bb da_is_singular=\u00bboff\u00bb da_with_loader=\u00bboff\u00bb da_has_shadow=\u00bbon\u00bb][et_pb_row _builder_version=\u00bb3.25&#8243;][et_pb_column type=\u00bb4_4&#8243; _builder_version=\u00bb3.25&#8243; custom_padding=\u00bb|||\u00bb custom_padding__hover=\u00bb|||\u00bb][et_pb_text admin_label=\u00bbText tit Pr\u00e0ctiques professionals per a m\u00e0sters\u00bb _builder_version=\u00bb3.27.4&#8243; header_text_align=\u00bbleft\u00bb header_text_color=\u00bb#ffffff\u00bb header_font_size=\u00bb75px\u00bb header_line_height=\u00bb77px\u00bb header_2_text_color=\u00bb#ffffff\u00bb header_2_font_size=\u00bb40px\u00bb header_2_line_height=\u00bb42px\u00bb background_layout=\u00bbdark\u00bb saved_tabs=\u00bball\u00bb]<\/p>\n<div class=\"tit_quadrat\">\n<div class=\"text_quadrat\">El centro en cifras<\/div>\n<\/div>\n<div class=\"tit1_quadrat\">\n<h1>Titulados<\/h1>\n<\/div>\n<div class=\"final\"><\/div>\n<p>[\/et_pb_text][\/et_pb_column][\/et_pb_row][\/et_pb_section][et_pb_section fb_built=\u00bb1&#8243; _builder_version=\u00bb3.22&#8243; da_disable_devices=\u00bboff|off|off\u00bb da_is_popup=\u00bboff\u00bb da_exit_intent=\u00bboff\u00bb da_has_close=\u00bbon\u00bb da_alt_close=\u00bboff\u00bb da_dark_close=\u00bboff\u00bb da_not_modal=\u00bbon\u00bb da_is_singular=\u00bboff\u00bb da_with_loader=\u00bboff\u00bb da_has_shadow=\u00bbon\u00bb][et_pb_row _builder_version=\u00bb3.25&#8243; background_size=\u00bbinitial\u00bb background_position=\u00bbtop_left\u00bb background_repeat=\u00bbrepeat\u00bb custom_margin=\u00bb-30px|||\u00bb custom_padding=\u00bb5px|0px|0|0px|false|false\u00bb saved_tabs=\u00bball\u00bb locked=\u00bboff\u00bb][et_pb_column type=\u00bb4_4&#8243; _builder_version=\u00bb3.25&#8243; custom_padding=\u00bb|||\u00bb custom_padding__hover=\u00bb|||\u00bb][et_pb_text admin_label=\u00bbText Migas pan\u00bb _builder_version=\u00bb3.27.4&#8243; text_font=\u00bbAbel|300|||||||\u00bb text_line_height=\u00bb16px\u00bb header_font=\u00bbRoboto|300|||||||\u00bb header_line_height=\u00bb32px\u00bb locked=\u00bboff\u00bb]<\/p>\n<span><span><a href=\"https:\/\/www.unedbarcelona.es\/es\/\">Inici<\/a><\/span><\/span>\n<p>[\/et_pb_text][\/et_pb_column][\/et_pb_row][et_pb_row _builder_version=\u00bb3.25&#8243; background_size=\u00bbinitial\u00bb background_position=\u00bbtop_left\u00bb background_repeat=\u00bbrepeat\u00bb][et_pb_column type=\u00bb4_4&#8243; _builder_version=\u00bb3.25&#8243; custom_padding=\u00bb|||\u00bb custom_padding__hover=\u00bb|||\u00bb][et_pb_text _builder_version=\u00bb3.27.4&#8243;]<\/p>\n<h3>GRADOS<\/h3>\n<p>[\/et_pb_text][\/et_pb_column][\/et_pb_row][et_pb_row _builder_version=\u00bb3.25&#8243; background_size=\u00bbinitial\u00bb background_position=\u00bbtop_left\u00bb background_repeat=\u00bbrepeat\u00bb][et_pb_column type=\u00bb4_4&#8243; _builder_version=\u00bb3.25&#8243; custom_padding=\u00bb|||\u00bb custom_padding__hover=\u00bb|||\u00bb][et_pb_text _builder_version=\u00bb4.9.4&#8243; hover_enabled=\u00bb0&#8243; sticky_enabled=\u00bb0&#8243;]<\/p>\n<table style=\"height: 529px; width: 100%; border-collapse: collapse; border-style: none; border-color: #00533f;\" border=\"1\">\n<tbody>\n<tr style=\"height: 23px; background-color: #d9d4d4;\">\n<td style=\"width: 50%; height: 23px; text-align: left;\">GRADO EN ADMINISTRACI\u00d3N Y DIRECCI\u00d3N DE EMPRESAS<\/td>\n<td style=\"width: 50%; height: 23px; text-align: center;\">19<\/td>\n<\/tr>\n<tr style=\"height: 23px;\">\n<td style=\"width: 50%; height: 23px; text-align: left;\">GRADO EN ANTROPOLOG\u00cdA SOCIAL Y CULTURAL<\/td>\n<td style=\"width: 50%; height: 23px; text-align: center;\">2<\/td>\n<\/tr>\n<tr style=\"height: 23px; background-color: #d9d4d4;\">\n<td style=\"width: 50%; height: 23px; text-align: left;\">GRADO EN CIENCIAS JUR\u00cdDICAS DE LAS ADMINISTRACIONES P\u00daBLICAS<\/td>\n<td style=\"width: 50%; height: 23px; text-align: center;\">5<\/td>\n<\/tr>\n<tr style=\"height: 23px;\">\n<td style=\"width: 50%; height: 23px; text-align: left;\">GRADO EN CIENCIAS POL\u00cdTICAS Y DE LA ADMINISTRACI\u00d3N<\/td>\n<td style=\"width: 50%; height: 23px; text-align: center;\">5<\/td>\n<\/tr>\n<tr style=\"height: 23px; background-color: #d9d4d4;\">\n<td style=\"width: 50%; height: 23px; text-align: left;\">GRADO EN CIENCIAS AMBIENTALES<\/td>\n<td style=\"width: 50%; height: 23px; text-align: center;\">5<\/td>\n<\/tr>\n<tr style=\"height: 23px;\">\n<td style=\"width: 50%; height: 23px; text-align: left;\">GRADO EN CRIMINOLOG\u00cdA<\/td>\n<td style=\"width: 50%; height: 23px; text-align: center;\">6<\/td>\n<\/tr>\n<tr style=\"height: 23px; background-color: #d9d4d4;\">\n<td style=\"width: 50%; height: 23px; text-align: left;\">GRADO EN DERECHO<\/td>\n<td style=\"width: 50%; height: 23px; text-align: center;\">44<\/td>\n<\/tr>\n<tr style=\"height: 23px;\">\n<td style=\"width: 50%; height: 23px; text-align: left;\">GRADO EN ECONOM\u00cdA<\/td>\n<td style=\"width: 50%; height: 23px; text-align: center;\">2<\/td>\n<\/tr>\n<tr style=\"background-color: #d9d4d4; height: 23px;\">\n<td style=\"width: 50%; text-align: left; height: 23px;\">GRADO EN EDUCACI\u00d3N SOCIAL<\/td>\n<td style=\"width: 50%; text-align: center; height: 23px;\">38<\/td>\n<\/tr>\n<tr style=\"height: 23px;\">\n<td style=\"width: 50%; text-align: left; height: 23px;\">GRADO EN ESTUDIOS INGLESES<\/td>\n<td style=\"width: 50%; text-align: center; height: 23px;\">14<\/td>\n<\/tr>\n<tr style=\"background-color: #d9d4d4; height: 23px;\">\n<td style=\"width: 50%; text-align: left; height: 23px;\">GRADO EN FILOSOF\u00cdA<\/td>\n<td style=\"width: 50%; text-align: center; height: 23px;\">4<\/td>\n<\/tr>\n<tr style=\"height: 23px;\">\n<td style=\"width: 50%; text-align: left; height: 23px;\">GRADO EN F\u00cdSICA<\/td>\n<td style=\"width: 50%; text-align: center; height: 23px;\">1<\/td>\n<\/tr>\n<tr style=\"background-color: #d9d4d4; height: 23px;\">\n<td style=\"width: 50%; text-align: left; height: 23px;\">GRADO EN GEOGRAF\u00cdA E HISTORIA<\/td>\n<td style=\"width: 50%; text-align: center; height: 23px;\">15<\/td>\n<\/tr>\n<tr style=\"height: 23px;\">\n<td style=\"width: 50%; text-align: left; height: 23px;\">GRADO EN HISTORIA DEL ARTE<\/td>\n<td style=\"width: 50%; text-align: center; height: 23px;\">12<\/td>\n<\/tr>\n<tr style=\"background-color: #d9d4d4; height: 23px;\">\n<td style=\"width: 50%; text-align: left; height: 23px;\">GRADO EN INGENIER\u00cdA MEC\u00c1NICA<\/td>\n<td style=\"width: 50%; text-align: center; height: 23px;\">1<\/td>\n<\/tr>\n<tr style=\"height: 23px;\">\n<td style=\"width: 50%; text-align: left; height: 23px;\">GRADO EN LENGUA Y LITERATURA ESPA\u00d1OLA<\/td>\n<td style=\"width: 50%; text-align: center; height: 23px;\">4<\/td>\n<\/tr>\n<tr style=\"background-color: #d9d4d4; height: 23px;\">\n<td style=\"width: 50%; text-align: left; height: 23px;\">GRADO EN MATEM\u00c1TICAS<\/td>\n<td style=\"width: 50%; text-align: center; height: 23px;\">5<\/td>\n<\/tr>\n<tr style=\"height: 23px;\">\n<td style=\"width: 50%; text-align: left; height: 23px;\">GRADO EN PEDAGOG\u00cdA<\/td>\n<td style=\"width: 50%; text-align: center; height: 23px;\">15<\/td>\n<\/tr>\n<tr style=\"background-color: #d9d4d4; height: 23px;\">\n<td style=\"width: 50%; text-align: left; height: 23px;\">GRADO EN PSICOLOG\u00cdA<\/td>\n<td style=\"width: 50%; text-align: center; height: 23px;\">62<\/td>\n<\/tr>\n<tr style=\"height: 23px;\">\n<td style=\"width: 50%; text-align: left; height: 23px;\">GRADO EN QU\u00cdMICA<\/td>\n<td style=\"width: 50%; text-align: center; height: 23px;\">2<\/td>\n<\/tr>\n<tr style=\"background-color: #d9d4d4; height: 23px;\">\n<td style=\"width: 50%; text-align: left; height: 23px;\">GRADO EN SOCIOLOG\u00cdA<\/td>\n<td style=\"width: 50%; text-align: center; height: 23px;\">3<\/td>\n<\/tr>\n<tr style=\"height: 23px;\">\n<td style=\"width: 50%; text-align: left; height: 23px;\">GRADO EN TRABAJO SOCIAL<\/td>\n<td style=\"width: 50%; text-align: center; height: 23px;\">39<\/td>\n<\/tr>\n<tr style=\"background-color: #d9d4d4; height: 23px;\">\n<td style=\"width: 50%; text-align: left; height: 23px;\">GRADO EN TURISMO<\/td>\n<td style=\"width: 50%; text-align: center; height: 23px;\">2<\/td>\n<\/tr>\n<\/tbody>\n<\/table>\n<p>[\/et_pb_text][\/et_pb_column][\/et_pb_row][\/et_pb_section]<\/p>\n","protected":false},"excerpt":{"rendered":"<p>El centro en cifras Titulados <span><span><a href=\"https:\/\/www.unedbarcelona.es\/es\/\">Inici<\/a><\/span><\/span> GRADOS GRADO EN ADMINISTRACI\u00d3N Y DIRECCI\u00d3N DE EMPRESAS 19 GRADO EN ANTROPOLOG\u00cdA SOCIAL Y CULTURAL 2 GRADO EN CIENCIAS JUR\u00cdDICAS DE LAS ADMINISTRACIONES P\u00daBLICAS 5 GRADO EN CIENCIAS POL\u00cdTICAS Y DE LA ADMINISTRACI\u00d3N 5 GRADO EN CIENCIAS AMBIENTALES 5 GRADO EN CRIMINOLOG\u00cdA 6 GRADO EN DERECHO 44 GRADO EN [&hellip;]<\/p>\n","protected":false},"author":6,"featured_media":0,"parent":4703,"menu_order":0,"comment_status":"closed","ping_status":"closed","template":"","meta":{"_et_pb_use_builder":"on","_et_pb_old_content":"","_et_gb_content_width":"","footnotes":""},"class_list":["post-5314","page","type-page","status-publish","hentry"],"yoast_head":"<!-- This site is optimized with the Yoast SEO plugin v27.3 - https:\/\/yoast.com\/product\/yoast-seo-wordpress\/ -->\n<title>Titulados - UNED Barcelona<\/title>\n<meta name=\"robots\" content=\"index, follow, max-snippet:-1, max-image-preview:large, max-video-preview:-1\" \/>\n<link rel=\"canonical\" href=\"https:\/\/www.unedbarcelona.es\/es\/quienes-somos\/transparencia\/el-centre-en-xifres\/titulats\/\" \/>\n<meta property=\"og:locale\" content=\"es_ES\" \/>\n<meta property=\"og:type\" content=\"article\" \/>\n<meta property=\"og:title\" content=\"Titulados - UNED Barcelona\" \/>\n<meta property=\"og:description\" content=\"El centro en cifras Titulados GRADOS GRADO EN ADMINISTRACI\u00d3N Y DIRECCI\u00d3N DE EMPRESAS 19 GRADO EN ANTROPOLOG\u00cdA SOCIAL Y CULTURAL 2 GRADO EN CIENCIAS JUR\u00cdDICAS DE LAS ADMINISTRACIONES P\u00daBLICAS 5 GRADO EN CIENCIAS POL\u00cdTICAS Y DE LA ADMINISTRACI\u00d3N 5 GRADO EN CIENCIAS AMBIENTALES 5 GRADO EN CRIMINOLOG\u00cdA 6 GRADO EN DERECHO 44 GRADO EN [&hellip;]\" \/>\n<meta property=\"og:url\" content=\"https:\/\/www.unedbarcelona.es\/es\/quienes-somos\/transparencia\/el-centre-en-xifres\/titulats\/\" \/>\n<meta property=\"og:site_name\" content=\"UNED Barcelona\" \/>\n<meta property=\"article:modified_time\" content=\"2023-04-28T16:00:06+00:00\" \/>\n<meta name=\"twitter:card\" content=\"summary_large_image\" \/>\n<meta name=\"twitter:label1\" content=\"Tiempo de lectura\" \/>\n\t<meta name=\"twitter:data1\" content=\"2 minutos\" \/>\n<script type=\"application\/ld+json\" class=\"yoast-schema-graph\">{\"@context\":\"https:\\\/\\\/schema.org\",\"@graph\":[{\"@type\":\"WebPage\",\"@id\":\"https:\\\/\\\/www.unedbarcelona.es\\\/es\\\/quienes-somos\\\/transparencia\\\/el-centre-en-xifres\\\/titulats\\\/\",\"url\":\"https:\\\/\\\/www.unedbarcelona.es\\\/es\\\/quienes-somos\\\/transparencia\\\/el-centre-en-xifres\\\/titulats\\\/\",\"name\":\"Titulados - UNED Barcelona\",\"isPartOf\":{\"@id\":\"https:\\\/\\\/www.unedbarcelona.es\\\/es\\\/#website\"},\"datePublished\":\"2018-11-12T12:16:10+00:00\",\"dateModified\":\"2023-04-28T16:00:06+00:00\",\"breadcrumb\":{\"@id\":\"https:\\\/\\\/www.unedbarcelona.es\\\/es\\\/quienes-somos\\\/transparencia\\\/el-centre-en-xifres\\\/titulats\\\/#breadcrumb\"},\"inLanguage\":\"es\",\"potentialAction\":[{\"@type\":\"ReadAction\",\"target\":[\"https:\\\/\\\/www.unedbarcelona.es\\\/es\\\/quienes-somos\\\/transparencia\\\/el-centre-en-xifres\\\/titulats\\\/\"]}]},{\"@type\":\"BreadcrumbList\",\"@id\":\"https:\\\/\\\/www.unedbarcelona.es\\\/es\\\/quienes-somos\\\/transparencia\\\/el-centre-en-xifres\\\/titulats\\\/#breadcrumb\",\"itemListElement\":[{\"@type\":\"ListItem\",\"position\":1,\"name\":\"Inici\",\"item\":\"https:\\\/\\\/www.unedbarcelona.es\\\/es\\\/\"},{\"@type\":\"ListItem\",\"position\":2,\"name\":\"\u00bfQui\u00e9nes somos?\",\"item\":\"https:\\\/\\\/www.unedbarcelona.es\\\/es\\\/quienes-somos\\\/\"},{\"@type\":\"ListItem\",\"position\":3,\"name\":\"Transparencia\",\"item\":\"https:\\\/\\\/www.unedbarcelona.es\\\/es\\\/quienes-somos\\\/transparencia\\\/\"},{\"@type\":\"ListItem\",\"position\":4,\"name\":\"El centro en Cifras\",\"item\":\"https:\\\/\\\/www.unedbarcelona.es\\\/es\\\/quienes-somos\\\/transparencia\\\/el-centre-en-xifres\\\/\"},{\"@type\":\"ListItem\",\"position\":5,\"name\":\"Titulados\"}]},{\"@type\":\"WebSite\",\"@id\":\"https:\\\/\\\/www.unedbarcelona.es\\\/es\\\/#website\",\"url\":\"https:\\\/\\\/www.unedbarcelona.es\\\/es\\\/\",\"name\":\"UNED Barcelona\",\"description\":\"Acc\u00e9s flexible al coneixement relacionat amb l&#039;educaci\u00f3 superior, semipresencial i a dist\u00e0ncia\",\"potentialAction\":[{\"@type\":\"SearchAction\",\"target\":{\"@type\":\"EntryPoint\",\"urlTemplate\":\"https:\\\/\\\/www.unedbarcelona.es\\\/es\\\/?s={search_term_string}\"},\"query-input\":{\"@type\":\"PropertyValueSpecification\",\"valueRequired\":true,\"valueName\":\"search_term_string\"}}],\"inLanguage\":\"es\"}]}<\/script>\n<!-- \/ Yoast SEO plugin. -->","yoast_head_json":{"title":"Titulados - UNED Barcelona","robots":{"index":"index","follow":"follow","max-snippet":"max-snippet:-1","max-image-preview":"max-image-preview:large","max-video-preview":"max-video-preview:-1"},"canonical":"https:\/\/www.unedbarcelona.es\/es\/quienes-somos\/transparencia\/el-centre-en-xifres\/titulats\/","og_locale":"es_ES","og_type":"article","og_title":"Titulados - UNED Barcelona","og_description":"El centro en cifras Titulados GRADOS GRADO EN ADMINISTRACI\u00d3N Y DIRECCI\u00d3N DE EMPRESAS 19 GRADO EN ANTROPOLOG\u00cdA SOCIAL Y CULTURAL 2 GRADO EN CIENCIAS JUR\u00cdDICAS DE LAS ADMINISTRACIONES P\u00daBLICAS 5 GRADO EN CIENCIAS POL\u00cdTICAS Y DE LA ADMINISTRACI\u00d3N 5 GRADO EN CIENCIAS AMBIENTALES 5 GRADO EN CRIMINOLOG\u00cdA 6 GRADO EN DERECHO 44 GRADO EN [&hellip;]","og_url":"https:\/\/www.unedbarcelona.es\/es\/quienes-somos\/transparencia\/el-centre-en-xifres\/titulats\/","og_site_name":"UNED Barcelona","article_modified_time":"2023-04-28T16:00:06+00:00","twitter_card":"summary_large_image","twitter_misc":{"Tiempo de lectura":"2 minutos"},"schema":{"@context":"https:\/\/schema.org","@graph":[{"@type":"WebPage","@id":"https:\/\/www.unedbarcelona.es\/es\/quienes-somos\/transparencia\/el-centre-en-xifres\/titulats\/","url":"https:\/\/www.unedbarcelona.es\/es\/quienes-somos\/transparencia\/el-centre-en-xifres\/titulats\/","name":"Titulados - UNED Barcelona","isPartOf":{"@id":"https:\/\/www.unedbarcelona.es\/es\/#website"},"datePublished":"2018-11-12T12:16:10+00:00","dateModified":"2023-04-28T16:00:06+00:00","breadcrumb":{"@id":"https:\/\/www.unedbarcelona.es\/es\/quienes-somos\/transparencia\/el-centre-en-xifres\/titulats\/#breadcrumb"},"inLanguage":"es","potentialAction":[{"@type":"ReadAction","target":["https:\/\/www.unedbarcelona.es\/es\/quienes-somos\/transparencia\/el-centre-en-xifres\/titulats\/"]}]},{"@type":"BreadcrumbList","@id":"https:\/\/www.unedbarcelona.es\/es\/quienes-somos\/transparencia\/el-centre-en-xifres\/titulats\/#breadcrumb","itemListElement":[{"@type":"ListItem","position":1,"name":"Inici","item":"https:\/\/www.unedbarcelona.es\/es\/"},{"@type":"ListItem","position":2,"name":"\u00bfQui\u00e9nes somos?","item":"https:\/\/www.unedbarcelona.es\/es\/quienes-somos\/"},{"@type":"ListItem","position":3,"name":"Transparencia","item":"https:\/\/www.unedbarcelona.es\/es\/quienes-somos\/transparencia\/"},{"@type":"ListItem","position":4,"name":"El centro en Cifras","item":"https:\/\/www.unedbarcelona.es\/es\/quienes-somos\/transparencia\/el-centre-en-xifres\/"},{"@type":"ListItem","position":5,"name":"Titulados"}]},{"@type":"WebSite","@id":"https:\/\/www.unedbarcelona.es\/es\/#website","url":"https:\/\/www.unedbarcelona.es\/es\/","name":"UNED Barcelona","description":"Acc\u00e9s flexible al coneixement relacionat amb l&#039;educaci\u00f3 superior, semipresencial i a dist\u00e0ncia","potentialAction":[{"@type":"SearchAction","target":{"@type":"EntryPoint","urlTemplate":"https:\/\/www.unedbarcelona.es\/es\/?s={search_term_string}"},"query-input":{"@type":"PropertyValueSpecification","valueRequired":true,"valueName":"search_term_string"}}],"inLanguage":"es"}]}},"_links":{"self":[{"href":"https:\/\/www.unedbarcelona.es\/es\/wp-json\/wp\/v2\/pages\/5314","targetHints":{"allow":["GET"]}}],"collection":[{"href":"https:\/\/www.unedbarcelona.es\/es\/wp-json\/wp\/v2\/pages"}],"about":[{"href":"https:\/\/www.unedbarcelona.es\/es\/wp-json\/wp\/v2\/types\/page"}],"author":[{"embeddable":true,"href":"https:\/\/www.unedbarcelona.es\/es\/wp-json\/wp\/v2\/users\/6"}],"replies":[{"embeddable":true,"href":"https:\/\/www.unedbarcelona.es\/es\/wp-json\/wp\/v2\/comments?post=5314"}],"version-history":[{"count":0,"href":"https:\/\/www.unedbarcelona.es\/es\/wp-json\/wp\/v2\/pages\/5314\/revisions"}],"up":[{"embeddable":true,"href":"https:\/\/www.unedbarcelona.es\/es\/wp-json\/wp\/v2\/pages\/4703"}],"wp:attachment":[{"href":"https:\/\/www.unedbarcelona.es\/es\/wp-json\/wp\/v2\/media?parent=5314"}],"curies":[{"name":"wp","href":"https:\/\/api.w.org\/{rel}","templated":true}]}}