{"id":57510,"date":"2024-10-21T18:53:39","date_gmt":"2024-10-21T16:53:39","guid":{"rendered":"https:\/\/www.unedbarcelona.es\/quienes-somos\/uned-2030\/"},"modified":"2024-10-28T11:49:05","modified_gmt":"2024-10-28T10:49:05","slug":"uned-2030","status":"publish","type":"page","link":"https:\/\/www.unedbarcelona.es\/es\/quienes-somos\/uned-2030\/","title":{"rendered":"UNED 2030"},"content":{"rendered":"<p>[et_pb_section fb_built=\u00bb1&#8243; module_id=\u00bbnostra-historia\u00bb _builder_version=\u00bb4.16&#8243; background_color=\u00bb#01533f\u00bb background_image=\u00bb\/wp-content\/uploads\/2018\/07\/1-Cabecera_qui-som.jpg\u00bb custom_padding=\u00bb1px||1px|\u00bb da_disable_devices=\u00bboff|off|off\u00bb global_colors_info=\u00bb{}\u00bb da_is_popup=\u00bboff\u00bb da_exit_intent=\u00bboff\u00bb da_has_close=\u00bbon\u00bb da_alt_close=\u00bboff\u00bb da_dark_close=\u00bboff\u00bb da_not_modal=\u00bbon\u00bb da_is_singular=\u00bboff\u00bb da_with_loader=\u00bboff\u00bb da_has_shadow=\u00bbon\u00bb][et_pb_row _builder_version=\u00bb4.16&#8243; global_colors_info=\u00bb{}\u00bb][et_pb_column type=\u00bb4_4&#8243; _builder_version=\u00bb4.16&#8243; custom_padding=\u00bb|||\u00bb global_colors_info=\u00bb{}\u00bb custom_padding__hover=\u00bb|||\u00bb][et_pb_text admin_label=\u00bbText tit \u00bb _builder_version=\u00bb4.27.0&#8243; header_text_align=\u00bbleft\u00bb header_text_color=\u00bb#ffffff\u00bb header_font_size=\u00bb75px\u00bb header_line_height=\u00bb77px\u00bb header_2_text_color=\u00bb#ffffff\u00bb header_2_font_size=\u00bb40px\u00bb header_2_line_height=\u00bb42px\u00bb background_layout=\u00bbdark\u00bb global_colors_info=\u00bb{}\u00bb]<\/p>\n<div class=\"tit_quadrat\">\n<div class=\"text_quadrat\">\u00bfQui\u00e9nes somos?<\/div>\n<\/div>\n<div class=\"tit1_quadrat\">\n<h1>UNED 2030<\/h1>\n<\/div>\n<div class=\"final\">\u00a0<\/div>\n<p>[\/et_pb_text][\/et_pb_column][\/et_pb_row][\/et_pb_section][et_pb_section fb_built=\u00bb1&#8243; _builder_version=\u00bb4.16&#8243; custom_padding=\u00bb53.0833px|0px|0|0px|false|false\u00bb da_disable_devices=\u00bboff|off|off\u00bb global_colors_info=\u00bb{}\u00bb da_is_popup=\u00bboff\u00bb da_exit_intent=\u00bboff\u00bb da_has_close=\u00bbon\u00bb da_alt_close=\u00bboff\u00bb da_dark_close=\u00bboff\u00bb da_not_modal=\u00bbon\u00bb da_is_singular=\u00bboff\u00bb da_with_loader=\u00bboff\u00bb da_has_shadow=\u00bbon\u00bb][et_pb_row admin_label=\u00bbRow\u00bb _builder_version=\u00bb4.24.0&#8243; background_size=\u00bbinitial\u00bb background_position=\u00bbtop_left\u00bb background_repeat=\u00bbrepeat\u00bb custom_margin=\u00bb-30px|||\u00bb custom_padding=\u00bb5px|0px|0|0px|false|false\u00bb saved_tabs=\u00bball\u00bb locked=\u00bboff\u00bb global_colors_info=\u00bb{}\u00bb][et_pb_column type=\u00bb4_4&#8243; _builder_version=\u00bb4.16&#8243; custom_padding=\u00bb|||\u00bb global_colors_info=\u00bb{}\u00bb custom_padding__hover=\u00bb|||\u00bb][et_pb_text admin_label=\u00bbText Migas pan\u00bb _builder_version=\u00bb4.27.0&#8243; text_font=\u00bbAbel|300|||||||\u00bb text_line_height=\u00bb16px\u00bb header_font=\u00bbRoboto|300|||||||\u00bb header_line_height=\u00bb32px\u00bb locked=\u00bboff\u00bb global_colors_info=\u00bb{}\u00bb]<\/p>\n<span><span><a href=\"https:\/\/www.unedbarcelona.es\/es\/\">Inici<\/a><\/span><\/span>\n<p>[\/et_pb_text][\/et_pb_column][\/et_pb_row][et_pb_row _builder_version=\u00bb4.16&#8243; background_size=\u00bbinitial\u00bb background_position=\u00bbtop_left\u00bb background_repeat=\u00bbrepeat\u00bb custom_padding=\u00bb0|0px|0|0px|false|false\u00bb global_colors_info=\u00bb{}\u00bb][et_pb_column type=\u00bb4_4&#8243; _builder_version=\u00bb4.16&#8243; custom_padding=\u00bb|||\u00bb global_colors_info=\u00bb{}\u00bb custom_padding__hover=\u00bb|||\u00bb][et_pb_text _builder_version=\u00bb4.27.0&#8243; global_colors_info=\u00bb{}\u00bb]<\/p>\n<h2>Comprometidos con el desarrollo sostenible<\/h2>\n<p><span style=\"font-size: 12pt;\">La UNED\u00a0 Provincia de Barcelona est\u00e1 comprometida con la Agenda 2030, con la firme voluntad de contribuir en los Objetivos de Desarrollo Sostenible (ODS). Pensamos que un mundo mejor y m\u00e1s justo es posible, por eso hace tiempo que alineamos nuestros objetivos e implementamos medidas que nos ayuden a conseguirlo. Adem\u00e1s, la UNED est\u00e1 adherida a m\u00faltiples iniciativas a nivel mundial, al mismo tiempo que colabora con el desarrollo local.<\/span><\/p>\n<p><span style=\"font-size: 12pt;\"><\/span><\/p>\n<p>[\/et_pb_text][\/et_pb_column][\/et_pb_row][et_pb_row column_structure=\u00bb1_2,1_2&#8243; _builder_version=\u00bb4.16&#8243; background_size=\u00bbinitial\u00bb background_position=\u00bbtop_left\u00bb background_repeat=\u00bbrepeat\u00bb custom_padding=\u00bb0|0px|16px|0px|false|false\u00bb global_colors_info=\u00bb{}\u00bb][et_pb_column type=\u00bb1_2&#8243; _builder_version=\u00bb4.16&#8243; custom_padding=\u00bb|||\u00bb global_colors_info=\u00bb{}\u00bb custom_padding__hover=\u00bb|||\u00bb][et_pb_cta title=\u00bbEficiencia energ\u00e9tica\u00bb button_url=\u00bb@ET-DC@eyJkeW5hbWljIjp0cnVlLCJjb250ZW50IjoicG9zdF9saW5rX3VybF9wYWdlIiwic2V0dGluZ3MiOnsicG9zdF9pZCI6IjU3NzMzIn19@\u00bb url_new_window=\u00bbon\u00bb button_text=\u00bbLeer m\u00e1s\u00bb admin_label=\u00bbeficiencia energ\u00e9tica\u00bb _builder_version=\u00bb4.27.2&#8243; _dynamic_attributes=\u00bbbutton_url\u00bb background_image=\u00bbhttps:\/\/www.unedbarcelona.es\/wp-content\/uploads\/2024\/10\/Plaques-solars-edifici-9B.jpg\u00bb background_blend=\u00bbmultiply\u00bb hover_enabled=\u00bb0&#8243; global_colors_info=\u00bb{}\u00bb button_text_size__hover_enabled=\u00bboff\u00bb button_text_size__hover=\u00bbnull\u00bb button_one_text_size__hover_enabled=\u00bboff\u00bb button_one_text_size__hover=\u00bbnull\u00bb button_two_text_size__hover_enabled=\u00bboff\u00bb button_two_text_size__hover=\u00bbnull\u00bb button_text_color__hover_enabled=\u00bboff\u00bb button_text_color__hover=\u00bbnull\u00bb button_one_text_color__hover_enabled=\u00bboff\u00bb button_one_text_color__hover=\u00bbnull\u00bb button_two_text_color__hover_enabled=\u00bboff\u00bb button_two_text_color__hover=\u00bbnull\u00bb button_border_width__hover_enabled=\u00bboff\u00bb button_border_width__hover=\u00bbnull\u00bb button_one_border_width__hover_enabled=\u00bboff\u00bb button_one_border_width__hover=\u00bbnull\u00bb button_two_border_width__hover_enabled=\u00bboff\u00bb button_two_border_width__hover=\u00bbnull\u00bb button_border_color__hover_enabled=\u00bboff\u00bb button_border_color__hover=\u00bbnull\u00bb button_one_border_color__hover_enabled=\u00bboff\u00bb button_one_border_color__hover=\u00bbnull\u00bb button_two_border_color__hover_enabled=\u00bboff\u00bb button_two_border_color__hover=\u00bbnull\u00bb button_border_radius__hover_enabled=\u00bboff\u00bb button_border_radius__hover=\u00bbnull\u00bb button_one_border_radius__hover_enabled=\u00bboff\u00bb button_one_border_radius__hover=\u00bbnull\u00bb button_two_border_radius__hover_enabled=\u00bboff\u00bb button_two_border_radius__hover=\u00bbnull\u00bb button_letter_spacing__hover_enabled=\u00bboff\u00bb button_letter_spacing__hover=\u00bbnull\u00bb button_one_letter_spacing__hover_enabled=\u00bboff\u00bb button_one_letter_spacing__hover=\u00bbnull\u00bb button_two_letter_spacing__hover_enabled=\u00bboff\u00bb button_two_letter_spacing__hover=\u00bbnull\u00bb button_bg_color__hover_enabled=\u00bboff\u00bb button_bg_color__hover=\u00bbnull\u00bb button_one_bg_color__hover_enabled=\u00bboff\u00bb button_one_bg_color__hover=\u00bbnull\u00bb button_two_bg_color__hover_enabled=\u00bboff\u00bb button_two_bg_color__hover=\u00bbnull\u00bb sticky_enabled=\u00bb0&#8243;][\/et_pb_cta][\/et_pb_column][et_pb_column type=\u00bb1_2&#8243; _builder_version=\u00bb4.16&#8243; custom_padding=\u00bb|||\u00bb global_colors_info=\u00bb{}\u00bb custom_padding__hover=\u00bb|||\u00bb][et_pb_cta title=\u00bbHuella de Carbono \u00bb url_new_window=\u00bbon\u00bb button_text=\u00bbEn construcci\u00f3n\u00bb admin_label=\u00bbHuella de carbono\u00bb _builder_version=\u00bb4.27.0&#8243; background_image=\u00bbhttps:\/\/www.unedbarcelona.es\/wp-content\/uploads\/2024\/10\/Petjada-de-carboni.jpg\u00bb background_blend=\u00bbmultiply\u00bb global_colors_info=\u00bb{}\u00bb button_text_size__hover_enabled=\u00bboff\u00bb button_text_size__hover=\u00bbnull\u00bb button_one_text_size__hover_enabled=\u00bboff\u00bb button_one_text_size__hover=\u00bbnull\u00bb button_two_text_size__hover_enabled=\u00bboff\u00bb button_two_text_size__hover=\u00bbnull\u00bb button_text_color__hover_enabled=\u00bboff\u00bb button_text_color__hover=\u00bbnull\u00bb button_one_text_color__hover_enabled=\u00bboff\u00bb button_one_text_color__hover=\u00bbnull\u00bb button_two_text_color__hover_enabled=\u00bboff\u00bb button_two_text_color__hover=\u00bbnull\u00bb button_border_width__hover_enabled=\u00bboff\u00bb button_border_width__hover=\u00bbnull\u00bb button_one_border_width__hover_enabled=\u00bboff\u00bb button_one_border_width__hover=\u00bbnull\u00bb button_two_border_width__hover_enabled=\u00bboff\u00bb button_two_border_width__hover=\u00bbnull\u00bb button_border_color__hover_enabled=\u00bboff\u00bb button_border_color__hover=\u00bbnull\u00bb button_one_border_color__hover_enabled=\u00bboff\u00bb button_one_border_color__hover=\u00bbnull\u00bb button_two_border_color__hover_enabled=\u00bboff\u00bb button_two_border_color__hover=\u00bbnull\u00bb button_border_radius__hover_enabled=\u00bboff\u00bb button_border_radius__hover=\u00bbnull\u00bb button_one_border_radius__hover_enabled=\u00bboff\u00bb button_one_border_radius__hover=\u00bbnull\u00bb button_two_border_radius__hover_enabled=\u00bboff\u00bb button_two_border_radius__hover=\u00bbnull\u00bb button_letter_spacing__hover_enabled=\u00bboff\u00bb button_letter_spacing__hover=\u00bbnull\u00bb button_one_letter_spacing__hover_enabled=\u00bboff\u00bb button_one_letter_spacing__hover=\u00bbnull\u00bb button_two_letter_spacing__hover_enabled=\u00bboff\u00bb button_two_letter_spacing__hover=\u00bbnull\u00bb button_bg_color__hover_enabled=\u00bboff\u00bb button_bg_color__hover=\u00bbnull\u00bb button_one_bg_color__hover_enabled=\u00bboff\u00bb button_one_bg_color__hover=\u00bbnull\u00bb button_two_bg_color__hover_enabled=\u00bboff\u00bb button_two_bg_color__hover=\u00bbnull\u00bb]<\/p>\n<h4 style=\"text-align: center;\"><span style=\"font-size: 12pt;\">(En construcci\u00f3n)<\/span><\/h4>\n<p>[\/et_pb_cta][\/et_pb_column][\/et_pb_row][\/et_pb_section]<\/p>\n","protected":false},"excerpt":{"rendered":"<p>\u00bfQui\u00e9nes somos? UNED 2030 \u00a0<span><span><a href=\"https:\/\/www.unedbarcelona.es\/es\/\">Inici<\/a><\/span><\/span>Comprometidos con el desarrollo sostenible La UNED\u00a0 Provincia de Barcelona est\u00e1 comprometida con la Agenda 2030, con la firme voluntad de contribuir en los Objetivos de Desarrollo Sostenible (ODS). Pensamos que un mundo mejor y m\u00e1s justo es posible, por eso hace tiempo que alineamos nuestros objetivos e implementamos medidas que [&hellip;]<\/p>\n","protected":false},"author":7,"featured_media":0,"parent":8763,"menu_order":0,"comment_status":"closed","ping_status":"closed","template":"","meta":{"_et_pb_use_builder":"on","_et_pb_old_content":"","_et_gb_content_width":"","footnotes":""},"class_list":["post-57510","page","type-page","status-publish","hentry"],"yoast_head":"<!-- This site is optimized with the Yoast SEO plugin v27.3 - https:\/\/yoast.com\/product\/yoast-seo-wordpress\/ -->\n<title>UNED 2030 - UNED Barcelona<\/title>\n<meta name=\"robots\" content=\"index, follow, max-snippet:-1, max-image-preview:large, max-video-preview:-1\" \/>\n<link rel=\"canonical\" href=\"https:\/\/www.unedbarcelona.es\/es\/quienes-somos\/uned-2030\/\" \/>\n<meta property=\"og:locale\" content=\"es_ES\" \/>\n<meta property=\"og:type\" content=\"article\" \/>\n<meta property=\"og:title\" content=\"UNED 2030 - UNED Barcelona\" \/>\n<meta property=\"og:description\" content=\"\u00bfQui\u00e9nes somos? UNED 2030 \u00a0Comprometidos con el desarrollo sostenible La UNED\u00a0 Provincia de Barcelona est\u00e1 comprometida con la Agenda 2030, con la firme voluntad de contribuir en los Objetivos de Desarrollo Sostenible (ODS). Pensamos que un mundo mejor y m\u00e1s justo es posible, por eso hace tiempo que alineamos nuestros objetivos e implementamos medidas que [&hellip;]\" \/>\n<meta property=\"og:url\" content=\"https:\/\/www.unedbarcelona.es\/es\/quienes-somos\/uned-2030\/\" \/>\n<meta property=\"og:site_name\" content=\"UNED Barcelona\" \/>\n<meta property=\"article:modified_time\" content=\"2024-10-28T10:49:05+00:00\" \/>\n<meta name=\"twitter:card\" content=\"summary_large_image\" \/>\n<meta name=\"twitter:label1\" content=\"Tiempo de lectura\" \/>\n\t<meta name=\"twitter:data1\" content=\"1 minuto\" \/>\n<script type=\"application\/ld+json\" class=\"yoast-schema-graph\">{\"@context\":\"https:\\\/\\\/schema.org\",\"@graph\":[{\"@type\":\"WebPage\",\"@id\":\"https:\\\/\\\/www.unedbarcelona.es\\\/es\\\/quienes-somos\\\/uned-2030\\\/\",\"url\":\"https:\\\/\\\/www.unedbarcelona.es\\\/es\\\/quienes-somos\\\/uned-2030\\\/\",\"name\":\"UNED 2030 - UNED Barcelona\",\"isPartOf\":{\"@id\":\"https:\\\/\\\/www.unedbarcelona.es\\\/es\\\/#website\"},\"datePublished\":\"2024-10-21T16:53:39+00:00\",\"dateModified\":\"2024-10-28T10:49:05+00:00\",\"breadcrumb\":{\"@id\":\"https:\\\/\\\/www.unedbarcelona.es\\\/es\\\/quienes-somos\\\/uned-2030\\\/#breadcrumb\"},\"inLanguage\":\"es\",\"potentialAction\":[{\"@type\":\"ReadAction\",\"target\":[\"https:\\\/\\\/www.unedbarcelona.es\\\/es\\\/quienes-somos\\\/uned-2030\\\/\"]}]},{\"@type\":\"BreadcrumbList\",\"@id\":\"https:\\\/\\\/www.unedbarcelona.es\\\/es\\\/quienes-somos\\\/uned-2030\\\/#breadcrumb\",\"itemListElement\":[{\"@type\":\"ListItem\",\"position\":1,\"name\":\"Inici\",\"item\":\"https:\\\/\\\/www.unedbarcelona.es\\\/es\\\/\"},{\"@type\":\"ListItem\",\"position\":2,\"name\":\"\u00bfQui\u00e9nes somos?\",\"item\":\"https:\\\/\\\/www.unedbarcelona.es\\\/es\\\/quienes-somos\\\/\"},{\"@type\":\"ListItem\",\"position\":3,\"name\":\"UNED 2030\"}]},{\"@type\":\"WebSite\",\"@id\":\"https:\\\/\\\/www.unedbarcelona.es\\\/es\\\/#website\",\"url\":\"https:\\\/\\\/www.unedbarcelona.es\\\/es\\\/\",\"name\":\"UNED Barcelona\",\"description\":\"Acc\u00e9s flexible al coneixement relacionat amb l&#039;educaci\u00f3 superior, semipresencial i a dist\u00e0ncia\",\"potentialAction\":[{\"@type\":\"SearchAction\",\"target\":{\"@type\":\"EntryPoint\",\"urlTemplate\":\"https:\\\/\\\/www.unedbarcelona.es\\\/es\\\/?s={search_term_string}\"},\"query-input\":{\"@type\":\"PropertyValueSpecification\",\"valueRequired\":true,\"valueName\":\"search_term_string\"}}],\"inLanguage\":\"es\"}]}<\/script>\n<!-- \/ Yoast SEO plugin. -->","yoast_head_json":{"title":"UNED 2030 - UNED Barcelona","robots":{"index":"index","follow":"follow","max-snippet":"max-snippet:-1","max-image-preview":"max-image-preview:large","max-video-preview":"max-video-preview:-1"},"canonical":"https:\/\/www.unedbarcelona.es\/es\/quienes-somos\/uned-2030\/","og_locale":"es_ES","og_type":"article","og_title":"UNED 2030 - UNED Barcelona","og_description":"\u00bfQui\u00e9nes somos? UNED 2030 \u00a0Comprometidos con el desarrollo sostenible La UNED\u00a0 Provincia de Barcelona est\u00e1 comprometida con la Agenda 2030, con la firme voluntad de contribuir en los Objetivos de Desarrollo Sostenible (ODS). Pensamos que un mundo mejor y m\u00e1s justo es posible, por eso hace tiempo que alineamos nuestros objetivos e implementamos medidas que [&hellip;]","og_url":"https:\/\/www.unedbarcelona.es\/es\/quienes-somos\/uned-2030\/","og_site_name":"UNED Barcelona","article_modified_time":"2024-10-28T10:49:05+00:00","twitter_card":"summary_large_image","twitter_misc":{"Tiempo de lectura":"1 minuto"},"schema":{"@context":"https:\/\/schema.org","@graph":[{"@type":"WebPage","@id":"https:\/\/www.unedbarcelona.es\/es\/quienes-somos\/uned-2030\/","url":"https:\/\/www.unedbarcelona.es\/es\/quienes-somos\/uned-2030\/","name":"UNED 2030 - UNED Barcelona","isPartOf":{"@id":"https:\/\/www.unedbarcelona.es\/es\/#website"},"datePublished":"2024-10-21T16:53:39+00:00","dateModified":"2024-10-28T10:49:05+00:00","breadcrumb":{"@id":"https:\/\/www.unedbarcelona.es\/es\/quienes-somos\/uned-2030\/#breadcrumb"},"inLanguage":"es","potentialAction":[{"@type":"ReadAction","target":["https:\/\/www.unedbarcelona.es\/es\/quienes-somos\/uned-2030\/"]}]},{"@type":"BreadcrumbList","@id":"https:\/\/www.unedbarcelona.es\/es\/quienes-somos\/uned-2030\/#breadcrumb","itemListElement":[{"@type":"ListItem","position":1,"name":"Inici","item":"https:\/\/www.unedbarcelona.es\/es\/"},{"@type":"ListItem","position":2,"name":"\u00bfQui\u00e9nes somos?","item":"https:\/\/www.unedbarcelona.es\/es\/quienes-somos\/"},{"@type":"ListItem","position":3,"name":"UNED 2030"}]},{"@type":"WebSite","@id":"https:\/\/www.unedbarcelona.es\/es\/#website","url":"https:\/\/www.unedbarcelona.es\/es\/","name":"UNED Barcelona","description":"Acc\u00e9s flexible al coneixement relacionat amb l&#039;educaci\u00f3 superior, semipresencial i a dist\u00e0ncia","potentialAction":[{"@type":"SearchAction","target":{"@type":"EntryPoint","urlTemplate":"https:\/\/www.unedbarcelona.es\/es\/?s={search_term_string}"},"query-input":{"@type":"PropertyValueSpecification","valueRequired":true,"valueName":"search_term_string"}}],"inLanguage":"es"}]}},"_links":{"self":[{"href":"https:\/\/www.unedbarcelona.es\/es\/wp-json\/wp\/v2\/pages\/57510","targetHints":{"allow":["GET"]}}],"collection":[{"href":"https:\/\/www.unedbarcelona.es\/es\/wp-json\/wp\/v2\/pages"}],"about":[{"href":"https:\/\/www.unedbarcelona.es\/es\/wp-json\/wp\/v2\/types\/page"}],"author":[{"embeddable":true,"href":"https:\/\/www.unedbarcelona.es\/es\/wp-json\/wp\/v2\/users\/7"}],"replies":[{"embeddable":true,"href":"https:\/\/www.unedbarcelona.es\/es\/wp-json\/wp\/v2\/comments?post=57510"}],"version-history":[{"count":0,"href":"https:\/\/www.unedbarcelona.es\/es\/wp-json\/wp\/v2\/pages\/57510\/revisions"}],"up":[{"embeddable":true,"href":"https:\/\/www.unedbarcelona.es\/es\/wp-json\/wp\/v2\/pages\/8763"}],"wp:attachment":[{"href":"https:\/\/www.unedbarcelona.es\/es\/wp-json\/wp\/v2\/media?parent=57510"}],"curies":[{"name":"wp","href":"https:\/\/api.w.org\/{rel}","templated":true}]}}