{"id":57733,"date":"2024-10-28T11:40:41","date_gmt":"2024-10-28T10:40:41","guid":{"rendered":"https:\/\/www.unedbarcelona.es\/quienes-somos\/uned-2030\/eficiencia-energetica\/"},"modified":"2024-10-28T11:43:43","modified_gmt":"2024-10-28T10:43:43","slug":"eficiencia-energetica","status":"publish","type":"page","link":"https:\/\/www.unedbarcelona.es\/es\/quienes-somos\/uned-2030\/eficiencia-energetica\/","title":{"rendered":"Eficiencia Energ\u00e9tica"},"content":{"rendered":"<p>[et_pb_section fb_built=\u00bb1&#8243; module_id=\u00bbnostra-historia\u00bb _builder_version=\u00bb4.16&#8243; background_color=\u00bb#01533f\u00bb background_image=\u00bb\/wp-content\/uploads\/2018\/07\/1-Cabecera_qui-som.jpg\u00bb custom_padding=\u00bb1px||1px|\u00bb da_disable_devices=\u00bboff|off|off\u00bb locked=\u00bboff\u00bb global_colors_info=\u00bb{}\u00bb da_is_popup=\u00bboff\u00bb da_exit_intent=\u00bboff\u00bb da_has_close=\u00bbon\u00bb da_alt_close=\u00bboff\u00bb da_dark_close=\u00bboff\u00bb da_not_modal=\u00bbon\u00bb da_is_singular=\u00bboff\u00bb da_with_loader=\u00bboff\u00bb da_has_shadow=\u00bbon\u00bb][et_pb_row _builder_version=\u00bb4.16&#8243; global_colors_info=\u00bb{}\u00bb][et_pb_column type=\u00bb4_4&#8243; _builder_version=\u00bb4.16&#8243; custom_padding=\u00bb|||\u00bb global_colors_info=\u00bb{}\u00bb custom_padding__hover=\u00bb|||\u00bb][et_pb_text admin_label=\u00bbText tit \u00bb _builder_version=\u00bb4.27.2&#8243; header_text_align=\u00bbleft\u00bb header_text_color=\u00bb#ffffff\u00bb header_font_size=\u00bb75px\u00bb header_line_height=\u00bb77px\u00bb header_2_text_color=\u00bb#ffffff\u00bb header_2_font_size=\u00bb40px\u00bb header_2_line_height=\u00bb42px\u00bb background_layout=\u00bbdark\u00bb hover_enabled=\u00bb0&#8243; global_colors_info=\u00bb{}\u00bb sticky_enabled=\u00bb0&#8243;]<\/p>\n<div class=\"tit_quadrat\">\n<div class=\"text_quadrat\">\u00bfQui\u00e9nes somos?<\/div>\n<\/div>\n<div class=\"tit1_quadrat\">\n<h1>Eficiencia Energ\u00e9tica<\/h1>\n<\/div>\n<div class=\"final\">\u00a0<\/div>\n<p>[\/et_pb_text][\/et_pb_column][\/et_pb_row][\/et_pb_section][et_pb_section fb_built=\u00bb1&#8243; _builder_version=\u00bb4.16&#8243; custom_padding=\u00bb0px|||||\u00bb da_disable_devices=\u00bboff|off|off\u00bb global_colors_info=\u00bb{}\u00bb da_is_popup=\u00bboff\u00bb da_exit_intent=\u00bboff\u00bb da_has_close=\u00bbon\u00bb da_alt_close=\u00bboff\u00bb da_dark_close=\u00bboff\u00bb da_not_modal=\u00bbon\u00bb da_is_singular=\u00bboff\u00bb da_with_loader=\u00bboff\u00bb da_has_shadow=\u00bbon\u00bb][et_pb_row column_structure=\u00bb2_5,3_5&#8243; _builder_version=\u00bb4.16&#8243; background_size=\u00bbinitial\u00bb background_position=\u00bbtop_left\u00bb background_repeat=\u00bbrepeat\u00bb global_colors_info=\u00bb{}\u00bb][et_pb_column type=\u00bb2_5&#8243; _builder_version=\u00bb4.16&#8243; custom_padding=\u00bb|||\u00bb global_colors_info=\u00bb{}\u00bb custom_padding__hover=\u00bb|||\u00bb][et_pb_image src=\u00bbhttps:\/\/www.unedbarcelona.es\/wp-content\/uploads\/2024\/10\/PHOTO-2024-07-17-13-47-02.-1jpg.jpg\u00bb title_text=\u00bbPHOTO-2024-07-17-13-47-02.-1jpg\u00bb url_new_window=\u00bbon\u00bb align_tablet=\u00bbcenter\u00bb align_phone=\u00bb\u00bb align_last_edited=\u00bbon|desktop\u00bb _builder_version=\u00bb4.27.0&#8243; global_colors_info=\u00bb{}\u00bb][\/et_pb_image][\/et_pb_column][et_pb_column type=\u00bb3_5&#8243; _builder_version=\u00bb4.16&#8243; custom_padding=\u00bb|||\u00bb global_colors_info=\u00bb{}\u00bb custom_padding__hover=\u00bb|||\u00bb][et_pb_text admin_label=\u00bbEnergia Verda\u00bb _builder_version=\u00bb4.27.2&#8243; hover_enabled=\u00bb0&#8243; global_colors_info=\u00bb{}\u00bb sticky_enabled=\u00bb0&#8243;]<\/p>\n<h1>La UNED Barcelona apuesta por la energ\u00eda verde de la mano de ATLAS Energ\u00eda con un acuerdo PPA a 25 a\u00f1os que le aporta beneficios econ\u00f3micos y medioambientales<\/h1>\n<p>En UNED Barcelona hemos reforzado nuestra apuesta por la energ\u00eda verde y las energ\u00edas renovables de la mano de ATLAS Energ\u00eda con un proyecto PPA a 25 a\u00f1os. El acuerdo est\u00e1 incluido en el plan de acci\u00f3n de MES Barcelona que impulsa el Ayuntamiento de la Ciudad Condal.<br \/>As\u00ed pues, se trata de una instalaci\u00f3n de 9,75 kWp de potencia instalada, con la generaci\u00f3n de 13.162 kWh de energ\u00eda verde en nuestras instalaciones .<br \/>El proyecto ampl\u00eda la eficiencia energ\u00e9tica del edificio con un ahorro estimado de 38.750 euros en la factura de la luz durante los 25 a\u00f1os que dura el contrato.<br \/>Adem\u00e1s de los beneficios econ\u00f3micos evidentes, el proyecto nos permite reafirmar nuestro compromiso con el medio ambiente, dejando de producir, por ejemplo, 6,3 toneladas de CO2 cada a\u00f1o.<br \/>El acuerdo firmado es a trav\u00e9s de un contrato en la modalidad de PPA que implica, por parte de ATLAS Energ\u00eda, una inversi\u00f3n inicial y el compromiso de gesti\u00f3n y mantenimiento con la correspondiente explotaci\u00f3n de la instalaci\u00f3n durante 25 a\u00f1os. Una vez finalizado este periodo, la instalaci\u00f3n pasar\u00e1 a ser propiedad de UNED.<\/p>\n<p>[\/et_pb_text][\/et_pb_column][\/et_pb_row][\/et_pb_section]<\/p>\n","protected":false},"excerpt":{"rendered":"<p>\u00bfQui\u00e9nes somos? Eficiencia Energ\u00e9tica \u00a0La UNED Barcelona apuesta por la energ\u00eda verde de la mano de ATLAS Energ\u00eda con un acuerdo PPA a 25 a\u00f1os que le aporta beneficios econ\u00f3micos y medioambientales En UNED Barcelona hemos reforzado nuestra apuesta por la energ\u00eda verde y las energ\u00edas renovables de la mano de ATLAS Energ\u00eda con un [&hellip;]<\/p>\n","protected":false},"author":7,"featured_media":0,"parent":57510,"menu_order":0,"comment_status":"closed","ping_status":"closed","template":"","meta":{"_et_pb_use_builder":"on","_et_pb_old_content":"","_et_gb_content_width":"","footnotes":""},"class_list":["post-57733","page","type-page","status-publish","hentry"],"yoast_head":"<!-- This site is optimized with the Yoast SEO plugin v27.4 - https:\/\/yoast.com\/product\/yoast-seo-wordpress\/ -->\n<title>Eficiencia Energ\u00e9tica - UNED Barcelona<\/title>\n<meta name=\"robots\" content=\"index, follow, max-snippet:-1, max-image-preview:large, max-video-preview:-1\" \/>\n<link rel=\"canonical\" href=\"https:\/\/www.unedbarcelona.es\/es\/quienes-somos\/uned-2030\/eficiencia-energetica\/\" \/>\n<meta property=\"og:locale\" content=\"es_ES\" \/>\n<meta property=\"og:type\" content=\"article\" \/>\n<meta property=\"og:title\" content=\"Eficiencia Energ\u00e9tica - UNED Barcelona\" \/>\n<meta property=\"og:description\" content=\"\u00bfQui\u00e9nes somos? Eficiencia Energ\u00e9tica \u00a0La UNED Barcelona apuesta por la energ\u00eda verde de la mano de ATLAS Energ\u00eda con un acuerdo PPA a 25 a\u00f1os que le aporta beneficios econ\u00f3micos y medioambientales En UNED Barcelona hemos reforzado nuestra apuesta por la energ\u00eda verde y las energ\u00edas renovables de la mano de ATLAS Energ\u00eda con un [&hellip;]\" \/>\n<meta property=\"og:url\" content=\"https:\/\/www.unedbarcelona.es\/es\/quienes-somos\/uned-2030\/eficiencia-energetica\/\" \/>\n<meta property=\"og:site_name\" content=\"UNED Barcelona\" \/>\n<meta property=\"article:modified_time\" content=\"2024-10-28T10:43:43+00:00\" \/>\n<meta name=\"twitter:card\" content=\"summary_large_image\" \/>\n<meta name=\"twitter:label1\" content=\"Tiempo de lectura\" \/>\n\t<meta name=\"twitter:data1\" content=\"2 minutos\" \/>\n<script type=\"application\/ld+json\" class=\"yoast-schema-graph\">{\"@context\":\"https:\\\/\\\/schema.org\",\"@graph\":[{\"@type\":\"WebPage\",\"@id\":\"https:\\\/\\\/www.unedbarcelona.es\\\/es\\\/quienes-somos\\\/uned-2030\\\/eficiencia-energetica\\\/\",\"url\":\"https:\\\/\\\/www.unedbarcelona.es\\\/es\\\/quienes-somos\\\/uned-2030\\\/eficiencia-energetica\\\/\",\"name\":\"Eficiencia Energ\u00e9tica - UNED Barcelona\",\"isPartOf\":{\"@id\":\"https:\\\/\\\/www.unedbarcelona.es\\\/es\\\/#website\"},\"datePublished\":\"2024-10-28T10:40:41+00:00\",\"dateModified\":\"2024-10-28T10:43:43+00:00\",\"breadcrumb\":{\"@id\":\"https:\\\/\\\/www.unedbarcelona.es\\\/es\\\/quienes-somos\\\/uned-2030\\\/eficiencia-energetica\\\/#breadcrumb\"},\"inLanguage\":\"es\",\"potentialAction\":[{\"@type\":\"ReadAction\",\"target\":[\"https:\\\/\\\/www.unedbarcelona.es\\\/es\\\/quienes-somos\\\/uned-2030\\\/eficiencia-energetica\\\/\"]}]},{\"@type\":\"BreadcrumbList\",\"@id\":\"https:\\\/\\\/www.unedbarcelona.es\\\/es\\\/quienes-somos\\\/uned-2030\\\/eficiencia-energetica\\\/#breadcrumb\",\"itemListElement\":[{\"@type\":\"ListItem\",\"position\":1,\"name\":\"Inici\",\"item\":\"https:\\\/\\\/www.unedbarcelona.es\\\/es\\\/\"},{\"@type\":\"ListItem\",\"position\":2,\"name\":\"\u00bfQui\u00e9nes somos?\",\"item\":\"https:\\\/\\\/www.unedbarcelona.es\\\/es\\\/quienes-somos\\\/\"},{\"@type\":\"ListItem\",\"position\":3,\"name\":\"UNED 2030\",\"item\":\"https:\\\/\\\/www.unedbarcelona.es\\\/es\\\/quienes-somos\\\/uned-2030\\\/\"},{\"@type\":\"ListItem\",\"position\":4,\"name\":\"Eficiencia Energ\u00e9tica\"}]},{\"@type\":\"WebSite\",\"@id\":\"https:\\\/\\\/www.unedbarcelona.es\\\/es\\\/#website\",\"url\":\"https:\\\/\\\/www.unedbarcelona.es\\\/es\\\/\",\"name\":\"UNED Barcelona\",\"description\":\"Acc\u00e9s flexible al coneixement relacionat amb l&#039;educaci\u00f3 superior, semipresencial i a dist\u00e0ncia\",\"potentialAction\":[{\"@type\":\"SearchAction\",\"target\":{\"@type\":\"EntryPoint\",\"urlTemplate\":\"https:\\\/\\\/www.unedbarcelona.es\\\/es\\\/?s={search_term_string}\"},\"query-input\":{\"@type\":\"PropertyValueSpecification\",\"valueRequired\":true,\"valueName\":\"search_term_string\"}}],\"inLanguage\":\"es\"}]}<\/script>\n<!-- \/ Yoast SEO plugin. -->","yoast_head_json":{"title":"Eficiencia Energ\u00e9tica - UNED Barcelona","robots":{"index":"index","follow":"follow","max-snippet":"max-snippet:-1","max-image-preview":"max-image-preview:large","max-video-preview":"max-video-preview:-1"},"canonical":"https:\/\/www.unedbarcelona.es\/es\/quienes-somos\/uned-2030\/eficiencia-energetica\/","og_locale":"es_ES","og_type":"article","og_title":"Eficiencia Energ\u00e9tica - UNED Barcelona","og_description":"\u00bfQui\u00e9nes somos? Eficiencia Energ\u00e9tica \u00a0La UNED Barcelona apuesta por la energ\u00eda verde de la mano de ATLAS Energ\u00eda con un acuerdo PPA a 25 a\u00f1os que le aporta beneficios econ\u00f3micos y medioambientales En UNED Barcelona hemos reforzado nuestra apuesta por la energ\u00eda verde y las energ\u00edas renovables de la mano de ATLAS Energ\u00eda con un [&hellip;]","og_url":"https:\/\/www.unedbarcelona.es\/es\/quienes-somos\/uned-2030\/eficiencia-energetica\/","og_site_name":"UNED Barcelona","article_modified_time":"2024-10-28T10:43:43+00:00","twitter_card":"summary_large_image","twitter_misc":{"Tiempo de lectura":"2 minutos"},"schema":{"@context":"https:\/\/schema.org","@graph":[{"@type":"WebPage","@id":"https:\/\/www.unedbarcelona.es\/es\/quienes-somos\/uned-2030\/eficiencia-energetica\/","url":"https:\/\/www.unedbarcelona.es\/es\/quienes-somos\/uned-2030\/eficiencia-energetica\/","name":"Eficiencia Energ\u00e9tica - UNED Barcelona","isPartOf":{"@id":"https:\/\/www.unedbarcelona.es\/es\/#website"},"datePublished":"2024-10-28T10:40:41+00:00","dateModified":"2024-10-28T10:43:43+00:00","breadcrumb":{"@id":"https:\/\/www.unedbarcelona.es\/es\/quienes-somos\/uned-2030\/eficiencia-energetica\/#breadcrumb"},"inLanguage":"es","potentialAction":[{"@type":"ReadAction","target":["https:\/\/www.unedbarcelona.es\/es\/quienes-somos\/uned-2030\/eficiencia-energetica\/"]}]},{"@type":"BreadcrumbList","@id":"https:\/\/www.unedbarcelona.es\/es\/quienes-somos\/uned-2030\/eficiencia-energetica\/#breadcrumb","itemListElement":[{"@type":"ListItem","position":1,"name":"Inici","item":"https:\/\/www.unedbarcelona.es\/es\/"},{"@type":"ListItem","position":2,"name":"\u00bfQui\u00e9nes somos?","item":"https:\/\/www.unedbarcelona.es\/es\/quienes-somos\/"},{"@type":"ListItem","position":3,"name":"UNED 2030","item":"https:\/\/www.unedbarcelona.es\/es\/quienes-somos\/uned-2030\/"},{"@type":"ListItem","position":4,"name":"Eficiencia Energ\u00e9tica"}]},{"@type":"WebSite","@id":"https:\/\/www.unedbarcelona.es\/es\/#website","url":"https:\/\/www.unedbarcelona.es\/es\/","name":"UNED Barcelona","description":"Acc\u00e9s flexible al coneixement relacionat amb l&#039;educaci\u00f3 superior, semipresencial i a dist\u00e0ncia","potentialAction":[{"@type":"SearchAction","target":{"@type":"EntryPoint","urlTemplate":"https:\/\/www.unedbarcelona.es\/es\/?s={search_term_string}"},"query-input":{"@type":"PropertyValueSpecification","valueRequired":true,"valueName":"search_term_string"}}],"inLanguage":"es"}]}},"_links":{"self":[{"href":"https:\/\/www.unedbarcelona.es\/es\/wp-json\/wp\/v2\/pages\/57733","targetHints":{"allow":["GET"]}}],"collection":[{"href":"https:\/\/www.unedbarcelona.es\/es\/wp-json\/wp\/v2\/pages"}],"about":[{"href":"https:\/\/www.unedbarcelona.es\/es\/wp-json\/wp\/v2\/types\/page"}],"author":[{"embeddable":true,"href":"https:\/\/www.unedbarcelona.es\/es\/wp-json\/wp\/v2\/users\/7"}],"replies":[{"embeddable":true,"href":"https:\/\/www.unedbarcelona.es\/es\/wp-json\/wp\/v2\/comments?post=57733"}],"version-history":[{"count":0,"href":"https:\/\/www.unedbarcelona.es\/es\/wp-json\/wp\/v2\/pages\/57733\/revisions"}],"up":[{"embeddable":true,"href":"https:\/\/www.unedbarcelona.es\/es\/wp-json\/wp\/v2\/pages\/57510"}],"wp:attachment":[{"href":"https:\/\/www.unedbarcelona.es\/es\/wp-json\/wp\/v2\/media?parent=57733"}],"curies":[{"name":"wp","href":"https:\/\/api.w.org\/{rel}","templated":true}]}}