{"id":5782,"date":"2018-06-12T17:17:13","date_gmt":"2018-06-12T15:17:13","guid":{"rendered":"https:\/\/www.unedbarcelona.es\/estudios\/idiomes\/"},"modified":"2024-02-15T12:36:29","modified_gmt":"2024-02-15T11:36:29","slug":"idiomes","status":"publish","type":"page","link":"https:\/\/www.unedbarcelona.es\/es\/estudios\/idiomes\/","title":{"rendered":"Idiomas"},"content":{"rendered":"<p>[et_pb_section fb_built=\u00bb1&#8243; module_id=\u00bbnostra-historia\u00bb _builder_version=\u00bb4.16&#8243; background_color=\u00bb#01533f\u00bb background_image=\u00bb\/wp-content\/uploads\/2018\/07\/1-Cabecera_qui-som.jpg\u00bb custom_padding=\u00bb1px||1px|\u00bb da_disable_devices=\u00bboff|off|off\u00bb global_colors_info=\u00bb{}\u00bb da_is_popup=\u00bboff\u00bb da_exit_intent=\u00bboff\u00bb da_has_close=\u00bbon\u00bb da_alt_close=\u00bboff\u00bb da_dark_close=\u00bboff\u00bb da_not_modal=\u00bbon\u00bb da_is_singular=\u00bboff\u00bb da_with_loader=\u00bboff\u00bb da_has_shadow=\u00bbon\u00bb][et_pb_row _builder_version=\u00bb4.16&#8243; global_colors_info=\u00bb{}\u00bb][et_pb_column type=\u00bb4_4&#8243; _builder_version=\u00bb4.16&#8243; custom_padding=\u00bb|||\u00bb global_colors_info=\u00bb{}\u00bb custom_padding__hover=\u00bb|||\u00bb][et_pb_text admin_label=\u00bbText tit \u00bb _builder_version=\u00bb4.16&#8243; header_text_align=\u00bbleft\u00bb header_text_color=\u00bb#ffffff\u00bb header_font_size=\u00bb75px\u00bb header_line_height=\u00bb77px\u00bb header_2_text_color=\u00bb#ffffff\u00bb header_2_font_size=\u00bb40px\u00bb header_2_line_height=\u00bb42px\u00bb background_layout=\u00bbdark\u00bb global_colors_info=\u00bb{}\u00bb]<\/p>\n<div class=\"tit_quadrat\">\n<div class=\"text_quadrat\">Estudios<\/div>\n<\/div>\n<div class=\"tit1_quadrat\">\n<h1>Idiomas<\/h1>\n<\/div>\n<div class=\"final\">\u00a0<\/div>\n<p>[\/et_pb_text][\/et_pb_column][\/et_pb_row][\/et_pb_section][et_pb_section fb_built=\u00bb1&#8243; _builder_version=\u00bb4.16&#8243; custom_padding=\u00bb53.0833px|0px|0|0px|false|false\u00bb da_disable_devices=\u00bboff|off|off\u00bb global_colors_info=\u00bb{}\u00bb da_is_popup=\u00bboff\u00bb da_exit_intent=\u00bboff\u00bb da_has_close=\u00bbon\u00bb da_alt_close=\u00bboff\u00bb da_dark_close=\u00bboff\u00bb da_not_modal=\u00bbon\u00bb da_is_singular=\u00bboff\u00bb da_with_loader=\u00bboff\u00bb da_has_shadow=\u00bbon\u00bb][et_pb_row admin_label=\u00bbRow\u00bb _builder_version=\u00bb4.16&#8243; background_size=\u00bbinitial\u00bb background_position=\u00bbtop_left\u00bb background_repeat=\u00bbrepeat\u00bb custom_margin=\u00bb-30px|||\u00bb custom_padding=\u00bb5px|0px|0|0px|false|false\u00bb saved_tabs=\u00bball\u00bb locked=\u00bboff\u00bb global_colors_info=\u00bb{}\u00bb][et_pb_column type=\u00bb4_4&#8243; _builder_version=\u00bb4.16&#8243; custom_padding=\u00bb|||\u00bb global_colors_info=\u00bb{}\u00bb custom_padding__hover=\u00bb|||\u00bb][et_pb_text admin_label=\u00bbText Migas pan\u00bb _builder_version=\u00bb4.16&#8243; text_font=\u00bbAbel|300|||||||\u00bb text_line_height=\u00bb16px\u00bb header_font=\u00bbRoboto|300|||||||\u00bb header_line_height=\u00bb32px\u00bb locked=\u00bboff\u00bb global_colors_info=\u00bb{}\u00bb]<\/p>\n<span><span><a href=\"https:\/\/www.unedbarcelona.es\/es\/\">Inici<\/a><\/span><\/span>\n<p>[\/et_pb_text][\/et_pb_column][\/et_pb_row][et_pb_row _builder_version=\u00bb4.16&#8243; background_size=\u00bbinitial\u00bb background_position=\u00bbtop_left\u00bb background_repeat=\u00bbrepeat\u00bb custom_padding=\u00bb26.5333px|0px|0|0px|false|false\u00bb global_colors_info=\u00bb{}\u00bb][et_pb_column type=\u00bb4_4&#8243; _builder_version=\u00bb4.16&#8243; custom_padding=\u00bb|||\u00bb global_colors_info=\u00bb{}\u00bb custom_padding__hover=\u00bb|||\u00bb][et_pb_text admin_label=\u00bbText definitiu\u00bb _builder_version=\u00bb4.21.0&#8243; global_colors_info=\u00bb{}\u00bb]<\/p>\n<h3 style=\"text-align: center;\">Aprende idiomas con la <strong>UNED<\/strong><\/h3>\n<h4 style=\"text-align: center;\">La UNED Idiomes tiene como objetivo principal<span class=\"inplacedisplayid1siteid0\"> <strong>fomentar el aprendizaje y la pr\u00e1ctica de idiomas.<\/strong><\/span><\/h4>\n<p>&nbsp;<\/p>\n<p><span style=\"font-size: 12pt;\">El centro de idiomas de la UNED promueve la ense\u00f1anza-aprendizaje de lenguas mediante una formaci\u00f3n de calidad y adaptada a tus necesidades..<\/p>\n<p><\/span><\/p>\n<p><span style=\"font-size: 12pt;\">Ofrecemos una extensa oferta de cursos de idiomas de 16 lenguas tanto en modalidad semipresencial como en l\u00ednea, siguiendo las directrices del Marco Com\u00fan Europeo de Referencia para las Lenguas (MCER):<\/span><\/p>\n<ul>\n<li><strong>Modalidad en l\u00ednea<\/strong>: aprendizaje en l\u00ednea a trav\u00e9s de una plataforma propia con programas de autoaprendizaje, materiales interactivos y el soporte de tutores.<\/li>\n<li><strong>Modalidad semipresencial<\/strong>: tutor\u00edas presenciales en nuestros Centros, con tutores nativos.<\/li>\n<\/ul>\n<p>En en cuanto a requisitos, no se requiere titulaci\u00f3n acad\u00e9mica previa, \u00fanicamente ser mayor de 16 a\u00f1os. Aun as\u00ed, es muy recomendable comprobar el nivel de competencia ling\u00fc\u00edstica antes de matricularte con una <strong><a href=\"https:\/\/www.uned.es\/universidad\/inicio\/estudios\/idiomas\/prueba-nivel.html\">prueba de nivel<\/a><\/strong> en l\u00ednea.<\/p>\n<p>Adem\u00e1s, si quieres acreditarte de un idioma sin realizar un curso completo, ofrecemos una <strong><a href=\"https:\/\/www.uned.es\/universidad\/inicio\/estudios\/idiomas\/acreditaciones-idiomas\/prueba-libre.html\">prueba libre de idiomas<\/a><\/strong> propia y <a href=\"https:\/\/www.uned.es\/universidad\/inicio\/estudios\/idiomas\/acreditaciones-idiomas.html\"><strong>otras acreditaciones oficiales<\/strong><\/a>.<\/p>\n<p>Toda la informaci\u00f3n relativa a la oferta de idiomas y matr\u00edcula la puede encontrar en esta p\u00e1gina web:<span style=\"font-size: 12pt;\">\u00a0<\/span><\/p>\n<p>[\/et_pb_text][\/et_pb_column][\/et_pb_row][\/et_pb_section][et_pb_section fb_built=\u00bb1&#8243; _builder_version=\u00bb4.16&#8243; da_disable_devices=\u00bboff|off|off\u00bb global_colors_info=\u00bb{}\u00bb da_is_popup=\u00bboff\u00bb da_exit_intent=\u00bboff\u00bb da_has_close=\u00bbon\u00bb da_alt_close=\u00bboff\u00bb da_dark_close=\u00bboff\u00bb da_not_modal=\u00bbon\u00bb da_is_singular=\u00bboff\u00bb da_with_loader=\u00bboff\u00bb da_has_shadow=\u00bbon\u00bb][et_pb_row _builder_version=\u00bb4.16&#8243; background_size=\u00bbinitial\u00bb background_position=\u00bbtop_left\u00bb background_repeat=\u00bbrepeat\u00bb custom_padding=\u00bb0|0px|26.5333px|0px|false|false\u00bb global_colors_info=\u00bb{}\u00bb][et_pb_column type=\u00bb4_4&#8243; _builder_version=\u00bb4.16&#8243; custom_padding=\u00bb|||\u00bb global_colors_info=\u00bb{}\u00bb custom_padding__hover=\u00bb|||\u00bb][et_pb_cta title=\u00bbUNED Idiomas\u00bb button_url=\u00bb@ET-DC@eyJkeW5hbWljIjp0cnVlLCJjb250ZW50IjoicG9zdF9saW5rX3VybF9wYWdlIiwic2V0dGluZ3MiOnsicG9zdF9pZCI6IjUzMzIifX0=@\u00bb url_new_window=\u00bbon\u00bb button_text=\u00bbLeer m\u00e1s\u00bb admin_label=\u00bbCUID\u00bb _builder_version=\u00bb4.24.0&#8243; background_image=\u00bbhttps:\/\/www.unedbarcelona.es\/wp-content\/uploads\/2019\/03\/CUID.jpg\u00bb background_blend=\u00bbmultiply\u00bb hover_enabled=\u00bb0&#8243; global_colors_info=\u00bb{}\u00bb button_text_size__hover_enabled=\u00bboff\u00bb button_text_size__hover=\u00bbnull\u00bb button_one_text_size__hover_enabled=\u00bboff\u00bb button_one_text_size__hover=\u00bbnull\u00bb button_two_text_size__hover_enabled=\u00bboff\u00bb button_two_text_size__hover=\u00bbnull\u00bb button_text_color__hover_enabled=\u00bboff\u00bb button_text_color__hover=\u00bbnull\u00bb button_one_text_color__hover_enabled=\u00bboff\u00bb button_one_text_color__hover=\u00bbnull\u00bb button_two_text_color__hover_enabled=\u00bboff\u00bb button_two_text_color__hover=\u00bbnull\u00bb button_border_width__hover_enabled=\u00bboff\u00bb button_border_width__hover=\u00bbnull\u00bb button_one_border_width__hover_enabled=\u00bboff\u00bb button_one_border_width__hover=\u00bbnull\u00bb button_two_border_width__hover_enabled=\u00bboff\u00bb button_two_border_width__hover=\u00bbnull\u00bb button_border_color__hover_enabled=\u00bboff\u00bb button_border_color__hover=\u00bbnull\u00bb button_one_border_color__hover_enabled=\u00bboff\u00bb button_one_border_color__hover=\u00bbnull\u00bb button_two_border_color__hover_enabled=\u00bboff\u00bb button_two_border_color__hover=\u00bbnull\u00bb button_border_radius__hover_enabled=\u00bboff\u00bb button_border_radius__hover=\u00bbnull\u00bb button_one_border_radius__hover_enabled=\u00bboff\u00bb button_one_border_radius__hover=\u00bbnull\u00bb button_two_border_radius__hover_enabled=\u00bboff\u00bb button_two_border_radius__hover=\u00bbnull\u00bb button_letter_spacing__hover_enabled=\u00bboff\u00bb button_letter_spacing__hover=\u00bbnull\u00bb button_one_letter_spacing__hover_enabled=\u00bboff\u00bb button_one_letter_spacing__hover=\u00bbnull\u00bb button_two_letter_spacing__hover_enabled=\u00bboff\u00bb button_two_letter_spacing__hover=\u00bbnull\u00bb button_bg_color__hover_enabled=\u00bboff\u00bb button_bg_color__hover=\u00bbnull\u00bb button_one_bg_color__hover_enabled=\u00bboff\u00bb button_one_bg_color__hover=\u00bbnull\u00bb button_two_bg_color__hover_enabled=\u00bboff\u00bb button_two_bg_color__hover=\u00bbnull\u00bb _dynamic_attributes=\u00bbbutton_url\u00bb sticky_enabled=\u00bb0&#8243;]<\/p>\n<p>Puedes estudiar idiomas con un apoyo semipresencial o en l\u00ednea<\/p>\n<p>[\/et_pb_cta][\/et_pb_column][\/et_pb_row][\/et_pb_section]<\/p>\n","protected":false},"excerpt":{"rendered":"<p>Estudios Idiomas \u00a0 <span><span><a href=\"https:\/\/www.unedbarcelona.es\/es\/\">Inici<\/a><\/span><\/span> Aprende idiomas con la UNED La UNED Idiomes tiene como objetivo principal fomentar el aprendizaje y la pr\u00e1ctica de idiomas. &nbsp; El centro de idiomas de la UNED promueve la ense\u00f1anza-aprendizaje de lenguas mediante una formaci\u00f3n de calidad y adaptada a tus necesidades.. Ofrecemos una extensa oferta de cursos de idiomas [&hellip;]<\/p>\n","protected":false},"author":2,"featured_media":0,"parent":5711,"menu_order":0,"comment_status":"closed","ping_status":"closed","template":"","meta":{"_et_pb_use_builder":"on","_et_pb_old_content":"","_et_gb_content_width":"","footnotes":""},"class_list":["post-5782","page","type-page","status-publish","hentry"],"yoast_head":"<!-- This site is optimized with the Yoast SEO plugin v27.4 - https:\/\/yoast.com\/product\/yoast-seo-wordpress\/ -->\n<title>Idiomas - UNED Barcelona<\/title>\n<meta name=\"robots\" content=\"index, follow, max-snippet:-1, max-image-preview:large, max-video-preview:-1\" \/>\n<link rel=\"canonical\" href=\"https:\/\/www.unedbarcelona.es\/es\/estudios\/idiomes\/\" \/>\n<meta property=\"og:locale\" content=\"es_ES\" \/>\n<meta property=\"og:type\" content=\"article\" \/>\n<meta property=\"og:title\" content=\"Idiomas - UNED Barcelona\" \/>\n<meta property=\"og:description\" content=\"Estudios Idiomas \u00a0 Aprende idiomas con la UNED La UNED Idiomes tiene como objetivo principal fomentar el aprendizaje y la pr\u00e1ctica de idiomas. &nbsp; El centro de idiomas de la UNED promueve la ense\u00f1anza-aprendizaje de lenguas mediante una formaci\u00f3n de calidad y adaptada a tus necesidades.. Ofrecemos una extensa oferta de cursos de idiomas [&hellip;]\" \/>\n<meta property=\"og:url\" content=\"https:\/\/www.unedbarcelona.es\/es\/estudios\/idiomes\/\" \/>\n<meta property=\"og:site_name\" content=\"UNED Barcelona\" \/>\n<meta property=\"article:modified_time\" content=\"2024-02-15T11:36:29+00:00\" \/>\n<meta name=\"twitter:card\" content=\"summary_large_image\" \/>\n<meta name=\"twitter:label1\" content=\"Tiempo de lectura\" \/>\n\t<meta name=\"twitter:data1\" content=\"2 minutos\" \/>\n<script type=\"application\/ld+json\" class=\"yoast-schema-graph\">{\"@context\":\"https:\\\/\\\/schema.org\",\"@graph\":[{\"@type\":\"WebPage\",\"@id\":\"https:\\\/\\\/www.unedbarcelona.es\\\/es\\\/estudios\\\/idiomes\\\/\",\"url\":\"https:\\\/\\\/www.unedbarcelona.es\\\/es\\\/estudios\\\/idiomes\\\/\",\"name\":\"Idiomas - UNED Barcelona\",\"isPartOf\":{\"@id\":\"https:\\\/\\\/www.unedbarcelona.es\\\/es\\\/#website\"},\"datePublished\":\"2018-06-12T15:17:13+00:00\",\"dateModified\":\"2024-02-15T11:36:29+00:00\",\"breadcrumb\":{\"@id\":\"https:\\\/\\\/www.unedbarcelona.es\\\/es\\\/estudios\\\/idiomes\\\/#breadcrumb\"},\"inLanguage\":\"es\",\"potentialAction\":[{\"@type\":\"ReadAction\",\"target\":[\"https:\\\/\\\/www.unedbarcelona.es\\\/es\\\/estudios\\\/idiomes\\\/\"]}]},{\"@type\":\"BreadcrumbList\",\"@id\":\"https:\\\/\\\/www.unedbarcelona.es\\\/es\\\/estudios\\\/idiomes\\\/#breadcrumb\",\"itemListElement\":[{\"@type\":\"ListItem\",\"position\":1,\"name\":\"Inici\",\"item\":\"https:\\\/\\\/www.unedbarcelona.es\\\/es\\\/\"},{\"@type\":\"ListItem\",\"position\":2,\"name\":\"Estudios\",\"item\":\"https:\\\/\\\/www.unedbarcelona.es\\\/es\\\/estudios\\\/\"},{\"@type\":\"ListItem\",\"position\":3,\"name\":\"Idiomas\"}]},{\"@type\":\"WebSite\",\"@id\":\"https:\\\/\\\/www.unedbarcelona.es\\\/es\\\/#website\",\"url\":\"https:\\\/\\\/www.unedbarcelona.es\\\/es\\\/\",\"name\":\"UNED Barcelona\",\"description\":\"Acc\u00e9s flexible al coneixement relacionat amb l&#039;educaci\u00f3 superior, semipresencial i a dist\u00e0ncia\",\"potentialAction\":[{\"@type\":\"SearchAction\",\"target\":{\"@type\":\"EntryPoint\",\"urlTemplate\":\"https:\\\/\\\/www.unedbarcelona.es\\\/es\\\/?s={search_term_string}\"},\"query-input\":{\"@type\":\"PropertyValueSpecification\",\"valueRequired\":true,\"valueName\":\"search_term_string\"}}],\"inLanguage\":\"es\"}]}<\/script>\n<!-- \/ Yoast SEO plugin. -->","yoast_head_json":{"title":"Idiomas - UNED Barcelona","robots":{"index":"index","follow":"follow","max-snippet":"max-snippet:-1","max-image-preview":"max-image-preview:large","max-video-preview":"max-video-preview:-1"},"canonical":"https:\/\/www.unedbarcelona.es\/es\/estudios\/idiomes\/","og_locale":"es_ES","og_type":"article","og_title":"Idiomas - UNED Barcelona","og_description":"Estudios Idiomas \u00a0 Aprende idiomas con la UNED La UNED Idiomes tiene como objetivo principal fomentar el aprendizaje y la pr\u00e1ctica de idiomas. &nbsp; El centro de idiomas de la UNED promueve la ense\u00f1anza-aprendizaje de lenguas mediante una formaci\u00f3n de calidad y adaptada a tus necesidades.. Ofrecemos una extensa oferta de cursos de idiomas [&hellip;]","og_url":"https:\/\/www.unedbarcelona.es\/es\/estudios\/idiomes\/","og_site_name":"UNED Barcelona","article_modified_time":"2024-02-15T11:36:29+00:00","twitter_card":"summary_large_image","twitter_misc":{"Tiempo de lectura":"2 minutos"},"schema":{"@context":"https:\/\/schema.org","@graph":[{"@type":"WebPage","@id":"https:\/\/www.unedbarcelona.es\/es\/estudios\/idiomes\/","url":"https:\/\/www.unedbarcelona.es\/es\/estudios\/idiomes\/","name":"Idiomas - UNED Barcelona","isPartOf":{"@id":"https:\/\/www.unedbarcelona.es\/es\/#website"},"datePublished":"2018-06-12T15:17:13+00:00","dateModified":"2024-02-15T11:36:29+00:00","breadcrumb":{"@id":"https:\/\/www.unedbarcelona.es\/es\/estudios\/idiomes\/#breadcrumb"},"inLanguage":"es","potentialAction":[{"@type":"ReadAction","target":["https:\/\/www.unedbarcelona.es\/es\/estudios\/idiomes\/"]}]},{"@type":"BreadcrumbList","@id":"https:\/\/www.unedbarcelona.es\/es\/estudios\/idiomes\/#breadcrumb","itemListElement":[{"@type":"ListItem","position":1,"name":"Inici","item":"https:\/\/www.unedbarcelona.es\/es\/"},{"@type":"ListItem","position":2,"name":"Estudios","item":"https:\/\/www.unedbarcelona.es\/es\/estudios\/"},{"@type":"ListItem","position":3,"name":"Idiomas"}]},{"@type":"WebSite","@id":"https:\/\/www.unedbarcelona.es\/es\/#website","url":"https:\/\/www.unedbarcelona.es\/es\/","name":"UNED Barcelona","description":"Acc\u00e9s flexible al coneixement relacionat amb l&#039;educaci\u00f3 superior, semipresencial i a dist\u00e0ncia","potentialAction":[{"@type":"SearchAction","target":{"@type":"EntryPoint","urlTemplate":"https:\/\/www.unedbarcelona.es\/es\/?s={search_term_string}"},"query-input":{"@type":"PropertyValueSpecification","valueRequired":true,"valueName":"search_term_string"}}],"inLanguage":"es"}]}},"_links":{"self":[{"href":"https:\/\/www.unedbarcelona.es\/es\/wp-json\/wp\/v2\/pages\/5782","targetHints":{"allow":["GET"]}}],"collection":[{"href":"https:\/\/www.unedbarcelona.es\/es\/wp-json\/wp\/v2\/pages"}],"about":[{"href":"https:\/\/www.unedbarcelona.es\/es\/wp-json\/wp\/v2\/types\/page"}],"author":[{"embeddable":true,"href":"https:\/\/www.unedbarcelona.es\/es\/wp-json\/wp\/v2\/users\/2"}],"replies":[{"embeddable":true,"href":"https:\/\/www.unedbarcelona.es\/es\/wp-json\/wp\/v2\/comments?post=5782"}],"version-history":[{"count":0,"href":"https:\/\/www.unedbarcelona.es\/es\/wp-json\/wp\/v2\/pages\/5782\/revisions"}],"up":[{"embeddable":true,"href":"https:\/\/www.unedbarcelona.es\/es\/wp-json\/wp\/v2\/pages\/5711"}],"wp:attachment":[{"href":"https:\/\/www.unedbarcelona.es\/es\/wp-json\/wp\/v2\/media?parent=5782"}],"curies":[{"name":"wp","href":"https:\/\/api.w.org\/{rel}","templated":true}]}}