{"id":6697,"date":"2018-06-12T17:58:31","date_gmt":"2018-06-12T15:58:31","guid":{"rendered":"https:\/\/www.unedbarcelona.es\/jornades-dacollida\/"},"modified":"2026-04-22T18:49:36","modified_gmt":"2026-04-22T16:49:36","slug":"jornadas-informativas","status":"publish","type":"page","link":"https:\/\/www.unedbarcelona.es\/es\/servicios\/plan-de-acogida\/jornadas-informativas\/","title":{"rendered":"Jornadas Informativas"},"content":{"rendered":"<p>[et_pb_section fb_built=\u00bb1&#8243; module_id=\u00bbnostra-historia\u00bb _builder_version=\u00bb4.16&#8243; background_color=\u00bb#01533f\u00bb background_image=\u00bb\/wp-content\/uploads\/2018\/07\/3-Cabecera_serveis.jpg\u00bb custom_padding=\u00bb1px||1px|\u00bb global_colors_info=\u00bb{}\u00bb][et_pb_row _builder_version=\u00bb4.16&#8243; global_colors_info=\u00bb{}\u00bb][et_pb_column type=\u00bb4_4&#8243; _builder_version=\u00bb4.16&#8243; custom_padding=\u00bb|||\u00bb global_colors_info=\u00bb{}\u00bb custom_padding__hover=\u00bb|||\u00bb][et_pb_text disabled_on=\u00bbon|on|\u00bb admin_label=\u00bbText tit Jornades d&#8217;acollida\u00bb _builder_version=\u00bb4.27.6&#8243; header_text_align=\u00bbleft\u00bb header_text_color=\u00bb#ffffff\u00bb header_font_size=\u00bb75px\u00bb header_line_height=\u00bb77px\u00bb header_2_text_color=\u00bb#ffffff\u00bb header_2_font_size=\u00bb40px\u00bb header_2_line_height=\u00bb42px\u00bb background_layout=\u00bbdark\u00bb global_colors_info=\u00bb{}\u00bb]<\/p>\n<div class=\"tit_quadrat\">\n<div class=\"text_quadrat\">Servicios<\/div>\n<\/div>\n<div class=\"tit1_quadrat\">\n<h1>Jornadas Informativas<\/h1>\n<\/div>\n<div class=\"final\">\u00a0<\/div>\n<p>[\/et_pb_text][et_pb_text disabled_on=\u00bb||on\u00bb admin_label=\u00bbText tit Jornades d&#8217;acollida mob\u00bb _builder_version=\u00bb4.27.6&#8243; header_text_align=\u00bbleft\u00bb header_text_color=\u00bb#ffffff\u00bb header_font_size=\u00bb75px\u00bb header_line_height=\u00bb77px\u00bb header_2_text_color=\u00bb#ffffff\u00bb header_2_font_size=\u00bb40px\u00bb header_2_line_height=\u00bb42px\u00bb background_layout=\u00bbdark\u00bb global_colors_info=\u00bb{}\u00bb]<\/p>\n<div class=\"tit_quadrat_mob\">\n<div class=\"text_quadrat_mob\">Servicios<\/div>\n<\/div>\n<div class=\"tit1_quadrat_mob\">\n<h1 class=\"titpag\">Jornadas Informativas<\/h1>\n<\/div>\n<div class=\"final\">\u00a0<\/div>\n<p>[\/et_pb_text][\/et_pb_column][\/et_pb_row][\/et_pb_section][et_pb_section fb_built=\u00bb1&#8243; _builder_version=\u00bb4.16&#8243; global_colors_info=\u00bb{}\u00bb][et_pb_row _builder_version=\u00bb4.16&#8243; background_size=\u00bbinitial\u00bb background_position=\u00bbtop_left\u00bb background_repeat=\u00bbrepeat\u00bb custom_margin=\u00bb-30px|||\u00bb custom_padding=\u00bb2px|0px|0|0px|false|false\u00bb global_colors_info=\u00bb{}\u00bb][et_pb_column type=\u00bb4_4&#8243; _builder_version=\u00bb4.16&#8243; custom_padding=\u00bb|||\u00bb global_colors_info=\u00bb{}\u00bb custom_padding__hover=\u00bb|||\u00bb][et_pb_text admin_label=\u00bbText Migas pan\u00bb _builder_version=\u00bb4.16&#8243; text_font=\u00bbAbel|300|||||||\u00bb text_line_height=\u00bb16px\u00bb header_font=\u00bbRoboto|300|||||||\u00bb header_line_height=\u00bb32px\u00bb global_colors_info=\u00bb{}\u00bb]<\/p>\n<span><span><a href=\"https:\/\/www.unedbarcelona.es\/es\/\">Inici<\/a><\/span><\/span>\n<p>[\/et_pb_text][\/et_pb_column][\/et_pb_row][et_pb_row _builder_version=\u00bb4.16&#8243; background_size=\u00bbinitial\u00bb background_position=\u00bbtop_left\u00bb background_repeat=\u00bbrepeat\u00bb custom_padding=\u00bb0|0px|0|0px|false|false\u00bb global_colors_info=\u00bb{}\u00bb][et_pb_column type=\u00bb4_4&#8243; _builder_version=\u00bb4.16&#8243; custom_padding=\u00bb|||\u00bb global_colors_info=\u00bb{}\u00bb custom_padding__hover=\u00bb|||\u00bb][et_pb_text admin_label=\u00bbText\u00bb _builder_version=\u00bb4.16&#8243; text_font_size=\u00bb14px\u00bb text_line_height=\u00bb1em\u00bb global_colors_info=\u00bb{}\u00bb][\/et_pb_text][et_pb_text admin_label=\u00bbTexto Jornadas acogida\u00bb _builder_version=\u00bb4.27.6&#8243; global_colors_info=\u00bb{}\u00bb]<\/p>\n<p><span style=\"font-size: 16pt; color: #00533f;\"><strong>Jornadas Informativas:<\/strong><\/span><br \/><span style=\"font-size: 11pt;\">Sesiones abiertas a todos los estudiantes que inician sus estudios en la UNED. <\/span><br \/><span style=\"font-size: 11pt;\">Orientaciones sobre la metodolog\u00eda de estudio, los recursos disponibles y los servicios del Centro: ex\u00e1menes, tutor\u00edas, cursos virtuales, biblioteca,&#8230;<\/span><\/p>\n<p>&nbsp;<\/p>\n<p>[\/et_pb_text][\/et_pb_column][\/et_pb_row][et_pb_row column_structure=\u00bb1_2,1_2&#8243; _builder_version=\u00bb4.16&#8243; custom_padding=\u00bb0|0px|0|0px|false|false\u00bb global_colors_info=\u00bb{}\u00bb][et_pb_column type=\u00bb1_2&#8243; _builder_version=\u00bb4.16&#8243; custom_padding=\u00bb|||\u00bb global_colors_info=\u00bb{}\u00bb custom_padding__hover=\u00bb|||\u00bb][et_pb_text admin_label=\u00bbNuevo estudiante Grado\u00bb _builder_version=\u00bb4.27.6&#8243; hover_enabled=\u00bb0&#8243; global_colors_info=\u00bb{}\u00bb sticky_enabled=\u00bb0&#8243;]<\/p>\n<h4><span style=\"color: #00533f;\"><span style=\"font-size: large;\">Jornadas dirigidas a <strong><span style=\"text-decoration: underline;\">nuevos alumnos <\/span><\/strong><\/span><span style=\"font-size: large;\"><strong><span style=\"text-decoration: underline;\">de GRADO<\/span><\/strong>:<\/span><\/span><\/h4>\n<ul>\n<li><strong>Admisi\u00f3n y matr\u00edcula<\/strong><\/li>\n<li><span style=\"font-size: 11pt;\"><strong>Campus UNED<\/strong> (c\u00f3mo consultar el calendario de ex\u00e1menes, notas, c\u00f3mo pedir un certificado, activaci\u00f3n y consulta del Correo Uned,\u2026)\u200b<\/span><\/li>\n<li><span style=\"font-size: 11pt;\">Cursos virtuals (gu\u00eda de estudio, entrega de pruebas de evaluaci\u00f3n, consulta de foros&#8230;)<\/span><\/li>\n<li><span style=\"font-size: 11pt;\"><strong>Tutor\u00edas presenciales<\/strong> (horario de tutor\u00edas, consulta de incidencias&#8230;)<\/span><\/li>\n<li><span style=\"font-size: 11pt;\"><strong>Tutor\u00edas en l\u00ednea<\/strong>: virtuales (oferta del servicio, c\u00f3mo acceder&#8230;)<\/span><span style=\"font-size: 11pt;\"><strong>\u00a0<\/strong><\/span><\/li>\n<\/ul>\n<p>&nbsp;<\/p>\n<p>[\/et_pb_text][et_pb_divider _builder_version=\u00bb4.21.0&#8243; _module_preset=\u00bbdefault\u00bb global_colors_info=\u00bb{}\u00bb][\/et_pb_divider][et_pb_text _builder_version=\u00bb4.27.6&#8243; _module_preset=\u00bbdefault\u00bb hover_enabled=\u00bb0&#8243; global_colors_info=\u00bb{}\u00bb sticky_enabled=\u00bb0&#8243;]<\/p>\n<p>Consulta <a href=\"https:\/\/www.unedbarcelona.es\/es\/jornades_acollida_grau\/\"><strong>aqu\u00ed<\/strong> <\/a>las fechas de las <strong>Jornadas Informativas<\/strong> e inscr\u00edbete<\/p>\n<p>[\/et_pb_text][et_pb_divider _builder_version=\u00bb4.21.0&#8243; _module_preset=\u00bbdefault\u00bb global_colors_info=\u00bb{}\u00bb][\/et_pb_divider][\/et_pb_column][et_pb_column type=\u00bb1_2&#8243; _builder_version=\u00bb4.16&#8243; custom_padding=\u00bb|||\u00bb global_colors_info=\u00bb{}\u00bb custom_padding__hover=\u00bb|||\u00bb][et_pb_text admin_label=\u00bbNuevo estudiante CAD\u00bb _builder_version=\u00bb4.27.6&#8243; min_height=\u00bb187px\u00bb custom_margin=\u00bb||3px|||\u00bb global_colors_info=\u00bb{}\u00bb]<\/p>\n<h4><span style=\"font-size: large; color: #00533f;\">Jornadas dirigidas a los <strong><span style=\"text-decoration: underline;\">nuevos estudiantes del CURSO de ACCESO<\/span><\/strong> para mayores de 25 o 45 a\u00f1os:<\/span><\/h4>\n<ul>\n<li><strong>Admisi\u00f3n y matr\u00edcula<\/strong><\/li>\n<li><span style=\"font-size: 11pt;\"><b>Informaci\u00f3n del Curso<\/b> (requisitos, evaluaci\u00f3n, ex\u00e1menes&#8230;)<\/span><\/li>\n<li><span style=\"font-size: 11pt;\"><b>Campus UNED <\/b>(c\u00f3mo consultar el calendario de ex\u00e1menes, notas, pedir un certificado, activaci\u00f3n y consulta del Correo UNED&#8230;)<\/span><\/li>\n<li><span style=\"font-size: 11pt;\"><b>Cursos virtuales<\/b> (gu\u00eda de estudio, consulta de foros&#8230;)<\/span><\/li>\n<li><span style=\"font-size: 11pt;\"><b>Tutor\u00edas presenciales<\/b> (horario de tutor\u00edas, consulta de incidencias&#8230;)<\/span><\/li>\n<li><span style=\"font-size: 11pt;\"><b>Tutor\u00edas en l\u00ednea<\/b> (oferta del servicio, c\u00f3mo acceder&#8230;)<\/span><\/li>\n<\/ul>\n<p>[\/et_pb_text][et_pb_divider _builder_version=\u00bb4.21.0&#8243; _module_preset=\u00bbdefault\u00bb global_colors_info=\u00bb{}\u00bb][\/et_pb_divider][et_pb_text _builder_version=\u00bb4.27.6&#8243; _module_preset=\u00bbdefault\u00bb global_colors_info=\u00bb{}\u00bb]<\/p>\n<p>Consulta <a href=\"https:\/\/www.unedbarcelona.es\/es\/jornades_acollida_grau\/\"><strong>aqu\u00ed<\/strong> <\/a>las fechas de las <strong>Jornadas Informativas<\/strong> e inscr\u00edbete<\/p>\n<p>[\/et_pb_text][et_pb_divider _builder_version=\u00bb4.21.0&#8243; _module_preset=\u00bbdefault\u00bb global_colors_info=\u00bb{}\u00bb][\/et_pb_divider][\/et_pb_column][\/et_pb_row][et_pb_row _builder_version=\u00bb4.16&#8243; custom_padding=\u00bb0|0px|0|0px|false|false\u00bb global_colors_info=\u00bb{}\u00bb][et_pb_column type=\u00bb4_4&#8243; _builder_version=\u00bb4.16&#8243; custom_padding=\u00bb|||\u00bb global_colors_info=\u00bb{}\u00bb custom_padding__hover=\u00bb|||\u00bb][et_pb_text _builder_version=\u00bb4.27.4&#8243; global_colors_info=\u00bb{}\u00bb]<\/p>\n<h4><span style=\"font-size: 14pt;\">Si no has podido asistir a las Jornadas de Acogida:<\/span><\/h4>\n<p class=\"visualClear\">consulta nuestros <a href=\"https:\/\/www.unedbarcelona.es\/servicios\/plan-de-acogida\/tutoriales\/?lang=es\"><span style=\"text-decoration: underline;\"><strong><span style=\"font-size: 12pt;\">TUTORIALES<\/span><\/strong><\/span> <\/a>con informaci\u00f3n del Campus, los Cursos Virtuales (Plataforma aLF) y las Aulas AVIP.<\/p>\n<h4><span style=\"font-size: 14pt;\">Y si todav\u00eda tienes dudas de:<\/span><\/h4>\n<p>C\u00f3mo empezar a estudiar<br \/>D\u00f3nde encontrar la informaci\u00f3n sobre tus estudios (gu\u00edas de las asignaturas, horarios de tutor\u00edas, ex\u00e1menes, pr\u00e1cticas, etc)<br \/>Del funcionamiento de los cursos virtuales, tutor\u00edas avip,\u2026<br \/>C\u00f3mo planificar y organizar el estudio<\/p>\n<p>Env\u00eda tu consulta a <a href=\"mailto:suportestudiant@barcelona.uned.es\"><span style=\"font-size: 12pt;\"><strong>suportestudiant@barcelona.uned.es<\/strong><\/span><\/a><\/p>\n<p>[\/et_pb_text][\/et_pb_column][\/et_pb_row][\/et_pb_section]<\/p>\n","protected":false},"excerpt":{"rendered":"<p>Servicios Jornadas Informativas \u00a0 Servicios Jornadas Informativas \u00a0 <span><span><a href=\"https:\/\/www.unedbarcelona.es\/es\/\">Inici<\/a><\/span><\/span>Jornadas Informativas:Sesiones abiertas a todos los estudiantes que inician sus estudios en la UNED. Orientaciones sobre la metodolog\u00eda de estudio, los recursos disponibles y los servicios del Centro: ex\u00e1menes, tutor\u00edas, cursos virtuales, biblioteca,&#8230; &nbsp;Jornadas dirigidas a nuevos alumnos de GRADO: Admisi\u00f3n y matr\u00edcula Campus UNED (c\u00f3mo consultar [&hellip;]<\/p>\n","protected":false},"author":2,"featured_media":0,"parent":6706,"menu_order":0,"comment_status":"closed","ping_status":"closed","template":"","meta":{"_et_pb_use_builder":"on","_et_pb_old_content":"","_et_gb_content_width":"","footnotes":""},"class_list":["post-6697","page","type-page","status-publish","hentry"],"yoast_head":"<!-- This site is optimized with the Yoast SEO plugin v27.4 - https:\/\/yoast.com\/product\/yoast-seo-wordpress\/ -->\n<title>Jornadas Informativas - UNED Barcelona<\/title>\n<meta name=\"robots\" content=\"index, follow, max-snippet:-1, max-image-preview:large, max-video-preview:-1\" \/>\n<link rel=\"canonical\" href=\"https:\/\/www.unedbarcelona.es\/es\/servicios\/plan-de-acogida\/jornadas-informativas\/\" \/>\n<meta property=\"og:locale\" content=\"es_ES\" \/>\n<meta property=\"og:type\" content=\"article\" \/>\n<meta property=\"og:title\" content=\"Jornadas Informativas - UNED Barcelona\" \/>\n<meta property=\"og:description\" content=\"Servicios Jornadas Informativas \u00a0 Servicios Jornadas Informativas \u00a0 Jornadas Informativas:Sesiones abiertas a todos los estudiantes que inician sus estudios en la UNED. Orientaciones sobre la metodolog\u00eda de estudio, los recursos disponibles y los servicios del Centro: ex\u00e1menes, tutor\u00edas, cursos virtuales, biblioteca,... &nbsp;Jornadas dirigidas a nuevos alumnos de GRADO: Admisi\u00f3n y matr\u00edcula Campus UNED (c\u00f3mo consultar [&hellip;]\" \/>\n<meta property=\"og:url\" content=\"https:\/\/www.unedbarcelona.es\/es\/servicios\/plan-de-acogida\/jornadas-informativas\/\" \/>\n<meta property=\"og:site_name\" content=\"UNED Barcelona\" \/>\n<meta property=\"article:modified_time\" content=\"2026-04-22T16:49:36+00:00\" \/>\n<meta name=\"twitter:card\" content=\"summary_large_image\" \/>\n<meta name=\"twitter:label1\" content=\"Tiempo de lectura\" \/>\n\t<meta name=\"twitter:data1\" content=\"2 minutos\" \/>\n<script type=\"application\/ld+json\" class=\"yoast-schema-graph\">{\"@context\":\"https:\\\/\\\/schema.org\",\"@graph\":[{\"@type\":\"WebPage\",\"@id\":\"https:\\\/\\\/www.unedbarcelona.es\\\/es\\\/servicios\\\/plan-de-acogida\\\/jornadas-informativas\\\/\",\"url\":\"https:\\\/\\\/www.unedbarcelona.es\\\/es\\\/servicios\\\/plan-de-acogida\\\/jornadas-informativas\\\/\",\"name\":\"Jornadas Informativas - UNED Barcelona\",\"isPartOf\":{\"@id\":\"https:\\\/\\\/www.unedbarcelona.es\\\/es\\\/#website\"},\"datePublished\":\"2018-06-12T15:58:31+00:00\",\"dateModified\":\"2026-04-22T16:49:36+00:00\",\"breadcrumb\":{\"@id\":\"https:\\\/\\\/www.unedbarcelona.es\\\/es\\\/servicios\\\/plan-de-acogida\\\/jornadas-informativas\\\/#breadcrumb\"},\"inLanguage\":\"es\",\"potentialAction\":[{\"@type\":\"ReadAction\",\"target\":[\"https:\\\/\\\/www.unedbarcelona.es\\\/es\\\/servicios\\\/plan-de-acogida\\\/jornadas-informativas\\\/\"]}]},{\"@type\":\"BreadcrumbList\",\"@id\":\"https:\\\/\\\/www.unedbarcelona.es\\\/es\\\/servicios\\\/plan-de-acogida\\\/jornadas-informativas\\\/#breadcrumb\",\"itemListElement\":[{\"@type\":\"ListItem\",\"position\":1,\"name\":\"Inici\",\"item\":\"https:\\\/\\\/www.unedbarcelona.es\\\/es\\\/\"},{\"@type\":\"ListItem\",\"position\":2,\"name\":\"Servicios\",\"item\":\"https:\\\/\\\/www.unedbarcelona.es\\\/es\\\/servicios\\\/\"},{\"@type\":\"ListItem\",\"position\":3,\"name\":\"Plan de acogida\",\"item\":\"https:\\\/\\\/www.unedbarcelona.es\\\/es\\\/servicios\\\/plan-de-acogida\\\/\"},{\"@type\":\"ListItem\",\"position\":4,\"name\":\"Jornadas Informativas\"}]},{\"@type\":\"WebSite\",\"@id\":\"https:\\\/\\\/www.unedbarcelona.es\\\/es\\\/#website\",\"url\":\"https:\\\/\\\/www.unedbarcelona.es\\\/es\\\/\",\"name\":\"UNED Barcelona\",\"description\":\"Acc\u00e9s flexible al coneixement relacionat amb l&#039;educaci\u00f3 superior, semipresencial i a dist\u00e0ncia\",\"potentialAction\":[{\"@type\":\"SearchAction\",\"target\":{\"@type\":\"EntryPoint\",\"urlTemplate\":\"https:\\\/\\\/www.unedbarcelona.es\\\/es\\\/?s={search_term_string}\"},\"query-input\":{\"@type\":\"PropertyValueSpecification\",\"valueRequired\":true,\"valueName\":\"search_term_string\"}}],\"inLanguage\":\"es\"}]}<\/script>\n<!-- \/ Yoast SEO plugin. -->","yoast_head_json":{"title":"Jornadas Informativas - UNED Barcelona","robots":{"index":"index","follow":"follow","max-snippet":"max-snippet:-1","max-image-preview":"max-image-preview:large","max-video-preview":"max-video-preview:-1"},"canonical":"https:\/\/www.unedbarcelona.es\/es\/servicios\/plan-de-acogida\/jornadas-informativas\/","og_locale":"es_ES","og_type":"article","og_title":"Jornadas Informativas - UNED Barcelona","og_description":"Servicios Jornadas Informativas \u00a0 Servicios Jornadas Informativas \u00a0 Jornadas Informativas:Sesiones abiertas a todos los estudiantes que inician sus estudios en la UNED. Orientaciones sobre la metodolog\u00eda de estudio, los recursos disponibles y los servicios del Centro: ex\u00e1menes, tutor\u00edas, cursos virtuales, biblioteca,... &nbsp;Jornadas dirigidas a nuevos alumnos de GRADO: Admisi\u00f3n y matr\u00edcula Campus UNED (c\u00f3mo consultar [&hellip;]","og_url":"https:\/\/www.unedbarcelona.es\/es\/servicios\/plan-de-acogida\/jornadas-informativas\/","og_site_name":"UNED Barcelona","article_modified_time":"2026-04-22T16:49:36+00:00","twitter_card":"summary_large_image","twitter_misc":{"Tiempo de lectura":"2 minutos"},"schema":{"@context":"https:\/\/schema.org","@graph":[{"@type":"WebPage","@id":"https:\/\/www.unedbarcelona.es\/es\/servicios\/plan-de-acogida\/jornadas-informativas\/","url":"https:\/\/www.unedbarcelona.es\/es\/servicios\/plan-de-acogida\/jornadas-informativas\/","name":"Jornadas Informativas - UNED Barcelona","isPartOf":{"@id":"https:\/\/www.unedbarcelona.es\/es\/#website"},"datePublished":"2018-06-12T15:58:31+00:00","dateModified":"2026-04-22T16:49:36+00:00","breadcrumb":{"@id":"https:\/\/www.unedbarcelona.es\/es\/servicios\/plan-de-acogida\/jornadas-informativas\/#breadcrumb"},"inLanguage":"es","potentialAction":[{"@type":"ReadAction","target":["https:\/\/www.unedbarcelona.es\/es\/servicios\/plan-de-acogida\/jornadas-informativas\/"]}]},{"@type":"BreadcrumbList","@id":"https:\/\/www.unedbarcelona.es\/es\/servicios\/plan-de-acogida\/jornadas-informativas\/#breadcrumb","itemListElement":[{"@type":"ListItem","position":1,"name":"Inici","item":"https:\/\/www.unedbarcelona.es\/es\/"},{"@type":"ListItem","position":2,"name":"Servicios","item":"https:\/\/www.unedbarcelona.es\/es\/servicios\/"},{"@type":"ListItem","position":3,"name":"Plan de acogida","item":"https:\/\/www.unedbarcelona.es\/es\/servicios\/plan-de-acogida\/"},{"@type":"ListItem","position":4,"name":"Jornadas Informativas"}]},{"@type":"WebSite","@id":"https:\/\/www.unedbarcelona.es\/es\/#website","url":"https:\/\/www.unedbarcelona.es\/es\/","name":"UNED Barcelona","description":"Acc\u00e9s flexible al coneixement relacionat amb l&#039;educaci\u00f3 superior, semipresencial i a dist\u00e0ncia","potentialAction":[{"@type":"SearchAction","target":{"@type":"EntryPoint","urlTemplate":"https:\/\/www.unedbarcelona.es\/es\/?s={search_term_string}"},"query-input":{"@type":"PropertyValueSpecification","valueRequired":true,"valueName":"search_term_string"}}],"inLanguage":"es"}]}},"_links":{"self":[{"href":"https:\/\/www.unedbarcelona.es\/es\/wp-json\/wp\/v2\/pages\/6697","targetHints":{"allow":["GET"]}}],"collection":[{"href":"https:\/\/www.unedbarcelona.es\/es\/wp-json\/wp\/v2\/pages"}],"about":[{"href":"https:\/\/www.unedbarcelona.es\/es\/wp-json\/wp\/v2\/types\/page"}],"author":[{"embeddable":true,"href":"https:\/\/www.unedbarcelona.es\/es\/wp-json\/wp\/v2\/users\/2"}],"replies":[{"embeddable":true,"href":"https:\/\/www.unedbarcelona.es\/es\/wp-json\/wp\/v2\/comments?post=6697"}],"version-history":[{"count":9,"href":"https:\/\/www.unedbarcelona.es\/es\/wp-json\/wp\/v2\/pages\/6697\/revisions"}],"predecessor-version":[{"id":74682,"href":"https:\/\/www.unedbarcelona.es\/es\/wp-json\/wp\/v2\/pages\/6697\/revisions\/74682"}],"up":[{"embeddable":true,"href":"https:\/\/www.unedbarcelona.es\/es\/wp-json\/wp\/v2\/pages\/6706"}],"wp:attachment":[{"href":"https:\/\/www.unedbarcelona.es\/es\/wp-json\/wp\/v2\/media?parent=6697"}],"curies":[{"name":"wp","href":"https:\/\/api.w.org\/{rel}","templated":true}]}}