{"id":7447,"date":"2018-06-12T19:01:55","date_gmt":"2018-06-12T17:01:55","guid":{"rendered":"https:\/\/www.unedbarcelona.es\/servicios\/plan-de-acogida\/orientacio-academica-i-professional\/"},"modified":"2024-09-19T08:10:53","modified_gmt":"2024-09-19T06:10:53","slug":"orientacion-academica-y-profesional","status":"publish","type":"page","link":"https:\/\/www.unedbarcelona.es\/es\/servicios\/plan-de-acogida\/orientacion-academica-y-profesional\/","title":{"rendered":"Orientaci\u00f3n acad\u00e9mica y profesional"},"content":{"rendered":"<p>[et_pb_section fb_built=\u00bb1&#8243; module_id=\u00bbnostra-historia\u00bb _builder_version=\u00bb4.16&#8243; background_color=\u00bb#01533f\u00bb background_image=\u00bb\/wp-content\/uploads\/2018\/07\/3-Cabecera_serveis.jpg\u00bb custom_padding=\u00bb1px||1px|\u00bb global_colors_info=\u00bb{}\u00bb da_is_popup=\u00bboff\u00bb da_exit_intent=\u00bboff\u00bb da_has_close=\u00bbon\u00bb da_alt_close=\u00bboff\u00bb da_dark_close=\u00bboff\u00bb da_not_modal=\u00bbon\u00bb da_is_singular=\u00bboff\u00bb da_with_loader=\u00bboff\u00bb da_has_shadow=\u00bbon\u00bb da_disable_devices=\u00bboff|off|off\u00bb][et_pb_row _builder_version=\u00bb4.16&#8243; global_colors_info=\u00bb{}\u00bb][et_pb_column type=\u00bb4_4&#8243; _builder_version=\u00bb4.16&#8243; custom_padding=\u00bb|||\u00bb global_colors_info=\u00bb{}\u00bb custom_padding__hover=\u00bb|||\u00bb][et_pb_text disabled_on=\u00bbon|on|\u00bb admin_label=\u00bbText tit Orientaci\u00f3n acad\u00e9mica y profesional\u00bb _builder_version=\u00bb4.16&#8243; header_text_align=\u00bbleft\u00bb header_text_color=\u00bb#ffffff\u00bb header_font_size=\u00bb75px\u00bb header_line_height=\u00bb77px\u00bb header_2_text_color=\u00bb#ffffff\u00bb header_2_font_size=\u00bb40px\u00bb header_2_line_height=\u00bb42px\u00bb background_layout=\u00bbdark\u00bb global_colors_info=\u00bb{}\u00bb]<\/p>\n<div class=\"tit_quadrat\">\n<div class=\"text_quadrat\">Servicios<\/div>\n<\/div>\n<div class=\"tit1_quadrat\">\n<h1>Orientaci\u00f3n acad\u00e9mica y profesional<\/h1>\n<\/div>\n<div class=\"final\">\u00a0<\/div>\n<p>[\/et_pb_text][et_pb_text disabled_on=\u00bb|off|on\u00bb admin_label=\u00bbText tit Orientaci\u00f3n acad\u00e9mica y profesional mob\u00bb _builder_version=\u00bb4.16&#8243; header_text_align=\u00bbleft\u00bb header_text_color=\u00bb#ffffff\u00bb header_font_size=\u00bb75px\u00bb header_line_height=\u00bb77px\u00bb header_2_text_color=\u00bb#ffffff\u00bb header_2_font_size=\u00bb40px\u00bb header_2_line_height=\u00bb42px\u00bb background_layout=\u00bbdark\u00bb global_colors_info=\u00bb{}\u00bb]<\/p>\n<div class=\"tit_quadrat_mob\">\n<div class=\"text_quadrat_mob\">Servicios<\/div>\n<\/div>\n<div class=\"tit1_quadrat_mob\">\n<h1 class=\"titpag\">Orientaci\u00f3n acad\u00e9mica y profesional<\/h1>\n<\/div>\n<div class=\"final\">\u00a0<\/div>\n<p>[\/et_pb_text][\/et_pb_column][\/et_pb_row][\/et_pb_section][et_pb_section fb_built=\u00bb1&#8243; _builder_version=\u00bb4.16&#8243; global_colors_info=\u00bb{}\u00bb da_is_popup=\u00bboff\u00bb da_exit_intent=\u00bboff\u00bb da_has_close=\u00bbon\u00bb da_alt_close=\u00bboff\u00bb da_dark_close=\u00bboff\u00bb da_not_modal=\u00bbon\u00bb da_is_singular=\u00bboff\u00bb da_with_loader=\u00bboff\u00bb da_has_shadow=\u00bbon\u00bb da_disable_devices=\u00bboff|off|off\u00bb][et_pb_row _builder_version=\u00bb4.16&#8243; background_size=\u00bbinitial\u00bb background_position=\u00bbtop_left\u00bb background_repeat=\u00bbrepeat\u00bb custom_margin=\u00bb-30px|||\u00bb custom_padding=\u00bb5px|0px|0|0px|false|false\u00bb saved_tabs=\u00bball\u00bb global_colors_info=\u00bb{}\u00bb][et_pb_column type=\u00bb4_4&#8243; _builder_version=\u00bb4.16&#8243; custom_padding=\u00bb|||\u00bb global_colors_info=\u00bb{}\u00bb custom_padding__hover=\u00bb|||\u00bb][et_pb_text admin_label=\u00bbText Migas pan\u00bb _builder_version=\u00bb4.16&#8243; text_font=\u00bbAbel|300|||||||\u00bb text_line_height=\u00bb16px\u00bb header_font=\u00bbRoboto|300|||||||\u00bb header_line_height=\u00bb32px\u00bb global_colors_info=\u00bb{}\u00bb]<\/p>\n<span><span><a href=\"https:\/\/www.unedbarcelona.es\/es\/\">Inici<\/a><\/span><\/span>\n<p>[\/et_pb_text][\/et_pb_column][\/et_pb_row][et_pb_row _builder_version=\u00bb4.16&#8243; background_size=\u00bbinitial\u00bb background_position=\u00bbtop_left\u00bb background_repeat=\u00bbrepeat\u00bb global_colors_info=\u00bb{}\u00bb][et_pb_column type=\u00bb4_4&#8243; _builder_version=\u00bb4.16&#8243; custom_padding=\u00bb|||\u00bb global_colors_info=\u00bb{}\u00bb custom_padding__hover=\u00bb|||\u00bb][et_pb_text admin_label=\u00bb\u00bfQuieres estudiar a la UNED?\u00bb _builder_version=\u00bb4.16&#8243; global_colors_info=\u00bb{}\u00bb]<\/p>\n<h2 class=\"p1\"><a href=\"http:\/\/coie-server.uned.es\/quieres-estudiar\" target=\"_blank\" rel=\"noopener noreferrer\"> \u00bfQuieres estudiar en la UNED?<\/a><\/h2>\n<p>[\/et_pb_text][et_pb_text admin_label=\u00bbConoce nuestra oferta y metodolog\u00eda\u00bb _builder_version=\u00bb4.16&#8243; text_font=\u00bb|600|||||||\u00bb text_text_color=\u00bb#01533f\u00bb header_3_font_size=\u00bb20px\u00bb saved_tabs=\u00bball\u00bb global_colors_info=\u00bb{}\u00bb]<\/p>\n<p class=\"p1\">Conoce nuestra oferta y metodolog\u00eda, como elegir tus estudios, como planificar la matr\u00edcula,&#8230;<\/p>\n<p>[\/et_pb_text][\/et_pb_column][\/et_pb_row][et_pb_row column_structure=\u00bb1_4,1_4,1_4,1_4&#8243; _builder_version=\u00bb4.16&#8243; global_colors_info=\u00bb{}\u00bb][et_pb_column type=\u00bb1_4&#8243; _builder_version=\u00bb4.16&#8243; custom_padding=\u00bb|||\u00bb global_colors_info=\u00bb{}\u00bb custom_padding__hover=\u00bb|||\u00bb][et_pb_text admin_label=\u00bbCursos 0 online:\u00bb _builder_version=\u00bb4.16&#8243; global_colors_info=\u00bb{}\u00bb]<\/p>\n<h4 class=\"p1\"><a href=\"http:\/\/ocw.innova.uned.es\/ocwuniversia\" target=\"_blank\" rel=\"noopener noreferrer\">Cursos cero online:<\/a><\/h4>\n<p class=\"p1\">Para adquirir conocimientos y habilidades necesarias para las asignaturas del Acceso y primer a\u00f1o de Grado<\/p>\n<p>[\/et_pb_text][\/et_pb_column][et_pb_column type=\u00bb1_4&#8243; _builder_version=\u00bb4.16&#8243; custom_padding=\u00bb|||\u00bb global_colors_info=\u00bb{}\u00bb custom_padding__hover=\u00bb|||\u00bb][et_pb_text admin_label=\u00bb\u00bfEres nuevo alumno?\u00bb _builder_version=\u00bb4.27.0&#8243; custom_padding=\u00bb|||20px\u00bb hover_enabled=\u00bb0&#8243; border_width_left=\u00bb2px\u00bb border_color_left=\u00bb#01533f\u00bb global_colors_info=\u00bb{}\u00bb sticky_enabled=\u00bb0&#8243;]<\/p>\n<h4 class=\"p1\"><a href=\"https:\/\/www.uned.es\/universidad\/inicio\/unidad\/coie\/orientacion-academica.html\" target=\"_blank\" rel=\"noopener noreferrer\">\u00bfEres nuevo alumno?<\/a><\/h4>\n<p class=\"p1\">Plan de Acogida Virtual, t\u00e9cnicas de estudio,&#8230;<\/p>\n<p>[\/et_pb_text][\/et_pb_column][et_pb_column type=\u00bb1_4&#8243; _builder_version=\u00bb4.16&#8243; custom_padding=\u00bb|||\u00bb global_colors_info=\u00bb{}\u00bb custom_padding__hover=\u00bb|||\u00bb][et_pb_text admin_label=\u00bb\u00bfEst\u00e1s finalizando  tus estudios?\u00bb _builder_version=\u00bb4.27.0&#8243; custom_padding=\u00bb|||20px\u00bb hover_enabled=\u00bb0&#8243; border_width_left=\u00bb2px\u00bb border_color_left=\u00bb#01533f\u00bb global_colors_info=\u00bb{}\u00bb sticky_enabled=\u00bb0&#8243;]<\/p>\n<h4 class=\"p1\"><a href=\"https:\/\/www.uned.es\/universidad\/inicio\/unidad\/coie\/orientacion-profesional-insercion-laboral.html\" target=\"_blank\" rel=\"noopener noreferrer\">\u00bfEst\u00e1s finalizando<br \/>tus estudios?<\/a><\/h4>\n<p class=\"p1\">Pr\u00e1cticas en empresas, salidas profesionales,&#8230;<\/p>\n<p>[\/et_pb_text][\/et_pb_column][et_pb_column type=\u00bb1_4&#8243; _builder_version=\u00bb4.16&#8243; custom_padding=\u00bb|||\u00bb global_colors_info=\u00bb{}\u00bb custom_padding__hover=\u00bb|||\u00bb][et_pb_text admin_label=\u00bb\u00bfEres titulado de la UNED?\u00bb _builder_version=\u00bb4.27.0&#8243; custom_padding=\u00bb|||20px\u00bb hover_enabled=\u00bb0&#8243; border_width_left=\u00bb2px\u00bb border_color_left=\u00bb#01533f\u00bb global_colors_info=\u00bb{}\u00bb sticky_enabled=\u00bb0&#8243;]<\/p>\n<h4 class=\"p1\"><a href=\"https:\/\/www.uned.es\/universidad\/inicio\/unidad\/coie\/orientacion-profesional-insercion-laboral.html\" target=\"_blank\" rel=\"noopener noreferrer\">\u00bfEres titulado de la UNED?<\/a><\/h4>\n<p class=\"p1\">Bolsa de trabajo, busca de trabajo, asociaci\u00f3n de antiguos alumnos,&#8230;<\/p>\n<p>[\/et_pb_text][\/et_pb_column][\/et_pb_row][\/et_pb_section]<\/p>\n","protected":false},"excerpt":{"rendered":"<p>Servicios Orientaci\u00f3n acad\u00e9mica y profesional \u00a0 Servicios Orientaci\u00f3n acad\u00e9mica y profesional \u00a0 <span><span><a href=\"https:\/\/www.unedbarcelona.es\/es\/\">Inici<\/a><\/span><\/span> \u00bfQuieres estudiar en la UNED?Conoce nuestra oferta y metodolog\u00eda, como elegir tus estudios, como planificar la matr\u00edcula,&#8230;Cursos cero online: Para adquirir conocimientos y habilidades necesarias para las asignaturas del Acceso y primer a\u00f1o de Grado\u00bfEres nuevo alumno? Plan de Acogida Virtual, t\u00e9cnicas [&hellip;]<\/p>\n","protected":false},"author":2,"featured_media":0,"parent":6706,"menu_order":0,"comment_status":"closed","ping_status":"closed","template":"","meta":{"_et_pb_use_builder":"on","_et_pb_old_content":"","_et_gb_content_width":"","footnotes":""},"class_list":["post-7447","page","type-page","status-publish","hentry"],"yoast_head":"<!-- This site is optimized with the Yoast SEO plugin v27.4 - https:\/\/yoast.com\/product\/yoast-seo-wordpress\/ -->\n<title>Orientaci\u00f3n acad\u00e9mica y profesional - UNED Barcelona<\/title>\n<meta name=\"robots\" content=\"index, follow, max-snippet:-1, max-image-preview:large, max-video-preview:-1\" \/>\n<link rel=\"canonical\" href=\"https:\/\/www.unedbarcelona.es\/es\/servicios\/plan-de-acogida\/orientacion-academica-y-profesional\/\" \/>\n<meta property=\"og:locale\" content=\"es_ES\" \/>\n<meta property=\"og:type\" content=\"article\" \/>\n<meta property=\"og:title\" content=\"Orientaci\u00f3n acad\u00e9mica y profesional - UNED Barcelona\" \/>\n<meta property=\"og:description\" content=\"Servicios Orientaci\u00f3n acad\u00e9mica y profesional \u00a0 Servicios Orientaci\u00f3n acad\u00e9mica y profesional \u00a0 \u00bfQuieres estudiar en la UNED?Conoce nuestra oferta y metodolog\u00eda, como elegir tus estudios, como planificar la matr\u00edcula,...Cursos cero online: Para adquirir conocimientos y habilidades necesarias para las asignaturas del Acceso y primer a\u00f1o de Grado\u00bfEres nuevo alumno? Plan de Acogida Virtual, t\u00e9cnicas [&hellip;]\" \/>\n<meta property=\"og:url\" content=\"https:\/\/www.unedbarcelona.es\/es\/servicios\/plan-de-acogida\/orientacion-academica-y-profesional\/\" \/>\n<meta property=\"og:site_name\" content=\"UNED Barcelona\" \/>\n<meta property=\"article:modified_time\" content=\"2024-09-19T06:10:53+00:00\" \/>\n<meta name=\"twitter:card\" content=\"summary_large_image\" \/>\n<meta name=\"twitter:label1\" content=\"Tiempo de lectura\" \/>\n\t<meta name=\"twitter:data1\" content=\"1 minuto\" \/>\n<script type=\"application\/ld+json\" class=\"yoast-schema-graph\">{\"@context\":\"https:\\\/\\\/schema.org\",\"@graph\":[{\"@type\":\"WebPage\",\"@id\":\"https:\\\/\\\/www.unedbarcelona.es\\\/es\\\/servicios\\\/plan-de-acogida\\\/orientacion-academica-y-profesional\\\/\",\"url\":\"https:\\\/\\\/www.unedbarcelona.es\\\/es\\\/servicios\\\/plan-de-acogida\\\/orientacion-academica-y-profesional\\\/\",\"name\":\"Orientaci\u00f3n acad\u00e9mica y profesional - UNED Barcelona\",\"isPartOf\":{\"@id\":\"https:\\\/\\\/www.unedbarcelona.es\\\/es\\\/#website\"},\"datePublished\":\"2018-06-12T17:01:55+00:00\",\"dateModified\":\"2024-09-19T06:10:53+00:00\",\"breadcrumb\":{\"@id\":\"https:\\\/\\\/www.unedbarcelona.es\\\/es\\\/servicios\\\/plan-de-acogida\\\/orientacion-academica-y-profesional\\\/#breadcrumb\"},\"inLanguage\":\"es\",\"potentialAction\":[{\"@type\":\"ReadAction\",\"target\":[\"https:\\\/\\\/www.unedbarcelona.es\\\/es\\\/servicios\\\/plan-de-acogida\\\/orientacion-academica-y-profesional\\\/\"]}]},{\"@type\":\"BreadcrumbList\",\"@id\":\"https:\\\/\\\/www.unedbarcelona.es\\\/es\\\/servicios\\\/plan-de-acogida\\\/orientacion-academica-y-profesional\\\/#breadcrumb\",\"itemListElement\":[{\"@type\":\"ListItem\",\"position\":1,\"name\":\"Inici\",\"item\":\"https:\\\/\\\/www.unedbarcelona.es\\\/es\\\/\"},{\"@type\":\"ListItem\",\"position\":2,\"name\":\"Servicios\",\"item\":\"https:\\\/\\\/www.unedbarcelona.es\\\/es\\\/servicios\\\/\"},{\"@type\":\"ListItem\",\"position\":3,\"name\":\"Plan de acogida\",\"item\":\"https:\\\/\\\/www.unedbarcelona.es\\\/es\\\/servicios\\\/plan-de-acogida\\\/\"},{\"@type\":\"ListItem\",\"position\":4,\"name\":\"Orientaci\u00f3n acad\u00e9mica y profesional\"}]},{\"@type\":\"WebSite\",\"@id\":\"https:\\\/\\\/www.unedbarcelona.es\\\/es\\\/#website\",\"url\":\"https:\\\/\\\/www.unedbarcelona.es\\\/es\\\/\",\"name\":\"UNED Barcelona\",\"description\":\"Acc\u00e9s flexible al coneixement relacionat amb l&#039;educaci\u00f3 superior, semipresencial i a dist\u00e0ncia\",\"potentialAction\":[{\"@type\":\"SearchAction\",\"target\":{\"@type\":\"EntryPoint\",\"urlTemplate\":\"https:\\\/\\\/www.unedbarcelona.es\\\/es\\\/?s={search_term_string}\"},\"query-input\":{\"@type\":\"PropertyValueSpecification\",\"valueRequired\":true,\"valueName\":\"search_term_string\"}}],\"inLanguage\":\"es\"}]}<\/script>\n<!-- \/ Yoast SEO plugin. -->","yoast_head_json":{"title":"Orientaci\u00f3n acad\u00e9mica y profesional - UNED Barcelona","robots":{"index":"index","follow":"follow","max-snippet":"max-snippet:-1","max-image-preview":"max-image-preview:large","max-video-preview":"max-video-preview:-1"},"canonical":"https:\/\/www.unedbarcelona.es\/es\/servicios\/plan-de-acogida\/orientacion-academica-y-profesional\/","og_locale":"es_ES","og_type":"article","og_title":"Orientaci\u00f3n acad\u00e9mica y profesional - UNED Barcelona","og_description":"Servicios Orientaci\u00f3n acad\u00e9mica y profesional \u00a0 Servicios Orientaci\u00f3n acad\u00e9mica y profesional \u00a0 \u00bfQuieres estudiar en la UNED?Conoce nuestra oferta y metodolog\u00eda, como elegir tus estudios, como planificar la matr\u00edcula,...Cursos cero online: Para adquirir conocimientos y habilidades necesarias para las asignaturas del Acceso y primer a\u00f1o de Grado\u00bfEres nuevo alumno? Plan de Acogida Virtual, t\u00e9cnicas [&hellip;]","og_url":"https:\/\/www.unedbarcelona.es\/es\/servicios\/plan-de-acogida\/orientacion-academica-y-profesional\/","og_site_name":"UNED Barcelona","article_modified_time":"2024-09-19T06:10:53+00:00","twitter_card":"summary_large_image","twitter_misc":{"Tiempo de lectura":"1 minuto"},"schema":{"@context":"https:\/\/schema.org","@graph":[{"@type":"WebPage","@id":"https:\/\/www.unedbarcelona.es\/es\/servicios\/plan-de-acogida\/orientacion-academica-y-profesional\/","url":"https:\/\/www.unedbarcelona.es\/es\/servicios\/plan-de-acogida\/orientacion-academica-y-profesional\/","name":"Orientaci\u00f3n acad\u00e9mica y profesional - UNED Barcelona","isPartOf":{"@id":"https:\/\/www.unedbarcelona.es\/es\/#website"},"datePublished":"2018-06-12T17:01:55+00:00","dateModified":"2024-09-19T06:10:53+00:00","breadcrumb":{"@id":"https:\/\/www.unedbarcelona.es\/es\/servicios\/plan-de-acogida\/orientacion-academica-y-profesional\/#breadcrumb"},"inLanguage":"es","potentialAction":[{"@type":"ReadAction","target":["https:\/\/www.unedbarcelona.es\/es\/servicios\/plan-de-acogida\/orientacion-academica-y-profesional\/"]}]},{"@type":"BreadcrumbList","@id":"https:\/\/www.unedbarcelona.es\/es\/servicios\/plan-de-acogida\/orientacion-academica-y-profesional\/#breadcrumb","itemListElement":[{"@type":"ListItem","position":1,"name":"Inici","item":"https:\/\/www.unedbarcelona.es\/es\/"},{"@type":"ListItem","position":2,"name":"Servicios","item":"https:\/\/www.unedbarcelona.es\/es\/servicios\/"},{"@type":"ListItem","position":3,"name":"Plan de acogida","item":"https:\/\/www.unedbarcelona.es\/es\/servicios\/plan-de-acogida\/"},{"@type":"ListItem","position":4,"name":"Orientaci\u00f3n acad\u00e9mica y profesional"}]},{"@type":"WebSite","@id":"https:\/\/www.unedbarcelona.es\/es\/#website","url":"https:\/\/www.unedbarcelona.es\/es\/","name":"UNED Barcelona","description":"Acc\u00e9s flexible al coneixement relacionat amb l&#039;educaci\u00f3 superior, semipresencial i a dist\u00e0ncia","potentialAction":[{"@type":"SearchAction","target":{"@type":"EntryPoint","urlTemplate":"https:\/\/www.unedbarcelona.es\/es\/?s={search_term_string}"},"query-input":{"@type":"PropertyValueSpecification","valueRequired":true,"valueName":"search_term_string"}}],"inLanguage":"es"}]}},"_links":{"self":[{"href":"https:\/\/www.unedbarcelona.es\/es\/wp-json\/wp\/v2\/pages\/7447","targetHints":{"allow":["GET"]}}],"collection":[{"href":"https:\/\/www.unedbarcelona.es\/es\/wp-json\/wp\/v2\/pages"}],"about":[{"href":"https:\/\/www.unedbarcelona.es\/es\/wp-json\/wp\/v2\/types\/page"}],"author":[{"embeddable":true,"href":"https:\/\/www.unedbarcelona.es\/es\/wp-json\/wp\/v2\/users\/2"}],"replies":[{"embeddable":true,"href":"https:\/\/www.unedbarcelona.es\/es\/wp-json\/wp\/v2\/comments?post=7447"}],"version-history":[{"count":0,"href":"https:\/\/www.unedbarcelona.es\/es\/wp-json\/wp\/v2\/pages\/7447\/revisions"}],"up":[{"embeddable":true,"href":"https:\/\/www.unedbarcelona.es\/es\/wp-json\/wp\/v2\/pages\/6706"}],"wp:attachment":[{"href":"https:\/\/www.unedbarcelona.es\/es\/wp-json\/wp\/v2\/media?parent=7447"}],"curies":[{"name":"wp","href":"https:\/\/api.w.org\/{rel}","templated":true}]}}