{"id":7529,"date":"2018-06-14T20:46:34","date_gmt":"2018-06-14T18:46:34","guid":{"rendered":"https:\/\/www.unedbarcelona.es\/servicios\/preguntas-frecuentes\/com-em-puc-fer-el-carnet-destudiant\/"},"modified":"2023-01-16T13:05:50","modified_gmt":"2023-01-16T12:05:50","slug":"como-me-puedo-hacer-el-carne-de-estudiante","status":"publish","type":"page","link":"https:\/\/www.unedbarcelona.es\/es\/servicios\/preguntas-frecuentes\/como-me-puedo-hacer-el-carne-de-estudiante\/","title":{"rendered":"\u00bfC\u00f3mo me puedo hacer el carn\u00e9 de estudiante?"},"content":{"rendered":"<p>[et_pb_section fb_built=\u00bb1&#8243; module_id=\u00bbnostra-historia\u00bb _builder_version=\u00bb3.22&#8243; background_color=\u00bb#01533f\u00bb background_image=\u00bb\/wp-content\/uploads\/2018\/07\/3-Cabecera_serveis.jpg\u00bb custom_padding=\u00bb1px||1px|\u00bb da_is_popup=\u00bboff\u00bb da_exit_intent=\u00bboff\u00bb da_has_close=\u00bbon\u00bb da_alt_close=\u00bboff\u00bb da_dark_close=\u00bboff\u00bb da_not_modal=\u00bbon\u00bb da_is_singular=\u00bboff\u00bb da_with_loader=\u00bboff\u00bb da_has_shadow=\u00bbon\u00bb da_disable_devices=\u00bboff|off|off\u00bb][et_pb_row _builder_version=\u00bb3.25&#8243;][et_pb_column type=\u00bb4_4&#8243; _builder_version=\u00bb3.25&#8243; custom_padding=\u00bb|||\u00bb custom_padding__hover=\u00bb|||\u00bb][et_pb_text disabled_on=\u00bbon|on|\u00bb admin_label=\u00bbText tit \u00bfC\u00f3mo me puedo hacer el carn\u00e9 de estudiante?\u00bb _builder_version=\u00bb3.27.4&#8243; header_text_align=\u00bbleft\u00bb header_text_color=\u00bb#ffffff\u00bb header_font_size=\u00bb75px\u00bb header_line_height=\u00bb77px\u00bb header_2_text_color=\u00bb#ffffff\u00bb header_2_font_size=\u00bb40px\u00bb header_2_line_height=\u00bb42px\u00bb background_layout=\u00bbdark\u00bb]<\/p>\n<div class=\"tit_quadrat\">\n<div class=\"text_quadrat\">Servicios<\/div>\n<\/div>\n<div class=\"tit1_quadrat\">\n<div class=\"textarea-desti col-xs-12 col-sm-6\">\n<h1 class=\"form-control second-textarea\">\u00bfC\u00f3mo me puedo hacer el carn\u00e9 de estudiante?<\/h1>\n<\/div>\n<\/div>\n<p>[\/et_pb_text][et_pb_text disabled_on=\u00bb||on\u00bb admin_label=\u00bbText tit\u00bfC\u00f3mo me puedo hacer el carn\u00e9 de estudiante? mob\u00bb _builder_version=\u00bb3.27.4&#8243; header_text_align=\u00bbleft\u00bb header_text_color=\u00bb#ffffff\u00bb header_font_size=\u00bb75px\u00bb header_line_height=\u00bb77px\u00bb header_2_text_color=\u00bb#ffffff\u00bb header_2_font_size=\u00bb40px\u00bb header_2_line_height=\u00bb42px\u00bb background_layout=\u00bbdark\u00bb]<\/p>\n<div class=\"tit_quadrat_mob\">\n<div class=\"text_quadrat_mob\">Servicios<\/div>\n<\/div>\n<div class=\"tit1_quadrat_mob\">\n<h1 class=\"form-control second-textarea\">\u00bfC\u00f3mo me puedo hacer el carn\u00e9 de estudiante?<\/h1>\n<\/div>\n<div class=\"final\">\u00a0<\/div>\n<p>[\/et_pb_text][\/et_pb_column][\/et_pb_row][\/et_pb_section][et_pb_section fb_built=\u00bb1&#8243; _builder_version=\u00bb3.22&#8243; da_is_popup=\u00bboff\u00bb da_exit_intent=\u00bboff\u00bb da_has_close=\u00bbon\u00bb da_alt_close=\u00bboff\u00bb da_dark_close=\u00bboff\u00bb da_not_modal=\u00bbon\u00bb da_is_singular=\u00bboff\u00bb da_with_loader=\u00bboff\u00bb da_has_shadow=\u00bbon\u00bb da_disable_devices=\u00bboff|off|off\u00bb][et_pb_row _builder_version=\u00bb3.25&#8243; background_size=\u00bbinitial\u00bb background_position=\u00bbtop_left\u00bb background_repeat=\u00bbrepeat\u00bb custom_margin=\u00bb-30px|||\u00bb custom_padding=\u00bb2px|0px|27px|0px\u00bb][et_pb_column type=\u00bb4_4&#8243; _builder_version=\u00bb3.25&#8243; custom_padding=\u00bb|||\u00bb custom_padding__hover=\u00bb|||\u00bb][et_pb_text admin_label=\u00bbText Migas pan\u00bb _builder_version=\u00bb3.27.4&#8243; text_font=\u00bbAbel|300|||||||\u00bb text_line_height=\u00bb16px\u00bb header_font=\u00bbRoboto|300|||||||\u00bb header_line_height=\u00bb32px\u00bb]<span><span><a href=\"https:\/\/www.unedbarcelona.es\/es\/\">Inici<\/a><\/span><\/span><br \/>\n[\/et_pb_text][\/et_pb_column][\/et_pb_row][et_pb_row column_structure=\u00bb1_3,2_3&#8243; _builder_version=\u00bb3.25&#8243; background_size=\u00bbinitial\u00bb background_position=\u00bbtop_left\u00bb background_repeat=\u00bbrepeat\u00bb][et_pb_column type=\u00bb1_3&#8243; _builder_version=\u00bb3.25&#8243; custom_padding=\u00bb|||\u00bb custom_padding__hover=\u00bb|||\u00bb][\/et_pb_column][et_pb_column type=\u00bb2_3&#8243; _builder_version=\u00bb3.25&#8243; custom_padding=\u00bb|||\u00bb custom_padding__hover=\u00bb|||\u00bb][et_pb_text admin_label=\u00bbText El carn\u00e9 lo puedes hacer presencialmente o por correo electr\u00f3nico:\u00bb _builder_version=\u00bb3.27.4&#8243;]<\/p>\n<h4 class=\"p1\">El carn\u00e9 lo puedes hacer presencialmente o por correo electr\u00f3nico:<\/h4>\n<p>[\/et_pb_text][\/et_pb_column][\/et_pb_row][et_pb_row column_structure=\u00bb1_3,1_3,1_3&#8243; _builder_version=\u00bb3.25&#8243; custom_margin=\u00bb-30px|||\u00bb][et_pb_column type=\u00bb1_3&#8243; _builder_version=\u00bb3.25&#8243; custom_padding=\u00bb|||\u00bb custom_padding__hover=\u00bb|||\u00bb][et_pb_image src=\u00bb\/wp-content\/uploads\/2018\/06\/icono_acredita.jpg\u00bb align_tablet=\u00bbcenter\u00bb align_phone=\u00bb\u00bb align_last_edited=\u00bbon|desktop\u00bb _builder_version=\u00bb3.23&#8243; custom_margin=\u00bb-25px|||\u00bb][\/et_pb_image][\/et_pb_column][et_pb_column type=\u00bb1_3&#8243; _builder_version=\u00bb3.25&#8243; custom_padding=\u00bb|||\u00bb custom_padding__hover=\u00bb|||\u00bb][et_pb_text admin_label=\u00bbPresencialmente\u00bb _builder_version=\u00bb3.27.4&#8243;]<\/p>\n<h5 class=\"p1\">Presencialmente<\/h5>\n<p class=\"p1\">Ven a uno de nuestros centros con tu DNI. Te haremos una foto con una c\u00e1mara web que quedar\u00e1 grabada.\u00a0 Si vas a los centros de Barcelona, Sta. Coloma de Gramenet o Sant Boi de Llobregat te lo pueden imprimir en el momento. El resto de Centros te podr\u00e1n hacer la foto digital y lo podr\u00e1s recoger a la semana siguiente o pedir que te lo env\u00eden por correo postal.<\/p>\n<p>[\/et_pb_text][\/et_pb_column][et_pb_column type=\u00bb1_3&#8243; _builder_version=\u00bb3.25&#8243; custom_padding=\u00bb|||\u00bb custom_padding__hover=\u00bb|||\u00bb][et_pb_text admin_label=\u00bbPor correo electr\u00f3nico\u00bb _builder_version=\u00bb4.9.4&#8243; hover_enabled=\u00bb0&#8243; sticky_enabled=\u00bb0&#8243;]<\/p>\n<h5 class=\"p1\">Por correo electr\u00f3nico<\/h5>\n<p class=\"p1\">Nos tienes que enviar tu DNI escaneado y una foto de carn\u00e9 electr\u00f3nica (formato imagen:jpg, tif, etc.). De este modo lo podr\u00e1s recoger en el centro , o te lo podemos enviar por correo postal (ind\u00edcanos la direcci\u00f3n a la que quieres que te lo enviemos). La petici\u00f3n la puedes hacer en el centro en el que est\u00e1s matriculado: <a href=\"mailto:info@santa-coloma.uned.es,\">info@santa-coloma.uned.es,<\/a> <a href=\"mailto:info@santboi.uned.es\">info@santboi.uned.es<\/a> o<a href=\"mailto:info@barcelona.uned.es\"> info@barcelona.uned.es<\/a><\/p>\n<p>[\/et_pb_text][\/et_pb_column][\/et_pb_row][\/et_pb_section]<\/p>\n","protected":false},"excerpt":{"rendered":"<p>Servicios \u00bfC\u00f3mo me puedo hacer el carn\u00e9 de estudiante? Servicios \u00bfC\u00f3mo me puedo hacer el carn\u00e9 de estudiante? \u00a0<span><span><a href=\"https:\/\/www.unedbarcelona.es\/es\/\">Inici<\/a><\/span><\/span> El carn\u00e9 lo puedes hacer presencialmente o por correo electr\u00f3nico:Presencialmente Ven a uno de nuestros centros con tu DNI. Te haremos una foto con una c\u00e1mara web que quedar\u00e1 grabada.\u00a0 Si vas a los centros de [&hellip;]<\/p>\n","protected":false},"author":2,"featured_media":0,"parent":7524,"menu_order":0,"comment_status":"closed","ping_status":"closed","template":"","meta":{"_et_pb_use_builder":"on","_et_pb_old_content":"","_et_gb_content_width":"","footnotes":""},"class_list":["post-7529","page","type-page","status-publish","hentry"],"yoast_head":"<!-- This site is optimized with the Yoast SEO plugin v27.4 - https:\/\/yoast.com\/product\/yoast-seo-wordpress\/ -->\n<title>\u00bfC\u00f3mo me puedo hacer el carn\u00e9 de estudiante? - UNED Barcelona<\/title>\n<meta name=\"robots\" content=\"index, follow, max-snippet:-1, max-image-preview:large, max-video-preview:-1\" \/>\n<link rel=\"canonical\" href=\"https:\/\/www.unedbarcelona.es\/es\/servicios\/preguntas-frecuentes\/como-me-puedo-hacer-el-carne-de-estudiante\/\" \/>\n<meta property=\"og:locale\" content=\"es_ES\" \/>\n<meta property=\"og:type\" content=\"article\" \/>\n<meta property=\"og:title\" content=\"\u00bfC\u00f3mo me puedo hacer el carn\u00e9 de estudiante? - UNED Barcelona\" \/>\n<meta property=\"og:description\" content=\"Servicios \u00bfC\u00f3mo me puedo hacer el carn\u00e9 de estudiante? Servicios \u00bfC\u00f3mo me puedo hacer el carn\u00e9 de estudiante? \u00a0 El carn\u00e9 lo puedes hacer presencialmente o por correo electr\u00f3nico:Presencialmente Ven a uno de nuestros centros con tu DNI. Te haremos una foto con una c\u00e1mara web que quedar\u00e1 grabada.\u00a0 Si vas a los centros de [&hellip;]\" \/>\n<meta property=\"og:url\" content=\"https:\/\/www.unedbarcelona.es\/es\/servicios\/preguntas-frecuentes\/como-me-puedo-hacer-el-carne-de-estudiante\/\" \/>\n<meta property=\"og:site_name\" content=\"UNED Barcelona\" \/>\n<meta property=\"article:modified_time\" content=\"2023-01-16T12:05:50+00:00\" \/>\n<meta name=\"twitter:card\" content=\"summary_large_image\" \/>\n<meta name=\"twitter:label1\" content=\"Tiempo de lectura\" \/>\n\t<meta name=\"twitter:data1\" content=\"3 minutos\" \/>\n<script type=\"application\/ld+json\" class=\"yoast-schema-graph\">{\"@context\":\"https:\\\/\\\/schema.org\",\"@graph\":[{\"@type\":\"WebPage\",\"@id\":\"https:\\\/\\\/www.unedbarcelona.es\\\/es\\\/servicios\\\/preguntas-frecuentes\\\/como-me-puedo-hacer-el-carne-de-estudiante\\\/\",\"url\":\"https:\\\/\\\/www.unedbarcelona.es\\\/es\\\/servicios\\\/preguntas-frecuentes\\\/como-me-puedo-hacer-el-carne-de-estudiante\\\/\",\"name\":\"\u00bfC\u00f3mo me puedo hacer el carn\u00e9 de estudiante? - UNED Barcelona\",\"isPartOf\":{\"@id\":\"https:\\\/\\\/www.unedbarcelona.es\\\/es\\\/#website\"},\"datePublished\":\"2018-06-14T18:46:34+00:00\",\"dateModified\":\"2023-01-16T12:05:50+00:00\",\"breadcrumb\":{\"@id\":\"https:\\\/\\\/www.unedbarcelona.es\\\/es\\\/servicios\\\/preguntas-frecuentes\\\/como-me-puedo-hacer-el-carne-de-estudiante\\\/#breadcrumb\"},\"inLanguage\":\"es\",\"potentialAction\":[{\"@type\":\"ReadAction\",\"target\":[\"https:\\\/\\\/www.unedbarcelona.es\\\/es\\\/servicios\\\/preguntas-frecuentes\\\/como-me-puedo-hacer-el-carne-de-estudiante\\\/\"]}]},{\"@type\":\"BreadcrumbList\",\"@id\":\"https:\\\/\\\/www.unedbarcelona.es\\\/es\\\/servicios\\\/preguntas-frecuentes\\\/como-me-puedo-hacer-el-carne-de-estudiante\\\/#breadcrumb\",\"itemListElement\":[{\"@type\":\"ListItem\",\"position\":1,\"name\":\"Inici\",\"item\":\"https:\\\/\\\/www.unedbarcelona.es\\\/es\\\/\"},{\"@type\":\"ListItem\",\"position\":2,\"name\":\"Servicios\",\"item\":\"https:\\\/\\\/www.unedbarcelona.es\\\/es\\\/servicios\\\/\"},{\"@type\":\"ListItem\",\"position\":3,\"name\":\"Preguntas frecuentes\",\"item\":\"https:\\\/\\\/www.unedbarcelona.es\\\/es\\\/servicios\\\/preguntas-frecuentes\\\/\"},{\"@type\":\"ListItem\",\"position\":4,\"name\":\"\u00bfC\u00f3mo me puedo hacer el carn\u00e9 de estudiante?\"}]},{\"@type\":\"WebSite\",\"@id\":\"https:\\\/\\\/www.unedbarcelona.es\\\/es\\\/#website\",\"url\":\"https:\\\/\\\/www.unedbarcelona.es\\\/es\\\/\",\"name\":\"UNED Barcelona\",\"description\":\"Acc\u00e9s flexible al coneixement relacionat amb l&#039;educaci\u00f3 superior, semipresencial i a dist\u00e0ncia\",\"potentialAction\":[{\"@type\":\"SearchAction\",\"target\":{\"@type\":\"EntryPoint\",\"urlTemplate\":\"https:\\\/\\\/www.unedbarcelona.es\\\/es\\\/?s={search_term_string}\"},\"query-input\":{\"@type\":\"PropertyValueSpecification\",\"valueRequired\":true,\"valueName\":\"search_term_string\"}}],\"inLanguage\":\"es\"}]}<\/script>\n<!-- \/ Yoast SEO plugin. -->","yoast_head_json":{"title":"\u00bfC\u00f3mo me puedo hacer el carn\u00e9 de estudiante? - UNED Barcelona","robots":{"index":"index","follow":"follow","max-snippet":"max-snippet:-1","max-image-preview":"max-image-preview:large","max-video-preview":"max-video-preview:-1"},"canonical":"https:\/\/www.unedbarcelona.es\/es\/servicios\/preguntas-frecuentes\/como-me-puedo-hacer-el-carne-de-estudiante\/","og_locale":"es_ES","og_type":"article","og_title":"\u00bfC\u00f3mo me puedo hacer el carn\u00e9 de estudiante? - UNED Barcelona","og_description":"Servicios \u00bfC\u00f3mo me puedo hacer el carn\u00e9 de estudiante? Servicios \u00bfC\u00f3mo me puedo hacer el carn\u00e9 de estudiante? \u00a0 El carn\u00e9 lo puedes hacer presencialmente o por correo electr\u00f3nico:Presencialmente Ven a uno de nuestros centros con tu DNI. Te haremos una foto con una c\u00e1mara web que quedar\u00e1 grabada.\u00a0 Si vas a los centros de [&hellip;]","og_url":"https:\/\/www.unedbarcelona.es\/es\/servicios\/preguntas-frecuentes\/como-me-puedo-hacer-el-carne-de-estudiante\/","og_site_name":"UNED Barcelona","article_modified_time":"2023-01-16T12:05:50+00:00","twitter_card":"summary_large_image","twitter_misc":{"Tiempo de lectura":"3 minutos"},"schema":{"@context":"https:\/\/schema.org","@graph":[{"@type":"WebPage","@id":"https:\/\/www.unedbarcelona.es\/es\/servicios\/preguntas-frecuentes\/como-me-puedo-hacer-el-carne-de-estudiante\/","url":"https:\/\/www.unedbarcelona.es\/es\/servicios\/preguntas-frecuentes\/como-me-puedo-hacer-el-carne-de-estudiante\/","name":"\u00bfC\u00f3mo me puedo hacer el carn\u00e9 de estudiante? - UNED Barcelona","isPartOf":{"@id":"https:\/\/www.unedbarcelona.es\/es\/#website"},"datePublished":"2018-06-14T18:46:34+00:00","dateModified":"2023-01-16T12:05:50+00:00","breadcrumb":{"@id":"https:\/\/www.unedbarcelona.es\/es\/servicios\/preguntas-frecuentes\/como-me-puedo-hacer-el-carne-de-estudiante\/#breadcrumb"},"inLanguage":"es","potentialAction":[{"@type":"ReadAction","target":["https:\/\/www.unedbarcelona.es\/es\/servicios\/preguntas-frecuentes\/como-me-puedo-hacer-el-carne-de-estudiante\/"]}]},{"@type":"BreadcrumbList","@id":"https:\/\/www.unedbarcelona.es\/es\/servicios\/preguntas-frecuentes\/como-me-puedo-hacer-el-carne-de-estudiante\/#breadcrumb","itemListElement":[{"@type":"ListItem","position":1,"name":"Inici","item":"https:\/\/www.unedbarcelona.es\/es\/"},{"@type":"ListItem","position":2,"name":"Servicios","item":"https:\/\/www.unedbarcelona.es\/es\/servicios\/"},{"@type":"ListItem","position":3,"name":"Preguntas frecuentes","item":"https:\/\/www.unedbarcelona.es\/es\/servicios\/preguntas-frecuentes\/"},{"@type":"ListItem","position":4,"name":"\u00bfC\u00f3mo me puedo hacer el carn\u00e9 de estudiante?"}]},{"@type":"WebSite","@id":"https:\/\/www.unedbarcelona.es\/es\/#website","url":"https:\/\/www.unedbarcelona.es\/es\/","name":"UNED Barcelona","description":"Acc\u00e9s flexible al coneixement relacionat amb l&#039;educaci\u00f3 superior, semipresencial i a dist\u00e0ncia","potentialAction":[{"@type":"SearchAction","target":{"@type":"EntryPoint","urlTemplate":"https:\/\/www.unedbarcelona.es\/es\/?s={search_term_string}"},"query-input":{"@type":"PropertyValueSpecification","valueRequired":true,"valueName":"search_term_string"}}],"inLanguage":"es"}]}},"_links":{"self":[{"href":"https:\/\/www.unedbarcelona.es\/es\/wp-json\/wp\/v2\/pages\/7529","targetHints":{"allow":["GET"]}}],"collection":[{"href":"https:\/\/www.unedbarcelona.es\/es\/wp-json\/wp\/v2\/pages"}],"about":[{"href":"https:\/\/www.unedbarcelona.es\/es\/wp-json\/wp\/v2\/types\/page"}],"author":[{"embeddable":true,"href":"https:\/\/www.unedbarcelona.es\/es\/wp-json\/wp\/v2\/users\/2"}],"replies":[{"embeddable":true,"href":"https:\/\/www.unedbarcelona.es\/es\/wp-json\/wp\/v2\/comments?post=7529"}],"version-history":[{"count":0,"href":"https:\/\/www.unedbarcelona.es\/es\/wp-json\/wp\/v2\/pages\/7529\/revisions"}],"up":[{"embeddable":true,"href":"https:\/\/www.unedbarcelona.es\/es\/wp-json\/wp\/v2\/pages\/7524"}],"wp:attachment":[{"href":"https:\/\/www.unedbarcelona.es\/es\/wp-json\/wp\/v2\/media?parent=7529"}],"curies":[{"name":"wp","href":"https:\/\/api.w.org\/{rel}","templated":true}]}}