{"id":7929,"date":"2018-06-14T21:18:03","date_gmt":"2018-06-14T19:18:03","guid":{"rendered":"https:\/\/www.unedbarcelona.es\/servicios\/delegacion-de-alumnos\/qui-son-els-delegats-del-centre\/"},"modified":"2025-11-12T13:58:00","modified_gmt":"2025-11-12T12:58:00","slug":"quienes-son-los-delegados-del-centro","status":"publish","type":"page","link":"https:\/\/www.unedbarcelona.es\/es\/servicios\/delegacion-de-alumnos\/quienes-son-los-delegados-del-centro\/","title":{"rendered":"\u00bfQui\u00e9nes son los delegados del Centro?"},"content":{"rendered":"<p>[et_pb_section fb_built=\u00bb1&#8243; module_id=\u00bbnostra-historia\u00bb _builder_version=\u00bb4.16&#8243; background_color=\u00bb#01533f\u00bb background_image=\u00bb\/wp-content\/uploads\/2018\/07\/3-Cabecera_serveis.jpg\u00bb custom_padding=\u00bb1px||1px|\u00bb global_colors_info=\u00bb{}\u00bb][et_pb_row _builder_version=\u00bb4.16&#8243; global_colors_info=\u00bb{}\u00bb][et_pb_column type=\u00bb4_4&#8243; _builder_version=\u00bb4.16&#8243; custom_padding=\u00bb|||\u00bb global_colors_info=\u00bb{}\u00bb custom_padding__hover=\u00bb|||\u00bb][et_pb_text disabled_on=\u00bbon|on|\u00bb admin_label=\u00bbText tit Qui s\u00f3n els delegats del Centre?\u00bb _builder_version=\u00bb4.16&#8243; header_text_align=\u00bbleft\u00bb header_text_color=\u00bb#ffffff\u00bb header_font_size=\u00bb75px\u00bb header_line_height=\u00bb77px\u00bb header_2_text_color=\u00bb#ffffff\u00bb header_2_font_size=\u00bb40px\u00bb header_2_line_height=\u00bb42px\u00bb background_layout=\u00bbdark\u00bb global_colors_info=\u00bb{}\u00bb]<\/p>\n<div class=\"tit_quadrat\">\n<div class=\"text_quadrat\">Servicios<\/div>\n<\/div>\n<div class=\"tit1_quadrat\">\n<h1>\u00bfQui\u00e9nes son los delegados del Centro?<\/h1>\n<\/div>\n<div class=\"final\">\u00a0<\/div>\n<p>[\/et_pb_text][et_pb_text disabled_on=\u00bb||on\u00bb admin_label=\u00bbText tit Qui s\u00f3n els delegats del Centre? mob\u00bb _builder_version=\u00bb4.16&#8243; header_text_align=\u00bbleft\u00bb header_text_color=\u00bb#ffffff\u00bb header_font_size=\u00bb75px\u00bb header_line_height=\u00bb77px\u00bb header_2_text_color=\u00bb#ffffff\u00bb header_2_font_size=\u00bb40px\u00bb header_2_line_height=\u00bb42px\u00bb background_layout=\u00bbdark\u00bb global_colors_info=\u00bb{}\u00bb]<\/p>\n<div class=\"tit_quadrat_mob\">\n<div class=\"text_quadrat_mob\">Servicios<\/div>\n<\/div>\n<div class=\"tit1_quadrat_mob\">\n<h1 class=\"titpag\">\u00bfQui\u00e9nes son los delegados del Centro?<\/h1>\n<\/div>\n<div class=\"final\"><\/div>\n<p>[\/et_pb_text][\/et_pb_column][\/et_pb_row][\/et_pb_section][et_pb_section fb_built=\u00bb1&#8243; _builder_version=\u00bb4.16&#8243; global_colors_info=\u00bb{}\u00bb][et_pb_row _builder_version=\u00bb4.16&#8243; background_size=\u00bbinitial\u00bb background_position=\u00bbtop_left\u00bb background_repeat=\u00bbrepeat\u00bb custom_margin=\u00bb-30px|||\u00bb custom_padding=\u00bb5px|0px|0|0px|false|false\u00bb saved_tabs=\u00bball\u00bb locked=\u00bboff\u00bb global_colors_info=\u00bb{}\u00bb][et_pb_column type=\u00bb4_4&#8243; _builder_version=\u00bb4.16&#8243; custom_padding=\u00bb|||\u00bb global_colors_info=\u00bb{}\u00bb custom_padding__hover=\u00bb|||\u00bb][et_pb_text admin_label=\u00bbText Migas pan\u00bb _builder_version=\u00bb4.16&#8243; text_font=\u00bbAbel|300|||||||\u00bb text_line_height=\u00bb16px\u00bb header_font=\u00bbRoboto|300|||||||\u00bb header_line_height=\u00bb32px\u00bb locked=\u00bboff\u00bb global_colors_info=\u00bb{}\u00bb]<span><span><a href=\"https:\/\/www.unedbarcelona.es\/es\/\">Inici<\/a><\/span><\/span>[\/et_pb_text][\/et_pb_column][\/et_pb_row][et_pb_row _builder_version=\u00bb4.16&#8243; background_size=\u00bbinitial\u00bb background_position=\u00bbtop_left\u00bb background_repeat=\u00bbrepeat\u00bb global_colors_info=\u00bb{}\u00bb][et_pb_column type=\u00bb4_4&#8243; _builder_version=\u00bb4.16&#8243; custom_padding=\u00bb|||\u00bb global_colors_info=\u00bb{}\u00bb custom_padding__hover=\u00bb|||\u00bb][et_pb_text admin_label=\u00bbText Qui s\u00f3n els delegats del Centre?\u00bb _builder_version=\u00bb4.16&#8243; text_font=\u00bb|600|||||||\u00bb text_text_color=\u00bb#01533f\u00bb header_3_font_size=\u00bb20px\u00bb saved_tabs=\u00bball\u00bb global_colors_info=\u00bb{}\u00bb]<\/p>\n<h4 class=\"p1\">El Consejo de Centro es el \u00f3rgano de representaci\u00f3n de los estudiantes de los Centros Asociados e Institucionales. Est\u00e1 integrado por el Delegado y Subdelegado de Centro y por los Delegados de secci\u00f3n de cada Facultad o Escuela y del Curso de Acceso Directo en el Centro.<br \/>\nEl Delegado de Centro, ostentar\u00e1 la representaci\u00f3n de todos los estudiantes matriculados en el Centro ante las autoridades del mismo y del Consorcio o Junta Rectora.<\/h4>\n<p>[\/et_pb_text][\/et_pb_column][\/et_pb_row][et_pb_row column_structure=\u00bb1_2,1_2&#8243; _builder_version=\u00bb4.16&#8243; background_size=\u00bbinitial\u00bb background_position=\u00bbtop_left\u00bb background_repeat=\u00bbrepeat\u00bb global_colors_info=\u00bb{}\u00bb][et_pb_column type=\u00bb1_2&#8243; _builder_version=\u00bb4.16&#8243; custom_padding=\u00bb|||\u00bb global_colors_info=\u00bb{}\u00bb custom_padding__hover=\u00bb|||\u00bb][et_pb_text admin_label=\u00bbText Delegada de Centre:\u00bb _builder_version=\u00bb4.27.4&#8243; global_colors_info=\u00bb{}\u00bb]<\/p>\n<h4 class=\"p1\"><span style=\"color: #00533f;\"><strong>Delegada de Centro:<\/strong><\/span><\/h4>\n<p>Susana Colomer Trave<\/p>\n<p><a href=\"mailto:del.est@barcelona.uned.es\"><em>del.est@barcelona.uned.es<\/em><\/a><\/p>\n<p>[\/et_pb_text][et_pb_text admin_label=\u00bbText Delegada de Centre:\u00bb _builder_version=\u00bb4.27.4&#8243; global_colors_info=\u00bb{}\u00bb]<\/p>\n<h4 class=\"p1\"><span style=\"color: #00533f;\"><strong>Subdelegada de Centro:<\/strong><\/span><\/h4>\n<p>Tamara D\u00edez Otero<\/p>\n<p><a href=\"mailto:subdel.est@barcelona.uned.es\"><em>subdel.est@barcelona.uned.es<\/em><\/a><\/p>\n<p>[\/et_pb_text][\/et_pb_column][et_pb_column type=\u00bb1_2&#8243; _builder_version=\u00bb4.16&#8243; custom_padding=\u00bb|||\u00bb global_colors_info=\u00bb{}\u00bb custom_padding__hover=\u00bb|||\u00bb][et_pb_text admin_label=\u00bbText Delegado industriales\u00bb _builder_version=\u00bb4.27.4&#8243; global_colors_info=\u00bb{}\u00bb]<\/p>\n<h4 class=\"p1\"><span style=\"color: #00533f;\"><strong>Delegado de la Escuela T\u00e9cnica Superior de Ingenieros Industriales:<\/strong><\/span><\/h4>\n<p>Fineas Coreneliu Groza<\/p>\n<p><a href=\"mailto:del.ind@barcelona.uned.es\"><em>del.ind@barcelona.uned.es<\/em><\/a><\/p>\n<p>[\/et_pb_text][et_pb_text admin_label=\u00bbText Delegado ciencias\u00bb _builder_version=\u00bb4.27.4&#8243; global_colors_info=\u00bb{}\u00bb]<\/p>\n<h4 class=\"p1\"><span style=\"color: #00533f;\"><strong>Delegado de la Facultad de Ciencias:<\/strong><\/span><\/h4>\n<p>Francesc Mu\u00f1oz Arredondo<\/p>\n<p><a href=\"mailto:del.ccia@barcelona.uned.es\"><em>del.ccia@barcelona.uned.es<\/em><\/a><\/p>\n<p>[\/et_pb_text][et_pb_text admin_label=\u00bbdel. Pol\u00edticas y sociologia\u00bb _builder_version=\u00bb4.27.4&#8243; global_colors_info=\u00bb{}\u00bb]<\/p>\n<h4 class=\"p1\"><span style=\"color: #00533f;\"><strong>Delegada de la Facultad de Ciencias Pol\u00edticas y Sociolog\u00eda:<\/strong><\/span><\/h4>\n<p>Amina Koualla Daki<\/p>\n<p><a href=\"mailto:del.politiquesisociologia@barcelona.uned.es\"><em>del.politiquesisociologia@barcelona.uned.es<\/em><\/a><\/p>\n<p>[\/et_pb_text][et_pb_text admin_label=\u00bbdel. Derecho\u00bb _builder_version=\u00bb4.27.4&#8243; global_colors_info=\u00bb{}\u00bb]<\/p>\n<h4 class=\"p1\"><span style=\"color: #00533f;\"><strong>Delegada de la Facultad de Derecho:<\/strong><\/span><\/h4>\n<p>Encarnaci\u00f3n S\u00e1nchez L\u00f3pez<\/p>\n<p><a href=\"mailto:del.der@barcelona.uned.es\"><em>del.der@barcelona.uned.es<\/em><\/a><\/p>\n<p>[\/et_pb_text][et_pb_text admin_label=\u00bbdel. Educaci\u00f3n\u00bb _builder_version=\u00bb4.27.4&#8243; global_colors_info=\u00bb{}\u00bb]<\/p>\n<h4 class=\"p1\"><span style=\"color: #00533f;\"><strong>Delegada de la Facultad de Educaci\u00f3n:<\/strong><\/span><\/h4>\n<p>Susana Colomer Trave<\/p>\n<p><a href=\"mailto:del.edu@barcelona.uned.es\"><em>del.edu@barcelona.uned.es<\/em><\/a><\/p>\n<p>[\/et_pb_text][et_pb_text admin_label=\u00bbdel. Filosofia\u00bb _builder_version=\u00bb4.27.4&#8243; global_colors_info=\u00bb{}\u00bb]<\/p>\n<h4 class=\"p1\"><span style=\"color: #00533f;\"><strong>Delegada de la Facultad de Filosof\u00eda:<\/strong><\/span><\/h4>\n<p>Tamara D\u00edez Otero<\/p>\n<p><a href=\"mailto:del.fsof@barcelona.uned.es\"><em>del.fsof@barcelona.uned.es<\/em><\/a><\/p>\n<p>[\/et_pb_text][\/et_pb_column][\/et_pb_row][\/et_pb_section]<\/p>\n","protected":false},"excerpt":{"rendered":"<p>Servicios \u00bfQui\u00e9nes son los delegados del Centro? \u00a0 Servicios \u00bfQui\u00e9nes son los delegados del Centro? <span><span><a href=\"https:\/\/www.unedbarcelona.es\/es\/\">Inici<\/a><\/span><\/span>El Consejo de Centro es el \u00f3rgano de representaci\u00f3n de los estudiantes de los Centros Asociados e Institucionales. Est\u00e1 integrado por el Delegado y Subdelegado de Centro y por los Delegados de secci\u00f3n de cada Facultad o Escuela y del [&hellip;]<\/p>\n","protected":false},"author":2,"featured_media":0,"parent":7694,"menu_order":0,"comment_status":"closed","ping_status":"closed","template":"","meta":{"_et_pb_use_builder":"on","_et_pb_old_content":"","_et_gb_content_width":"","footnotes":""},"class_list":["post-7929","page","type-page","status-publish","hentry"],"yoast_head":"<!-- This site is optimized with the Yoast SEO plugin v27.4 - https:\/\/yoast.com\/product\/yoast-seo-wordpress\/ -->\n<title>\u00bfQui\u00e9nes son los delegados del Centro? - UNED Barcelona<\/title>\n<meta name=\"robots\" content=\"index, follow, max-snippet:-1, max-image-preview:large, max-video-preview:-1\" \/>\n<link rel=\"canonical\" href=\"https:\/\/www.unedbarcelona.es\/es\/servicios\/delegacion-de-alumnos\/quienes-son-los-delegados-del-centro\/\" \/>\n<meta property=\"og:locale\" content=\"es_ES\" \/>\n<meta property=\"og:type\" content=\"article\" \/>\n<meta property=\"og:title\" content=\"\u00bfQui\u00e9nes son los delegados del Centro? - UNED Barcelona\" \/>\n<meta property=\"og:description\" content=\"Servicios \u00bfQui\u00e9nes son los delegados del Centro? \u00a0 Servicios \u00bfQui\u00e9nes son los delegados del Centro? El Consejo de Centro es el \u00f3rgano de representaci\u00f3n de los estudiantes de los Centros Asociados e Institucionales. Est\u00e1 integrado por el Delegado y Subdelegado de Centro y por los Delegados de secci\u00f3n de cada Facultad o Escuela y del [&hellip;]\" \/>\n<meta property=\"og:url\" content=\"https:\/\/www.unedbarcelona.es\/es\/servicios\/delegacion-de-alumnos\/quienes-son-los-delegados-del-centro\/\" \/>\n<meta property=\"og:site_name\" content=\"UNED Barcelona\" \/>\n<meta property=\"article:modified_time\" content=\"2025-11-12T12:58:00+00:00\" \/>\n<meta name=\"twitter:card\" content=\"summary_large_image\" \/>\n<meta name=\"twitter:label1\" content=\"Tiempo de lectura\" \/>\n\t<meta name=\"twitter:data1\" content=\"1 minuto\" \/>\n<script type=\"application\/ld+json\" class=\"yoast-schema-graph\">{\"@context\":\"https:\\\/\\\/schema.org\",\"@graph\":[{\"@type\":\"WebPage\",\"@id\":\"https:\\\/\\\/www.unedbarcelona.es\\\/es\\\/servicios\\\/delegacion-de-alumnos\\\/quienes-son-los-delegados-del-centro\\\/\",\"url\":\"https:\\\/\\\/www.unedbarcelona.es\\\/es\\\/servicios\\\/delegacion-de-alumnos\\\/quienes-son-los-delegados-del-centro\\\/\",\"name\":\"\u00bfQui\u00e9nes son los delegados del Centro? - UNED Barcelona\",\"isPartOf\":{\"@id\":\"https:\\\/\\\/www.unedbarcelona.es\\\/es\\\/#website\"},\"datePublished\":\"2018-06-14T19:18:03+00:00\",\"dateModified\":\"2025-11-12T12:58:00+00:00\",\"breadcrumb\":{\"@id\":\"https:\\\/\\\/www.unedbarcelona.es\\\/es\\\/servicios\\\/delegacion-de-alumnos\\\/quienes-son-los-delegados-del-centro\\\/#breadcrumb\"},\"inLanguage\":\"es\",\"potentialAction\":[{\"@type\":\"ReadAction\",\"target\":[\"https:\\\/\\\/www.unedbarcelona.es\\\/es\\\/servicios\\\/delegacion-de-alumnos\\\/quienes-son-los-delegados-del-centro\\\/\"]}]},{\"@type\":\"BreadcrumbList\",\"@id\":\"https:\\\/\\\/www.unedbarcelona.es\\\/es\\\/servicios\\\/delegacion-de-alumnos\\\/quienes-son-los-delegados-del-centro\\\/#breadcrumb\",\"itemListElement\":[{\"@type\":\"ListItem\",\"position\":1,\"name\":\"Inici\",\"item\":\"https:\\\/\\\/www.unedbarcelona.es\\\/es\\\/\"},{\"@type\":\"ListItem\",\"position\":2,\"name\":\"Servicios\",\"item\":\"https:\\\/\\\/www.unedbarcelona.es\\\/es\\\/servicios\\\/\"},{\"@type\":\"ListItem\",\"position\":3,\"name\":\"Delegaci\u00f3n de alumnos\",\"item\":\"https:\\\/\\\/www.unedbarcelona.es\\\/es\\\/servicios\\\/delegacion-de-alumnos\\\/\"},{\"@type\":\"ListItem\",\"position\":4,\"name\":\"\u00bfQui\u00e9nes son los delegados del Centro?\"}]},{\"@type\":\"WebSite\",\"@id\":\"https:\\\/\\\/www.unedbarcelona.es\\\/es\\\/#website\",\"url\":\"https:\\\/\\\/www.unedbarcelona.es\\\/es\\\/\",\"name\":\"UNED Barcelona\",\"description\":\"Acc\u00e9s flexible al coneixement relacionat amb l&#039;educaci\u00f3 superior, semipresencial i a dist\u00e0ncia\",\"potentialAction\":[{\"@type\":\"SearchAction\",\"target\":{\"@type\":\"EntryPoint\",\"urlTemplate\":\"https:\\\/\\\/www.unedbarcelona.es\\\/es\\\/?s={search_term_string}\"},\"query-input\":{\"@type\":\"PropertyValueSpecification\",\"valueRequired\":true,\"valueName\":\"search_term_string\"}}],\"inLanguage\":\"es\"}]}<\/script>\n<!-- \/ Yoast SEO plugin. -->","yoast_head_json":{"title":"\u00bfQui\u00e9nes son los delegados del Centro? - UNED Barcelona","robots":{"index":"index","follow":"follow","max-snippet":"max-snippet:-1","max-image-preview":"max-image-preview:large","max-video-preview":"max-video-preview:-1"},"canonical":"https:\/\/www.unedbarcelona.es\/es\/servicios\/delegacion-de-alumnos\/quienes-son-los-delegados-del-centro\/","og_locale":"es_ES","og_type":"article","og_title":"\u00bfQui\u00e9nes son los delegados del Centro? - UNED Barcelona","og_description":"Servicios \u00bfQui\u00e9nes son los delegados del Centro? \u00a0 Servicios \u00bfQui\u00e9nes son los delegados del Centro? El Consejo de Centro es el \u00f3rgano de representaci\u00f3n de los estudiantes de los Centros Asociados e Institucionales. Est\u00e1 integrado por el Delegado y Subdelegado de Centro y por los Delegados de secci\u00f3n de cada Facultad o Escuela y del [&hellip;]","og_url":"https:\/\/www.unedbarcelona.es\/es\/servicios\/delegacion-de-alumnos\/quienes-son-los-delegados-del-centro\/","og_site_name":"UNED Barcelona","article_modified_time":"2025-11-12T12:58:00+00:00","twitter_card":"summary_large_image","twitter_misc":{"Tiempo de lectura":"1 minuto"},"schema":{"@context":"https:\/\/schema.org","@graph":[{"@type":"WebPage","@id":"https:\/\/www.unedbarcelona.es\/es\/servicios\/delegacion-de-alumnos\/quienes-son-los-delegados-del-centro\/","url":"https:\/\/www.unedbarcelona.es\/es\/servicios\/delegacion-de-alumnos\/quienes-son-los-delegados-del-centro\/","name":"\u00bfQui\u00e9nes son los delegados del Centro? - UNED Barcelona","isPartOf":{"@id":"https:\/\/www.unedbarcelona.es\/es\/#website"},"datePublished":"2018-06-14T19:18:03+00:00","dateModified":"2025-11-12T12:58:00+00:00","breadcrumb":{"@id":"https:\/\/www.unedbarcelona.es\/es\/servicios\/delegacion-de-alumnos\/quienes-son-los-delegados-del-centro\/#breadcrumb"},"inLanguage":"es","potentialAction":[{"@type":"ReadAction","target":["https:\/\/www.unedbarcelona.es\/es\/servicios\/delegacion-de-alumnos\/quienes-son-los-delegados-del-centro\/"]}]},{"@type":"BreadcrumbList","@id":"https:\/\/www.unedbarcelona.es\/es\/servicios\/delegacion-de-alumnos\/quienes-son-los-delegados-del-centro\/#breadcrumb","itemListElement":[{"@type":"ListItem","position":1,"name":"Inici","item":"https:\/\/www.unedbarcelona.es\/es\/"},{"@type":"ListItem","position":2,"name":"Servicios","item":"https:\/\/www.unedbarcelona.es\/es\/servicios\/"},{"@type":"ListItem","position":3,"name":"Delegaci\u00f3n de alumnos","item":"https:\/\/www.unedbarcelona.es\/es\/servicios\/delegacion-de-alumnos\/"},{"@type":"ListItem","position":4,"name":"\u00bfQui\u00e9nes son los delegados del Centro?"}]},{"@type":"WebSite","@id":"https:\/\/www.unedbarcelona.es\/es\/#website","url":"https:\/\/www.unedbarcelona.es\/es\/","name":"UNED Barcelona","description":"Acc\u00e9s flexible al coneixement relacionat amb l&#039;educaci\u00f3 superior, semipresencial i a dist\u00e0ncia","potentialAction":[{"@type":"SearchAction","target":{"@type":"EntryPoint","urlTemplate":"https:\/\/www.unedbarcelona.es\/es\/?s={search_term_string}"},"query-input":{"@type":"PropertyValueSpecification","valueRequired":true,"valueName":"search_term_string"}}],"inLanguage":"es"}]}},"_links":{"self":[{"href":"https:\/\/www.unedbarcelona.es\/es\/wp-json\/wp\/v2\/pages\/7929","targetHints":{"allow":["GET"]}}],"collection":[{"href":"https:\/\/www.unedbarcelona.es\/es\/wp-json\/wp\/v2\/pages"}],"about":[{"href":"https:\/\/www.unedbarcelona.es\/es\/wp-json\/wp\/v2\/types\/page"}],"author":[{"embeddable":true,"href":"https:\/\/www.unedbarcelona.es\/es\/wp-json\/wp\/v2\/users\/2"}],"replies":[{"embeddable":true,"href":"https:\/\/www.unedbarcelona.es\/es\/wp-json\/wp\/v2\/comments?post=7929"}],"version-history":[{"count":4,"href":"https:\/\/www.unedbarcelona.es\/es\/wp-json\/wp\/v2\/pages\/7929\/revisions"}],"predecessor-version":[{"id":69486,"href":"https:\/\/www.unedbarcelona.es\/es\/wp-json\/wp\/v2\/pages\/7929\/revisions\/69486"}],"up":[{"embeddable":true,"href":"https:\/\/www.unedbarcelona.es\/es\/wp-json\/wp\/v2\/pages\/7694"}],"wp:attachment":[{"href":"https:\/\/www.unedbarcelona.es\/es\/wp-json\/wp\/v2\/media?parent=7929"}],"curies":[{"name":"wp","href":"https:\/\/api.w.org\/{rel}","templated":true}]}}